{"id":16699,"date":"2018-07-24T08:42:11","date_gmt":"2018-07-24T15:42:11","guid":{"rendered":"https:\/\/springs.flywheelstaging.com\/colorado-springs-abogado-de-muerte-injusta\/"},"modified":"2023-09-01T07:11:00","modified_gmt":"2023-09-01T14:11:00","slug":"colorado-springs-abogado-de-muerte-injusta","status":"publish","type":"page","link":"https:\/\/springslawgroup.com\/es\/colorado-springs-abogado-de-muerte-injusta\/","title":{"rendered":"Abogado especializado en muertes por negligencia de Colorado Springs"},"content":{"rendered":"<p>Tras la muerte inesperada de un ser querido, pueden rondarle por la cabeza muchos pensamientos. Parece injusto que muera una persona, sobre todo por negligencia ajena. Entre ellas puede haber preguntas sobre c\u00f3mo pagar\u00e1 los gastos de entierro y las facturas m\u00e9dicas pendientes. Tambi\u00e9n puede preguntarse c\u00f3mo afrontar\u00e1 econ\u00f3micamente su familia la p\u00e9rdida. \u00bfY si perdi\u00f3 al sost\u00e9n de la familia y el pago de la p\u00f3liza de seguro de vida no es suficiente? Aunque a\u00fan est\u00e9 desolado por la noticia de la muerte de su ser querido, es razonable que quiera hacer justicia, obtener una indemnizaci\u00f3n y tomar acciones legales.<\/p>\n<p>\u00bfEs usted el o la c\u00f3nyuge superviviente del fallecido? Si bien una demanda por muerte por negligencia puede no ayudarle a sobrellevar el duelo, hablar con un abogado especializado en lesiones personales sobre la presentaci\u00f3n de una ayudar\u00eda a proporcionar estabilidad financiera durante un momento de incertidumbre. Las familias en duelo no deber\u00edan enfrentarse solas a estos problemas legales. Un <a href=\"https:\/\/www.google.com\/maps?cid=14405082340285593325\" target=\"_blank\" rel=\"noopener\">abogado especializado en muertes por negligencia de Colorado Springs<\/a> podr\u00eda guiarle por este proceso desafiante y explicarle todos los pasos necesarios para obtener la compensaci\u00f3n de la parte responsable por la muerte de su miembro de familia. Programe una consulta gratis con Spring Law Group.<\/p>\n<h2><b>\u00bfQu\u00e9 es una demanda por muerte por negligencia?<\/b><\/h2>\n<p>Seg\u00fan la legislaci\u00f3n de Colorado, una muerte por negligencia se produce cuando esta no se habr\u00eda producido de no ser por las acciones imprudentes o violentas de otra parte. M\u00e1s concretamente, el art\u00edculo 13-21-201 de los Estatutos Revisados de Colorado establece que procede una demanda por muerte por negligencia cuando de los hechos del caso se infiera una demanda por lesiones personales v\u00e1lida si la v\u00edctima hubiera sobrevivido al siniestro.<\/p>\n<p>Como resultado, un caso puede derivarse de muchos incidentes comunes de lesiones personales, incluso los siguientes:<\/p>\n<ul>\n<li aria-level=\"1\">Accidentes automovil\u00edsticos<\/li>\n<li aria-level=\"1\">Accidentes de bicic<a href=\"https:\/\/springslawgroup.com\/es\/abogado-de-accidentes-de-bicicleta-en-colorado-springs\/\">leta<\/a><\/li>\n<li aria-level=\"1\">Accidentes de camiones<\/li>\n<li aria-level=\"1\">Accidentes de peatones<\/li>\n<li aria-level=\"1\">Accidentes de moto<\/li>\n<li aria-level=\"1\">Demanda por responsabilidad del local<\/li>\n<li aria-level=\"1\">Demandas por art\u00edculos defectuosos<\/li>\n<li aria-level=\"1\">Accidentes laborales<\/li>\n<li aria-level=\"1\">Negligencia m\u00e9dica<\/li>\n<li aria-level=\"1\">Cualquier acto delictivo<\/li>\n<\/ul>\n<p>Lo que parece una demanda por lesiones personales viable por una lesi\u00f3n catastr\u00f3fica debido a negligencia ajena podr\u00eda convertirse en una demanda por accidente mortal a causa de un conductor negligente. Un abogado especializado en muertes por negligencia de Colorado Springs podr\u00eda repasar un caso para determinar si un miembro de la familia u otro representante personal tiene los argumentos para presentar una demanda v\u00e1lida a nombre de una persona difunta. Ponga su caso de muerte por negligencia en las manos adecuadas.<\/p>\n<h2><b>\u00bfQui\u00e9n puede presentar una demanda por muerte por negligencia?<\/b><\/h2>\n<p>La elecci\u00f3n de un demandante elegible es un aspecto clave en el que una acci\u00f3n de supervivencia difiere de un caso tradicional de lesiones personales. <a href=\"https:\/\/advance.lexis.com\/documentpage\/?pdmfid=1000516&amp;crid=96c75713-6e02-4d18-b64c-9312bbf06242&amp;pdistocdocslideraccess=true&amp;config=014FJAAyNGJkY2Y4Zi1mNjgyLTRkN2YtYmE4OS03NTYzNzYzOTg0OGEKAFBvZENhdGFsb2d592qv2Kywlf8caKqYROP5&amp;pddocfullpath=%2fshared%2fdocument%2fstatutes-legislation%2furn%3acontentItem%3a5TYF-BJW0-004D-107D-00008-00&amp;pdcomponentid=234177&amp;pdtocnodeidentifier=AANAAHAABAACAAB&amp;ecomp=bgqfkkk&amp;prid=9f7201f3-c210-4752-a0d6-ce421586092d\" target=\"_blank\" rel=\"noopener\">El art\u00edculo \u00a713-21-201<\/a> de los Estatutos Revisados de Colorado proporciona una lista de qui\u00e9nes pueden actuar como demandantes y cu\u00e1ndo pueden presentar una demanda de indemnizaci\u00f3n contra la parte responsable. Solo determinadas partes que pueden demandar en virtud de la ley de muerte por negligencia de Colorado pueden presentar la demanda. Solo el c\u00f3nyuge superviviente puede presentar una demanda durante el primer a\u00f1o posterior a un fallecimiento imprevisto. Los hijos o padres supervivientes tienen prioridad para desempe\u00f1ar esta funci\u00f3n si no hay c\u00f3nyuge superviviente o si transcurri\u00f3 un a\u00f1o. Independientemente de qui\u00e9n lleve el caso ante los tribunales, el objetivo de las demandas por muerte por negligencia es indemnizar a los herederos de la v\u00edctima. Un abogado especializado en muertes por negligencia de Colorado Springs y conocimiento de la ley correspondiente podr\u00eda ayudar a las familias a elegir a un demandante apropiado, determinar sus opciones legales para representar al heredero en el tribunal y guiar a este familiar a trav\u00e9s del proceso legal.<\/p>\n<h2><b>Da\u00f1os indemnizables en las demandas por muerte por negligencia<\/b><\/h2>\n<p>Los abogados especializados en muertes por negligencia se\u00f1alan que otro factor distintivo en estas demandas son los <a href=\"https:\/\/springslawgroup.com\/es\/damages-2\/\">da\u00f1os y perjuicios por muerte por negligencia<\/a> que un demandante puede reclamar cuando presenta una demanda en nombre de la sucesi\u00f3n de la persona fallecida.<\/p>\n<h3>Da\u00f1os econ\u00f3micos<\/h3>\n<p>En primer lugar, un heredero puede cobrar da\u00f1os econ\u00f3micos, que son las p\u00e9rdidas financieras sufridas por la familia a causa del fallecimiento, incluso las siguientes:<\/p>\n<ul>\n<li aria-level=\"1\">Gastos funerarios<\/li>\n<li aria-level=\"1\">Gastos m\u00e9dicos<\/li>\n<li aria-level=\"1\">Reparaciones del veh\u00edculo tras un accidente automovil\u00edstico<\/li>\n<\/ul>\n<p>Si el fallecido ten\u00eda un empleo y utilizaba sus ingresos para mantener a su familia, el demandante tambi\u00e9n puede exigir el lucro cesante futuro. Entre gastos y salarios perdidos, no hay l\u00edmite en la cuant\u00eda de los da\u00f1os econ\u00f3micos que pueden reclamarse en casos de muerte por negligencia.<\/p>\n<h3>Da\u00f1os no econ\u00f3micos<\/h3>\n<p>Los abogados especializados en muerte por negligencia le dir\u00e1n que la otra categor\u00eda de da\u00f1os son las p\u00e9rdidas no econ\u00f3micas. Tambi\u00e9n dir\u00e1n que no son tan f\u00e1cil de demostrar como los gastos funerarios.<\/p>\n<p>Los da\u00f1os no econ\u00f3micos suelen incluir los siguientes:<\/p>\n<ul>\n<li aria-level=\"1\">P\u00e9rdida de compa\u00f1\u00eda<\/li>\n<li aria-level=\"1\">Orientaci\u00f3n parental<\/li>\n<li aria-level=\"1\">Apoyo conyugal<\/li>\n<li aria-level=\"1\">Sufrimiento general<\/li>\n<\/ul>\n<p>Seg\u00fan el art\u00edculo \u00a713-21-203de los Estatutos Revisados de Colorado, existe un l\u00edmite m\u00e1ximo de da\u00f1os no econ\u00f3micos que un jurado puede conceder en este tipo de demanda. Un abogado especializado en muerte por negligencia de Colorado Springs podr\u00eda ayudar a medir las p\u00e9rdidas de una familia para exigir los pagos apropiados.<\/p>\n<h3>Da\u00f1os punitivos<\/h3>\n<p>Si las circunstancias de la muerte de su ser querido eran particularmente atroces o si su muerte podr\u00eda haberse evitado, pero por acciones negligentes que estuvieron fuera de la norma de cuidado requerida, pregunte a su abogado especializado en muerte por negligencia de Colorado Springs acerca de los <a href=\"https:\/\/springslawgroup.com\/es\/blog\/danos-compensatorios-vs-danos-punitivos-descubriendo-las-diferencias\/\">da\u00f1os punitivos<\/a>. Algunos accidentes mortales pueden dar derecho a esa indemnizaci\u00f3n.<\/p>\n<h2><b>C\u00f3mo podr\u00eda ayudar un abogado especializado en muerte por negligencia de Colorado Springs<\/b><\/h2>\n<p>El per\u00edodo tras una muerte por negligencia inesperada en Colorado puede ser particularmente dif\u00edcil. Adem\u00e1s, la presi\u00f3n para los miembros supervivientes de la familia de tener en cuenta sus finanzas despu\u00e9s de una p\u00e9rdida devastadora puede ser abrumadora. Si se encuentra en Colorado, las demandas por muerte por negligencia no deben tomarse a la ligera. Un abogado especializado en muerte por negligencia de Colorado Springs, CO podr\u00eda ayudarle a lidiar con el abrumador y complejo proceso legal mientras usted y sus seres queridos se centran en el duelo. Llame cuando est\u00e9 listo y <a href=\"https:\/\/springslawgroup.com\/es\/contacto\/\">programe una consulta gratuita<\/a> sobre su caso.<\/p>\n","protected":false},"excerpt":{"rendered":"<p>Tras la muerte inesperada de un ser querido, pueden rondarle por la cabeza muchos pensamientos. Parece injusto que muera una&nbsp;<a class=\"moretag\" href=\"https:\/\/springslawgroup.com\/es\/colorado-springs-abogado-de-muerte-injusta\/\"> Read More&#8230;<\/a><\/p>\n","protected":false},"author":32,"featured_media":0,"parent":0,"menu_order":0,"comment_status":"closed","ping_status":"closed","template":"landingpage.php","meta":{"_acf_changed":false,"inline_featured_image":false,"footnotes":""},"categories":[],"tags":[],"class_list":["post-16699","page","type-page","status-publish","hentry"],"acf":{"key_takeaways":null,"_litigation_personal_injury_contents_new":{"_litigation_personal_injury_title_new":"","_litigation_personal_injury_discription_new":"","_litigation_personal_injury_discription_new_copy":"","_litigation_video_url_new":"","add_button":""},"_header_sub_header_content_new":null,"_litigation_frequently_asked_questions_new":null,"lawsuit_updates":null,"_litigation_related_posts_relation":null,"acf-references":""},"_links":{"self":[{"href":"https:\/\/springslawgroup.com\/es\/wp-json\/wp\/v2\/pages\/16699","targetHints":{"allow":["GET"]}}],"collection":[{"href":"https:\/\/springslawgroup.com\/es\/wp-json\/wp\/v2\/pages"}],"about":[{"href":"https:\/\/springslawgroup.com\/es\/wp-json\/wp\/v2\/types\/page"}],"author":[{"embeddable":true,"href":"https:\/\/springslawgroup.com\/es\/wp-json\/wp\/v2\/users\/32"}],"replies":[{"embeddable":true,"href":"https:\/\/springslawgroup.com\/es\/wp-json\/wp\/v2\/comments?post=16699"}],"version-history":[{"count":7,"href":"https:\/\/springslawgroup.com\/es\/wp-json\/wp\/v2\/pages\/16699\/revisions"}],"predecessor-version":[{"id":17720,"href":"https:\/\/springslawgroup.com\/es\/wp-json\/wp\/v2\/pages\/16699\/revisions\/17720"}],"wp:attachment":[{"href":"https:\/\/springslawgroup.com\/es\/wp-json\/wp\/v2\/media?parent=16699"}],"wp:term":[{"taxonomy":"category","embeddable":true,"href":"https:\/\/springslawgroup.com\/es\/wp-json\/wp\/v2\/categories?post=16699"},{"taxonomy":"post_tag","embeddable":true,"href":"https:\/\/springslawgroup.com\/es\/wp-json\/wp\/v2\/tags?post=16699"}],"curies":[{"name":"wp","href":"https:\/\/api.w.org\/{rel}","templated":true}]}}