{"id":16698,"date":"2019-08-12T21:26:09","date_gmt":"2019-08-13T04:26:09","guid":{"rendered":"https:\/\/springs.flywheelstaging.com\/colorado-springs-resbalon-y-caida-abogado\/"},"modified":"2023-09-01T07:13:54","modified_gmt":"2023-09-01T14:13:54","slug":"colorado-springs-resbalon-y-caida-abogado","status":"publish","type":"page","link":"https:\/\/springslawgroup.com\/es\/colorado-springs-resbalon-y-caida-abogado\/","title":{"rendered":"Abogado especializado en accidentes por resbal\u00f3n o ca\u00edda de Colorado Springs"},"content":{"rendered":"<p>\u00bfSe lesion\u00f3 al resbalarse y caer en propiedad ajena?<\/p>\n<p>Las lesiones por tropiezos o ca\u00eddas pueden causar p\u00e9rdidas duraderas. Independientemente de la gravedad f\u00edsica del incidente, cualquier lesi\u00f3n de este tipo puede acarrear importantes facturas m\u00e9dicas, una p\u00e9rdida significativa de ingresos y una intensa angustia mental.<\/p>\n<p>Afortunadamente, en determinadas circunstancias puede obtener una indemnizaci\u00f3n por estas p\u00e9rdidas.<\/p>\n<p>Los propietarios tienen el deber de proteger a sus visitantes de estos accidentes, pero demostrar la responsabilidad en estos casos puede ser dif\u00edcil. Afortunadamente, puede obtener ayuda de un abogado especializado en lesiones personales.<\/p>\n<p>Una vez contratado, un <a href=\"https:\/\/www.google.com\/maps\/place\/data=!4m2!3m1!1s0x87134e45e0fc206f:0xc7e922112cf9b6ed?source=g.page.m.we._\" target=\"_blank\" rel=\"noopener\">abogado especializado en accidentes por resbal\u00f3n o ca\u00edda de Colorado Springs <\/a> podr\u00eda trabajar para establecer su derecho a estar en el terreno en el momento del accidente, evaluar las acciones del propietario que no evitaron estas lesiones y exigir una indemnizaci\u00f3n adecuada en su nombre.<\/p>\n<p>Llame a <a href=\"https:\/\/springslawgroup.com\/es\/\">Springs Law Group en Colorado Springs<\/a> hoy e inicie su caso.<\/p>\n<h2><b>\u00bfPor qu\u00e9 es importante la clasificaci\u00f3n de los visitantes?<\/b><\/h2>\n<p>Los accidentes por tropiezo son un ejemplo destacado de demandas civiles en virtud de la ley de responsabilidad del local. La ley de responsabilidad del local establece que los propietarios tienen la obligaci\u00f3n de proteger a los invitados que entren en su propiedad de cualquier da\u00f1o previsible. El incumplimiento de este deber obliga al propietario negligente a pagar las p\u00e9rdidas que se produzcan como consecuencia de ello.<\/p>\n<p>La <a href=\"https:\/\/www.courts.state.co.us\/userfiles\/file\/Court_Probation\/Supreme_Court\/Committees\/Civil_Jury_Instructions_Committee\/Chapter%2012.pdf\" target=\"_blank\" rel=\"noopener\">ley de responsabilidad del local de Colorado<\/a> define espec\u00edficamente las clasificaciones de los visitantes y esboza las obligaciones que los propietarios tienen para con cada clasificaci\u00f3n de visitantes.<\/p>\n<p>Un abogado especializado en accidentes por resbal\u00f3n o ca\u00edda de Colorado Springs podr\u00eda ayudar a repasar el caso de una v\u00edctima lesionada para determinar a qu\u00e9 categor\u00eda pertenecer\u00edan y a qu\u00e9 tipos de remuneraci\u00f3n tendr\u00edan derecho.<\/p>\n<h3>Intrusos<\/h3>\n<p>Cualquier persona que entre o permanezca en una propiedad sin el consentimiento del propietario es un intruso. Los propietarios solo son responsables de evitar la provocaci\u00f3n de da\u00f1os voluntarios o deliberados a los intrusos.<\/p>\n<h3>Beneficiarios<\/h3>\n<p>Los beneficiarios son personas que entran o permanecen en una propiedad \u00fanicamente para su propio beneficio. Estas personas pueden ser hu\u00e9spedes de una casa en una propiedad privada. En una demanda por resbal\u00f3n o ca\u00edda, el demandante debe demostrar que el propietario del terreno no actu\u00f3 con la diligencia razonable en relaci\u00f3n con los peligros creados por \u00e9l o de los que ten\u00eda conocimiento.<\/p>\n<h3>Invitados<\/h3>\n<p>Los invitados son personas que entran en un terreno en beneficio del propietario. Los clientes de una tienda son un claro ejemplo. Los propietarios tienen la obligaci\u00f3n de proteger a los invitados de los peligros resultantes de una omisi\u00f3n irrazonable de protecci\u00f3n frente a peligros conocidos.<\/p>\n<h2><b>\u00bfC\u00f3mo se demuestra la responsabilidad en los casos de tropiezos?<\/b><\/h2>\n<p>Las personas gravemente lesionadas en un accidente por resbal\u00f3n o ca\u00edda necesitan demostrar que el propietario, poseedor o persona\/entidad a cargo fue negligente. Para probar la negligencia, el demandante debe demostrar que el demandado ten\u00eda un deber de diligencia y lo incumpli\u00f3 al no ejercer un cuidado razonable en el mantenimiento de su propiedad.<\/p>\n<p>Por ejemplo, si una persona resbala en una acera congelada o nevada y quiere reclamar una indemnizaci\u00f3n, debe demostrar lo siguiente:<\/p>\n<ul>\n<li>Que el propietario era responsable de un resbal\u00f3n o ca\u00edda con nieve o hielo.<\/li>\n<li>Que el propietario sab\u00eda o deber\u00eda haber sabido de la existencia de nieve y hielo en la acera.<\/li>\n<li>Que el propietario ten\u00eda un plazo razonable para eliminar o hacer segura la situaci\u00f3n de peligro o riesgo.<\/li>\n<li>Que el propietario no tom\u00f3 tales precauciones ni advirti\u00f3 al demandante de la peligrosidad de la nieve y el hielo que causaron sus lesiones.<\/li>\n<\/ul>\n<p>Por lo general, la mayor\u00eda de los propietarios de viviendas disponen de 24 horas para retirar la nieve o el hielo o asegurar sus aceras echando sal, arena u otro material que ayude a la tracci\u00f3n.<\/p>\n<h2><b>Negligencia comparativa en accidentes por resbalones y ca\u00eddas<\/b><\/h2>\n<p>Para que un demandante civil pueda obtener una indemnizaci\u00f3n en un accidente por resbal\u00f3n o ca\u00edda, es necesario demostrar que la falta de protecci\u00f3n adecuada por parte del demandado caus\u00f3 directamente sus lesiones.<\/p>\n<p>Sin embargo, esto podr\u00eda ser m\u00e1s dif\u00edcil de probar si un demandante es parcialmente responsable de su lesi\u00f3n por resbal\u00f3n o ca\u00edda.<\/p>\n<p>Seg\u00fan la norma de negligencia comparativa de Colorado, si un tribunal considera que un demandante tiene un 50 % o m\u00e1s de culpa en un incidente, dicho tribunal no puede conceder indemnizaci\u00f3n alguna a la parte perjudicada. Sin embargo, si el demandante comparte menos del 50 % de la culpa, el tribunal puede simplemente reducir la indemnizaci\u00f3n disponible en proporci\u00f3n al porcentaje de culpa que tuvo el demandante en la causa de sus lesiones.<\/p>\n<p>Debido a este estatuto, suele ser esencial construir un caso de resbal\u00f3n o ca\u00edda que pruebe la negligencia del demandado y justifique las acciones del demandante que condujeron al incidente. Un abogado con experiencia en resbalones o ca\u00eddas de Colorado Springs podr\u00eda ayudar a las v\u00edctimas lesionadas a construir un caso que les permita obtener una indemnizaci\u00f3n, incluso si son parcialmente culpables del accidente.<\/p>\n<h2><b>Contrate a un abogado especializado en accidentes por resbal\u00f3n o ca\u00edda de Colorado Springs<\/b><\/h2>\n<p>Los casos de accidentes por resbalones y ca\u00eddas pueden ser enga\u00f1osamente complejos. Es f\u00e1cil asumir que el propietario de un lugar es responsable por da\u00f1os resultantes solo porque un accidente ocurri\u00f3 en su propiedad, pero estos casos deben evaluar su motivaci\u00f3n para estar en esa propiedad y cualquiera de sus acciones que pueden haber contribuido al accidente.<\/p>\n<p>Un abogado especializado en accidentes por resbal\u00f3n o ca\u00edda de Colorado Springs podr\u00eda ayudarle a presentar este complejo argumento legal. Contacte a Springs Law Group hoy y programe una consulta para que un abogado pueda revisar su caso y darle inicio a su recuperaci\u00f3n.<\/p>\n","protected":false},"excerpt":{"rendered":"<p>\u00bfSe lesion\u00f3 al resbalarse y caer en propiedad ajena? Las lesiones por tropiezos o ca\u00eddas pueden causar p\u00e9rdidas duraderas. Independientemente&nbsp;<a class=\"moretag\" href=\"https:\/\/springslawgroup.com\/es\/colorado-springs-resbalon-y-caida-abogado\/\"> Read More&#8230;<\/a><\/p>\n","protected":false},"author":32,"featured_media":0,"parent":0,"menu_order":0,"comment_status":"closed","ping_status":"closed","template":"landingpage.php","meta":{"_acf_changed":false,"inline_featured_image":false,"footnotes":""},"categories":[],"tags":[],"class_list":["post-16698","page","type-page","status-publish","hentry"],"acf":{"key_takeaways":null,"_litigation_personal_injury_contents_new":{"_litigation_personal_injury_title_new":"","_litigation_personal_injury_discription_new":"","_litigation_personal_injury_discription_new_copy":"","_litigation_video_url_new":"","add_button":false},"_header_sub_header_content_new":null,"_litigation_frequently_asked_questions_new":null,"lawsuit_updates":null,"_litigation_related_posts_relation":null,"acf-references":""},"_links":{"self":[{"href":"https:\/\/springslawgroup.com\/es\/wp-json\/wp\/v2\/pages\/16698","targetHints":{"allow":["GET"]}}],"collection":[{"href":"https:\/\/springslawgroup.com\/es\/wp-json\/wp\/v2\/pages"}],"about":[{"href":"https:\/\/springslawgroup.com\/es\/wp-json\/wp\/v2\/types\/page"}],"author":[{"embeddable":true,"href":"https:\/\/springslawgroup.com\/es\/wp-json\/wp\/v2\/users\/32"}],"replies":[{"embeddable":true,"href":"https:\/\/springslawgroup.com\/es\/wp-json\/wp\/v2\/comments?post=16698"}],"version-history":[{"count":3,"href":"https:\/\/springslawgroup.com\/es\/wp-json\/wp\/v2\/pages\/16698\/revisions"}],"predecessor-version":[{"id":17315,"href":"https:\/\/springslawgroup.com\/es\/wp-json\/wp\/v2\/pages\/16698\/revisions\/17315"}],"wp:attachment":[{"href":"https:\/\/springslawgroup.com\/es\/wp-json\/wp\/v2\/media?parent=16698"}],"wp:term":[{"taxonomy":"category","embeddable":true,"href":"https:\/\/springslawgroup.com\/es\/wp-json\/wp\/v2\/categories?post=16698"},{"taxonomy":"post_tag","embeddable":true,"href":"https:\/\/springslawgroup.com\/es\/wp-json\/wp\/v2\/tags?post=16698"}],"curies":[{"name":"wp","href":"https:\/\/api.w.org\/{rel}","templated":true}]}}