{"id":16697,"date":"2019-08-12T21:38:33","date_gmt":"2019-08-13T04:38:33","guid":{"rendered":"https:\/\/springs.flywheelstaging.com\/colorado-springs-abogado-de-accidente-de-camion\/"},"modified":"2023-09-01T07:14:32","modified_gmt":"2023-09-01T14:14:32","slug":"colorado-springs-abogado-de-accidente-de-camion","status":"publish","type":"page","link":"https:\/\/springslawgroup.com\/es\/colorado-springs-abogado-de-accidente-de-camion\/","title":{"rendered":"Abogado especializado en accidentes de cami\u00f3n de Colorado Springs"},"content":{"rendered":"<h2><b>No sufra en silencio. \u00a1Hable con un abogado especializado en accidentes de cami\u00f3n de Colorado Springs!<\/b><\/h2>\n<p>\u00bfSufri\u00f3 un accidente con un cami\u00f3n comercial? \u00bfLe atropell\u00f3 un camionero en la carretera? No intente abordar esa batalla legal por su cuenta. Por graves que sean los da\u00f1os o las lesiones, puede resultar dif\u00edcil para las v\u00edctimas cobrar una indemnizaci\u00f3n despu\u00e9s de que un semirremolque haya chocado contra su veh\u00edculo. Incluso un peque\u00f1o impacto de un cami\u00f3n grande es suficiente para sacar de la carretera a un coche peque\u00f1o. Aprenda m\u00e1s sobre nuestras pr\u00e1cticas con accidentes de cami\u00f3n abajo o solicite su consulta gratuita con un <a href=\"https:\/\/www.google.com\/maps?cid=14405082340285593325\" target=\"_blank\" rel=\"noopener\">abogado especializado en accidentes de cami\u00f3n de Colorado Springs<\/a>.<\/p>\n<p>Puede ser dif\u00edcil reunir pruebas para un caso s\u00f3lido y a\u00fan m\u00e1s dif\u00edcil alegar negligencia. Afortunadamente, no tiene que enfrentarse solo al proceso legal. \u00a1Un abogado especializado en lesiones personales de Colorado Springs puede ayudarle a recibir la compensaci\u00f3n por salarios perdidos y cuentas m\u00e9dicas de un accidente de cami\u00f3n grave que merezca! En <a href=\"https:\/\/springslawgroup.com\/es\/\">Springs Law Group<\/a>, tenemos un equipo de abogados especializados en accidentes de cami\u00f3n de Colorado Springs. \u00a1Ellos le ayudar\u00e1n a presentar una demanda legal por los da\u00f1os, recopilar todas las pruebas pertinentes para su caso de accidente de cami\u00f3n y negociar con el abogado de la defensa en su nombre! Cont\u00e1ctenos ahora y programe una consulta gratuita.<\/p>\n<h2><b>Tipos comunes de accidentes de cami\u00f3n y lesiones<\/b><\/h2>\n<p>En general, los conductores de camiones comerciales se ver\u00e1n implicados en m\u00e1s accidentes mortales que los veh\u00edculos de tama\u00f1o promedio. Los conductores de camiones comerciales y camiones articulados necesitan un permiso de conducir comercial por una raz\u00f3n. Los conductores no cualificados de camiones grandes que no cumplen las leyes federales son una pesadilla, como puede imaginarse. Durante su consulta con nosotros, le preguntaremos c\u00f3mo ocurri\u00f3 el accidente.<\/p>\n<p>Hay varios tipos de accidentes de camiones que uno puede experimentar, como los siguientes:<\/p>\n<ul>\n<li aria-level=\"1\">Vuelco<\/li>\n<li aria-level=\"1\">Choques traseros<\/li>\n<li aria-level=\"1\">Choques frontales<\/li>\n<li aria-level=\"1\">Accidentes por efecto navaja<\/li>\n<li aria-level=\"1\">Choques laterales<\/li>\n<li aria-level=\"1\"><a href=\"https:\/\/springslawgroup.com\/es\/blog\/giros-de-180-grados-que-causan-accidentes-automovilisticos-en-colorado\/\">Accidentes por giro en U<\/a><\/li>\n<\/ul>\n<p>Es probable que el cami\u00f3n implicado sea mucho m\u00e1s grande que un veh\u00edculo medio. Por eso, la gravedad de los accidentes de semirremolque es mayor que la de un accidente t\u00edpico. Por ejemplo, un cami\u00f3n puede volcar y aplastar tu veh\u00edculo.<\/p>\n<h2><b>Motivos de los accidentes de cami\u00f3n<\/b><\/h2>\n<p>Tanto si el cami\u00f3n pertenece a una empresa de mantenimiento como a una empresa de reparto, los accidentes provocados pueden deberse a muchas razones, como las siguientes:<\/p>\n<ul>\n<li aria-level=\"1\">Fatiga del conductor.<\/li>\n<li aria-level=\"1\">Conducci\u00f3n distra\u00edda.<\/li>\n<li aria-level=\"1\">Conducci\u00f3n temeraria.<\/li>\n<li aria-level=\"1\">No ceder el paso.<\/li>\n<li aria-level=\"1\">Falta de experiencia.<\/li>\n<li aria-level=\"1\">Defectos mec\u00e1nicos.<\/li>\n<\/ul>\n<p>La fatiga del conductor es especialmente lamentable, ya que los camioneros trabajan muchas horas y puede que solo se detengan cuando llega el momento de cargar la mercanc\u00eda.<\/p>\n<h2><b>Tipos de lesiones<\/b><\/h2>\n<p>Los accidentes de camiones en Colorado Springs pueden causar graves lesiones, tales como las siguientes:<\/p>\n<ul>\n<li aria-level=\"1\">Lesiones por traumatismo craneoencef\u00e1lico.<\/li>\n<li aria-level=\"1\">Conmociones cerebrales.<\/li>\n<li aria-level=\"1\">Hemorragia interna.<\/li>\n<li aria-level=\"1\">Quemaduras.<\/li>\n<li aria-level=\"1\">Fracturas.<\/li>\n<li aria-level=\"1\">Lesiones medulares.<\/li>\n<li aria-level=\"1\">Lesiones de cuello y espalda, incluso el latigazo cervical.<\/li>\n<li aria-level=\"1\"><a href=\"https:\/\/springslawgroup.com\/es\/blog\/huesos-rotos-por-accidente-automovilistico-en-colorado-springs-puedo-lograr-que-paguen-mis-facturas-medicas\/\">Huesos rotos.<\/a><\/li>\n<\/ul>\n<p>Debe seguir <a href=\"https:\/\/springslawgroup.com\/es\/colorado-springs-abogado-de-accidente-de-auto\/tratamiento-medico-despues-de-un-accidente-de-coche-en-colorado-springs\/\">recibiendo tratamiento m\u00e9dico<\/a> despu\u00e9s del accidente para que puedan registrar sus lesiones y hacer un seguimiento de su recuperaci\u00f3n f\u00edsica y emocional. Puede utilizar su historial m\u00e9dico como prueba ante un tribunal.<\/p>\n<h2><b>C\u00f3mo reclamar una indemnizaci\u00f3n tras un accidente de cami\u00f3n<\/b><\/h2>\n<p>Afortunadamente, las grandes empresas de transporte por carretera deben tener alg\u00fan tipo de seguro. Aun as\u00ed, reclamar da\u00f1os indemnizables por un accidente de cami\u00f3n puede ser un proceso legal complicado y largo. Por ello, es esencial entender este proceso legal antes de empezar. Antes de presentar una demanda por accidente de cami\u00f3n, debe evaluar sus p\u00e9rdidas con precisi\u00f3n. Su demanda debe tener en cuenta los costos de sus tratamientos m\u00e9dicos pasados y futuros y cualquier p\u00e9rdida de ingresos o angustia emocional que haya sufrido tras el accidente.<\/p>\n<h3><b>Usted podr\u00eda compartir la culpa con el conductor del cami\u00f3n <\/b><\/h3>\n<p>Sin embargo, esta es solo la capa superficial de su demanda legal por lesiones personales. Seg\u00fan las circunstancias, es posible que deba defender sus acciones que condujeron al accidente de cami\u00f3n. Decidir qui\u00e9n es la parte culpable puede ser complicado. Incluso si usted fue v\u00edctima de un accidente grave causado por un cami\u00f3n grande, a\u00fan podr\u00eda encontrarse en falta despu\u00e9s de reunir pruebas e incluso se le podr\u00eda asignar <a href=\"https:\/\/springslawgroup.com\/es\/blog\/que-es-la-culpa-parcial-en-las-indemnizaciones-por-accidente-de-trafico-y-como-afecta-a-su-demanda\/\">una culpa parcial<\/a> despu\u00e9s de tratar de establecer la negligencia. Si el tribunal considera que usted tiene al menos un 50 % de culpa en el accidente de un veh\u00edculo industrial, entonces el tribunal no puede concederle una indemnizaci\u00f3n justa por las lesiones sufridas en virtud de la negligencia comparativa.<\/p>\n<h3><b>Estamos aqu\u00ed para ayudar a las v\u00edctimas de lesiones en accidentes de camiones<\/b><\/h3>\n<p>Los da\u00f1os que pueden causar los grandes veh\u00edculos comerciales son cuantiosos. Si usted es como la mayor\u00eda de la gente, este proceso le parecer\u00e1 abrumador. Seguro que no lidia con demandas por accidentes de camiones comerciales ni con procesos de demanda al seguro. Por suerte, estamos aqu\u00ed para ayudarle. Nuestros abogados especializados en accidentes de camiones de Colorado Springs conocen las regulaciones federales y est\u00e1n familiarizados con las normas de la industria del transporte por carretera. Le ayudaremos a conseguir el dinero que se merece. Le ayudaremos a preparar su demanda antes de solicitar una indemnizaci\u00f3n y le ayudaremos a reunir todas las pruebas que necesitar\u00e1 para protegerse durante el proceso judicial. Los abogados especializados en accidentes de camiones de nuestro estudio incluso lidian con todas las negociaciones en su accidente de camiones de Colorado para que se enfoque en lo que importa: su <b>recuperaci\u00f3n<\/b>.<\/p>\n<h2><b>\u00a1Programe hoy mismo su consulta gratuita sobre lesiones! Hable con un abogado especializado en accidentes de camiones de Colorado Springs<\/b><b><i>.<\/i><\/b><\/h2>\n<p>Si se involucr\u00f3 en un accidente de semirremolque, usted no debe asumir el estr\u00e9s de enfrentar la batalla legal sin ayuda. \u00a1Programe su consulta legal gratuita con Springs Law Group hoy y hable con uno de nuestros abogados especializados en accidentes de camiones de Colorado Springs sobre su demanda! Un abogado especializado en accidentes de camiones de Colorado Springs podr\u00eda ayudarle a buscar compensaci\u00f3n si usted est\u00e1 experimentando dolor y sufrimiento despu\u00e9s de un choque de cami\u00f3n. Cont\u00e1ctenos hoy y programe una consulta gratuita sobre su caso. Le aseguramos que hemos resuelto muchos casos de accidentes de cami\u00f3n antes que el suyo.<\/p>\n<h2><b>FAQ: Accidentes de cami\u00f3n<\/b><\/h2>\n<p><b>\u00bfCu\u00e1l es la cuant\u00eda t\u00edpica de una indemnizaci\u00f3n por accidente de cami\u00f3n?<\/b><br \/>\nCada caso es diferente, por lo que es dif\u00edcil determinar una cantidad media de liquidaci\u00f3n para un accidente de cami\u00f3n. Hay varios factores que pueden influir en la cuant\u00eda de la indemnizaci\u00f3n, como la gravedad de las lesiones o si tuvo parte de culpa en el accidente. Hable con un abogado especializado en accidentes de camiones de Colorado Springs, quien podr\u00e1 estimar una cantidad de acuerdo con su situaci\u00f3n particular.<\/p>\n<p><b>\u00bfQui\u00e9n puede considerarse responsable de un accidente de cami\u00f3n?<\/b><br \/>\nLos camioneros y las empresas de transporte pueden considerarse responsables del accidente. Suele depender de los resultados de la investigaci\u00f3n del accidente. Otras personas tambi\u00e9n pueden ser responsables del siniestro. Por ejemplo, el inspector de la empresa de camiones podr\u00eda ser responsable si se produce un accidente por la falta de una pieza.<\/p>\n<p><b>\u00bfDebo aceptar la primera oferta de acuerdo de conciliaci\u00f3n?<\/b><br \/>\nPor lo general, le ayudar\u00eda no aceptar la primera oferta de acuerdo de conciliaci\u00f3n de la compa\u00f1\u00eda de seguros. La compa\u00f1\u00eda quiere pagar lo menos posible, por lo que casi siempre ofrece una indemnizaci\u00f3n baja al principio. Los abogados especializados en accidentes de camiones de Colorado Springs pueden ayudarle a negociar la cantidad del establecimiento para ganar la compensaci\u00f3n m\u00e1xima para sus da\u00f1os.<\/p>\n<p><script type=\"application\/ld+json\">\n{\n  \"@context\": \"https:\/\/schema.org\",\n  \"@type\": \"FAQPage\",\n  \"mainEntity\": [{\n    \"@type\": \"Question\",\n    \"name\": \"What is a typical settlement amount for a truck accident?\",\n    \"acceptedAnswer\": {\n      \"@type\": \"Answer\",\n      \"text\": \"Each case is different, so it\u2019s difficult to determine an average settlement amount for a truck wreck. Various factors can affect how much compensation you earn, such as the severity of your injuries or if you were partially at fault for the accident. Talk to your personal injury lawyer; they can estimate a settlement amount for your specific situation.\"\n    }\n  },{\n    \"@type\": \"Question\",\n    \"name\": \"Who can be held liable for a truck accident?\",\n    \"acceptedAnswer\": {\n      \"@type\": \"Answer\",\n      \"text\": \"Truck drivers and trucking companies can be held accountable for the accident. It usually depends on the results of the accident investigation. Other people can be responsible for the wreck as well. For example, the inspector for the trucking company could be liable if an accident occurs because of a missing part.\"\n    }\n  },{\n    \"@type\": \"Question\",\n    \"name\": \"Should I accept the first settlement offer?\",\n    \"acceptedAnswer\": {\n      \"@type\": \"Answer\",\n      \"text\": \"Typically, you should not accept the insurance company\u2019s first settlement offer. The insurance company wants to pay out as little as possible, so they almost always offer a low settlement at first. Your truck accident attorney can help you negotiate the settlement amount to earn maximum compensation for your damages.\"\n    }\n  }]\n}\n<\/script><\/p>\n","protected":false},"excerpt":{"rendered":"<p>No sufra en silencio. \u00a1Hable con un abogado especializado en accidentes de cami\u00f3n de Colorado Springs! \u00bfSufri\u00f3 un accidente con&nbsp;<a class=\"moretag\" href=\"https:\/\/springslawgroup.com\/es\/colorado-springs-abogado-de-accidente-de-camion\/\"> Read More&#8230;<\/a><\/p>\n","protected":false},"author":32,"featured_media":15809,"parent":0,"menu_order":0,"comment_status":"closed","ping_status":"closed","template":"landingpage.php","meta":{"_acf_changed":false,"inline_featured_image":false,"footnotes":""},"categories":[],"tags":[],"class_list":["post-16697","page","type-page","status-publish","has-post-thumbnail","hentry"],"acf":{"key_takeaways":null,"_litigation_personal_injury_contents_new":{"_litigation_personal_injury_title_new":"","_litigation_personal_injury_discription_new":"","_litigation_personal_injury_discription_new_copy":"","_litigation_video_url_new":"","add_button":false},"_header_sub_header_content_new":null,"_litigation_frequently_asked_questions_new":null,"lawsuit_updates":null,"_litigation_related_posts_relation":null,"acf-references":""},"_links":{"self":[{"href":"https:\/\/springslawgroup.com\/es\/wp-json\/wp\/v2\/pages\/16697","targetHints":{"allow":["GET"]}}],"collection":[{"href":"https:\/\/springslawgroup.com\/es\/wp-json\/wp\/v2\/pages"}],"about":[{"href":"https:\/\/springslawgroup.com\/es\/wp-json\/wp\/v2\/types\/page"}],"author":[{"embeddable":true,"href":"https:\/\/springslawgroup.com\/es\/wp-json\/wp\/v2\/users\/32"}],"replies":[{"embeddable":true,"href":"https:\/\/springslawgroup.com\/es\/wp-json\/wp\/v2\/comments?post=16697"}],"version-history":[{"count":6,"href":"https:\/\/springslawgroup.com\/es\/wp-json\/wp\/v2\/pages\/16697\/revisions"}],"predecessor-version":[{"id":17786,"href":"https:\/\/springslawgroup.com\/es\/wp-json\/wp\/v2\/pages\/16697\/revisions\/17786"}],"wp:featuredmedia":[{"embeddable":true,"href":"https:\/\/springslawgroup.com\/es\/wp-json\/wp\/v2\/media\/15809"}],"wp:attachment":[{"href":"https:\/\/springslawgroup.com\/es\/wp-json\/wp\/v2\/media?parent=16697"}],"wp:term":[{"taxonomy":"category","embeddable":true,"href":"https:\/\/springslawgroup.com\/es\/wp-json\/wp\/v2\/categories?post=16697"},{"taxonomy":"post_tag","embeddable":true,"href":"https:\/\/springslawgroup.com\/es\/wp-json\/wp\/v2\/tags?post=16697"}],"curies":[{"name":"wp","href":"https:\/\/api.w.org\/{rel}","templated":true}]}}