{"id":16696,"date":"2018-07-17T21:26:02","date_gmt":"2018-07-18T04:26:02","guid":{"rendered":"https:\/\/springs.flywheelstaging.com\/colorado-springs-abogado-de-reclamaciones-de-seguros\/"},"modified":"2023-09-11T17:41:30","modified_gmt":"2023-09-12T00:41:30","slug":"colorado-springs-abogado-de-reclamaciones-de-seguros","status":"publish","type":"page","link":"https:\/\/springslawgroup.com\/es\/colorado-springs-abogado-de-reclamaciones-de-seguros\/","title":{"rendered":"Abogado especializado en demandas por indemnizaci\u00f3n de Colorado Springs"},"content":{"rendered":"<p>\u00bfLa compa\u00f1\u00eda de seguros le deniega su demanda? \u00bfNo sabe a qui\u00e9n dirigirse? Nuestros abogados especializados en demandas por indemnizaci\u00f3n de Colorado Springs se aseguran de que las compa\u00f1\u00edas de seguro no le intimiden.<\/p>\n<p>Ciertamente, las compa\u00f1\u00edas de seguros est\u00e1n justificadas para no pagar un siniestro, a veces. Pero, \u00bfc\u00f3mo saber con certeza cu\u00e1ndo est\u00e1 justificado?<\/p>\n<p>Es por eso que usted necesita un <a href=\"https:\/\/www.google.com\/maps?cid=14405082340285593325\" target=\"_blank\" rel=\"noopener\">abogado especializado en demandas por indemnizaci\u00f3n de Colorado Springs <\/a> de su lado. Conocemos las normas y sabemos cu\u00e1ndo las compa\u00f1\u00edas de seguros las incumplen.<\/p>\n<p>Ah\u00f3rrese la frustraci\u00f3n y la p\u00e9rdida de tiempo de intentar luchar contra una demanda al seguro por su cuenta. Ll\u00e1menos a <a href=\"https:\/\/springslawgroup.com\/es\/\">Springs Law Group<\/a>. Estamos listos para ayudar. Su primera consulta es gratuita y estrictamente confidencial. P\u00f3ngase en contacto con nosotros hoy mismo.<\/p>\n<h2><b>\u00bfQu\u00e9 es un reclamo por indemnizaci\u00f3n?<\/b><\/h2>\n<p>Una demanda al seguro comienza cuando usted presenta una solicitud formal a su compa\u00f1\u00eda de seguros pidiendo el pago de un accidente cubierto. El importe del pago se basa en su acuerdo previo con la compa\u00f1\u00eda de seguros. La compa\u00f1\u00eda de seguros comprueba su caso y deniega o aprueba el pago. Si se aprueba, la compa\u00f1\u00eda pagar\u00e1 la indemnizaci\u00f3n.<\/p>\n<h2><b>\u00bfPor qu\u00e9 se deniega una solicitud?<\/b><\/h2>\n<p>Le sorprender\u00eda saber con qu\u00e9 frecuencia se deniegan los reclamos por indemnizaci\u00f3n Las siguientes estad\u00edsticas muestran la frecuencia de estas denegaciones:<\/p>\n<ul>\n<li>Seg\u00fan la AARP, cada a\u00f1o se deniegan 200 millones de solicitudes de seguro m\u00e9dico.<\/li>\n<li>Las compa\u00f1\u00edas de seguros que cubren el hogar y el autom\u00f3vil deniegan alrededor del tres por ciento de los casos cada a\u00f1o.<\/li>\n<li>Las indemnizaciones por accidentes laborales y los seguros de vida tambi\u00e9n se deniegan de forma alarmante.<\/li>\n<\/ul>\n<p>Adem\u00e1s, es posible que las compa\u00f1\u00edas de seguros no denieguen sus casos directamente, sino que ofrezcan una mera fracci\u00f3n de lo que realmente vale su caso.<\/p>\n<p>Una compa\u00f1\u00eda de seguros rentable gana dinero cobrando primas, no pagando todos los casos que recibe. Por lo tanto, las aseguradoras utilizar\u00e1n cualquier raz\u00f3n que puedan encontrar para denegar un caso. Por ejemplo, supongamos que usted resulta herido en un <a href=\"https:\/\/springslawgroup.com\/es\/colorado-springs-abogado-de-accidente-de-auto\/\">accidente automovil\u00edstico<\/a> causado por otro conductor. La compa\u00f1\u00eda de seguros del otro conductor suele hacer todo lo que est\u00e1 en su mano para evitar o reducir la cuant\u00eda del pago.<\/p>\n<p>Incluso un peque\u00f1o detalle puede impedirle obtener la indemnizaci\u00f3n que merece. Un abogado especializado en demandas por indemnizaci\u00f3n de Colorado Springs podr\u00eda ayudar a alguien si su caso fue negado injustamente.<\/p>\n<p>Los siguientes son algunos ejemplos de c\u00f3mo una compa\u00f1\u00eda de seguros puede denegar o reducir el pago de una demanda.<\/p>\n<h3>Cuestionar la responsabilidad<\/h3>\n<p>Si sufre lesiones y solicita una indemnizaci\u00f3n a la compa\u00f1\u00eda de seguros de la parte responsable, tiene que demostrar la culpa. En otras palabras, tienes que demostrar que las acciones imprudentes de una persona o empresa causaron tus lesiones.<\/p>\n<p>La forma de denegar la responsabilidad depende del tipo de accidente de que se trate. Si se lesiona en el trabajo, la compa\u00f1\u00eda de seguros puede intentar alegar que usted conoc\u00eda el riesgo de su trabajo y lo asumi\u00f3 al aceptar un empleo en \u00e9l. De este modo, la negligencia deja de recaer en el empresario y recae en usted. Tambi\u00e9n pueden acusarle de haber provocado el accidente o de haberlo agravado por no haber buscado atenci\u00f3n m\u00e9dica a tiempo.<\/p>\n<h3><span style=\"font-weight: 400;\">Minimizar las lesiones<\/span><\/h3>\n<p><span style=\"font-weight: 400;\">Otra t\u00e1ctica habitual de las compa\u00f1\u00edas de seguros es minimizar sus lesiones. Para ello, buscan pruebas que demuestren que su lesi\u00f3n o accidente no fue tan grave como usted afirma, o que parte del mismo se debi\u00f3 a una enfermedad preexistente o a un incidente posterior no relacionado. Incluso pueden tomarse la molestia de contratar a un m\u00e9dico para que d\u00e9 fe de ello.<\/span><\/p>\n<h3><span style=\"font-weight: 400;\">Exigir m\u00e1s pruebas<\/span><\/h3>\n<p><span style=\"font-weight: 400;\">Las compa\u00f1\u00edas de seguros exigen que demuestre su caso con determinadas pruebas. Si no puede aportar pruebas suficientes, la compa\u00f1\u00eda de seguros puede denegar o reducir su reclamo.<\/span><\/p>\n<p><span style=\"font-weight: 400;\">Las pruebas pueden incluir documentaci\u00f3n de un m\u00e9dico que demuestre que su lesi\u00f3n se produjo a causa del accidente. Un informe policial tambi\u00e9n es muy importante tras un<\/span> <span style=\"font-weight: 400;\">accidente de tr\u00e1fico<\/span><span style=\"font-weight: 400;\">. Sin uno, la compa\u00f1\u00eda de seguros puede cuestionar qui\u00e9n tuvo la culpa del accidente. <\/span><\/p>\n<p><span style=\"font-weight: 400;\">Re\u00fana pruebas que refuercen su demanda, por ejemplo, lo siguiente<\/span><span style=\"font-weight: 400;\">:<\/span><\/p>\n<ul>\n<li style=\"font-weight: 400;\" aria-level=\"1\"><span style=\"font-weight: 400;\">Fotograf\u00edas de lesiones o da\u00f1os en su coche u hogar<\/span><\/li>\n<li style=\"font-weight: 400;\" aria-level=\"1\"><span style=\"font-weight: 400;\">Registros de su lucro cesante<\/span><\/li>\n<li style=\"font-weight: 400;\" aria-level=\"1\"><span style=\"font-weight: 400;\">Historial m\u00e9dico <\/span><\/li>\n<li style=\"font-weight: 400;\" aria-level=\"1\"><span style=\"font-weight: 400;\">Facturas m\u00e9dicas con los importes cobrados por el tratamiento<\/span><\/li>\n<\/ul>\n<p><span style=\"font-weight: 400;\">Recuerde que cuantas m\u00e1s pruebas tenga sobre su lesi\u00f3n, m\u00e1s f\u00e1cil le resultar\u00e1 probar su caso. Su caso ser\u00e1 m\u00e1s s\u00f3lido.<\/span><\/p>\n<h2><b>\u00bfC\u00f3mo puede ayudar un abogado?<\/b><\/h2>\n<p><span style=\"font-weight: 400;\">Lo ideal ser\u00eda que una compa\u00f1\u00eda de seguros pagara lo que debe sin oponer resistencia. Sin embargo, no funciona as\u00ed. En cambio, las compa\u00f1\u00edas de seguros cuentan con peritos, m\u00e9dicos, enfermeros e incluso abogados que trabajan de su lado. <\/span><\/p>\n<p><span style=\"font-weight: 400;\">Su objetivo es conseguir que usted diga algo equivocado o haga algo equivocado, para poder justificar la denegaci\u00f3n de su demanda o el pago de una cantidad reducida.<\/span><\/p>\n<p><span style=\"font-weight: 400;\">Por eso, es importante que consulte nuestros servicios en Springs Law Group. Entendemos todos los trucos que utilizan las compa\u00f1\u00edas de seguros, y estamos dispuestos a luchar por sus derechos. <\/span><\/p>\n<p><span style=\"font-weight: 400;\">Hay dos escenarios principales donde un abogado especializado en lesiones personales de Colorado Springs puede ayudar<\/span> <span style=\"font-weight: 400;\">cuando se trata de una demanda por indemnizaci\u00f3n:<\/span><\/p>\n<ul>\n<li><strong>Su propia compa\u00f1\u00eda de seguros rechaza su demanda.<\/strong> Esta situaci\u00f3n puede darse, por ejemplo, si su propia aseguradora se niega a pagar los da\u00f1os materiales cuando usted tiene un siniestro de seguro de hogar. Otra situaci\u00f3n puede ser que la aseguradora de tu coche no te cubra en un accidente que t\u00fa provocaste o que no cubra las lesiones causadas por otra persona que se supon\u00eda que estaban cubiertas por la cobertura de motorista sin seguro o con seguro insuficiente o por la cobertura de pagos m\u00e9dicos (MedPay).<\/li>\n<li><strong>El seguro de otra persona se niega a pagar.<\/strong> Esta situaci\u00f3n puede producirse cuando usted es lesionado por otra persona. El seguro personal de la otra parte o el seguro de su empresa ser\u00edan entonces responsables de pagar tus facturas m\u00e9dicas y otros da\u00f1os. En muchos casos, la compa\u00f1\u00eda de seguros debe reembolsarle tambi\u00e9n los salarios perdidos, el dolor y el sufrimiento, y otros da\u00f1os.<\/li>\n<\/ul>\n<p><span style=\"font-weight: 400;\">No se puede perder el tiempo cuando se trata de demandas por indemnizaci\u00f3n de primera o tercera fe. As\u00ed que busque la ayuda de un abogado lo antes posible. En Springs Law Group, ofrecemos consultas gratuitas. Durante su consulta, revisaremos su caso y le diremos c\u00f3mo podemos ayudarle.<\/span><\/p>\n<h2><b>\u00bfCu\u00e1nto cuesta contratar la ayuda de un abogado?<\/b><\/h2>\n<p><span style=\"font-weight: 400;\"> Los honorarios del abogado depender\u00e1n en gran medida del tipo de caso. En los casos que implican grandes cantidades de dinero, un abogado se lleva una parte de los da\u00f1os y perjuicios concedidos despu\u00e9s de ganar un caso: esto se llama una<\/span> <span style=\"font-weight: 400;\">cuota de contingencia<\/span><span style=\"font-weight: 400;\">. En otros casos, el abogado puede cobrar una tarifa plana o por hora. Podemos hablar de nuestras tarifas cuando venga a su consulta gratuita. <\/span><\/p>\n<p><span style=\"font-weight: 400;\">Tenga en cuenta que su reclamo puede proporcionarle una indemnizaci\u00f3n importante para <\/span><span style=\"font-weight: 400;\">reponer los salarios perdidos<\/span><span style=\"font-weight: 400;\"> y otros da\u00f1os, incluido el dolor y el sufrimiento. Por tanto, su primera prioridad debe ser averiguar c\u00f3mo obtener la indemnizaci\u00f3n que le deben.<\/span><\/p>\n<h2><b>P\u00f3ngase en contacto con un abogado especializado en demandas por indemnizaci\u00f3n de Colorado Springs<\/b><\/h2>\n<p>C<span style=\"font-weight: 400;\">ontacte con Springs Law Group para saber cu\u00e1les son sus opciones y si tiene o no un caso s\u00f3lido. Podemos ayudarle a hacer frente a una demanda de mala fe del seguro. Si la compa\u00f1\u00eda de seguros no le paga lo que se merece, le defenderemos.<\/span><\/p>\n<p><span style=\"font-weight: 400;\">La primera consulta con uno de nuestros abogados especializados en demandas por indemnizaci\u00f3n de Colorado Springs por mala fe no le costar\u00e1 nada. Si tiene m\u00e1s preguntas, p\u00f3ngase en contacto con nosotros<\/span><span style=\"font-weight: 400;\"> hoy.<\/span><\/p>\n","protected":false},"excerpt":{"rendered":"<p>\u00bfLa compa\u00f1\u00eda de seguros le deniega su demanda? \u00bfNo sabe a qui\u00e9n dirigirse? Nuestros abogados especializados en demandas por indemnizaci\u00f3n&nbsp;<a class=\"moretag\" href=\"https:\/\/springslawgroup.com\/es\/colorado-springs-abogado-de-reclamaciones-de-seguros\/\"> Read More&#8230;<\/a><\/p>\n","protected":false},"author":32,"featured_media":0,"parent":0,"menu_order":0,"comment_status":"closed","ping_status":"closed","template":"landingpage.php","meta":{"_acf_changed":false,"inline_featured_image":false,"footnotes":""},"categories":[],"tags":[],"class_list":["post-16696","page","type-page","status-publish","hentry"],"acf":{"key_takeaways":null,"_litigation_personal_injury_contents_new":{"_litigation_personal_injury_title_new":"","_litigation_personal_injury_discription_new":"","_litigation_personal_injury_discription_new_copy":"","_litigation_video_url_new":"","add_button":""},"_header_sub_header_content_new":null,"_litigation_frequently_asked_questions_new":null,"lawsuit_updates":null,"_litigation_related_posts_relation":null,"acf-references":""},"_links":{"self":[{"href":"https:\/\/springslawgroup.com\/es\/wp-json\/wp\/v2\/pages\/16696","targetHints":{"allow":["GET"]}}],"collection":[{"href":"https:\/\/springslawgroup.com\/es\/wp-json\/wp\/v2\/pages"}],"about":[{"href":"https:\/\/springslawgroup.com\/es\/wp-json\/wp\/v2\/types\/page"}],"author":[{"embeddable":true,"href":"https:\/\/springslawgroup.com\/es\/wp-json\/wp\/v2\/users\/32"}],"replies":[{"embeddable":true,"href":"https:\/\/springslawgroup.com\/es\/wp-json\/wp\/v2\/comments?post=16696"}],"version-history":[{"count":4,"href":"https:\/\/springslawgroup.com\/es\/wp-json\/wp\/v2\/pages\/16696\/revisions"}],"predecessor-version":[{"id":17937,"href":"https:\/\/springslawgroup.com\/es\/wp-json\/wp\/v2\/pages\/16696\/revisions\/17937"}],"wp:attachment":[{"href":"https:\/\/springslawgroup.com\/es\/wp-json\/wp\/v2\/media?parent=16696"}],"wp:term":[{"taxonomy":"category","embeddable":true,"href":"https:\/\/springslawgroup.com\/es\/wp-json\/wp\/v2\/categories?post=16696"},{"taxonomy":"post_tag","embeddable":true,"href":"https:\/\/springslawgroup.com\/es\/wp-json\/wp\/v2\/tags?post=16696"}],"curies":[{"name":"wp","href":"https:\/\/api.w.org\/{rel}","templated":true}]}}