{"id":16695,"date":"2019-08-12T21:20:35","date_gmt":"2019-08-13T04:20:35","guid":{"rendered":"https:\/\/springs.flywheelstaging.com\/colorado-springs-abogado-de-accidente-de-motocicleta\/"},"modified":"2023-09-01T07:14:34","modified_gmt":"2023-09-01T14:14:34","slug":"colorado-springs-abogado-de-accidente-de-motocicleta","status":"publish","type":"page","link":"https:\/\/springslawgroup.com\/es\/colorado-springs-abogado-de-accidente-de-motocicleta\/","title":{"rendered":"Abogado especializado en accidentes de motocicleta de Colorado Springs"},"content":{"rendered":"<p><img loading=\"lazy\" decoding=\"async\" class=\"wp-image-5886 size-medium alignleft\" src=\"https:\/\/springslawgroup.com\/wp-content\/uploads\/2021\/04\/Motorcycle-Accident-Lawyer-in-Colorado-Springs-at-Springs-Law-Group-LP-300x300.jpg\" alt=\"Abogado especializado en accidentes de motocicleta de Colorado Springs\" width=\"300\" height=\"300\" title=\"\" srcset=\"https:\/\/springslawgroup.com\/wp-content\/uploads\/2021\/04\/Motorcycle-Accident-Lawyer-in-Colorado-Springs-at-Springs-Law-Group-LP-300x300.jpg 300w, https:\/\/springslawgroup.com\/wp-content\/uploads\/2021\/04\/Motorcycle-Accident-Lawyer-in-Colorado-Springs-at-Springs-Law-Group-LP-150x150.jpg 150w, https:\/\/springslawgroup.com\/wp-content\/uploads\/2021\/04\/Motorcycle-Accident-Lawyer-in-Colorado-Springs-at-Springs-Law-Group-LP-768x768.jpg 768w, https:\/\/springslawgroup.com\/wp-content\/uploads\/2021\/04\/Motorcycle-Accident-Lawyer-in-Colorado-Springs-at-Springs-Law-Group-LP-170x170.jpg 170w, https:\/\/springslawgroup.com\/wp-content\/uploads\/2021\/04\/Motorcycle-Accident-Lawyer-in-Colorado-Springs-at-Springs-Law-Group-LP.jpg 800w\" sizes=\"auto, (max-width: 300px) 100vw, 300px\" \/><\/p>\n<p>\u00bfSufri\u00f3 lesiones en un accidente de motocicleta en Colorado Springs? No est\u00e1 solo.<\/p>\n<p>Y cuando llegue el momento de la verdad, necesitar\u00e1 un abogado especializado en accidentes de moto que trabaje con firmeza. Alguien que pueda superar a las compa\u00f1\u00edas de seguros y conseguirle la indemnizaci\u00f3n que se merece. Ah\u00ed es donde entramos nosotros.<\/p>\n<p>Nuestro <a href=\"https:\/\/www.google.com\/maps?cid=14405082340285593325\" target=\"_blank\" rel=\"noopener\">abogado especializado en accidentes de motocicleta de Colorado Springs<\/a> ayud\u00f3 a conductores lesionados por a\u00f1os y estamos listos para luchar para usted tambi\u00e9n. Conocemos los trucos de estas compa\u00f1\u00edas de seguros y no dejaremos que se salgan con la suya.<\/p>\n<p>Conducir una motocicleta conlleva riesgos inherentes, pero eso no exime a los conductores de su deber de diligencia hacia los motoristas. Por eso, les haremos responsables de cualquier choque causado por su negligencia.<\/p>\n<p>As\u00ed que si se lesion\u00f3 en un accidente de moto, no espere m\u00e1s. Llame a <a href=\"https:\/\/springslawgroup.com\/es\/\">Springs Law Group en Colorado Springs<\/a> hoy y perm\u00edtanos mostrarle lo que podemos hacer.<\/p>\n<h2>Negligencia comparativa en un caso de accidente de moto<\/h2>\n<p>Los conductores tienen la obligaci\u00f3n legal de conducir de forma razonable y responsable mientras manejan cualquier veh\u00edculo de motor y obedecer todas las leyes de tr\u00e1fico. El incumplimiento de cualquiera de estas normas puede ser indicio de negligencia si da lugar a un accidente. Por desgracia, en muchos casos puede resultar bastante complicado demostrar la responsabilidad. Su mejor oportunidad para recuperar la indemnizaci\u00f3n de la parte culpable es mediante la contrataci\u00f3n de un abogado especializado en accidentes de motocicleta de Colorado Springs.<\/p>\n<h3>Asignaci\u00f3n de la responsabilidad<\/h3>\n<p>Para argumentar con \u00e9xito una demanda por accidente de motocicleta, un motorista lesionado debe demostrar que la negligencia de otro conductor caus\u00f3 sus lesiones. Sin embargo, esto puede ser m\u00e1s dif\u00edcil si el motorista tiene algo de culpa en el accidente que provoc\u00f3 sus lesiones. En Colorado, la <a href=\"https:\/\/springslawgroup.com\/es\/blog\/determinacion-de-la-culpa-en-indemnizaciones-por-accidentes-automovilisticos\/\">determinaci\u00f3n de la culpa<\/a> se realiza mediante un sistema de negligencia comparativa modificado, que determina qui\u00e9n es responsable del accidente y cu\u00e1nta indemnizaci\u00f3n deben conceder los tribunales.<\/p>\n<h3>Reducci\u00f3n de da\u00f1os seg\u00fan la ley de Colorado<\/h3>\n<p>De acuerdo con la ley estatal, si un motociclista posee menos del 50 por ciento de culpa por sus lesiones, a\u00fan puede recibir una indemnizaci\u00f3n del demandado. El tribunal puede, entonces, reducir los da\u00f1os indemnizables del demandante en proporci\u00f3n al porcentaje en que se le consider\u00f3 responsable de la colisi\u00f3n. Un abogado especializado en accidentes de motocicleta de Colorado Springs podr\u00eda repasar el caso de un motorista lesionado para determinar si puede obtener la indemnizaci\u00f3n y su alcance.<\/p>\n<h3>Trabajar para obtener una indemnizaci\u00f3n justa<\/h3>\n<p>El principal objetivo de las demandas por accidentes de motocicleta es devolverle al demandante la condici\u00f3n en la que habr\u00eda estado de no haberse producido el siniestro. Como resultado, los motoristas lesionados deben evaluar el impacto total del accidente en sus vidas para reclamar los pagos adecuados. Lo m\u00e1s obvio es que un motorista debe evaluar los efectos f\u00edsicos del accidente. Por eso, debe buscar atenci\u00f3n m\u00e9dica.<\/p>\n<h3>Lesiones en accidentes de moto<\/h3>\n<p>Algunos ejemplos t\u00edpicos de <a href=\"https:\/\/springslawgroup.com\/es\/blog\/abogado-especializado-en-accidentes-automovilisticos-de-colorado-springs-danos-y-lesiones-comunes\/\">da\u00f1os y lesiones comunes<\/a> en un accidente de motocicleta en los que un abogado especializado en accidentes de motocicleta puede ayudar son los siguientes:<\/p>\n<ul>\n<li aria-level=\"1\">Cortes y rasgu\u00f1os graves por deslizamiento sobre el pavimento.<\/li>\n<li aria-level=\"1\"><a href=\"https:\/\/springslawgroup.com\/es\/blog\/huesos-rotos-por-accidente-automovilistico-en-colorado-springs-puedo-lograr-que-paguen-mis-facturas-medicas\/\">Rotura de huesos<\/a> desde el punto de impacto.<\/li>\n<li aria-level=\"1\"><a href=\"https:\/\/springslawgroup.com\/es\/colorado-springs-co-abogado-de-lesiones-catastroficas-ayudando-a-las-victimas-a-buscar-compensacion\/abogado-de-lesiones-medulares-de-colorado-springs\/\">Lesiones medulares.<\/a><\/li>\n<li aria-level=\"1\"><a href=\"https:\/\/springslawgroup.com\/es\/colorado-springs-co-abogado-de-lesiones-catastroficas-ayudando-a-las-victimas-a-buscar-compensacion\/abogado-de-lesiones-cerebrales-traumaticas-de-colorado-springs\/\">Lesiones por traumatismo craneoencef\u00e1lico.<\/a><\/li>\n<li aria-level=\"1\">Separaci\u00f3n de articulaciones.<\/li>\n<li aria-level=\"1\"><a href=\"https:\/\/springslawgroup.com\/es\/colorado-springs-co-abogado-de-lesiones-catastroficas-ayudando-a-las-victimas-a-buscar-compensacion\/abogado-de-lesiones-por-paralisis-de-colorado-springs\/\">Par\u00e1lisis.<\/a><\/li>\n<\/ul>\n<p>Realmente no hay l\u00edmite en cuanto a las lesiones por accidente de moto que pueda sufrir. Tanto si sus lesiones son graves como leves, deposite su confianza en abogados expertos en accidentes de motocicleta de Colorado Springs, quienes sabr\u00e1n qu\u00e9 hacer con sus <a href=\"https:\/\/springslawgroup.com\/es\/abogado-de-lesiones-personales-en-colorado-springs\/\">lesiones personales<\/a>.<\/p>\n<h3>La importancia de buscar atenci\u00f3n m\u00e9dica<\/h3>\n<p>Aunque sus lesiones sean leves, acuda <a href=\"https:\/\/springslawgroup.com\/es\/colorado-springs-abogado-de-accidente-de-auto\/tratamiento-medico-despues-de-un-accidente-de-coche-en-colorado-springs\/\">al m\u00e9dico<\/a> lo antes posible tras un accidente. No solo los recibos de sus gastos m\u00e9dicos, sino tambi\u00e9n su historial m\u00e9dico, ser\u00e1n vitales para obtener una indemnizaci\u00f3n. Una demanda por accidente deber\u00e1 justificarse con pruebas m\u00e9dicas. Por desgracia, sin importar la gravedad de sus lesiones, igual necesitar\u00e1 que un profesional m\u00e9dico las confirme. Adem\u00e1s, es posible que tenga enfermedades preexistentes que puedan ser importantes para su demanda.<\/p>\n<p>Un perito del seguro puede no estar de acuerdo con que los accidentes automovil\u00edsticos produzcan lesiones graves, pero los historiales e informes m\u00e9dicos podr\u00edan demostrar que usted era especialmente susceptible de sufrir lesiones graves. No hay dos casos de accidente de motocicleta iguales. Los motoristas lesionados rara vez est\u00e1n en condiciones mentales o f\u00edsicas de enfrentarse a una compa\u00f1\u00eda de seguros. Deje su asunto en manos de un abogado especializado en accidentes de motocicleta de Colorado Springs con experiencia en la ley de lesiones personales.<\/p>\n<h2>Qu\u00e9 debe incluir en la demanda por accidente de moto<\/h2>\n<p>Los abogados especializados en accidentes de motocicleta de Colorado Springs quieren que usted obtenga la m\u00e1xima compensaci\u00f3n. Pagar el tratamiento m\u00e9dico y las futuras facturas m\u00e9dicas es solo una parte de la indemnizaci\u00f3n que debe reclamar. Aunque los da\u00f1os f\u00edsicos asociados a un choque son, sin duda, importantes, puede que no abarquen todas las p\u00e9rdidas que puede sufrir una moto tras el choque.<\/p>\n<h3>Salarios perdidos.<\/h3>\n<p>Muchos motoristas lesionados tambi\u00e9n sufren perjuicios econ\u00f3micos por la p\u00e9rdida de salarios debido a la incapacidad para trabajar tras el accidente. Algunos trabajos simplemente requieren que est\u00e9 presente en el lugar para ganarse el salario. Si ni siquiera puede acceder a su puesto de trabajo porque su principal medio de transporte ya no existe o no est\u00e1 en condiciones f\u00edsicas de utilizar otros veh\u00edculos, debe averiguar sus opciones de compensaci\u00f3n econ\u00f3mica. Un abogado experto en accidentes de moto le ayudar\u00e1 incluso a reclamar el <a href=\"https:\/\/springslawgroup.com\/es\/blog\/como-demuestro-el-lucro-cesante-futuro-en-un-caso-de-lesiones-personales\/\">lucro cesante futuro<\/a> que habr\u00eda obtenido de no haber sufrido el accidente.<\/p>\n<h3>Asignaci\u00f3n de la responsabilidad<\/h3>\n<p>La mayor\u00eda de los casos de accidentes de motocicleta suelen incluir <a href=\"https:\/\/springslawgroup.com\/es\/colorado-springs-abogados-de-reclamacion-de-seguros\/\">demandas por lesiones personales<\/a> para obtener una indemnizaci\u00f3n por lesiones que no son solo f\u00edsicas. Estas son algunas de las posibles lesiones psicol\u00f3gicas que sufren los motoristas lesionados:<\/p>\n<ul>\n<li aria-level=\"1\"><a href=\"https:\/\/springslawgroup.com\/es\/blog\/la-verdad-sobre-la-indemnizacion-por-danos-emocionales\/\">Angustia emocional<\/a><\/li>\n<li aria-level=\"1\"><a href=\"https:\/\/springslawgroup.com\/es\/blog\/puedo-obtener-una-indemnizacion-por-problemas-de-sueno-en-una-demanda-por-lesiones-personales\/\">Problemas de sue\u00f1o<\/a><\/li>\n<li aria-level=\"1\">TEPT<\/li>\n<li aria-level=\"1\"><a href=\"https:\/\/springslawgroup.com\/es\/blog\/puedo-obtener-una-indemnizacion-por-depresion-en-un-caso-de-lesiones-personales\/\">Depresi\u00f3n<\/a><\/li>\n<\/ul>\n<p>Las lesiones psicol\u00f3gicas sufridas a causa de un choque tambi\u00e9n pueden ser importantes, sobre todo si provocan da\u00f1os f\u00edsicos permanentes. Ser\u00e1 dif\u00edcil para una persona no experta determinar cu\u00e1nto debe pagar el responsable por algo tan abstracto. Por eso, necesitar\u00e1 asistencia jur\u00eddica. Abogados expertos en accidentes de motocicleta de Colorado Springs podr\u00edan ayudar a evaluar las p\u00e9rdidas de las v\u00edctimas de accidentes de motocicleta y presentar una demanda de indemnizaci\u00f3n adecuada.<\/p>\n<h2>Un abogado especializado en accidentes de motocicleta de Colorado Springs podr\u00eda ayudarle<\/h2>\n<p>Si sufri\u00f3 lesiones tras un accidente de moto, tendr\u00eda derecho a cobrar una indemnizaci\u00f3n si sus lesiones son consecuencia de negligencia ajena. El camino hacia la indemnizaci\u00f3n, sin embargo, puede ser extremadamente abrumador, especialmente si no est\u00e1 representado. Un abogado experimentado en accidentes de motocicleta de Colorado Springs en Springs Law Group podr\u00eda guiarle a trav\u00e9s de este proceso y ayudarle a presentar su caso. Al mismo tiempo, usted se centrar\u00e1 en recuperarse. <a href=\"https:\/\/springslawgroup.com\/es\/contacto\/\">Llame hoy<\/a> y programe evaluaci\u00f3n gratuita de su caso.<\/p>\n<p>&nbsp;<\/p>\n","protected":false},"excerpt":{"rendered":"<p>\u00bfSufri\u00f3 lesiones en un accidente de motocicleta en Colorado Springs? No est\u00e1 solo. Y cuando llegue el momento de la&nbsp;<a class=\"moretag\" href=\"https:\/\/springslawgroup.com\/es\/colorado-springs-abogado-de-accidente-de-motocicleta\/\"> Read More&#8230;<\/a><\/p>\n","protected":false},"author":32,"featured_media":15807,"parent":0,"menu_order":0,"comment_status":"closed","ping_status":"closed","template":"landingpage.php","meta":{"_acf_changed":false,"inline_featured_image":false,"footnotes":""},"categories":[],"tags":[],"class_list":["post-16695","page","type-page","status-publish","has-post-thumbnail","hentry"],"acf":{"key_takeaways":null,"_litigation_personal_injury_contents_new":{"_litigation_personal_injury_title_new":"","_litigation_personal_injury_discription_new":"","_litigation_personal_injury_discription_new_copy":"","_litigation_video_url_new":"","add_button":""},"_header_sub_header_content_new":null,"_litigation_frequently_asked_questions_new":null,"lawsuit_updates":null,"_litigation_related_posts_relation":null,"acf-references":""},"_links":{"self":[{"href":"https:\/\/springslawgroup.com\/es\/wp-json\/wp\/v2\/pages\/16695","targetHints":{"allow":["GET"]}}],"collection":[{"href":"https:\/\/springslawgroup.com\/es\/wp-json\/wp\/v2\/pages"}],"about":[{"href":"https:\/\/springslawgroup.com\/es\/wp-json\/wp\/v2\/types\/page"}],"author":[{"embeddable":true,"href":"https:\/\/springslawgroup.com\/es\/wp-json\/wp\/v2\/users\/32"}],"replies":[{"embeddable":true,"href":"https:\/\/springslawgroup.com\/es\/wp-json\/wp\/v2\/comments?post=16695"}],"version-history":[{"count":6,"href":"https:\/\/springslawgroup.com\/es\/wp-json\/wp\/v2\/pages\/16695\/revisions"}],"predecessor-version":[{"id":17759,"href":"https:\/\/springslawgroup.com\/es\/wp-json\/wp\/v2\/pages\/16695\/revisions\/17759"}],"wp:featuredmedia":[{"embeddable":true,"href":"https:\/\/springslawgroup.com\/es\/wp-json\/wp\/v2\/media\/15807"}],"wp:attachment":[{"href":"https:\/\/springslawgroup.com\/es\/wp-json\/wp\/v2\/media?parent=16695"}],"wp:term":[{"taxonomy":"category","embeddable":true,"href":"https:\/\/springslawgroup.com\/es\/wp-json\/wp\/v2\/categories?post=16695"},{"taxonomy":"post_tag","embeddable":true,"href":"https:\/\/springslawgroup.com\/es\/wp-json\/wp\/v2\/tags?post=16695"}],"curies":[{"name":"wp","href":"https:\/\/api.w.org\/{rel}","templated":true}]}}