{"id":16692,"date":"2019-09-24T19:25:30","date_gmt":"2019-09-25T02:25:30","guid":{"rendered":"https:\/\/springs.flywheelstaging.com\/monument-abogado-de-lesiones-personales\/"},"modified":"2023-09-08T16:04:08","modified_gmt":"2023-09-08T23:04:08","slug":"monument-lesiones-personales","status":"publish","type":"page","link":"https:\/\/springslawgroup.com\/es\/monument-lesiones-personales\/","title":{"rendered":"Abogado especializado en lesiones personales de Monument"},"content":{"rendered":"<p>Aunque algunos accidentes son inevitables, otros pueden deberse a la negligencia de otra persona. Un abogado experimentado puede ayudarle a obtener una indemnizaci\u00f3n econ\u00f3mica por sus lesiones si sufri\u00f3 un accidente causado por las acciones imprudentes o negligentes de otra persona. Si toma acciones legales contra la parte negligente, podr\u00e1 exigirle responsabilidades. Para obtener respuestas a sus preguntas, puede ponerse en contacto con un abogado especializado en lesiones personales de Monument hoy y obtener ayuda con su caso.<\/p>\n<h2>Tipos comunes de demandas civiles<\/h2>\n<p>Tras una revisi\u00f3n inicial de un caso, un abogado especializado en lesiones personales de Monument podr\u00eda identificar la causa potencial de las p\u00e9rdidas de un demandante. Para que una demanda sea viable, el perjudicado debe poder demostrar que la causa de sus p\u00e9rdidas fue la negligencia de otra persona. Algunos accidentes comunes que pueden dar lugar a una demanda viable por lesiones personales incluyen los siguientes:<\/p>\n<ul>\n<li>Choques de autom\u00f3viles<\/li>\n<li>Accidentes laborales<\/li>\n<li>Lesiones deportivas y recreativas<\/li>\n<li>Delitos violentos<\/li>\n<li>Art\u00edculos defectuosos<\/li>\n<li>Accidentes por tropiezo<\/li>\n<li>Condiciones de propiedad peligrosas<\/li>\n<\/ul>\n<p>Algunos casos de lesiones personales pueden implicar a varios demandados, por lo que demostrar la causalidad puede ser dif\u00edcil sin asesoramiento jur\u00eddico cualificado. Independientemente de la causa de su accidente, un abogado firme podr\u00eda reunir toda la documentaci\u00f3n y pruebas necesarias para demostrar su derecho a una indemnizaci\u00f3n y la mala conducta imprudente de la parte contraria.<\/p>\n<h2>Da\u00f1os indemnizables<\/h2>\n<p>Determinar los da\u00f1os y perjuicios de que podr\u00eda disponer la parte perjudicada es uno de los pasos iniciales que puede dar un abogado especializado en demandas civiles de Monument al examinar un caso. Aunque no hay dos demandas por lesiones id\u00e9nticas, un abogado puede utilizar el resultado de casos similares para determinar el valor de la demanda de alguien.<\/p>\n<p>La indemnizaci\u00f3n monetaria puede incluir da\u00f1os y perjuicios por p\u00e9rdidas econ\u00f3micas y emocionales. Los da\u00f1os econ\u00f3micos cubren p\u00e9rdidas como los salarios perdidos por baja laboral o las facturas m\u00e9dicas.<\/p>\n<p>Estos gastos m\u00e9dicos pueden incluir diversos tratamientos, como visitas a urgencias, medicaci\u00f3n, rehabilitaci\u00f3n f\u00edsica o terapia ocupacional. Dado que su valor es mensurable, un demandante puede demostrar estos da\u00f1os en el juicio mediante facturas o recibos. Adem\u00e1s, si un demandante sufre alg\u00fan tipo de da\u00f1o material, puede exigir una indemnizaci\u00f3n por los gastos de reparaci\u00f3n o sustituci\u00f3n.<\/p>\n<p>Los da\u00f1os no econ\u00f3micos pueden ser m\u00e1s complejos de medir porque no tienen un valor cuantificable. Estos da\u00f1os cubren p\u00e9rdidas como el dolor y el sufrimiento o la desfiguraci\u00f3n. Un abogado especializado en lesiones personales de Monument debe basarse en el testimonio del demandante y en el resultado de casos similares para demostrar cu\u00e1nto vale una demanda en t\u00e9rminos de sus da\u00f1os emocionales.<\/p>\n<h2>Hable hoy con un abogado especializado en lesiones personales de Monument<\/h2>\n<p>Si sufri\u00f3 lesiones corporales o da\u00f1os materiales por causas ajenas a su voluntad, tendr\u00eda derecho a reclamar una indemnizaci\u00f3n. Sin embargo, para recuperar una indemnizaci\u00f3n compensatoria es necesario interponer una demanda civil, lo que puede resultar dif\u00edcil sin un profesional del Derecho versado en la materia.<\/p>\n<p>Afortunadamente, un abogado especializado en lesiones personales de Monument podr\u00eda ayudarle con el proceso de demanda. Un abogado experto y dedicado podr\u00eda ayudarle a demostrar la negligencia del demandado y evaluar sus p\u00e9rdidas para determinar el valor de su demanda. Para iniciar su demanda, programe una consulta inicial sobre su caso.<\/p>\n","protected":false},"excerpt":{"rendered":"<p>Aunque algunos accidentes son inevitables, otros pueden deberse a la negligencia de otra persona. Un abogado experimentado puede ayudarle a&nbsp;<a class=\"moretag\" href=\"https:\/\/springslawgroup.com\/es\/monument-lesiones-personales\/\"> Read More&#8230;<\/a><\/p>\n","protected":false},"author":32,"featured_media":0,"parent":0,"menu_order":0,"comment_status":"closed","ping_status":"closed","template":"landingpage.php","meta":{"_acf_changed":false,"inline_featured_image":false,"footnotes":""},"categories":[],"tags":[],"class_list":["post-16692","page","type-page","status-publish","hentry"],"acf":{"key_takeaways":null,"_litigation_personal_injury_contents_new":{"_litigation_personal_injury_title_new":"","_litigation_personal_injury_discription_new":"","_litigation_personal_injury_discription_new_copy":"","_litigation_video_url_new":"","add_button":false},"_header_sub_header_content_new":null,"_litigation_frequently_asked_questions_new":null,"lawsuit_updates":null,"_litigation_related_posts_relation":null,"acf-references":""},"_links":{"self":[{"href":"https:\/\/springslawgroup.com\/es\/wp-json\/wp\/v2\/pages\/16692","targetHints":{"allow":["GET"]}}],"collection":[{"href":"https:\/\/springslawgroup.com\/es\/wp-json\/wp\/v2\/pages"}],"about":[{"href":"https:\/\/springslawgroup.com\/es\/wp-json\/wp\/v2\/types\/page"}],"author":[{"embeddable":true,"href":"https:\/\/springslawgroup.com\/es\/wp-json\/wp\/v2\/users\/32"}],"replies":[{"embeddable":true,"href":"https:\/\/springslawgroup.com\/es\/wp-json\/wp\/v2\/comments?post=16692"}],"version-history":[{"count":4,"href":"https:\/\/springslawgroup.com\/es\/wp-json\/wp\/v2\/pages\/16692\/revisions"}],"predecessor-version":[{"id":17327,"href":"https:\/\/springslawgroup.com\/es\/wp-json\/wp\/v2\/pages\/16692\/revisions\/17327"}],"wp:attachment":[{"href":"https:\/\/springslawgroup.com\/es\/wp-json\/wp\/v2\/media?parent=16692"}],"wp:term":[{"taxonomy":"category","embeddable":true,"href":"https:\/\/springslawgroup.com\/es\/wp-json\/wp\/v2\/categories?post=16692"},{"taxonomy":"post_tag","embeddable":true,"href":"https:\/\/springslawgroup.com\/es\/wp-json\/wp\/v2\/tags?post=16692"}],"curies":[{"name":"wp","href":"https:\/\/api.w.org\/{rel}","templated":true}]}}