{"id":16691,"date":"2019-09-16T18:58:13","date_gmt":"2019-09-17T01:58:13","guid":{"rendered":"https:\/\/springs.flywheelstaging.com\/pueblo-abogado-de-lesiones-personales\/"},"modified":"2023-09-08T16:04:23","modified_gmt":"2023-09-08T23:04:23","slug":"pueblo-abogado-de-lesiones-personales","status":"publish","type":"page","link":"https:\/\/springslawgroup.com\/es\/pueblo-abogado-de-lesiones-personales\/","title":{"rendered":"Abogado especializado en lesiones personales de Pueblo"},"content":{"rendered":"<p>Si sufri\u00f3 lesiones o da\u00f1os materiales en un accidente por negligencia ajena, tendr\u00eda derecho a tomar acciones legales contra esa persona.<\/p>\n<p>Un abogado especializado en lesiones personales de Pueblo podr\u00eda investigar y determinar qui\u00e9n ser\u00eda el culpable de sus p\u00e9rdidas y evaluar todos los factores por los que deber\u00eda recibir una indemnizaci\u00f3n. Un <a href=\"\/\">abogado<\/a> atento podr\u00eda ser su defensor, gu\u00eda y punto de apoyo durante todo el proceso de demandas.<\/p>\n<h2>Negociaciones con las compa\u00f1\u00edas de seguros<\/h2>\n<p>Se supone que las compa\u00f1\u00edas de seguros deben ayudar tras un accidente, pero, por desgracia, a veces solo se centran en mantener sus costos bajos. Tambi\u00e9n intentar\u00edan enga\u00f1ar a los perjudicados para que hagan declaraciones que podr\u00edan poner en peligro su reclamo. Por otra parte, los peritos de seguros pueden ofrecer un acuerdo r\u00e1pido y presionar a los demandantes para que lo acepten antes de que puedan comprender el valor total de sus p\u00e9rdidas actuales y futuras.<\/p>\n<p>Un abogado especializado en demandas civiles de Pueblo podr\u00eda proteger a la parte lesionada de cualquier trato injusto por parte de las compa\u00f1\u00edas de seguros. Podr\u00edan convertirse en defensores legales al responder a las preguntas de los investigadores, ocuparse del papeleo y evitar que los demandantes presenten declaraciones que puedan ir en contra de sus intereses.<\/p>\n<h2>Da\u00f1os indemnizables<\/h2>\n<p>Alguien que sufre lesiones tras un accidente puede incurrir en importantes facturas m\u00e9dicas y es probable que necesite m\u00e1s tratamiento en los a\u00f1os siguientes a su incidente. Por suerte, la indemnizaci\u00f3n de una demanda por lesiones personales podr\u00eda cubrir los costos asociados a la atenci\u00f3n m\u00e9dica y otras p\u00e9rdidas, como los salarios perdidos por baja laboral y disminuci\u00f3n de la capacidad de ganancia.<\/p>\n<p>Adem\u00e1s, un abogado especializado en lesiones personales de Pueblo podr\u00eda ayudar al demandante a buscar compensaci\u00f3n por p\u00e9rdidas emocionales que tienen un tremendo impacto en su calidad de vida. Estos da\u00f1os pueden incluir angustia emocional, p\u00e9rdida del disfrute de la vida y dolor y sufrimiento.<\/p>\n<h2>Plazos para presentar una demanda civil<\/h2>\n<p>Lo mejor es actuar de inmediato a la hora de presentar una demanda, ya que la legislaci\u00f3n estatal establece un plazo para presentar una demanda civil de indemnizaci\u00f3n. En algunas situaciones, la ley de prescripci\u00f3n permite tres a\u00f1os a partir de la fecha del accidente para presentar una demanda. En otros casos, el l\u00edmite es de dos a\u00f1os. Si un perjudicado no cumple el plazo de prescripci\u00f3n, el tribunal puede prohibirle la indemnizaci\u00f3n.<\/p>\n<p>Es importante comprender que existen algunas excepciones a estos plazos legales. Por ejemplo, si una entidad gubernamental se ve implicada en un accidente, el plazo de prescripci\u00f3n para este caso podr\u00eda ser tan breve como seis meses a partir de la fecha del incidente. Un abogado especializado en demandas civiles de Pueblo podr\u00eda trabajar para asegurar que un demandante lesionado presente su caso de manera oportuna.<\/p>\n<h2>Contacto a un abogado especializado en lesiones personales de Pueblo hoy<\/h2>\n<p>Si sufri\u00f3 un accidente causado por el comportamiento negligente o imprudente de otra persona, debe obtener asesoramiento jur\u00eddico. Hay muchas situaciones en las que alguien puede tener derecho a una indemnizaci\u00f3n. Sin embargo, estos casos pueden ser dif\u00edciles de discernir sin un abogado experto en lesiones personales Pueblo. Para aprender c\u00f3mo un abogado experimentado podr\u00eda ayudarle despu\u00e9s de un accidente devastador, programe una consulta de caso hoy.<\/p>\n","protected":false},"excerpt":{"rendered":"<p>Si sufri\u00f3 lesiones o da\u00f1os materiales en un accidente por negligencia ajena, tendr\u00eda derecho a tomar acciones legales contra esa&nbsp;<a class=\"moretag\" href=\"https:\/\/springslawgroup.com\/es\/pueblo-abogado-de-lesiones-personales\/\"> Read More&#8230;<\/a><\/p>\n","protected":false},"author":32,"featured_media":0,"parent":0,"menu_order":0,"comment_status":"closed","ping_status":"closed","template":"landingpage.php","meta":{"_acf_changed":false,"inline_featured_image":false,"footnotes":""},"categories":[],"tags":[],"class_list":["post-16691","page","type-page","status-publish","hentry"],"acf":{"key_takeaways":null,"_litigation_personal_injury_contents_new":{"_litigation_personal_injury_title_new":"","_litigation_personal_injury_discription_new":"","_litigation_personal_injury_discription_new_copy":"","_litigation_video_url_new":"","add_button":""},"_header_sub_header_content_new":null,"_litigation_frequently_asked_questions_new":null,"lawsuit_updates":null,"_litigation_related_posts_relation":null,"acf-references":""},"_links":{"self":[{"href":"https:\/\/springslawgroup.com\/es\/wp-json\/wp\/v2\/pages\/16691","targetHints":{"allow":["GET"]}}],"collection":[{"href":"https:\/\/springslawgroup.com\/es\/wp-json\/wp\/v2\/pages"}],"about":[{"href":"https:\/\/springslawgroup.com\/es\/wp-json\/wp\/v2\/types\/page"}],"author":[{"embeddable":true,"href":"https:\/\/springslawgroup.com\/es\/wp-json\/wp\/v2\/users\/32"}],"replies":[{"embeddable":true,"href":"https:\/\/springslawgroup.com\/es\/wp-json\/wp\/v2\/comments?post=16691"}],"version-history":[{"count":4,"href":"https:\/\/springslawgroup.com\/es\/wp-json\/wp\/v2\/pages\/16691\/revisions"}],"predecessor-version":[{"id":17323,"href":"https:\/\/springslawgroup.com\/es\/wp-json\/wp\/v2\/pages\/16691\/revisions\/17323"}],"wp:attachment":[{"href":"https:\/\/springslawgroup.com\/es\/wp-json\/wp\/v2\/media?parent=16691"}],"wp:term":[{"taxonomy":"category","embeddable":true,"href":"https:\/\/springslawgroup.com\/es\/wp-json\/wp\/v2\/categories?post=16691"},{"taxonomy":"post_tag","embeddable":true,"href":"https:\/\/springslawgroup.com\/es\/wp-json\/wp\/v2\/tags?post=16691"}],"curies":[{"name":"wp","href":"https:\/\/api.w.org\/{rel}","templated":true}]}}