{"id":16690,"date":"2018-07-24T07:59:52","date_gmt":"2018-07-24T14:59:52","guid":{"rendered":"https:\/\/springs.flywheelstaging.com\/colorado-springs-abogado-de-accidente-de-dui\/"},"modified":"2023-09-01T07:14:00","modified_gmt":"2023-09-01T14:14:00","slug":"colorado-springs-abogado-de-accidente-de-dui","status":"publish","type":"page","link":"https:\/\/springslawgroup.com\/es\/colorado-springs-abogado-de-accidente-de-auto\/colorado-springs-abogado-de-accidente-de-dui\/","title":{"rendered":"Abogado especializado en accidentes por conducci\u00f3n alcoholizada de Colorado Springs"},"content":{"rendered":"<p>Seg\u00fan las cifras recopiladas por la Polic\u00eda Estatal de Colorado, m\u00e1s de un tercio de las v\u00edctimas mortales al volante en el estado en 2017 fueron consecuencia de la conducci\u00f3n alcoholizada. A pesar de las estrictas leyes que proh\u00edben la conducci\u00f3n bajo los efectos de cualquier sustancia t\u00f3xica, los conductores ebrios o incapacitados siguen poni\u00e9ndose al volante todos los d\u00edas, lo que pone en riesgo sus propias vidas y las de todos aquellos con los que se cruzan. Si se involucr\u00f3 en un choque con un conductor ebrio, debe contactar a un <a href=\"https:\/\/springslawgroup.com\/es\/colorado-springs-car-accident-lawyer-5\/\">abogado<\/a>. De hecho, un abogado especializado en accidentes por conducci\u00f3n alcoholizada de Colorado Springs podr\u00eda ayudarle a responsabilizar a la parte imprudente.<\/p>\n<h2>Leyes sobre conducci\u00f3n alcoholizada o intoxicada<\/h2>\n<p>La ley de Colorado establece dos categor\u00edas de conducci\u00f3n bajo los efectos de sustancias t\u00f3xicas. Una persona con una tasa de alcohol en sangre de 0.08 % o superior puede ser condenada por conducir bajo los efectos del alcohol y enfrentarse a una pena de c\u00e1rcel de hasta un a\u00f1o, una multa de hasta $1,000 y una suspensi\u00f3n de nueve meses de su permiso de conducir. Una tasa de alcohol en sangre de entre 0.05 % y 0.08 % implicar\u00eda una condena por conducci\u00f3n intoxicada, lo que conlleva una pena de c\u00e1rcel de hasta 180 d\u00edas y una multa de hasta $500. La polic\u00eda puede imponer sanciones adicionales a los conductores que se nieguen a someterse a un an\u00e1lisis de sangre tras un control legal. Adem\u00e1s de estas sanciones penales, los conductores ebrios que hieren o matan a otros pueden ser acusados de agresi\u00f3n criminal u homicidio. Un abogado de Colorado Springs podr\u00eda revisar un caso de <a href=\"https:\/\/springslawgroup.com\/es\/blog\/caso-de-accidente-automovilistico-en-colorado-springs-lidiar-con-un-conductor-ebrio\/\">conducci\u00f3n alcoholizada<\/a> y determinar si la parte negligente viol\u00f3 las leyes correspondientes.<\/p>\n<h2>Leyes de responsabilidad civil en Colorado Springs<\/h2>\n<p>Adem\u00e1s de las sanciones penales por conducci\u00f3n alcoholizada, un conductor en estado de ebriedad que cause un accidente puede enfrentarse a responsabilidad civil por cualquier lesi\u00f3n o da\u00f1o a la propiedad resultante del accidente. La exigencia de responsabilidad civil por da\u00f1os personales o materiales implica dos pasos: en primer lugar, debe demostrarse que la parte responsable fue negligente. Existe negligencia cuando alguien tiene un deber de diligencia para con los dem\u00e1s e incumple ese deber.<\/p>\n<p>Cuando conducen un veh\u00edculo por carreteras y autopistas p\u00fablicas, todos los conductores tienen un deber para con los dem\u00e1s conductores, pasajeros y cualquier otra parte que pueda resultar perjudicada por sus acciones negligentes o intencionadas. Cualquier acto intencionado o negligente que cause lesiones a cualquiera de esas partes constituye un incumplimiento de ese deber y puede dar lugar a responsabilidad civil. Tras un accidente automovil\u00edstico, todos los conductores implicados en el siniestro se someten a pruebas para detectar la presencia de alcohol, THC, drogas ilegales e incluso medicamentos recetados. La evidencia en condenas por niveles de alcohol en sangre por encima de los l\u00edmites estar\u00edan dirigidas, en su mayor\u00eda, a establecer la culpa en un caso de accidente, ya que se presume que la conducci\u00f3n alcoholizada es un acto negligente.<\/p>\n<p>La presencia de THC por encima del l\u00edmite legal, de cualquier sustancia ilegal y de medicamentos recetados que alteran la mente pueden ser evidencia de que un conductor se encontraba incapacitado al momento del accidente. Sin embargo, las pruebas de incapacitaci\u00f3n por s\u00ed solas no determinan necesariamente la responsabilidad civil. Una vez que se determina que un conductor conduc\u00eda un veh\u00edculo bajo los efectos de las drogas o el alcohol, debe establecerse que el impedimento fue una causa directa del accidente.<\/p>\n<p>No asuma que su caso ser\u00e1 sencillo solo porque se encontr\u00f3 que un conductor incapacitado. Incluso un conductor ebrio podr\u00eda demostrar que otros factores causaron el accidente. El conductor perjudicado puede alegar que otro conductor iba a gran velocidad o enviaba mensajes de texto y que esos comportamientos contribuyeron al accidente. Las alegaciones de que usted tambi\u00e9n tuvo parte de culpa en un accidente podr\u00edan dar lugar a una reducci\u00f3n de su indemnizaci\u00f3n o compensaci\u00f3n final. Esto se conoce como la doctrina de la negligencia comparativa. Las compa\u00f1\u00edas de seguros pueden utilizar esta informaci\u00f3n para convencerle de que acepte una indemnizaci\u00f3n muy inferior a la que se merece.<\/p>\n<p>Aseg\u00farese de contar con un abogado experto en accidentes antes de hablar con un perito del seguro. En Springs Law Group, los <a href=\"\/\">abogados especializados en accidentes por conducci\u00f3n alcoholizada<\/a> negocian con firmeza y no temen enfrentar a la corte si es necesario. Las compa\u00f1\u00edas de seguros y sus abogados lo saben y eso nos ayuda a obtener los mejores resultados para nuestros clientes con las menores molestias.<\/p>\n<h2>Accidentes por conducci\u00f3n intoxicada y marihuana<\/h2>\n<p>El estado de Colorado trata a la marihuana y al alcohol por igual en casos de conducci\u00f3n intoxicada. Est\u00e1 prohibido fumar en un veh\u00edculo o en un lugar p\u00fablico y la posesi\u00f3n de marihuana en un veh\u00edculo est\u00e1 prohibida del mismo modo en que est\u00e1n prohibidos los recipientes abiertos de alcohol. Un nivel de cinco nanogramos o m\u00e1s de THC en la sangre dar\u00e1 lugar a una condena por conducci\u00f3n intoxicada, con las mismas penas que por conducir con una tasa de alcoholemia de 0.08 % o m\u00e1s. Dado que la marihuana permanece en la sangre m\u00e1s tiempo que el alcohol y se metaboliza de manera diferente, la cuesti\u00f3n de la incapacitaci\u00f3n puede ser m\u00e1s dif\u00edcil en un caso de accidente relacionado con la marihuana que con el alcohol. Un conductor en un caso civil puede ser capaz de presentar pruebas de que no estaba incapacitado, incluso con un an\u00e1lisis de sangre positivo para m\u00e1s de 5 nanogramos de THC. Sin embargo, pueden utilizarse otras pruebas para demostrar que el conductor estaba bajo los efectos del alcohol en el momento del accidente. Los testigos pueden haber observado que el conductor se comportaba de forma err\u00e1tica.<\/p>\n<p>Las publicaciones de Facebook o Instagram pueden haber mostrado al conductor fumando antes de subir al coche. Dado que el nivel de prueba para los casos civiles es menor que para los casos penales, no es necesario encontrar a un conductor culpable de conducci\u00f3n intoxicada con el fin de demostrar que estaba incapacitado en una acci\u00f3n civil. La presencia de alcohol, THC o cualquier otra sustancia t\u00f3xica, incluso los medicamentos con receta, junto con pruebas de que la capacidad del conductor para conducir un veh\u00edculo en el momento del accidente estaba alterada, puede superar el primer obst\u00e1culo para establecer la responsabilidad.<\/p>\n<h2>Hable con un abogado especializado en accidentes por conducci\u00f3n alcoholizada de Colorado Springs<\/h2>\n<p>En un caso de accidente en el que la culpa puede ser un problema, especialmente cuando podr\u00eda alegarse negligencia comparativa, es importante hablar con un abogado con los conocimientos especializados y la experiencia que un caso de conducci\u00f3n intoxicada requiere. Un abogado especializado en accidentes por conducci\u00f3n alcoholizada de Colorado Springs podr\u00eda ayudarle a construir su caso. Encontrar\u00e1 la experiencia que necesita en <a href=\"\/\">Springs Law Group<\/a>.<\/p>\n","protected":false},"excerpt":{"rendered":"<p>Seg\u00fan las cifras recopiladas por la Polic\u00eda Estatal de Colorado, m\u00e1s de un tercio de las v\u00edctimas mortales al volante&nbsp;<a class=\"moretag\" href=\"https:\/\/springslawgroup.com\/es\/colorado-springs-abogado-de-accidente-de-auto\/colorado-springs-abogado-de-accidente-de-dui\/\"> Read More&#8230;<\/a><\/p>\n","protected":false},"author":32,"featured_media":0,"parent":16694,"menu_order":0,"comment_status":"closed","ping_status":"closed","template":"landingpage.php","meta":{"_acf_changed":false,"inline_featured_image":false,"footnotes":""},"categories":[],"tags":[],"class_list":["post-16690","page","type-page","status-publish","hentry"],"acf":{"key_takeaways":null,"_litigation_personal_injury_contents_new":{"_litigation_personal_injury_title_new":"","_litigation_personal_injury_discription_new":"","_litigation_personal_injury_discription_new_copy":"","_litigation_video_url_new":"","add_button":""},"_header_sub_header_content_new":null,"_litigation_frequently_asked_questions_new":null,"lawsuit_updates":null,"_litigation_related_posts_relation":null,"acf-references":""},"_links":{"self":[{"href":"https:\/\/springslawgroup.com\/es\/wp-json\/wp\/v2\/pages\/16690","targetHints":{"allow":["GET"]}}],"collection":[{"href":"https:\/\/springslawgroup.com\/es\/wp-json\/wp\/v2\/pages"}],"about":[{"href":"https:\/\/springslawgroup.com\/es\/wp-json\/wp\/v2\/types\/page"}],"author":[{"embeddable":true,"href":"https:\/\/springslawgroup.com\/es\/wp-json\/wp\/v2\/users\/32"}],"replies":[{"embeddable":true,"href":"https:\/\/springslawgroup.com\/es\/wp-json\/wp\/v2\/comments?post=16690"}],"version-history":[{"count":2,"href":"https:\/\/springslawgroup.com\/es\/wp-json\/wp\/v2\/pages\/16690\/revisions"}],"predecessor-version":[{"id":17775,"href":"https:\/\/springslawgroup.com\/es\/wp-json\/wp\/v2\/pages\/16690\/revisions\/17775"}],"up":[{"embeddable":true,"href":"https:\/\/springslawgroup.com\/es\/wp-json\/wp\/v2\/pages\/16694"}],"wp:attachment":[{"href":"https:\/\/springslawgroup.com\/es\/wp-json\/wp\/v2\/media?parent=16690"}],"wp:term":[{"taxonomy":"category","embeddable":true,"href":"https:\/\/springslawgroup.com\/es\/wp-json\/wp\/v2\/categories?post=16690"},{"taxonomy":"post_tag","embeddable":true,"href":"https:\/\/springslawgroup.com\/es\/wp-json\/wp\/v2\/tags?post=16690"}],"curies":[{"name":"wp","href":"https:\/\/api.w.org\/{rel}","templated":true}]}}