{"id":16689,"date":"2018-07-28T10:50:15","date_gmt":"2018-07-28T17:50:15","guid":{"rendered":"https:\/\/springs.flywheelstaging.com\/abogado-por-conduccion-distraida-de-colorado-springs\/"},"modified":"2023-09-01T07:14:01","modified_gmt":"2023-09-01T14:14:01","slug":"abogado-por-conduccion-distraida-de-colorado-springs","status":"publish","type":"page","link":"https:\/\/springslawgroup.com\/es\/colorado-springs-abogado-de-accidente-de-auto\/abogado-por-conduccion-distraida-de-colorado-springs\/","title":{"rendered":"Abogado especializado en accidentes por conducci\u00f3n distra\u00edda de Colorado Springs"},"content":{"rendered":"<p>\u00bfSab\u00edas que enviar mensajes de texto mientras se conduce no es necesariamente ilegal en Colorado? En enero de 2018, el Senado del estado de Colorado vot\u00f3 en contra de un proyecto de ley que prohibir\u00eda el uso de celulares mientras se conduce, a pesar de los firmes y, a menudo tr\u00e1gicos, testimonios de ciudadanos cuyos seres queridos hab\u00edan muerto en accidentes automovil\u00edsticos por conductores distra\u00eddos. Si bien hay multas por enviar mensajes de texto mientras se conduce en Colorado, un conductor puede castigarse solo cuando env\u00ede dichos mensajes de texto de una \u00abmanera descuidada o imprudente\u00bb.<\/p>\n<p>Sin embargo, es ilegal que menores usen el celular mientras conducen. Seg\u00fan la National Highway Traffic Safety Administration, el 10 % de todos los accidentes mortales en todo el pa\u00eds y el 15 % de los accidentes con lesionados resultaron de conducci\u00f3n distra\u00edda en 2015. Los incidentes por conducci\u00f3n distra\u00edda disminuyeron ligeramente en 2016, pero siguieron siendo responsables de un n\u00famero significativo de choques con resultado de muerte o lesiones graves. La NHTSA divide la conducci\u00f3n distra\u00edda en tres categor\u00edas: distracciones manuales, en las que las manos del conductor abandonan el volante; distracciones visuales, en las que la atenci\u00f3n del conductor abandona la carretera; y distracciones cognitivas, en las que la atenci\u00f3n del conductor se desv\u00eda. <a href=\"https:\/\/springslawgroup.com\/es\/colorado-springs-abogado-de-accidente-de-auto\/accidentes-de-coche-en-colorado-springs-que-implican-el-uso-del-telefono-movil\/\">Enviar mensajes de texto o correos electr\u00f3nicos mientras se conduce<\/a>, por supuesto, implica estos tres tipos de distracciones. Otras actividades que suelen distraer a los conductores incluyen comer, maquillarse, arreglarse el pelo y tomarse selfies.<\/p>\n<p>Los conductores pueden distraerse con m\u00fasica a todo volumen en la radio y con conversaciones por tel\u00e9fono o con los pasajeros. Ir\u00f3nicamente, los accidentes suelen producirse cuando los conductores desv\u00edan su atenci\u00f3n de la carretera para fijarse en las secuelas de un <a href=\"https:\/\/springslawgroup.com\/es\/colorado-springs-car-accident-lawyer-5\/\">accidente<\/a> anterior. Si usted estuvo en un accidente porque otro conductor no prestaba la atenci\u00f3n apropiada, debe hablar con un abogado especializado en accidentes por conducci\u00f3n distra\u00edda de Colorado Springs.<\/p>\n<h2>\u00bfC\u00d3MO PUEDO DEMOSTRAR QUE EL CONDUCTOR QUE ME ATROPELL\u00d3 ESTABA DISTRA\u00cdDO?<\/h2>\n<p>Despu\u00e9s de un accidente, la polic\u00eda y los investigadores del seguro buscar\u00e1n pruebas que expliquen c\u00f3mo ocurri\u00f3 el accidente y qui\u00e9n tuvo la culpa. Las investigaciones policiales, aunque son \u00fatiles, suelen ser menos exhaustivas que las realizadas por investigadores privados, sobre todo si la polic\u00eda considera que el accidente es \u00abmenor\u00bb. Tras un accidente en el que usted o un ser querido resultaron heridos, es importante que acceda a todas las pruebas disponibles. Un abogado de Colorado Springs puede llamar a un equipo de investigadores a la escena para recuperar pruebas vitales sobre la conducci\u00f3n distra\u00edda antes de las destruyan. Las pruebas que pueden indicar una conducci\u00f3n distra\u00edda pueden incluir lo siguiente:<\/p>\n<ul>\n<li>Testigos presenciales: los testigos podr\u00edan haber visto que el conductor usaba un tel\u00e9fono, miraba a un pasajero o miraba algo al costado de la carretera antes del accidente. Un testigo puede incluso notar que el conductor no estaba completamente visible antes del accidente, lo que puede sugerir que al conductor se le habr\u00eda ca\u00eddo algo en el autom\u00f3vil. A menudo, los testigos informan de que el veh\u00edculo se mov\u00eda de forma err\u00e1tica, otro indicio de que el conductor estaba distra\u00eddo o quiz\u00e1 bajo los efectos del alcohol.<\/li>\n<li>Pruebas f\u00edsicas: las marcas de derrape en la carretera pueden ayudar a determinar la velocidad de un veh\u00edculo y en qu\u00e9 momento el conductor accion\u00f3 los frenos. Los objetos encontrados en el autom\u00f3vil del conductor pueden indicar lo que este estaba haciendo antes del accidente. La comida parcialmente ingerida, los pinceles de maquillaje e incluso los libros o revistas abiertos, junto con el testimonio de los testigos, pueden ayudar a demostrar que la atenci\u00f3n del conductor estaba en otro lugar que no fuera la carretera.<\/li>\n<li>Pruebas de celular: los celulares pueden proporcionar una gran cantidad de informaci\u00f3n despu\u00e9s de un accidente. Ese mensaje de texto que el conductor envi\u00f3 justo antes del accidente a\u00fan puede estar disponible, incluso despu\u00e9s de haber sido borrado de su tel\u00e9fono. Todos los correos electr\u00f3nicos enviados o recibidos llevar\u00e1n una marca de tiempo, al igual que las publicaciones en las redes sociales. Todo ello puede demostrar que la atenci\u00f3n del conductor estaba en otro lugar que no fuera la carretera. Incluso las fotos tomadas por los pasajeros pueden revelar informaci\u00f3n importante sobre lo que ocurr\u00eda en el veh\u00edculo antes de un accidente.<\/li>\n<li>Las <a href=\"https:\/\/springslawgroup.com\/es\/colorado-springs-abogado-de-accidente-de-auto\/medios-de-comunicacion-social-en-colorado-springs-accidentes-de-coche\/\">redes sociales<\/a>: es incre\u00edble lo que algunas personas publican en las redes sociales. Se sabe de gente que admite todo tipo de conductas imprudentes e incluso delictivas en las redes sociales, ya que creen que, tal vez, \u00abnadie importante lo ver\u00e1\u00bb. La realidad es que todo el mundo puede verlo y esas publicaciones perjudiciales pueden utilizarse para probar su caso.<\/li>\n<\/ul>\n<h2>\u00bfLA CONDUCCI\u00d3N DISTRA\u00cdDA INDICA AUTOM\u00c1TICAMENTE LA EXISTENCIA DE CULPA?<\/h2>\n<p>Probar que un conductor estaba distra\u00eddo antes de un accidente es el primer paso, pero no el \u00fanico, para demostrar la culpa. En una demanda contra un conductor distra\u00eddo por las lesiones sufridas en el accidente, usted debe demostrar no solo que el conductor no estaba prestando la debida atenci\u00f3n, sino que la distracci\u00f3n fue la causa inmediata del accidente. Por ejemplo, aunque una conductora est\u00e9 hablando o enviando mensajes de texto por tel\u00e9fono, el accidente puede haber sido causado por algo inevitable, como un animal que se lanza a la carretera o un objeto que cae de un cami\u00f3n. Tambi\u00e9n es posible que el origen de la distracci\u00f3n fuera algo que escapara al control del conductor. Quiz\u00e1 quit\u00f3 las manos del volante tras asustarse con una avispa o una ara\u00f1a en el autom\u00f3vil.<\/p>\n<p>En algunos casos, lo que parece un impedimento o una distracci\u00f3n es en realidad una enfermedad repentina. No obstante, una vez que puede demostrarse que el conductor estaba distra\u00eddo al volante, este debe demostrar que la distracci\u00f3n estaba fuera de su control. Un abogado de Colorado Springs podr\u00eda ayudarle a demostrar que un automovilista conduc\u00eda distra\u00eddo y esto caus\u00f3 un accidente.<\/p>\n<h2>EL ROL DE UN ABOGADO DE COLORADO SPRINGS EN UN CASO DE CONDUCCI\u00d3N DISTRA\u00cdDA<\/h2>\n<p>Inmediatamente despu\u00e9s de un accidente, su abogado especializado en accidentes por conducci\u00f3n distra\u00edda de Colorado Springs comenzar\u00e1 a identificar y preservar las pruebas que ser\u00e1n necesarias para probar su caso. Esto puede implicar el env\u00edo de un equipo de investigadores al lugar del accidente, la recopilaci\u00f3n de registros de celulares, b\u00fasquedas en redes sociales y entrevistas a posibles testigos. El tiempo es realmente esencial en un caso de accidente automovil\u00edstico, ya que las pruebas f\u00edsicas, como las marcas de derrape, las huellas de neum\u00e1ticos en la banquina de las carreteras y las piezas de veh\u00edculo abandonadas en la carretera, pueden da\u00f1arse o destruirse en cuesti\u00f3n de d\u00edas o incluso de horas. Siempre es mejor interrogar a los testigos lo antes posible despu\u00e9s de un accidente, ya que sus recuerdos se desvanecen con el tiempo e incluso pueden alejarse y volverse inaccesibles.<\/p>\n<p>Busque siempre el asesoramiento de un estudio de abogados con experiencia en accidentes automovil\u00edsticos si se lesion\u00f3 en un accidente por un conductor distra\u00eddo. Los abogados de Springs Law Group han representado con \u00e9xito a v\u00edctimas de accidentes automovil\u00edsticos durante m\u00e1s de una d\u00e9cada y son apasionados por su trabajo.<\/p>\n","protected":false},"excerpt":{"rendered":"<p>\u00bfSab\u00edas que enviar mensajes de texto mientras se conduce no es necesariamente ilegal en Colorado? En enero de 2018, el&nbsp;<a class=\"moretag\" href=\"https:\/\/springslawgroup.com\/es\/colorado-springs-abogado-de-accidente-de-auto\/abogado-por-conduccion-distraida-de-colorado-springs\/\"> Read More&#8230;<\/a><\/p>\n","protected":false},"author":32,"featured_media":0,"parent":16694,"menu_order":0,"comment_status":"closed","ping_status":"closed","template":"landingpage.php","meta":{"_acf_changed":false,"inline_featured_image":false,"footnotes":""},"categories":[],"tags":[],"class_list":["post-16689","page","type-page","status-publish","hentry"],"acf":{"key_takeaways":null,"_litigation_personal_injury_contents_new":{"_litigation_personal_injury_title_new":"","_litigation_personal_injury_discription_new":"","_litigation_personal_injury_discription_new_copy":"","_litigation_video_url_new":"","add_button":""},"_header_sub_header_content_new":null,"_litigation_frequently_asked_questions_new":null,"lawsuit_updates":null,"_litigation_related_posts_relation":null,"acf-references":""},"_links":{"self":[{"href":"https:\/\/springslawgroup.com\/es\/wp-json\/wp\/v2\/pages\/16689","targetHints":{"allow":["GET"]}}],"collection":[{"href":"https:\/\/springslawgroup.com\/es\/wp-json\/wp\/v2\/pages"}],"about":[{"href":"https:\/\/springslawgroup.com\/es\/wp-json\/wp\/v2\/types\/page"}],"author":[{"embeddable":true,"href":"https:\/\/springslawgroup.com\/es\/wp-json\/wp\/v2\/users\/32"}],"replies":[{"embeddable":true,"href":"https:\/\/springslawgroup.com\/es\/wp-json\/wp\/v2\/comments?post=16689"}],"version-history":[{"count":3,"href":"https:\/\/springslawgroup.com\/es\/wp-json\/wp\/v2\/pages\/16689\/revisions"}],"predecessor-version":[{"id":17776,"href":"https:\/\/springslawgroup.com\/es\/wp-json\/wp\/v2\/pages\/16689\/revisions\/17776"}],"up":[{"embeddable":true,"href":"https:\/\/springslawgroup.com\/es\/wp-json\/wp\/v2\/pages\/16694"}],"wp:attachment":[{"href":"https:\/\/springslawgroup.com\/es\/wp-json\/wp\/v2\/media?parent=16689"}],"wp:term":[{"taxonomy":"category","embeddable":true,"href":"https:\/\/springslawgroup.com\/es\/wp-json\/wp\/v2\/categories?post=16689"},{"taxonomy":"post_tag","embeddable":true,"href":"https:\/\/springslawgroup.com\/es\/wp-json\/wp\/v2\/tags?post=16689"}],"curies":[{"name":"wp","href":"https:\/\/api.w.org\/{rel}","templated":true}]}}