{"id":16686,"date":"2019-08-12T18:43:43","date_gmt":"2019-08-13T01:43:43","guid":{"rendered":"https:\/\/springs.flywheelstaging.com\/abogado-de-conmocion-cerebral-en-colorado-springs\/"},"modified":"2023-09-01T07:13:19","modified_gmt":"2023-09-01T14:13:19","slug":"abogado-de-conmocion-cerebral-en-colorado-springs","status":"publish","type":"page","link":"https:\/\/springslawgroup.com\/es\/colorado-springs-abogado-de-accidente-de-auto\/abogado-de-conmocion-cerebral-en-colorado-springs\/","title":{"rendered":"Abogado especializado en lesiones por conmoci\u00f3n cerebral de Colorado Springs"},"content":{"rendered":"<p>Las lesiones m\u00e1s comunes reportadas en <a href=\"https:\/\/springslawgroup.com\/es\/colorado-springs-car-accident-lawyer-5\/\">Colorado Springs por accidentes automovil\u00edsticos<\/a> son lesiones en la cabeza, que incluyen conmociones cerebrales y <a href=\"https:\/\/springslawgroup.com\/es\/colorado-springs-abogado-de-accidente-de-auto\/colorado-springs-latigazo-cervical-abogado\/\">latigazo cervical<\/a>. Estos traumatismos craneoencef\u00e1licos pueden ser leves o graves y los s\u00edntomas pueden desaparecer r\u00e1pidamente o durar a\u00f1os. La lesi\u00f3n m\u00e1s incomprendida causada com\u00fanmente por accidentes automovil\u00edsticos es el latigazo cervical. La gente a veces asume que los que sufren de latigazo cervical inventando o incluso fingiendo sus lesiones. Reconocer los s\u00edntomas puede prevenir da\u00f1os adicionales o incluso salvar una vida en caso de traumatismo cerebral. Si sufri\u00f3 una lesi\u00f3n en la cabeza despu\u00e9s de un accidente automovil\u00edstico, hable con un abogado especializado en lesiones por conmoci\u00f3n cerebral de Colorado Springs.<\/p>\n<h2>\u00bfQu\u00e9 es una conmoci\u00f3n cerebral?<\/h2>\n<p>A veces denominada lesi\u00f3n cerebral traum\u00e1tica leve (LCTL), la conmoci\u00f3n cerebral se produce tras un golpe fuerte en la cabeza o cuando esta se sacude y el cerebro impacta el interior del cr\u00e1neo. Despu\u00e9s de cualquier traumatismo craneal, es importante buscar los s\u00edntomas que puedan dar indicios de una conmoci\u00f3n cerebral. Cualquier persona que presente alguno de estos s\u00edntomas tras recibir un golpe en la cabeza debe buscar atenci\u00f3n m\u00e9dica de inmediato. Aunque los s\u00edntomas de un traumatismo craneoencef\u00e1lico leve pueden desaparecer en pocos d\u00edas, pueden aparecer hematomas (co\u00e1gulos de sangre) o hinchaz\u00f3n en el cerebro. Estas afecciones son graves y pueden poner en peligro la vida.<\/p>\n<p>Algunos de los s\u00edntomas m\u00e1s comunes son los siguientes:<\/p>\n<ul>\n<li>Dificultades cognitivas: incapacidad para concentrarse, confusi\u00f3n o problemas de memoria.<\/li>\n<li>Coordinaci\u00f3n: habla arrastrada o lenta, mareos, incapacidad para mantenerse de pie o caminar en l\u00ednea recta y tropiezos.<\/li>\n<li>Problemas sensoriales: visi\u00f3n borrosa, p\u00e9rdida de apetito y problemas con el olfato o el gusto.<\/li>\n<li>Cambios de comportamiento: cambios de humor, alteraciones del sue\u00f1o, ansiedad o fatiga.<\/li>\n<li>Otros s\u00edntomas: dolores de cabeza, n\u00e1useas o v\u00f3mitos, zumbidos en los o\u00eddos, dilataci\u00f3n de las pupilas de uno o ambos ojos y sensibilidad a la luz o a los ruidos.<\/li>\n<\/ul>\n<p>Esta no es una lista exhaustiva de todos los s\u00edntomas posibles. Cualquier cambio en el comportamiento, el aspecto o el estado f\u00edsico o mental tras un golpe en la cabeza puede ser signo de una conmoci\u00f3n cerebral. Algunos de estos s\u00edntomas pueden parecer similares al comportamiento de una persona bajo los efectos de las drogas o el alcohol y podr\u00edan pasarse por alto si el afectado hubiera estado bebiendo antes del accidente. No es seguro suponer que la presencia de cualquier s\u00edntoma tras un traumatismo craneoencef\u00e1lico sea causada por la intoxicaci\u00f3n. Si tiene dudas, sea precavido y busque atenci\u00f3n m\u00e9dica.<\/p>\n<h2>Prevenci\u00f3n<\/h2>\n<p>La mejor forma de prevenir una conmoci\u00f3n cerebral cuando se viaja o se conduce en un veh\u00edculo de motor es llevar puesto el cintur\u00f3n de seguridad y ajustar correctamente el reposacabezas. Muchos traumatismos craneoencef\u00e1licos se producen cuando un conductor o pasajero impacta contra la parte interior del parabrisas de un autom\u00f3vil o incluso sale despedido del autom\u00f3vil por completo. Un conductor o pasajero cuyas lesiones se agravan porque no llevaba puesto el cintur\u00f3n de seguridad puede incluso tener una indemnizaci\u00f3n o liquidaci\u00f3n reducida, en virtud de la doctrina de la negligencia comparativa o el estatuto del cintur\u00f3n de seguridad de Colorado.<\/p>\n<p>A pesar de que no existe una ley sobre el uso del casco para ciclistas en Colorado ni para conductores de motocicletas mayores de 18 a\u00f1os, el casco es la mejor manera de prevenir lesiones en la cabeza para este tipo de conductores. Los traumatismos craneoencef\u00e1licos son muy peligrosos para los ni\u00f1os peque\u00f1os, por lo que un equipo de seguridad infantil adecuado en el autom\u00f3vil y cascos para montar en bicicleta pueden salvar la vida de un ni\u00f1o.<\/p>\n<h2>Qu\u00e9 hacer tras un accidente<\/h2>\n<p>Incluso un accidente relativamente leve puede provocar lesiones en la cabeza. Como conductor de un veh\u00edculo, si sufri\u00f3 un traumatismo craneoencef\u00e1lico y perdi\u00f3 el conocimiento, incluso durante un breve periodo de tiempo, no debe conducir. Si perdi\u00f3 el conocimiento o tiene alguno de los s\u00edntomas descritos anteriormente, pida una ambulancia. No todos los traumatismos craneoencef\u00e1licos provocan una conmoci\u00f3n cerebral, pero incluso una lesi\u00f3n aparentemente leve, como un latigazo cervical, puede provocarla. Si cree que puede haber sufrido alguna lesi\u00f3n en la cabeza en un accidente automovil\u00edstico en Colorado Springs, busque atenci\u00f3n m\u00e9dica, incluso si no presenta ning\u00fan s\u00edntoma. Los s\u00edntomas de una <a href=\"https:\/\/springslawgroup.com\/es\/hypoxic-vs-anoxic-brain-injuries-2\/\">lesi\u00f3n cerebral<\/a> pueden no aparecer hasta horas o incluso d\u00edas despu\u00e9s de un accidente. No intente hacer declaraciones a la polic\u00eda ni a un investigador si sufri\u00f3 un traumatismo craneal, ya que su juicio o su memoria pueden verse afectados, por lo que podr\u00eda brindar una declaraci\u00f3n que le perjudique m\u00e1s adelante. H\u00e1galo despu\u00e9s de recibir atenci\u00f3n m\u00e9dica y cuando se sienta estable y c\u00f3modo. Si su recuerdo del accidente es confuso, es mejor decir que no se acuerda antes que comunicar informaci\u00f3n inexacta. Hable con un abogado de Colorado Springs antes de hablar con un investigador de seguros acerca de una conmoci\u00f3n cerebral resultante de un accidente automovil\u00edstico.<\/p>\n<h2>S\u00edndrome posconmoci\u00f3n<\/h2>\n<p>Alrededor del 10 % de las personas que sufren una conmoci\u00f3n cerebral desarrollar\u00e1n el s\u00edndrome posconmocional (SPC). Se diagnostica SPC cuando algunos de los s\u00edntomas asociados a una conmoci\u00f3n cerebral persisten mucho tiempo despu\u00e9s de que se haya curado la lesi\u00f3n. Los s\u00edntomas del SPC pueden durar a\u00f1os y, en raras ocasiones, pueden ser permanentes. No hay forma de predecir qui\u00e9n desarrollar\u00e1 el SPC, pero es m\u00e1s frecuente en personas mayores y en mujeres. Los s\u00edntomas psicol\u00f3gicos, como la ansiedad, los trastornos del sue\u00f1o, los cambios de humor y la depresi\u00f3n, son m\u00e1s frecuentes en personas con antecedentes de depresi\u00f3n, ansiedad, TEPT y que sufren un estr\u00e9s importante en su vida. Las lesiones repetidas en la cabeza pueden acabar provocando problemas neurol\u00f3gicos graves que son permanentes y alteran la vida. El ex boxeador Mike Tyson es el ejemplo m\u00e1s famoso de una persona que padece s\u00edntomas graves de SPC debido a m\u00faltiples traumatismos craneoencef\u00e1licos.<\/p>\n<h2>Indemnizaci\u00f3n por LTC y PCS<\/h2>\n<p>Si sufri\u00f3 una conmoci\u00f3n cerebral despu\u00e9s de un accidente en Colorado Springs, contacte a un abogado. Tendr\u00eda derecho a una indemnizaci\u00f3n por sus facturas m\u00e9dicas, p\u00e9rdida de trabajo y por su dolor y sufrimiento, que incluyen los efectos del traumatismo cerebral en sus actividades cotidianas. Aunque padezca una dolencia preexistente, puede recibir una indemnizaci\u00f3n si demuestra que el traumatismo craneal empeor\u00f3 la dolencia o provoc\u00f3 s\u00edntomas adicionales. Por ejemplo, un paciente con TEPT puede haber progresado mucho con el tratamiento, pero ese progreso se interrumpe tras un traumatismo craneoencef\u00e1lico. Una persona con antecedentes de depresi\u00f3n puede experimentar un empeoramiento de sus s\u00edntomas. Las pruebas del empeoramiento de una enfermedad preexistente podr\u00edan ser las siguientes:<\/p>\n<ul>\n<li>Una persona con TEPT experimenta m\u00e1s desencadenantes tras el accidente, lo que limita sus actividades cotidianas.<\/li>\n<li>Una persona que se recupera de una depresi\u00f3n empieza a faltar m\u00e1s al trabajo despu\u00e9s de un accidente debido a episodios depresivos m\u00e1s frecuentes o graves.<\/li>\n<li>Una persona que sufri\u00f3 dolores de cabeza recurrentes experimenta cefaleas m\u00e1s frecuentes o los dolores de cabeza empiezan a perturbar sus actividades cotidianas en mayor medida que antes del accidente.<\/li>\n<li>Los tratamientos regulares permitieron que una persona que sufre ansiedad reanude la mayor\u00eda de las actividades de la vida cotidiana; pero, tras el accidente, su nivel de ansiedad volvi\u00f3 a ser el mismo que antes de empezar el tratamiento.<\/li>\n<\/ul>\n<p>Los testimonios personales, las declaraciones de familiares y amigos y los informes de los m\u00e9dicos pueden ayudar a demostrar que un accidente agrav\u00f3 una enfermedad preexistente. Para obtener ayuda en su caso, contacte a un abogado especializado en lesiones por conmoci\u00f3n cerebral de Colorado Springs.<\/p>\n","protected":false},"excerpt":{"rendered":"<p>Las lesiones m\u00e1s comunes reportadas en Colorado Springs por accidentes automovil\u00edsticos son lesiones en la cabeza, que incluyen conmociones cerebrales&nbsp;<a class=\"moretag\" href=\"https:\/\/springslawgroup.com\/es\/colorado-springs-abogado-de-accidente-de-auto\/abogado-de-conmocion-cerebral-en-colorado-springs\/\"> Read More&#8230;<\/a><\/p>\n","protected":false},"author":32,"featured_media":0,"parent":16694,"menu_order":0,"comment_status":"closed","ping_status":"closed","template":"landingpage.php","meta":{"_acf_changed":false,"inline_featured_image":false,"footnotes":""},"categories":[],"tags":[],"class_list":["post-16686","page","type-page","status-publish","hentry"],"acf":{"key_takeaways":null,"_litigation_personal_injury_contents_new":{"_litigation_personal_injury_title_new":"","_litigation_personal_injury_discription_new":"","_litigation_personal_injury_discription_new_copy":"","_litigation_video_url_new":"","add_button":false},"_header_sub_header_content_new":null,"_litigation_frequently_asked_questions_new":null,"lawsuit_updates":null,"_litigation_related_posts_relation":null,"acf-references":""},"_links":{"self":[{"href":"https:\/\/springslawgroup.com\/es\/wp-json\/wp\/v2\/pages\/16686","targetHints":{"allow":["GET"]}}],"collection":[{"href":"https:\/\/springslawgroup.com\/es\/wp-json\/wp\/v2\/pages"}],"about":[{"href":"https:\/\/springslawgroup.com\/es\/wp-json\/wp\/v2\/types\/page"}],"author":[{"embeddable":true,"href":"https:\/\/springslawgroup.com\/es\/wp-json\/wp\/v2\/users\/32"}],"replies":[{"embeddable":true,"href":"https:\/\/springslawgroup.com\/es\/wp-json\/wp\/v2\/comments?post=16686"}],"version-history":[{"count":3,"href":"https:\/\/springslawgroup.com\/es\/wp-json\/wp\/v2\/pages\/16686\/revisions"}],"predecessor-version":[{"id":17741,"href":"https:\/\/springslawgroup.com\/es\/wp-json\/wp\/v2\/pages\/16686\/revisions\/17741"}],"up":[{"embeddable":true,"href":"https:\/\/springslawgroup.com\/es\/wp-json\/wp\/v2\/pages\/16694"}],"wp:attachment":[{"href":"https:\/\/springslawgroup.com\/es\/wp-json\/wp\/v2\/media?parent=16686"}],"wp:term":[{"taxonomy":"category","embeddable":true,"href":"https:\/\/springslawgroup.com\/es\/wp-json\/wp\/v2\/categories?post=16686"},{"taxonomy":"post_tag","embeddable":true,"href":"https:\/\/springslawgroup.com\/es\/wp-json\/wp\/v2\/tags?post=16686"}],"curies":[{"name":"wp","href":"https:\/\/api.w.org\/{rel}","templated":true}]}}