{"id":16685,"date":"2018-08-01T17:13:27","date_gmt":"2018-08-02T00:13:27","guid":{"rendered":"https:\/\/springs.flywheelstaging.com\/abogado-de-negligencia-comparativa-en-colorado-springs\/"},"modified":"2023-10-20T14:15:59","modified_gmt":"2023-10-20T21:15:59","slug":"abogado-de-negligencia-comparativa-en-colorado-springs","status":"publish","type":"page","link":"https:\/\/springslawgroup.com\/es\/colorado-springs-abogado-de-accidente-de-auto\/abogado-de-negligencia-comparativa-en-colorado-springs\/","title":{"rendered":"Abogado de Negligencia Comparativa en Colorado Springs"},"content":{"rendered":"<p>La primera pregunta que todo el mundo se hace tras un accidente de tr\u00e1fico es: \u00ab\u00bfQui\u00e9n tiene la culpa de esto?\u00bb. Despu\u00e9s de una experiencia tan traum\u00e1tica, es natural intentar comprender c\u00f3mo pudo ocurrir.<\/p>\n<p>Tambi\u00e9n es natural preocuparse por qui\u00e9n es responsable de pagar los da\u00f1os del propio veh\u00edculo y los gastos m\u00e9dicos, salarios perdidos y otros da\u00f1os cuando alguien resulta herido. Un <a href=\"https:\/\/www.google.com\/maps?cid=14405082340285593325\" target=\"_blank\" rel=\"noopener\">abogado de negligencia comparativa de Colorado Springs<\/a> puede ayudar a responder a estas preguntas y determinar la responsabilidad.<\/p>\n<p>Los investigadores de accidentes buscar\u00e1n pruebas para determinar la causa del accidente. Tal vez un conductor circulaba con exceso de velocidad; tal vez uno o varios conductores estaban bajo los efectos de las drogas o el alcohol; tal vez un conductor estaba distra\u00eddo con su tel\u00e9fono m\u00f3vil. \u00bfQu\u00e9 ocurre cuando la culpa es de m\u00e1s de una persona?<\/p>\n<p>Nuestros abogados en <a href=\"https:\/\/springslawgroup.com\/es\/\">Springs Law Group en Colorado Springs<\/a> pueden ayudarle a obtener las respuestas que necesita. Le ayudaremos a determinar la responsabilidad en su reclamo y a luchar por su derecho a una indemnizaci\u00f3n. <a href=\"https:\/\/springslawgroup.com\/es\/contacto\/\">Ll\u00e1menos<\/a> hoy mismo para hablar de su caso.<\/p>\n<h2><span style=\"font-weight: 400;\">\u00bfQu\u00e9 es la Negligencia Comparativa en Colorado?<\/span><\/h2>\n<p>La negligencia comparativa es un concepto legal utilizado para asignar la culpa en los casos de lesiones personales en Colorado. Existen dos tipos de negligencia comparativa: la negligencia comparativa pura y la negligencia comparativa modificada.<\/p>\n<p>La regla de la negligencia comparativa pura es un sistema en el que un demandante puede obtener una indemnizaci\u00f3n por da\u00f1os y perjuicios incluso si se determina que la culpa del accidente es mayoritaria. Los da\u00f1os se reducen en funci\u00f3n del porcentaje de culpa del demandante.<\/p>\n<p>La negligencia comparativa modificada, por otra parte, limita la capacidad de un demandante para recuperar da\u00f1os y perjuicios si es parcialmente culpable del accidente. La regla de negligencia comparativa modificada en Colorado se conoce como la \u00abregla del 50%\u00bb. Un demandante s\u00f3lo puede reclamar da\u00f1os y perjuicios si su porcentaje de culpa es inferior al 50%. Si el porcentaje de culpa del demandante es mayor, no podr\u00e1 reclamar da\u00f1os y perjuicios.<\/p>\n<h2><span style=\"font-weight: 400;\">Negligencia Contribuyente Vs. Reglas de la Negligencia Comparativa<\/span><\/h2>\n<p>La negligencia contributiva y la negligencia comparativa son dos t\u00e9rminos jur\u00eddicos utilizados para describir situaciones en las que varias partes son culpables de un accidente. Sin embargo, existen diferencias significativas entre ambos conceptos.<\/p>\n<p>En los estados que siguen la regla de la negligencia contribuyente, si se considera que una persona lesionada es parcialmente responsable de un accidente, no puede recibir indemnizaci\u00f3n alguna.<\/p>\n<p><strong>Por ejemplo:<\/strong><\/p>\n<ul>\n<li>Si el conductor A resulta herido cuando el conductor B cambia bruscamente de carril y se le considera culpable por no se\u00f1alizar y no mirar antes de cambiar de carril, pero el conductor A no estaba prestando atenci\u00f3n a la carretera, el conductor A no podr\u00eda cobrar indemnizaci\u00f3n alguna al conductor B.<\/li>\n<li>Del mismo modo, un peat\u00f3n atropellado por un coche en un estado de negligencia contributiva puede no tener ning\u00fan recurso contra el conductor si el peat\u00f3n no estaba prestando atenci\u00f3n a su entorno o estaba violando las leyes de tr\u00e1fico.<\/li>\n<\/ul>\n<p>En cambio, en un estado de negligencia comparativa, se examinan las acciones de ambas partes y un juez o jurado determina la culpa relativa de cada una. Si una parte lesionada es declarada parcialmente culpable en un <a href=\"https:\/\/springslawgroup.com\/es\/colorado-springs-car-accident-lawyer-5\/\">accidente de coche<\/a>, todav\u00eda puede recuperar los da\u00f1os, pero el jurado puede reducir la cantidad.<\/p>\n<h2><span style=\"font-weight: 400;\">Leyes de Colorado sobre Negligencia<\/span><\/h2>\n<p>La ley de Colorado sobre negligencia comparativa modificada establece que una persona puede recuperar los da\u00f1os en proporci\u00f3n al grado de negligencia del demandante y del demandado.<\/p>\n<p>En primer lugar, se instruye al juez o al jurado para que determinen el n\u00famero de da\u00f1os y perjuicios que se conceder\u00edan si no hubiera negligencia por parte del perjudicado. A continuaci\u00f3n, el juez o el jurado deben determinar la culpa relativa de cada parte. La cuant\u00eda concedida es el importe total menos una cantidad igual al grado de culpa asignado a la parte perjudicada.<\/p>\n<p>Si se determina que la culpa de la parte perjudicada es superior al 50%, no recibir\u00e1 nada, ya que la raz\u00f3n es que una persona no deber\u00eda poder cobrar da\u00f1os y perjuicios si es responsable en su mayor parte de sus propias lesiones.<\/p>\n<h3>Responsabilidad Solidaria<\/h3>\n<p>Si hay m\u00e1s de un demandado en un caso de accidente, se sigue aplicando la regla del 50%, pero la negligencia relativa del perjudicado se mide con respecto a todos los demandados, no a cada uno por separado.<\/p>\n<p><strong>Por ejemplo:<\/strong><\/p>\n<ul>\n<li>Supongamos que se declara responsable al demandado A en un 70%, al demandado B en un 10% y al perjudicado en un 20%. En ese caso, el perjudicado puede ser indemnizado aunque su grado de responsabilidad haya sido menor que el del demandado B.<\/li>\n<\/ul>\n<p>A veces, los demandados en casos de lesiones por accidente alegan que otra persona, que no es una de las partes en la demanda, tuvo parte de responsabilidad en el accidente. Si el demandado puede demostrar que un tercero tuvo parte de culpa, su responsabilidad puede reducirse.<\/p>\n<p>Los casos de accidentes en los que intervienen varios demandados, y aquellos en los que la negligencia comparativa es un problema, son complejos y requieren abogados dispuestos y capaces de acudir a los tribunales cuando sea necesario. En Springs Law Group, tratamos de resolver cada caso si es posible, pero cuando no podemos llegar a un acuerdo justo, no tenemos miedo de asumir incluso el caso m\u00e1s complejo.<\/p>\n<h2><span style=\"font-weight: 400;\">Doctrina de la \u201c\u00daltima Oportunidad Clara\u201d<\/span><\/h2>\n<p>La doctrina de la \u00ab\u00faltima oportunidad clara\u00bb es otro medio de asignar la culpa en un accidente. Si la persona lesionada tuvo parte de la culpa, pero el demandado todav\u00eda ten\u00eda la oportunidad de evitar el accidente, la persona lesionada todav\u00eda puede recuperar.<\/p>\n<p>Las compa\u00f1\u00edas de seguros siempre est\u00e1n buscando formas de minimizar las cantidades que deben pagar, y tratar de culpar a la persona lesionada es una forma que pueden utilizar para hacerlo.<\/p>\n<p>Siempre que haya alguna duda de qui\u00e9n tuvo la culpa de un accidente, es importante hablar con un abogado de negligencia comparativa en Colorado Springs inmediatamente. Si dice inadvertidamente algo que pueda interpretarse como una admisi\u00f3n parcial de culpa, su derecho a cobrar por sus lesiones puede verse reducido.<\/p>\n<p>Incluso algo tan inocuo como \u00abdeber\u00eda haberlo visto venir\u00bb puede ser utilizado por una compa\u00f1\u00eda de seguros para atribuirte parte de la culpa, reduciendo en \u00faltima instancia la cantidad que podr\u00edas cobrar.<\/p>\n<h2><span style=\"font-weight: 400;\">Probar la Negligencia en un Caso de Lesiones Personales<\/span><\/h2>\n<p>Probar la negligencia es un elemento cr\u00edtico en un caso de lesiones personales. Para ganar su caso, debe demostrar que la otra parte fue negligente y que su negligencia caus\u00f3 sus lesiones.<\/p>\n<p>A continuaci\u00f3n se exponen cuatro elementos clave que deben tenerse en cuenta al intentar demostrar la negligencia en un caso de lesiones personales:<\/p>\n<ol>\n<li><strong><a href=\"https:\/\/springslawgroup.com\/es\/blog\/ley-del-deber-de-diligencia-de-colorado\/\">Deber de diligencia<\/a> &#8211;<\/strong> El primer paso para probar la negligencia es demostrar que el demandado le deb\u00eda un deber de diligencia. Esto significa que ten\u00edan la responsabilidad de tomar medidas razonables para evitar da\u00f1os.<\/li>\n<li><strong>Incumplimiento del deber &#8211;<\/strong> Demostrar que el demandado incumpli\u00f3 su deber de diligencia. Esto significa que no tomaron medidas razonables para evitar que se produjeran da\u00f1os.<\/li>\n<li><strong>Causalidad &#8211;<\/strong> Debe demostrar que esta infracci\u00f3n caus\u00f3 sus lesiones. Sus lesiones no se habr\u00edan producido si el demandado no hubiera sido negligente.<\/li>\n<li><strong>Da\u00f1os y perjuicios &#8211;<\/strong> Por \u00faltimo, debe demostrar que ha sufrido da\u00f1os y perjuicios debido a la negligencia del demandado. Esto puede incluir lesiones f\u00edsicas, angustia emocional y p\u00e9rdidas econ\u00f3micas.<\/li>\n<\/ol>\n<p>Probar la negligencia en un caso de lesiones personales puede ser complejo, y trabajar con un abogado con experiencia en lesiones personales que pueda guiarle a trav\u00e9s del proceso es importante. Un abogado experto puede ayudarle a reunir pruebas, construir un caso s\u00f3lido y luchar por la indemnizaci\u00f3n que merece. P\u00f3ngase en contacto con un <a href=\"https:\/\/springslawgroup.com\/es\/abogado-de-lesiones-personales-en-colorado-springs\/\">abogado de lesiones personales<\/a> en Springs Law Group hoy para obtener m\u00e1s informaci\u00f3n.<\/p>\n<h2><span style=\"font-weight: 400;\">P\u00f3ngase en Contacto con un Abogado de Colorado Springs Especializado en Negligencia Comparativa<\/span><\/h2>\n<p>\u00bfSe enfrenta a una situaci\u00f3n legal en la que puede ser parcialmente culpable de un accidente? No cometa el costoso error de asumir que no tiene recursos. Los abogados de negligencia comparativa de Colorado Springs en Springs Law Group pueden ayudarle a entender sus opciones y luchar por la compensaci\u00f3n que se merece.<\/p>\n<p>Con a\u00f1os de experiencia representando a clientes en Colorado Springs y m\u00e1s all\u00e1, nuestro equipo tiene el conocimiento y la experiencia para navegar por las complejidades de los casos de negligencia comparativa. Entendemos los matices de las leyes estatales y podemos trabajar sin descanso para construir un caso fuerte en su nombre.<\/p>\n<p>No deje que las leyes de negligencia comparativa en Colorado Springs reduzcan su compensaci\u00f3n. Conf\u00ede en los h\u00e1biles abogados de Springs Law Group para luchar por sus derechos y su futuro. <a href=\"https:\/\/springslawgroup.com\/es\/contacto\/\">Cont\u00e1ctenos<\/a> hoy para saber m\u00e1s.<\/p>\n<h2><span style=\"font-weight: 400;\">FAQ: Negligencia Comparativa en Colorado Springs<\/span><\/h2>\n<p><b>\u00bfQu\u00e9 es la regla del 50% de negligencia comparativa?<\/b><\/p>\n<p>La regla del 50% de negligencia comparativa establece que un demandante no puede reclamar da\u00f1os y perjuicios si se le considera culpable del accidente en un 50% o m\u00e1s. Esta norma se sigue en muchos estados, incluido Colorado.<\/p>\n<p><b>\u00bfQui\u00e9n tiene la carga de la prueba en la negligencia comparativa?<\/b><\/p>\n<p>En un caso de negligencia comparativa, la carga de la prueba recae en el demandante. El demandante debe demostrar que el demandado fue negligente y que esta negligencia caus\u00f3 sus lesiones.<\/p>\n<p><b>\u00bfC\u00f3mo se calcula la negligencia comparativa?<\/b><\/p>\n<p>Para calcular la negligencia comparativa, el tribunal determinar\u00e1 el porcentaje de culpa de cada parte implicada en el accidente. Para ello, normalmente se analizan las acciones de cada una de las partes que condujeron al accidente.<\/p>\n<p><script type=\"application\/ld+json\">\n{\n  \"@context\": \"https:\/\/schema.org\",\n  \"@type\": \"FAQPage\",\n  \"mainEntity\": [{\n    \"@type\": \"Question\",\n    \"name\": \"What is the 50 percent rule of comparative negligence?\",\n    \"acceptedAnswer\": {\n      \"@type\": \"Answer\",\n      \"text\": \"The 50 percent rule of comparative negligence states that a plaintiff cannot recover damages if they are found to be 50% or more at fault for the accident. This rule is followed in many states, including Colorado.\"\n    }\n  },{\n    \"@type\": \"Question\",\n    \"name\": \"Who has the burden of proof in comparative negligence?\",\n    \"acceptedAnswer\": {\n      \"@type\": \"Answer\",\n      \"text\": \"In a comparative negligence case, the burden of proof falls on the plaintiff. The plaintiff must demonstrate that the defendant was negligent and that this negligence caused their injuries.\"\n    }\n  },{\n    \"@type\": \"Question\",\n    \"name\": \"How do you calculate comparative negligence?\",\n    \"acceptedAnswer\": {\n      \"@type\": \"Answer\",\n      \"text\": \"To calculate comparative negligence, the court will determine the percentage of fault for each party involved in the accident. This is typically done by looking at the actions of each party leading up to the accident.\"\n    }\n  }]\n}\n<\/script><\/p>\n","protected":false},"excerpt":{"rendered":"<p>La primera pregunta que todo el mundo se hace tras un accidente de tr\u00e1fico es: \u00ab\u00bfQui\u00e9n tiene la culpa de&nbsp;<a class=\"moretag\" href=\"https:\/\/springslawgroup.com\/es\/colorado-springs-abogado-de-accidente-de-auto\/abogado-de-negligencia-comparativa-en-colorado-springs\/\"> Read More&#8230;<\/a><\/p>\n","protected":false},"author":32,"featured_media":0,"parent":16694,"menu_order":0,"comment_status":"closed","ping_status":"closed","template":"landingpage.php","meta":{"_acf_changed":false,"inline_featured_image":false,"footnotes":""},"categories":[],"tags":[],"class_list":["post-16685","page","type-page","status-publish","hentry"],"acf":{"key_takeaways":null,"_litigation_personal_injury_contents_new":{"_litigation_personal_injury_title_new":"","_litigation_personal_injury_discription_new":"","_litigation_personal_injury_discription_new_copy":"","_litigation_video_url_new":"","add_button":""},"_header_sub_header_content_new":null,"_litigation_frequently_asked_questions_new":null,"lawsuit_updates":null,"_litigation_related_posts_relation":null,"acf-references":""},"_links":{"self":[{"href":"https:\/\/springslawgroup.com\/es\/wp-json\/wp\/v2\/pages\/16685","targetHints":{"allow":["GET"]}}],"collection":[{"href":"https:\/\/springslawgroup.com\/es\/wp-json\/wp\/v2\/pages"}],"about":[{"href":"https:\/\/springslawgroup.com\/es\/wp-json\/wp\/v2\/types\/page"}],"author":[{"embeddable":true,"href":"https:\/\/springslawgroup.com\/es\/wp-json\/wp\/v2\/users\/32"}],"replies":[{"embeddable":true,"href":"https:\/\/springslawgroup.com\/es\/wp-json\/wp\/v2\/comments?post=16685"}],"version-history":[{"count":2,"href":"https:\/\/springslawgroup.com\/es\/wp-json\/wp\/v2\/pages\/16685\/revisions"}],"predecessor-version":[{"id":18056,"href":"https:\/\/springslawgroup.com\/es\/wp-json\/wp\/v2\/pages\/16685\/revisions\/18056"}],"up":[{"embeddable":true,"href":"https:\/\/springslawgroup.com\/es\/wp-json\/wp\/v2\/pages\/16694"}],"wp:attachment":[{"href":"https:\/\/springslawgroup.com\/es\/wp-json\/wp\/v2\/media?parent=16685"}],"wp:term":[{"taxonomy":"category","embeddable":true,"href":"https:\/\/springslawgroup.com\/es\/wp-json\/wp\/v2\/categories?post=16685"},{"taxonomy":"post_tag","embeddable":true,"href":"https:\/\/springslawgroup.com\/es\/wp-json\/wp\/v2\/tags?post=16685"}],"curies":[{"name":"wp","href":"https:\/\/api.w.org\/{rel}","templated":true}]}}