{"id":16684,"date":"2019-10-15T21:08:21","date_gmt":"2019-10-16T04:08:21","guid":{"rendered":"https:\/\/springs.flywheelstaging.com\/accidentes-de-coche-en-colorado-springs-que-implican-el-uso-del-telefono-movil\/"},"modified":"2023-10-20T14:20:04","modified_gmt":"2023-10-20T21:20:04","slug":"accidentes-de-coche-en-colorado-springs-que-implican-el-uso-del-telefono-movil","status":"publish","type":"page","link":"https:\/\/springslawgroup.com\/es\/colorado-springs-abogado-de-accidente-de-auto\/accidentes-de-coche-en-colorado-springs-que-implican-el-uso-del-telefono-movil\/","title":{"rendered":"Accidentes de Coche en Colorado Springs que Implican el Uso del Tel\u00e9fono M\u00f3vil"},"content":{"rendered":"<p>La ley estatal establece que los conductores adultos s\u00f3lo pueden utilizar el m\u00f3vil mientras conducen para hacer llamadas de voz. Un automovilista puede llevar un auricular en un o\u00eddo con ese fin, pero los auriculares no pueden estar en ambos o\u00eddos. Adem\u00e1s, se proh\u00edbe a los automovilistas la introducci\u00f3n y transmisi\u00f3n manual de datos en tel\u00e9fonos m\u00f3viles, como mensajes de texto o b\u00fasquedas en Internet, mientras conducen un veh\u00edculo. Esto incluye los momentos en los que est\u00e1n parados en una se\u00f1al de stop o en una intersecci\u00f3n.<\/p>\n<p>Estas leyes se establecen para proteger a todos los que circulan por la carretera. Cuando un conductor imprudente infringe una de estas leyes, est\u00e1 poniendo en peligro a todo el mundo, incluido a s\u00ed mismo. Deben responder de sus actos. Si usted estuvo en un accidente de coche en Colorado Springs que implic\u00f3 el uso del tel\u00e9fono celular, hable con un <a href=\"https:\/\/springslawgroup.com\/es\/colorado-springs-car-accident-lawyer-5\/\">abogado<\/a> tan pronto como sea posible.<\/p>\n<h2>Uso del M\u00f3vil y Conductores Novatos<\/h2>\n<p>La legislaci\u00f3n estatal tiene normas diferentes sobre el uso del tel\u00e9fono m\u00f3vil para los menores y los conductores novatos. Cualquier conductor menor de 18 a\u00f1os tiene prohibido utilizar el m\u00f3vil mientras conduce. Esta prohibici\u00f3n incluye hacer llamadas, enviar mensajes de texto o navegar por Internet. Esta restricci\u00f3n tambi\u00e9n se aplica cuando el conductor adolescente est\u00e1 parado en un sem\u00e1foro o se\u00f1al de stop.<\/p>\n<h2>Determinaci\u00f3n De La Responsabilidad<\/h2>\n<p>En Colorado Springs, si el demandante estaba usando su tel\u00e9fono m\u00f3vil en el momento del accidente, la compa\u00f1\u00eda de seguros del conductor culpable puede argumentar que el demandante es responsable de la colisi\u00f3n y que su motorista asegurado no es completamente culpable. Por otra parte, si el conductor culpable estaba utilizando un tel\u00e9fono m\u00f3vil en el momento del accidente, esto refuerza la alegaci\u00f3n del demandante de que la parte contraria es responsable.<\/p>\n<p>Una de las cosas que hacen los abogados es examinar todos los hechos juntos, que incluyen la velocidad de los veh\u00edculos, las leyes de tr\u00e1nsito que deber\u00edan haberse seguido, y si alguna de las partes estaba usando un tel\u00e9fono celular en el momento del accidente automovil\u00edstico. Cada hecho puede influir en la determinaci\u00f3n de la responsabilidad.<\/p>\n<p>El uso del tel\u00e9fono m\u00f3vil por ambas partes en el momento de un accidente de tr\u00e1fico puede crear problemas de <a href=\"https:\/\/springslawgroup.com\/es\/colorado-springs-abogado-de-accidente-de-auto\/abogado-de-negligencia-comparativa-en-colorado-springs\/\">responsabilidad<\/a> y animar a cada parte a culpar a la otra. Cuando no hay acuerdo sobre qui\u00e9n tiene la culpa, el caso puede desembocar en un juicio en el que un jurado decida qui\u00e9n es responsable de pagar los da\u00f1os.<\/p>\n<h2>Pruebas<\/h2>\n<p>Las pruebas obtenidas para las demandas de accidentes de coche con tel\u00e9fonos m\u00f3viles en Colorado Springs es similar a la informaci\u00f3n recogida para cualquier otro caso de accidente de veh\u00edculo de motor. Los abogados recopilan fotos del lugar de los hechos, declaraciones de las partes y de los posibles testigos, as\u00ed como toda la informaci\u00f3n disponible sobre ambos conductores y sus seguros. Si una de las partes estaba utilizando un tel\u00e9fono m\u00f3vil en el momento de la colisi\u00f3n, el asesor legal trata de determinar si ese conductor estaba siguiendo las leyes estatales relativas al uso de dispositivos electr\u00f3nicos mientras se conduce.<\/p>\n<h2>P\u00f3ngase en Contacto con un Abogado para Discutir los Detalles de su Accidente de Coche que Implic\u00f3 el Uso del Tel\u00e9fono Celular en Colorado Springs<\/h2>\n<p>Un accidente de coche relacionado al uso del tel\u00e9fono celular puede tener resultados devastadores. Debido al nivel de <a href=\"https:\/\/springslawgroup.com\/es\/colorado-springs-abogado-de-accidente-de-auto\/abogado-por-conduccion-distraida-de-colorado-springs\/\">distracci\u00f3n del conductor culpable<\/a>, la parte lesionada podr\u00eda sufrir importantes da\u00f1os corporales y materiales. Si usted estuvo involucrado en un accidente de este tipo, debe consultar con un abogado que pueda ayudarle a presentar una demanda por da\u00f1os y perjuicios. <a href=\"https:\/\/springslawgroup.com\/es\/contacto\/\">Llame<\/a> hoy para hablar con uno de los miembros de nuestro equipo dedicado.<\/p>\n","protected":false},"excerpt":{"rendered":"<p>La ley estatal establece que los conductores adultos s\u00f3lo pueden utilizar el m\u00f3vil mientras conducen para hacer llamadas de voz.&nbsp;<a class=\"moretag\" href=\"https:\/\/springslawgroup.com\/es\/colorado-springs-abogado-de-accidente-de-auto\/accidentes-de-coche-en-colorado-springs-que-implican-el-uso-del-telefono-movil\/\"> Read More&#8230;<\/a><\/p>\n","protected":false},"author":32,"featured_media":0,"parent":16694,"menu_order":0,"comment_status":"closed","ping_status":"closed","template":"landingpage.php","meta":{"_acf_changed":false,"inline_featured_image":false,"footnotes":""},"categories":[],"tags":[],"class_list":["post-16684","page","type-page","status-publish","hentry"],"acf":{"key_takeaways":null,"_litigation_personal_injury_contents_new":{"_litigation_personal_injury_title_new":"","_litigation_personal_injury_discription_new":"","_litigation_personal_injury_discription_new_copy":"","_litigation_video_url_new":"","add_button":false},"_header_sub_header_content_new":null,"_litigation_frequently_asked_questions_new":null,"lawsuit_updates":null,"_litigation_related_posts_relation":null,"acf-references":""},"_links":{"self":[{"href":"https:\/\/springslawgroup.com\/es\/wp-json\/wp\/v2\/pages\/16684","targetHints":{"allow":["GET"]}}],"collection":[{"href":"https:\/\/springslawgroup.com\/es\/wp-json\/wp\/v2\/pages"}],"about":[{"href":"https:\/\/springslawgroup.com\/es\/wp-json\/wp\/v2\/types\/page"}],"author":[{"embeddable":true,"href":"https:\/\/springslawgroup.com\/es\/wp-json\/wp\/v2\/users\/32"}],"replies":[{"embeddable":true,"href":"https:\/\/springslawgroup.com\/es\/wp-json\/wp\/v2\/comments?post=16684"}],"version-history":[{"count":2,"href":"https:\/\/springslawgroup.com\/es\/wp-json\/wp\/v2\/pages\/16684\/revisions"}],"predecessor-version":[{"id":18069,"href":"https:\/\/springslawgroup.com\/es\/wp-json\/wp\/v2\/pages\/16684\/revisions\/18069"}],"up":[{"embeddable":true,"href":"https:\/\/springslawgroup.com\/es\/wp-json\/wp\/v2\/pages\/16694"}],"wp:attachment":[{"href":"https:\/\/springslawgroup.com\/es\/wp-json\/wp\/v2\/media?parent=16684"}],"wp:term":[{"taxonomy":"category","embeddable":true,"href":"https:\/\/springslawgroup.com\/es\/wp-json\/wp\/v2\/categories?post=16684"},{"taxonomy":"post_tag","embeddable":true,"href":"https:\/\/springslawgroup.com\/es\/wp-json\/wp\/v2\/tags?post=16684"}],"curies":[{"name":"wp","href":"https:\/\/api.w.org\/{rel}","templated":true}]}}