{"id":16683,"date":"2019-10-16T18:31:14","date_gmt":"2019-10-17T01:31:14","guid":{"rendered":"https:\/\/springs.flywheelstaging.com\/accidentes-de-coche-en-colorado-springs-que-implican-mal-tiempo\/"},"modified":"2023-10-20T14:12:14","modified_gmt":"2023-10-20T21:12:14","slug":"accidentes-de-coche-en-colorado-springs-que-implican-mal-tiempo","status":"publish","type":"page","link":"https:\/\/springslawgroup.com\/es\/colorado-springs-abogado-de-accidente-de-auto\/accidentes-de-coche-en-colorado-springs-que-implican-mal-tiempo\/","title":{"rendered":"Accidentes de Coche en Colorado Springs que Implican Mal Tiempo"},"content":{"rendered":"<p>Las carreteras de Colorado Springs pueden ser m\u00e1s susceptibles a los efectos del mal tiempo porque \u00e9ste cambia constantemente. Lo que empieza como un d\u00eda soleado y despejado puede desembocar en una fuerte tormenta por la tarde seguida de granizo del tama\u00f1o de una pelota de golf.<\/p>\n<p>El tiempo en Colorado Springs es a menudo impredecible, dejando a los conductores poco preparados para un tipo espec\u00edfico de condici\u00f3n de la carretera en un d\u00eda determinado. Un <a href=\"https:\/\/springslawgroup.com\/es\/colorado-springs-car-accident-lawyer-5\/\">abogado<\/a> experto podr\u00eda determinar si usted tiene una demanda viable por da\u00f1os y perjuicios si ha estado en un accidente de coche Colorado Springs que implica al mal tiempo.<\/p>\n<h2>\u00bfQu\u00e9 Pruebas se Utilizan para Demostrar que las Inclemencias Meteorol\u00f3gicas Causaron un Accidente?<\/h2>\n<p>Examinar los restos de las condiciones meteorol\u00f3gicas, como inundaciones, escombros o vallas da\u00f1adas por el viento o la lluvia extremos, puede ayudar a demostrar que el mal tiempo fue la causa de un accidente. En Colorado Springs tambi\u00e9n se producen fuertes tormentas de granizo, que pueden comprobarse inspeccionando los da\u00f1os en viviendas y veh\u00edculos. Un abogado con experiencia podr\u00eda determinar la mejor manera de encontrar pruebas que apoyen que la causa de un accidente fueron las inclemencias del tiempo.<\/p>\n<h2>Determinar la Culpa<\/h2>\n<p>La compa\u00f1\u00eda de seguros del conductor culpable puede intentar demostrar que su motorista asegurado no tuvo la culpa del accidente ocurrido en condiciones peligrosas. La compa\u00f1\u00eda de seguros puede determinar por s\u00ed misma si el tiempo influy\u00f3 o no en la colisi\u00f3n, pero suele argumentar que las inclemencias del tiempo eximen a su conductor asegurado de gran parte, si no de toda, la responsabilidad.<\/p>\n<p>Independientemente de si en un accidente de tr\u00e1fico estuvo implicado o no otro veh\u00edculo, lo primero que debe hacer un abogado es investigar las pruebas disponibles y los hechos del caso. Un abogado con experiencia revisa con prontitud la compa\u00f1\u00eda de seguros del conductor lesionado, los l\u00edmites de su p\u00f3liza, y si tienen o no cobertura de motorista sin seguro o con seguro insuficiente. Esta informaci\u00f3n permite a un profesional del Derecho analizar tanto los da\u00f1os personales como los materiales en caso de que no haya otro veh\u00edculo implicado.<\/p>\n<h2>Da\u00f1os Recuperables<\/h2>\n<p>Un conductor implicado en un accidente peligroso por mal tiempo en Colorado Springs puede buscar da\u00f1os recuperables econ\u00f3micos y no econ\u00f3micos. Los da\u00f1os econ\u00f3micos pueden incluir indemnizaciones por da\u00f1os materiales, facturas m\u00e9dicas y p\u00e9rdida de salarios por el tiempo perdido en el trabajo debido a la recuperaci\u00f3n. Las p\u00e9rdidas emocionales pueden incluir dolor y sufrimiento, angustia mental o disminuci\u00f3n de la calidad de vida si un demandante sufre lesiones que afectan a su capacidad para llevar a cabo sus actividades normales.<\/p>\n<h2>\u00bfC\u00f3mo se Puede Prevenir un Accidente Relacionado con las Condiciones Meteorol\u00f3gicas?<\/h2>\n<p>Ser consciente de las se\u00f1ales de advertencia de un posible accidente relacionado con el tiempo puede evitar un accidente de coche. Una de las se\u00f1ales de advertencia que los conductores deben tener en cuenta es si su veh\u00edculo empieza a perder tracci\u00f3n con la carretera. Esto podr\u00eda hacer que se deslizaran y chocaran contra un objeto u otro coche. Adem\u00e1s, si un automovilista nota que su visibilidad se est\u00e1 reduciendo debido a la nieve, el hielo, el granizo, la niebla o la lluvia, debe detenerse para evitar una colisi\u00f3n.<\/p>\n<p>Los conductores de Colorado Springs pueden protegerse de los accidentes de tr\u00e1fico causados por condiciones meteorol\u00f3gicas peligrosas asegur\u00e1ndose de que el hilo de sus neum\u00e1ticos es adecuado para la temporada y comprobando la cantidad y el tipo de l\u00edquido de lavado, de frenos y de direcci\u00f3n de su veh\u00edculo. Llevar accesorios adecuados en el coche, como rascadores, kits de emergencia y cables de arranque, y conducir con seguridad a la velocidad m\u00e1xima permitida o por debajo de ella tambi\u00e9n puede evitar accidentes causados por las malas condiciones.<\/p>\n<h2>Contrate a un Abogado para Discutir los Detalles de su Accidentes de Coche Relacionado al Mal Tiempo en Colorado Springs<\/h2>\n<p>Un abogado podr\u00eda ayudarle si se ha visto implicado en un accidente causado por las malas condiciones meteorol\u00f3gicas. Un profesional del Derecho podr\u00eda investigar el lugar de su accidente y los hechos de su caso. Adem\u00e1s, un abogado podr\u00eda revisar cualquier documentaci\u00f3n pertinente, informe policial, declaraciones de testigos, y contratar a un experto para proporcionar un an\u00e1lisis de la escena de c\u00f3mo las condiciones clim\u00e1ticas pueden haber afectado a los conductores involucrados en su accidente. Para aprender m\u00e1s sobre accidentes de coche de Colorado Springs que implican el mal tiempo, <a href=\"https:\/\/springslawgroup.com\/es\/contacto\/\">hable con uno de nuestros abogados dedicados<\/a> hoy.<\/p>\n","protected":false},"excerpt":{"rendered":"<p>Las carreteras de Colorado Springs pueden ser m\u00e1s susceptibles a los efectos del mal tiempo porque \u00e9ste cambia constantemente. Lo&nbsp;<a class=\"moretag\" href=\"https:\/\/springslawgroup.com\/es\/colorado-springs-abogado-de-accidente-de-auto\/accidentes-de-coche-en-colorado-springs-que-implican-mal-tiempo\/\"> Read More&#8230;<\/a><\/p>\n","protected":false},"author":32,"featured_media":0,"parent":16694,"menu_order":0,"comment_status":"closed","ping_status":"closed","template":"landingpage.php","meta":{"_acf_changed":false,"inline_featured_image":false,"footnotes":""},"categories":[],"tags":[],"class_list":["post-16683","page","type-page","status-publish","hentry"],"acf":{"key_takeaways":null,"_litigation_personal_injury_contents_new":{"_litigation_personal_injury_title_new":"","_litigation_personal_injury_discription_new":"","_litigation_personal_injury_discription_new_copy":"","_litigation_video_url_new":"","add_button":false},"_header_sub_header_content_new":null,"_litigation_frequently_asked_questions_new":null,"lawsuit_updates":null,"_litigation_related_posts_relation":null,"acf-references":""},"_links":{"self":[{"href":"https:\/\/springslawgroup.com\/es\/wp-json\/wp\/v2\/pages\/16683","targetHints":{"allow":["GET"]}}],"collection":[{"href":"https:\/\/springslawgroup.com\/es\/wp-json\/wp\/v2\/pages"}],"about":[{"href":"https:\/\/springslawgroup.com\/es\/wp-json\/wp\/v2\/types\/page"}],"author":[{"embeddable":true,"href":"https:\/\/springslawgroup.com\/es\/wp-json\/wp\/v2\/users\/32"}],"replies":[{"embeddable":true,"href":"https:\/\/springslawgroup.com\/es\/wp-json\/wp\/v2\/comments?post=16683"}],"version-history":[{"count":2,"href":"https:\/\/springslawgroup.com\/es\/wp-json\/wp\/v2\/pages\/16683\/revisions"}],"predecessor-version":[{"id":18046,"href":"https:\/\/springslawgroup.com\/es\/wp-json\/wp\/v2\/pages\/16683\/revisions\/18046"}],"up":[{"embeddable":true,"href":"https:\/\/springslawgroup.com\/es\/wp-json\/wp\/v2\/pages\/16694"}],"wp:attachment":[{"href":"https:\/\/springslawgroup.com\/es\/wp-json\/wp\/v2\/media?parent=16683"}],"wp:term":[{"taxonomy":"category","embeddable":true,"href":"https:\/\/springslawgroup.com\/es\/wp-json\/wp\/v2\/categories?post=16683"},{"taxonomy":"post_tag","embeddable":true,"href":"https:\/\/springslawgroup.com\/es\/wp-json\/wp\/v2\/tags?post=16683"}],"curies":[{"name":"wp","href":"https:\/\/api.w.org\/{rel}","templated":true}]}}