{"id":16682,"date":"2019-08-27T14:12:45","date_gmt":"2019-08-27T21:12:45","guid":{"rendered":"https:\/\/springs.flywheelstaging.com\/abogado-de-accidentes-de-autobus-en-colorado-springs\/"},"modified":"2023-09-01T07:14:29","modified_gmt":"2023-09-01T14:14:29","slug":"abogado-de-accidentes-de-autobus-en-colorado-springs","status":"publish","type":"page","link":"https:\/\/springslawgroup.com\/es\/abogado-de-accidentes-de-autobus-en-colorado-springs\/","title":{"rendered":"Abogado especializado en accidentes de autob\u00fas de Colorado Springs"},"content":{"rendered":"<p>Los autobuses desempe\u00f1an un papel esencial en cualquier red de transporte. Llevan a los ni\u00f1os a la escuela, transportan a los que se desplazan al trabajo y cruzan fronteras para visitar a sus parientes. Aun as\u00ed, debido a su enorme tama\u00f1o, amplios puntos muertos y dificultad de control, el manejo inadecuado de los autobuses puede causar accidentes graves. Si un conductor de autob\u00fas es responsable de una colisi\u00f3n, los perjudicados pueden tener derecho a reclamar una indemnizaci\u00f3n.<\/p>\n<p>Si ha sufrido lesiones por la negligencia de un conductor de autob\u00fas, tiene derecho a reclamar da\u00f1os y perjuicios. Sin importar si usted estaba en otro veh\u00edculo o era un pasajero, un abogados especializados en accidentes de autob\u00fas de Colorado Springs podr\u00eda ayudar a perseguir su demanda. Un <a href=\"https:\/\/www.google.com\/maps?cid=14405082340285593325\" target=\"_blank\" rel=\"noopener\">abogado especializado en accidentes de autob\u00fas de Colorado Springs<\/a> podr\u00eda revisar su caso y ayudarle a presentar una demanda contra la parte negligente. P\u00f3ngase en contacto con <a href=\"https:\/\/springslawgroup.com\/es\/\">Springs Law Group<\/a> hoy para una consulta gratuita.<\/p>\n<h2>Asignaci\u00f3n de Culpas en Casos de Accidentes de Autob\u00fas<\/h2>\n<p>Todos los conductores en la carretera asumen el deber de conducir de una manera razonable que ponga a otras personas en la carretera fuera de peligro. La determinaci\u00f3n de la culpa en un accidente de autob\u00fas aplica esta teor\u00eda legal. Por ejemplo, un tribunal puede atribuir la culpa a un conductor de autob\u00fas si circula con exceso de velocidad, no cede el paso antes de girar, no tiene en cuenta los puntos muertos o conduce distra\u00eddo.<\/p>\n<p>Cuando las personas sufren lesiones a causa de este comportamiento negligente, tienen derecho a exigir una indemnizaci\u00f3n. Un abogado de accidentes de autob\u00fas de Colorado Springs podr\u00eda ayudar a presentar reclamos en nombre de los automovilistas, ciclistas o pasajeros que sufren lesiones debido a la negligencia de los conductores de autobuses culpables.<\/p>\n<h2>Deberes del Conductor de Autob\u00fas Para Con sus Pasajeros<\/h2>\n<p>La ley define los autobuses como transportistas comunes, lo que significa que estos conductores deben asumir el deber de proteger a sus pasajeros de cualquier da\u00f1o previsible. Es importante se\u00f1alar que los conductores de autob\u00fas tienen el deber de cuidar de las personas tanto dentro como fuera de sus veh\u00edculos.<\/p>\n<p>Esta obligaci\u00f3n puede ser especialmente importante en los casos de accidentes de autob\u00fas debido a la falta de elementos de seguridad en muchos autobuses. Mientras que los autos deben tener cinturones de seguridad, airbags y otras medidas de protecci\u00f3n, los autobuses pueden no disponer de estos elementos de seguridad. Por tanto, incluso una colisi\u00f3n menor puede hacer que un pasajero se golpee la cabeza con una ventanilla, salga despedido de su asiento o sufra <a href=\"https:\/\/springslawgroup.com\/es\/blog\/huesos-rotos-por-accidente-automovilistico-en-colorado-springs-puedo-lograr-que-paguen-mis-facturas-medicas\/\">fracturas \u00f3seas<\/a>. Un abogado de accidentes de autob\u00fas de Colorado Springs podr\u00eda revisar el caso de un pasajero lesionado para determinar si el conductor de autob\u00fas sigui\u00f3 sus deberes como transportista com\u00fan o si podr\u00eda ser considerado responsable.<\/p>\n<h2>Contrate a un Abogado de Accidentes de Autob\u00fas de Colorado Springs<\/h2>\n<p>Los accidentes de autob\u00fas pueden provocar lesiones catastr\u00f3ficas, con grandes facturas m\u00e9dicas, p\u00e9rdida de ingresos y angustia emocional que pueden afectarle durante a\u00f1os. Al igual que el resto de conductores, los conductores de autob\u00fas deben respetar las normas de circulaci\u00f3n y, si no lo hacen, pueden ser responsables de las lesiones que causen.<\/p>\n<p>Un abogado especializado en accidentes de autob\u00fas de Colorado Springs podr\u00eda ayudarle si usted estaba en otro veh\u00edculo que pasaba o si usted era un pasajero. Podr\u00edan trabajar para demostrar que el conductor del autob\u00fas fue negligente y caus\u00f3 sus p\u00e9rdidas. P\u00f3ngase en contacto con nosotros hoy para maximizar sus posibilidades de una demanda exitosa.<\/p>\n","protected":false},"excerpt":{"rendered":"<p>Los autobuses desempe\u00f1an un papel esencial en cualquier red de transporte. Llevan a los ni\u00f1os a la escuela, transportan a&nbsp;<a class=\"moretag\" href=\"https:\/\/springslawgroup.com\/es\/abogado-de-accidentes-de-autobus-en-colorado-springs\/\"> Read More&#8230;<\/a><\/p>\n","protected":false},"author":32,"featured_media":0,"parent":0,"menu_order":0,"comment_status":"closed","ping_status":"closed","template":"landingpage.php","meta":{"_acf_changed":false,"inline_featured_image":false,"footnotes":""},"categories":[],"tags":[],"class_list":["post-16682","page","type-page","status-publish","hentry"],"acf":{"key_takeaways":null,"_litigation_personal_injury_contents_new":{"_litigation_personal_injury_title_new":"","_litigation_personal_injury_discription_new":"","_litigation_personal_injury_discription_new_copy":"","_litigation_video_url_new":"","add_button":false},"_header_sub_header_content_new":null,"_litigation_frequently_asked_questions_new":null,"lawsuit_updates":null,"_litigation_related_posts_relation":null,"acf-references":""},"_links":{"self":[{"href":"https:\/\/springslawgroup.com\/es\/wp-json\/wp\/v2\/pages\/16682","targetHints":{"allow":["GET"]}}],"collection":[{"href":"https:\/\/springslawgroup.com\/es\/wp-json\/wp\/v2\/pages"}],"about":[{"href":"https:\/\/springslawgroup.com\/es\/wp-json\/wp\/v2\/types\/page"}],"author":[{"embeddable":true,"href":"https:\/\/springslawgroup.com\/es\/wp-json\/wp\/v2\/users\/32"}],"replies":[{"embeddable":true,"href":"https:\/\/springslawgroup.com\/es\/wp-json\/wp\/v2\/comments?post=16682"}],"version-history":[{"count":3,"href":"https:\/\/springslawgroup.com\/es\/wp-json\/wp\/v2\/pages\/16682\/revisions"}],"predecessor-version":[{"id":17306,"href":"https:\/\/springslawgroup.com\/es\/wp-json\/wp\/v2\/pages\/16682\/revisions\/17306"}],"wp:attachment":[{"href":"https:\/\/springslawgroup.com\/es\/wp-json\/wp\/v2\/media?parent=16682"}],"wp:term":[{"taxonomy":"category","embeddable":true,"href":"https:\/\/springslawgroup.com\/es\/wp-json\/wp\/v2\/categories?post=16682"},{"taxonomy":"post_tag","embeddable":true,"href":"https:\/\/springslawgroup.com\/es\/wp-json\/wp\/v2\/tags?post=16682"}],"curies":[{"name":"wp","href":"https:\/\/api.w.org\/{rel}","templated":true}]}}