{"id":16681,"date":"2019-08-21T18:11:24","date_gmt":"2019-08-22T01:11:24","guid":{"rendered":"https:\/\/springs.flywheelstaging.com\/abogado-de-accidentes-de-bicicleta-en-colorado-springs\/"},"modified":"2023-09-01T07:14:29","modified_gmt":"2023-09-01T14:14:29","slug":"abogado-de-accidentes-de-bicicleta-en-colorado-springs","status":"publish","type":"page","link":"https:\/\/springslawgroup.com\/es\/abogado-de-accidentes-de-bicicleta-en-colorado-springs\/","title":{"rendered":"Abogado especializado en accidentes de bicicleta de Colorado Springs"},"content":{"rendered":"<p>\u00bfResult\u00f3 lesionado tras ser atropellado en su bicicleta? Quiz\u00e1s tenga preguntas acerca de la presentaci\u00f3n de una demanda por lesiones personales si sufri\u00f3 una lesi\u00f3n tras un accidente de bicicleta en Colorado Springs. Las lesiones por accidente de bicicleta suelen ser graves, ya que una bicicleta no es rival para un veh\u00edculo de semejante tama\u00f1o.<\/p>\n<p>Probablemente, sufri\u00f3 un dolor inmenso y perdi\u00f3 salarios debido a la lesi\u00f3n. Para colmo, es probable que tenga que hacer frente a una monta\u00f1a de facturas m\u00e9dicas. Si necesita orientaci\u00f3n legal, un <a href=\"https:\/\/www.google.com\/maps?cid=14405082340285593325\" target=\"_blank\" rel=\"noopener\">abogado especializado en accidentes de bicicleta de Colorado Springs<\/a> puede explicarle sus opciones como ciclista lesionado por un conductor negligente. Con un abogado experto en lesiones personales de su lado, se puede abordar cualquier preocupaci\u00f3n acerca de sus futuros gastos m\u00e9dicos, la protecci\u00f3n de sus derechos legales, y obtener la m\u00e1xima indemnizaci\u00f3n.<\/p>\n<h2><b>Obligaciones de Ciclistas y Automovilistas<\/b><\/h2>\n<p>Todo ciclista tiene derecho estar en condiciones seguras en cualquier v\u00eda p\u00fablica, carril para bicis o calle. Independientemente de la presencia o ausencia de carriles para bici, todos los automovilistas deben tratar a los ciclistas del mismo modo que tratar\u00edan a los conductores de veh\u00edculos de motor o motocicletas.<\/p>\n<p>Esto incluye ceder el paso cuando proceda, no seguir a los ciclistas y respetar todos los l\u00edmites de velocidad establecidos para reducir el riesgo de accidente. El n\u00facleo de la mayor\u00eda de las demandas por accidentes de bicicleta consiste en demostrar que el incumplimiento por parte del demandado de alguna de estas obligaciones provoc\u00f3 el accidente en cuesti\u00f3n.<\/p>\n<p>Sin embargo, los conductores de bicicletas tienen obligaciones similares de respetar las normas de circulaci\u00f3n. La ley estatal de Colorado exige que los ciclistas circulen con el flujo del tr\u00e1fico, se\u00f1alicen todos los giros y tomen todas las medidas adecuadas para evitar accidentes.<\/p>\n<h3><b>\u00bfQu\u00e9 es la Negligencia Comparativa Modificada?<\/b><\/h3>\n<p>Los tribunales de Colorado utilizan el modelo modificado de negligencia comparativa para evaluar las acciones de todas las personas implicadas en un accidente. Este modelo se utiliza para determinar la responsabilidad en colisiones de tr\u00e1fico. Si el tribunal determina que un ciclista es culpable de su accidente en un 50% o m\u00e1s, dicho tribunal puede denegar cualquier solicitud de indemnizaci\u00f3n de la parte perjudicada en virtud del <strong>art\u00edculo 13-21-111 de la Ley Revisada de Colorado<\/strong>.<\/p>\n<p>Sin embargo, si el ciclista lesionado tiene menos del 50% de culpa, puede ser indemnizado, pero solo en funci\u00f3n del porcentaje de culpa que comparti\u00f3 el conductor.<\/p>\n<p>Por ejemplo, si el tribunal concede una indemnizaci\u00f3n por accidente de 50.000 d\u00f3lares, pero el ciclista tiene un 10% de culpa, solo puede recibir 45.000 d\u00f3lares de esa indemnizaci\u00f3n. Los abogados especializados en accidentes de bicicleta de Colorado Springs pueden evaluar la demanda de un ciclista lesionado para identificar si la corte puede encontrar que el ciclista tiene culpa parcial para sus lesiones y c\u00f3mo esto puede afectar su remuneraci\u00f3n total.<\/p>\n<h2><b>Da\u00f1os Recuperables en Accidentes de Bicicleta de Colorado Springs<\/b><\/h2>\n<p>Si sufri\u00f3 un atropello mientras montaba en bicicleta, demostrar que un acusado es responsable de sus lesiones es solo una parte de una demanda exitosa de accidente de bicicleta en Colorado Springs. Los demandantes en estos casos tambi\u00e9n deben evaluar el impacto total del siniestro en su vida y exigir pagos adecuados por sus p\u00e9rdidas, normalmente con ayuda de un representante legal.<\/p>\n<h3>\u00bfQu\u00e9 son los Da\u00f1os Compensatorios?<\/h3>\n<p>Los da\u00f1os compensatorios -a menudo denominados \u00abda\u00f1os econ\u00f3micos\u00bb- en una demanda por lesiones personales se refieren a las p\u00e9rdidas econ\u00f3micas cuantificables que experimenta una parte lesionada tras un accidente. Suelen incluir las facturas m\u00e9dicas derivadas de las lesiones y los da\u00f1os materiales resultantes del accidente.<\/p>\n<p>Algunos ejemplos comunes de lesiones que pueden dar lugar a una demanda por accidente de bicicleta pueden ser los siguientes:<\/p>\n<ul>\n<li aria-level=\"1\">Huesos rotos.<\/li>\n<li aria-level=\"1\">Cortes y rasgu\u00f1os graves<\/li>\n<li aria-level=\"1\">Lesiones por traumatismo craneoencef\u00e1lico.<\/li>\n<li aria-level=\"1\">Lesiones cervicales<\/li>\n<li aria-level=\"1\">Salpicaduras en la carretera<\/li>\n<li aria-level=\"1\">Separaci\u00f3n de articulaciones.<\/li>\n<li aria-level=\"1\">Latigazo cervical<\/li>\n<\/ul>\n<p>Aunque los accidentes de bicicleta pueden causar da\u00f1os permanentes y potencialmente mortales, las lesiones de diversa gravedad pueden justificar una demanda por da\u00f1os personales siempre que la persona lesionada solicite atenci\u00f3n m\u00e9dica.<\/p>\n<h3>\u00bfQu\u00e9 son los Da\u00f1os No Econ\u00f3micos?<\/h3>\n<p>Aunque las p\u00e9rdidas econ\u00f3micas derivadas del tratamiento m\u00e9dico tras un accidente suelen ser los da\u00f1os m\u00e1s evidentes, muchas demandas por lesiones tras un accidente de bicicleta implican p\u00e9rdidas que van m\u00e1s all\u00e1 de las lesiones f\u00edsicas. Algunos demandantes faltan al trabajo porque sus lesiones requieren reposo en cama para recuperarse, mientras que otras v\u00edctimas pueden sufrir lesiones graves que les ocasionen una incapacidad permanente o grandes gastos en tratamientos de salud mental debido a traumas ps\u00edquicos.<\/p>\n<p>Por eso, los da\u00f1os no econ\u00f3micos concedidos tras un accidente de moto suelen incluir indemnizaciones por:<\/p>\n<ul>\n<li aria-level=\"1\">Dolor y sufrimiento<\/li>\n<li aria-level=\"1\">Angustia emocional<\/li>\n<li aria-level=\"1\">Depresi\u00f3n<\/li>\n<li aria-level=\"1\">P\u00e9rdida de ingresos actuales y futuros<\/li>\n<li aria-level=\"1\">Reducci\u00f3n de la capacidad de generar ingresos<\/li>\n<li aria-level=\"1\">P\u00e9rdida del disfrute de la vida<\/li>\n<\/ul>\n<p>Las lesiones f\u00edsicas pueden causar dolor y sufrimiento significativos, como TEPT, recuerdos u otras p\u00e9rdidas de calidad de vida tras una colisi\u00f3n. Usted merece una compensaci\u00f3n por el calvario que experiment\u00f3 y un abogado especializado en accidentes de bicicleta de Colorado Springs puede revisar su caso para determinar qu\u00e9 da\u00f1os recuperables debe perseguir de la parte culpable.<\/p>\n<h2><b>C\u00f3mo un Abogado de Accidentes de Bicicleta de Colorado Springs Puede Ayudar<\/b><\/h2>\n<p>Es casi seguro que la compa\u00f1\u00eda de seguros del conductor culpable har\u00e1 todo lo posible por reducir el importe total de la indemnizaci\u00f3n. Intentar\u00e1n que admitas parte de la culpa consiguiendo una declaraci\u00f3n grabada tuya y haci\u00e9ndote decir algo incriminatorio para desviar la culpa.<\/p>\n<p>Por ejemplo, supongamos que se produce un accidente en condiciones meteorol\u00f3gicas adversas. En ese caso, la compa\u00f1\u00eda de seguros puede alegar que usted, como ciclista, ten\u00eda la obligaci\u00f3n de evitar circular con mal tiempo o de tomar ciertas precauciones y no lo hizo. Tambi\u00e9n pueden intentar demostrar que hubo piezas de bicicleta defectuosas implicadas en la causa del accidente.<\/p>\n<p>En estas situaciones, el conductor culpable puede tratar de demostrar que la responsabilidad recae sobre usted como ciclista por el accidente, reduciendo su reclamo y la indemnizaci\u00f3n en general.<\/p>\n<p>Un abogado experto en accidentes luchar\u00e1 contra estas estrategias de defensa e investigar\u00e1 el accidente por completo:<\/p>\n<ul>\n<li aria-level=\"1\">Recopilaci\u00f3n de pruebas del accidente, como fotos y declaraciones de la polic\u00eda.<\/li>\n<li aria-level=\"1\">Solicitar una reconstrucci\u00f3n del accidente para determinar qu\u00e9 parte puede ser la culpable.<\/li>\n<li aria-level=\"1\">Obtenci\u00f3n de testimonios y declaraciones de testigos sobre los hechos del accidente<\/li>\n<\/ul>\n<p>Cuando el acusado trata de poner parte de la culpa en usted como el ciclista lesionado, un abogado especializado en accidentes de bicicleta de Colorado Springs puede ayudar a mantener la culpa donde pertenece &#8211; en los conductores negligentes. Tambi\u00e9n pueden encargarse del proceso legal por usted, como la presentaci\u00f3n de su demanda, la negociaci\u00f3n con la compa\u00f1\u00eda de seguros e ir a juicio por su caso de accidente si es necesario.<\/p>\n<h2><b>Contacte a un Abogado de Accidentes de Bicicleta de Colorado Springs<\/b><\/h2>\n<p>Los d\u00edas siguientes a un accidente de bicicleta pueden dejarte desorientado y dolorido. Aunque su preocupaci\u00f3n inmediata debe ser buscar atenci\u00f3n m\u00e9dica para las lesiones graves, tambi\u00e9n debe buscar un bufete de abogados que pueda proporcionarle asistencia jur\u00eddica para presentar una demanda civil. Un abogado especializado en accidentes de bicicleta de Colorado Springs puede ayudarle a resolver su caso y exigir una indemnizaci\u00f3n justa al seguro del conductor negligente por sus lesiones. D\u00e9 un paso hacia la protecci\u00f3n de su futuro y <a href=\"https:\/\/springslawgroup.com\/es\/contacto\/\">p\u00f3ngase en contacto con nosotros hoy mismo<\/a>.<\/p>\n<h2><b>FAQ: Accidentes de Bicicleta en Colorado Springs<\/b><\/h2>\n<p><b>\u00bfQu\u00e9 hacer si alguien choca tu bicicleta?<\/b><\/p>\n<p>Si sus lesiones tras un accidente de bicicleta no ponen en peligro su vida, aseg\u00farese de seguir estos pasos para que su demanda al seguro sea s\u00f3lida:<\/p>\n<ul>\n<li aria-level=\"1\">Llame a la polic\u00eda para presentar un reporte del accidente<\/li>\n<li aria-level=\"1\">Tome fotos del lugar del accidente (da\u00f1os en el veh\u00edculo del conductor, da\u00f1os en su bicicleta y cualquier otra prueba como marcas de derrape o escombros).<\/li>\n<li aria-level=\"1\">Tome fotos de sus lesiones<\/li>\n<li aria-level=\"1\">Obtenga los datos del seguro del conductor<\/li>\n<li aria-level=\"1\">Pida a los posibles testigos que declaren y sus datos de contacto<\/li>\n<\/ul>\n<p>Tras sufrir un accidente de bicicleta, lo m\u00e1s importante que puede hacer es buscar tratamiento m\u00e9dico de urgencia y continuar su tratamiento hasta que haya alcanzado la m\u00e1xima mejor\u00eda m\u00e9dica.<\/p>\n<p><b>\u00bfCu\u00e1les son las principales causas de accidentes de bicicleta en Colorado Springs?<\/b><\/p>\n<p>Los accidentes de bicicleta ocurren por todo tipo de razones, pero algunas causas son m\u00e1s comunes que la mayor\u00eda:<\/p>\n<ul>\n<li aria-level=\"1\">Conductores o ciclistas distra\u00eddos.<\/li>\n<li aria-level=\"1\">Conductores o ciclistas ebrios o intoxicados.<\/li>\n<li aria-level=\"1\">Conductores que no visualizan a la persona en bicicleta antes de girar o cambiar de carril.<\/li>\n<li aria-level=\"1\">Conductores que realizan giros en U inseguros.<\/li>\n<li aria-level=\"1\">Conductores que no ceden el paso a los ciclistas.<\/li>\n<li aria-level=\"1\">Conductor de veh\u00edculos aparcados que abren la puerta sin comprobar si hay ciclistas en sentido contrario.<\/li>\n<\/ul>\n<p><b>\u00bfCu\u00e1nto tiempo despu\u00e9s de un accidente se puede reclamar una indemnizaci\u00f3n?<\/b><\/p>\n<p>Para cualquier reclamo por lesiones personales en Colorado, incluidos los accidentes de bicicleta, la parte lesionada tiene dos a\u00f1os a partir de la fecha del accidente para presentar una demanda al seguro o una demanda por lesiones personales. Esto se denomina \u00abprescripci\u00f3n\u00bb y no se puede reclamar indemnizaci\u00f3n alguna una vez transcurridos los dos a\u00f1os.<\/p>\n<p><script type=\"application\/ld+json\">\n{\n  \"@context\": \"https:\/\/schema.org\",\n  \"@type\": \"FAQPage\",\n  \"mainEntity\": [{\n    \"@type\": \"Question\",\n    \"name\": \"What do you do if someone hits your bike?\",\n    \"acceptedAnswer\": {\n      \"@type\": \"Answer\",\n      \"text\": \"If your injuries following a bicycle accident are not life-threatening, be sure to follow these steps to ensure your insurance claim is solid:\nCall the police to file an accident report\nTake photos of the accident scene (damage to the driver's vehicle, damage to your bicycle, and any other evidence like skid marks or debris)\nTake photos of your injuries\nGet the driver's insurance information\nAsk potential witnesses for statements and their contact information<\/p>\n<p>After being hit by a motor vehicle while on your bike, the most important thing you can do is seek emergency medical treatment and continue your treatment until you've reached maximum medical improvement.\"\n    }\n  },{\n    \"@type\": \"Question\",\n    \"name\": \"What are the leading causes of bicycle accidents in Colorado Springs?\",\n    \"acceptedAnswer\": {\n      \"@type\": \"Answer\",\n      \"text\": \"Bicycle accidents happen for all sorts of reasons, but some causes are more common than most:\nDistracted drivers or bicyclists\nImpaired drivers or bicyclists\nThe driver doesn't see a person on a bike before turning or changing lanes\nThe driver makes improper turns\nThe driver fails to yield the right-of-way to bicyclists\nThe driver in a parked car opens their door without checking for oncoming cyclists\"\n    }\n  },{\n    \"@type\": \"Question\",\n    \"name\": \"How long after an accident can you claim compensation?\",\n    \"acceptedAnswer\": {\n      \"@type\": \"Answer\",\n      \"text\": \"For any Colorado personal injury claim\u2014including bicycle accidents\u2014an injured party has two years from the accident date to file an insurance claim or lawsuit. This is called a \\\"statute of limitations,\\\" and no damages can be sought once the two years have expired.\"\n    }\n  }]\n}\n<\/script><\/p>\n","protected":false},"excerpt":{"rendered":"<p>\u00bfResult\u00f3 lesionado tras ser atropellado en su bicicleta? Quiz\u00e1s tenga preguntas acerca de la presentaci\u00f3n de una demanda por lesiones&nbsp;<a class=\"moretag\" href=\"https:\/\/springslawgroup.com\/es\/abogado-de-accidentes-de-bicicleta-en-colorado-springs\/\"> Read More&#8230;<\/a><\/p>\n","protected":false},"author":32,"featured_media":0,"parent":0,"menu_order":0,"comment_status":"closed","ping_status":"closed","template":"landingpage.php","meta":{"_acf_changed":false,"inline_featured_image":false,"footnotes":""},"categories":[],"tags":[],"class_list":["post-16681","page","type-page","status-publish","hentry"],"acf":{"key_takeaways":null,"_litigation_personal_injury_contents_new":{"_litigation_personal_injury_title_new":"","_litigation_personal_injury_discription_new":"","_litigation_personal_injury_discription_new_copy":"","_litigation_video_url_new":"","add_button":""},"_header_sub_header_content_new":null,"_litigation_frequently_asked_questions_new":null,"lawsuit_updates":null,"_litigation_related_posts_relation":null,"acf-references":""},"_links":{"self":[{"href":"https:\/\/springslawgroup.com\/es\/wp-json\/wp\/v2\/pages\/16681","targetHints":{"allow":["GET"]}}],"collection":[{"href":"https:\/\/springslawgroup.com\/es\/wp-json\/wp\/v2\/pages"}],"about":[{"href":"https:\/\/springslawgroup.com\/es\/wp-json\/wp\/v2\/types\/page"}],"author":[{"embeddable":true,"href":"https:\/\/springslawgroup.com\/es\/wp-json\/wp\/v2\/users\/32"}],"replies":[{"embeddable":true,"href":"https:\/\/springslawgroup.com\/es\/wp-json\/wp\/v2\/comments?post=16681"}],"version-history":[{"count":9,"href":"https:\/\/springslawgroup.com\/es\/wp-json\/wp\/v2\/pages\/16681\/revisions"}],"predecessor-version":[{"id":17780,"href":"https:\/\/springslawgroup.com\/es\/wp-json\/wp\/v2\/pages\/16681\/revisions\/17780"}],"wp:attachment":[{"href":"https:\/\/springslawgroup.com\/es\/wp-json\/wp\/v2\/media?parent=16681"}],"wp:term":[{"taxonomy":"category","embeddable":true,"href":"https:\/\/springslawgroup.com\/es\/wp-json\/wp\/v2\/categories?post=16681"},{"taxonomy":"post_tag","embeddable":true,"href":"https:\/\/springslawgroup.com\/es\/wp-json\/wp\/v2\/tags?post=16681"}],"curies":[{"name":"wp","href":"https:\/\/api.w.org\/{rel}","templated":true}]}}