{"id":16591,"date":"2019-12-13T17:27:47","date_gmt":"2019-12-14T00:27:47","guid":{"rendered":"https:\/\/springs.flywheelstaging.com\/abogado-de-lesiones-catastroficas-de-pueblo\/"},"modified":"2023-09-01T07:11:40","modified_gmt":"2023-09-01T14:11:40","slug":"abogado-de-lesiones-catastroficas-de-pueblo","status":"publish","type":"page","link":"https:\/\/springslawgroup.com\/es\/pueblo-abogado-de-lesiones-personales\/abogado-de-lesiones-catastroficas-de-pueblo\/","title":{"rendered":"Abogado especializado en lesiones catastr\u00f3ficas"},"content":{"rendered":"<p>Una lesi\u00f3n catastr\u00f3fica puede dejar a alguien incapacitado durante un largo periodo o, en caso m\u00e1s graves, de forma permanente. Dado que estas lesiones son tan devastadoras, pueden afectar a muchos aspectos de la vida de una persona, as\u00ed como a la de sus seres queridos.<\/p>\n<p>Si sufri\u00f3 una lesi\u00f3n grave debido a las acciones negligentes de otra persona, debe buscar la orientaci\u00f3n legal de un abogado especializado en lesiones catastr\u00f3ficas. Un <a href=\"https:\/\/springslawgroup.com\/es\/pueblo-abogado-de-lesiones-personales\/\">abogado experto en lesiones personales<\/a> podr\u00eda revisar su caso, ayudarle a planificar el camino a seguir y apoyarle durante todo el proceso.<\/p>\n<h2>\u00bfQu\u00e9 es una lesi\u00f3n catastr\u00f3fica?<\/h2>\n<p>Las lesiones catastr\u00f3ficas suelen ser m\u00e1s graves en el sentido de que pueden afectar a la vida de una persona durante mucho tiempo. Estas lesiones suelen ser las que impiden de forma permanente que alguien vuelva a trabajar o que pueda buscar un empleo remunerado. Adem\u00e1s, estas formas de lesiones corporales pueden ser lo suficientemente graves como para que una persona ya no pueda valerse por s\u00ed misma.<\/p>\n<p>La ley permite a las personas que sufren una lesi\u00f3n o enfermedad interponer una demanda por lesiones personales contra el presunto demandado y reclamar da\u00f1os y perjuicios por sus p\u00e9rdidas. En los casos de lesiones catastr\u00f3ficas, las p\u00e9rdidas que alguien sufre pueden ser tan graves que estas situaciones a menudo se desarrollan de manera diferente a otras, especialmente en t\u00e9rminos de da\u00f1os y perjuicios.<\/p>\n<p>En Pueblo, un abogado puede revisar un caso de lesiones catastr\u00f3ficas y determinar cu\u00e1nto en da\u00f1os y perjuicios un demandante tendr\u00eda derecho a reclamar seg\u00fan la gravedad de su caso.<br \/>\nAlgunas de las caracter\u00edsticas que pueden determinar los da\u00f1os en un caso pueden ser las siguientes:<\/p>\n<ul>\n<li>La permanencia de las lesiones.<\/li>\n<li>La duraci\u00f3n del tratamiento y el tiempo de recuperaci\u00f3n.<\/li>\n<li>La p\u00e9rdida permanente de calidad de vida.<\/li>\n<li>El alcance del tratamiento m\u00e9dico, las intervenciones quir\u00fargicas y la rehabilitaci\u00f3n.<\/li>\n<li>La necesidad de asistencia domiciliaria o de cuidados de larga duraci\u00f3n.<\/li>\n<\/ul>\n<h2>Indemnizaci\u00f3n de da\u00f1os y perjuicios<\/h2>\n<p>Debido a la gravedad de las lesiones catastr\u00f3ficas, los da\u00f1os y perjuicios son a menudo un elemento clave en el proceso de demanda. En algunos casos, un tribunal puede separar un juicio en dos, lo que tambi\u00e9n se conoce como juicio bifurcado. Un juicio puede fijarse para determinar la responsabilidad y el otro para evaluar los da\u00f1os.<\/p>\n<p>En los casos de lesiones catastr\u00f3ficas en Pueblo, un abogado puede solicitar tanto da\u00f1os econ\u00f3micos como no econ\u00f3micos en nombre de un demandante lesionado. Los da\u00f1os econ\u00f3micos compensan a los demandantes por gastos monetarios como facturas m\u00e9dicas, gastos extra y salarios perdidos.<\/p>\n<p>Alternativamente, el tribunal basa los da\u00f1os no econ\u00f3micos en las p\u00e9rdidas emocionales del demandante, como el dolor y el sufrimiento y la p\u00e9rdida del disfrute de la vida. Dado que los da\u00f1os no econ\u00f3micos pueden ser muy subjetivos y basarse en la gravedad de la lesi\u00f3n, en estos casos suelen concederse indemnizaciones m\u00e1s elevadas. Contacte a un <a href=\"\/\">abogado especializado<\/a> para que le ayude a recuperar los da\u00f1os sufridos.<\/p>\n<h2>Hable con un abogado especializado en lesiones catastr\u00f3ficas de Pueblo<\/h2>\n<p>El dolor que se sufre por una lesi\u00f3n catastr\u00f3fica es dif\u00edcil de expresar con palabras. Un acontecimiento que altera la vida puede ser dif\u00edcil de sobrellevar sin ayuda, sobre todo si hay que enfrentarse a problemas legales.<\/p>\n<p>Por suerte, un abogado especializado en lesiones catastr\u00f3ficas de Pueblo podr\u00eda ayudarle y convertirse en su defensor legal durante este dif\u00edcil proceso. Adem\u00e1s, un profesional del derecho podr\u00eda ayudarle a construir un caso para la recuperaci\u00f3n legal y defender sus derechos frente a quienes le perjudicaron. Llame hoy mismo a nuestro estudio e iniciar su reclamo de indemnizaci\u00f3n.<\/p>\n","protected":false},"excerpt":{"rendered":"<p>Una lesi\u00f3n catastr\u00f3fica puede dejar a alguien incapacitado durante un largo periodo o, en caso m\u00e1s graves, de forma permanente.&nbsp;<a class=\"moretag\" href=\"https:\/\/springslawgroup.com\/es\/pueblo-abogado-de-lesiones-personales\/abogado-de-lesiones-catastroficas-de-pueblo\/\"> Read More&#8230;<\/a><\/p>\n","protected":false},"author":32,"featured_media":0,"parent":16691,"menu_order":0,"comment_status":"closed","ping_status":"closed","template":"landingpage.php","meta":{"_acf_changed":false,"inline_featured_image":false,"footnotes":""},"categories":[],"tags":[],"class_list":["post-16591","page","type-page","status-publish","hentry"],"acf":{"key_takeaways":null,"_litigation_personal_injury_contents_new":{"_litigation_personal_injury_title_new":"","_litigation_personal_injury_discription_new":"","_litigation_personal_injury_discription_new_copy":"","_litigation_video_url_new":"","add_button":false},"_header_sub_header_content_new":null,"_litigation_frequently_asked_questions_new":null,"lawsuit_updates":null,"_litigation_related_posts_relation":null,"acf-references":""},"_links":{"self":[{"href":"https:\/\/springslawgroup.com\/es\/wp-json\/wp\/v2\/pages\/16591","targetHints":{"allow":["GET"]}}],"collection":[{"href":"https:\/\/springslawgroup.com\/es\/wp-json\/wp\/v2\/pages"}],"about":[{"href":"https:\/\/springslawgroup.com\/es\/wp-json\/wp\/v2\/types\/page"}],"author":[{"embeddable":true,"href":"https:\/\/springslawgroup.com\/es\/wp-json\/wp\/v2\/users\/32"}],"replies":[{"embeddable":true,"href":"https:\/\/springslawgroup.com\/es\/wp-json\/wp\/v2\/comments?post=16591"}],"version-history":[{"count":2,"href":"https:\/\/springslawgroup.com\/es\/wp-json\/wp\/v2\/pages\/16591\/revisions"}],"predecessor-version":[{"id":17170,"href":"https:\/\/springslawgroup.com\/es\/wp-json\/wp\/v2\/pages\/16591\/revisions\/17170"}],"up":[{"embeddable":true,"href":"https:\/\/springslawgroup.com\/es\/wp-json\/wp\/v2\/pages\/16691"}],"wp:attachment":[{"href":"https:\/\/springslawgroup.com\/es\/wp-json\/wp\/v2\/media?parent=16591"}],"wp:term":[{"taxonomy":"category","embeddable":true,"href":"https:\/\/springslawgroup.com\/es\/wp-json\/wp\/v2\/categories?post=16591"},{"taxonomy":"post_tag","embeddable":true,"href":"https:\/\/springslawgroup.com\/es\/wp-json\/wp\/v2\/tags?post=16591"}],"curies":[{"name":"wp","href":"https:\/\/api.w.org\/{rel}","templated":true}]}}