{"id":16590,"date":"2019-10-03T16:58:34","date_gmt":"2019-10-03T23:58:34","guid":{"rendered":"https:\/\/springs.flywheelstaging.com\/pueblo-abogado-de-accidente-de-autobus\/"},"modified":"2023-09-01T07:11:00","modified_gmt":"2023-09-01T14:11:00","slug":"pueblo-abogado-de-accidente-de-autobus","status":"publish","type":"page","link":"https:\/\/springslawgroup.com\/es\/pueblo-abogado-de-lesiones-personales\/pueblo-abogado-de-accidente-de-autobus\/","title":{"rendered":"Pueblo Abogado de Accidente de Autob\u00fas"},"content":{"rendered":"<p>Un accidente de autob\u00fas puede tener efectos devastadores para todos los implicados. Los pasajeros, peatones y otros conductores en la colisi\u00f3n podr\u00edan sufrir lesiones graves por este tipo de accidente. Dado el tama\u00f1o de un autob\u00fas comercial, la fuerza que genera puede ser destructiva para cualquier otra persona que circule por la carretera.<\/p>\n<p>Si ha sufrido lesiones en un accidente de autob\u00fas, puede tener derecho a una indemnizaci\u00f3n monetaria por sus lesiones. Un <a href=\"https:\/\/springslawgroup.com\/es\/pueblo-abogado-de-lesiones-personales\/\">abogado experto en lesiones personales<\/a> podr\u00eda evaluar su caso y determinar si tiene una reclamaci\u00f3n viable. M\u00e1s importante a\u00fan, un abogado de accidentes de autob\u00fas Pueblo podr\u00eda manejar cualquier desaf\u00edo legal que pueda enfrentar mientras se centra en su recuperaci\u00f3n.<\/p>\n<h2>Posibles fuentes de compensaci\u00f3n<\/h2>\n<p>El objetivo final de un abogado de accidente de autob\u00fas Pueblo es recuperar la compensaci\u00f3n monetaria en nombre de una parte lesionada. Dependiendo de las circunstancias de un accidente, puede haber m\u00faltiples fuentes potenciales de indemnizaci\u00f3n.<\/p>\n<h3>Conductores<\/h3>\n<p>Algunos accidentes de autob\u00fas se deben a la negligencia del conductor. Los conductores de veh\u00edculos comerciales pueden provocar una colisi\u00f3n peligrosa al incumplir las normas de circulaci\u00f3n. Todo, desde el exceso de velocidad hasta no ceder el paso, puede dar lugar a una reclamaci\u00f3n viable por da\u00f1os y perjuicios.<\/p>\n<h3>Propietarios<\/h3>\n<p>En muchos casos, el propietario del autob\u00fas tambi\u00e9n puede ser responsable en caso de accidente. Si el conductor conduc\u00eda en el ejercicio de sus funciones profesionales en el momento de la colisi\u00f3n, el perjudicado puede demandar tanto al conductor como al propietario.<\/p>\n<p>Un demandante podr\u00eda reclamar al propietario da\u00f1os y perjuicios por su negligencia. Las empresas de autobuses tienen la obligaci\u00f3n de mantener sus veh\u00edculos en condiciones de funcionamiento seguras. Si una empresa es negligente en sus pr\u00e1cticas de contrataci\u00f3n o en el mantenimiento de sus veh\u00edculos, podr\u00eda incurrir en responsabilidad por los da\u00f1os resultantes.<\/p>\n<h3>Fabricantes<\/h3>\n<p>Es posible que algunos accidentes no se deban a la negligencia del conductor. En cambio, si una pieza del autob\u00fas es defectuosa, puede producirse un accidente a pesar de que el conductor maneje el veh\u00edculo. Algunos defectos comunes pueden incluir problemas con los frenos, los neum\u00e1ticos o la transmisi\u00f3n.<\/p>\n<h3>Gobierno estatal o local<\/h3>\n<p>Unas carreteras mal dise\u00f1adas o mantenidas pueden provocar que un conductor de autob\u00fas sufra un accidente. Si una carretera es insegura, el gobierno local responsable de su mantenimiento y podr\u00eda enfrentarse a la responsabilidad por cualquier da\u00f1o que se produzca como resultado de carreteras mal mantenidas. Adem\u00e1s, si una persona se ve implicada en un accidente con un autob\u00fas p\u00fablico, el demandado en esta reclamaci\u00f3n podr\u00eda ser un organismo de la administraci\u00f3n local. Un <a href=\"\/\">abogado experimentado<\/a> puede ayudar a una persona lesionada a presentar una demanda y reclamar da\u00f1os y perjuicios a la parte culpable.<\/p>\n<h2>Plazo para presentar una demanda<\/h2>\n<p>La ley de prescripci\u00f3n establece un plazo para presentar una demanda civil. Para presentar una demanda por accidente de autob\u00fas, el perjudicado dispone de dos a\u00f1os a partir de la fecha del accidente. Si un demandante no cumple este plazo, puede perder la oportunidad de cobrar cualquier indemnizaci\u00f3n. Un abogado de accidentes de autob\u00fas en Pueblo podr\u00eda trabajar para asegurar que un demandante cumpla con todos los plazos legales.<\/p>\n<h2>P\u00f3ngase en contacto con un abogado de accidentes de autob\u00fas Pueblo<\/h2>\n<p>Si usted sufri\u00f3 lesiones en un accidente de un autob\u00fas comercial o de transporte p\u00fablico, consulte con un abogado. Un abogado de accidentes de autob\u00fas de Pueblo podr\u00eda guiarle a trav\u00e9s del proceso de litigio y ayudarle a reclamar da\u00f1os y perjuicios. Si usted est\u00e1 listo para seguir adelante con su reclamo, programe la evaluaci\u00f3n de su caso hoy.<\/p>\n","protected":false},"excerpt":{"rendered":"<p>Un accidente de autob\u00fas puede tener efectos devastadores para todos los implicados. Los pasajeros, peatones y otros conductores en la&nbsp;<a class=\"moretag\" href=\"https:\/\/springslawgroup.com\/es\/pueblo-abogado-de-lesiones-personales\/pueblo-abogado-de-accidente-de-autobus\/\"> Read More&#8230;<\/a><\/p>\n","protected":false},"author":32,"featured_media":0,"parent":16691,"menu_order":0,"comment_status":"closed","ping_status":"closed","template":"landingpage.php","meta":{"_acf_changed":false,"inline_featured_image":false,"footnotes":""},"categories":[],"tags":[],"class_list":["post-16590","page","type-page","status-publish","hentry"],"acf":{"key_takeaways":null,"_litigation_personal_injury_contents_new":{"_litigation_personal_injury_title_new":"","_litigation_personal_injury_discription_new":"","_litigation_personal_injury_discription_new_copy":"","_litigation_video_url_new":"","add_button":false},"_header_sub_header_content_new":null,"_litigation_frequently_asked_questions_new":null,"lawsuit_updates":null,"_litigation_related_posts_relation":null,"acf-references":""},"_links":{"self":[{"href":"https:\/\/springslawgroup.com\/es\/wp-json\/wp\/v2\/pages\/16590","targetHints":{"allow":["GET"]}}],"collection":[{"href":"https:\/\/springslawgroup.com\/es\/wp-json\/wp\/v2\/pages"}],"about":[{"href":"https:\/\/springslawgroup.com\/es\/wp-json\/wp\/v2\/types\/page"}],"author":[{"embeddable":true,"href":"https:\/\/springslawgroup.com\/es\/wp-json\/wp\/v2\/users\/32"}],"replies":[{"embeddable":true,"href":"https:\/\/springslawgroup.com\/es\/wp-json\/wp\/v2\/comments?post=16590"}],"version-history":[{"count":1,"href":"https:\/\/springslawgroup.com\/es\/wp-json\/wp\/v2\/pages\/16590\/revisions"}],"predecessor-version":[{"id":17030,"href":"https:\/\/springslawgroup.com\/es\/wp-json\/wp\/v2\/pages\/16590\/revisions\/17030"}],"up":[{"embeddable":true,"href":"https:\/\/springslawgroup.com\/es\/wp-json\/wp\/v2\/pages\/16691"}],"wp:attachment":[{"href":"https:\/\/springslawgroup.com\/es\/wp-json\/wp\/v2\/media?parent=16590"}],"wp:term":[{"taxonomy":"category","embeddable":true,"href":"https:\/\/springslawgroup.com\/es\/wp-json\/wp\/v2\/categories?post=16590"},{"taxonomy":"post_tag","embeddable":true,"href":"https:\/\/springslawgroup.com\/es\/wp-json\/wp\/v2\/tags?post=16590"}],"curies":[{"name":"wp","href":"https:\/\/api.w.org\/{rel}","templated":true}]}}