{"id":16399,"date":"2020-01-30T14:26:46","date_gmt":"2020-01-30T21:26:46","guid":{"rendered":"https:\/\/springs.flywheelstaging.com\/reclamaciones-de-seguros-tras-accidentes-de-moto-en-colorado-springs\/"},"modified":"2023-09-01T07:06:13","modified_gmt":"2023-09-01T14:06:13","slug":"reclamaciones-de-seguros-tras-accidentes-de-moto-en-colorado-springs","status":"publish","type":"page","link":"https:\/\/springslawgroup.com\/es\/colorado-springs-abogado-de-accidente-de-motocicleta\/reclamaciones-de-seguros-tras-accidentes-de-moto-en-colorado-springs\/","title":{"rendered":"Reclamos al Seguro tras Accidentes de Moto en Colorado Springs"},"content":{"rendered":"<p>El seguro obligatorio es de 25.000$ por persona y 50.000$ por accidente en concepto de responsabilidad civil. Por desgracia, no todo el mundo cumple estos m\u00ednimos porque no puede permit\u00edrselo. Esto puede hacer que la b\u00fasqueda de demandas al seguro despu\u00e9s de un accidente de motocicleta en Colorado Springs sea a\u00fan m\u00e1s dif\u00edcil. Afortunadamente, nuestro equipo de <a href=\"https:\/\/springslawgroup.com\/es\/colorado-springs-abogado-de-accidente-de-motocicleta\/\">abogados<\/a> puede ayudarle.<\/p>\n<h2>\u00bfCu\u00e1ndo Debe Alguien Hacer su Demanda al Seguro en Colorado Springs?<\/h2>\n<p>En Colorado Springs, una persona debe reportar un accidente de motocicleta a su proveedor de seguros tan pronto como la investigaci\u00f3n policial se ha completado y es f\u00edsicamente capaz de hacerlo. Si una persona queda ingresada en un hospital, debe presentar un reclamo lo antes posible para que su compa\u00f1\u00eda de seguros y el seguro culpable puedan iniciar la investigaci\u00f3n.<\/p>\n<p>Existen normas en la propia p\u00f3liza de seguro sobre cu\u00e1ndo se debe dar parte de un accidente, por lo que es mejor no retrasarlo a menos que no sea posible debido a su salud o estado. Es importante se\u00f1alar que una persona debe ponerse en contacto con un abogado antes de hablar con cualquier proveedor de seguros.<\/p>\n<h2>Casos en los que No se Dispone de Seguro<\/h2>\n<p>Si una persona ha causado un accidente y no tiene seguro, debe ponerse en contacto con un abogado, sobre todo si ha causado muchos da\u00f1os a la otra persona, ya que puede esperar que \u00e9sta presente una demanda contra ella.<\/p>\n<p>Si alguien es la parte lesionada, y no tienen seguro, entonces lo mejor es ponerse en contacto con un abogado porque su \u00fanica fuente de recuperaci\u00f3n puede ser de la parte demandada. Como esta persona no tiene un seguro que le ayude, es posible que quiera asegurarse de que su reclamo contra la parte culpable se tramite correctamente.<\/p>\n<p>La falta de seguro hace una gran diferencia en un caso de accidente de motocicleta en Colorado Springs. Si no hay seguro disponible, la mayor\u00eda de los individuos que causan accidentes no son el tipo de personas que tienen millones en su cuenta bancaria listos para pagar a alguien si le hacen da\u00f1o.<\/p>\n<p>Suele tratarse de personas que no pueden permitirse un seguro. Por lo tanto, si no pueden permitirse una prima mensual de seguro, no pueden permitirse pagar las facturas m\u00e9dicas de alguien. La falta de seguro supone una gran diferencia en t\u00e9rminos de tratamiento y opciones del demandante. Si no hay seguro disponible para pagar la lesi\u00f3n de alguien, entonces necesitan encontrar una manera de pagar su tratamiento que no vaya a enviarles a la quiebra.<\/p>\n<p>Una de las principales causas de quiebra son los gastos m\u00e9dicos, por lo que si alguien recibe tratamiento m\u00e9dico al azar y no hay seguro que lo cubra, habr\u00e1 que pagarlo de alguna manera. Por esa raz\u00f3n, un demandante debe ponerse en contacto con un abogado con experiencia que pueda ayudarle a navegar por el proceso y aconsejarle sobre qu\u00e9 hacer si no hay seguro disponible por parte del conductor culpable. Puede haber otras v\u00edas para obtener tratamiento a trav\u00e9s del propio seguro, incluso si el conductor culpable no tiene seguro.<\/p>\n<h2>P\u00f3ngase en contacto con un abogado de Colorado Springs para obtener ayuda con las demandas al seguro despu\u00e9s de un accidente de motocicleta<\/h2>\n<p>Una de las principales formas de obtener una indemnizaci\u00f3n tras un accidente de moto es a trav\u00e9s del seguro. Sin embargo, este proceso puede resultar dif\u00edcil para algunas partes. Para obtener ayuda persiguiendo las demandas al seguro despu\u00e9s de un accidente de motocicleta en Colorado Springs, contacte a nuestros abogados experimentados hoy.<\/p>\n","protected":false},"excerpt":{"rendered":"<p>El seguro obligatorio es de 25.000$ por persona y 50.000$ por accidente en concepto de responsabilidad civil. Por desgracia, no&nbsp;<a class=\"moretag\" href=\"https:\/\/springslawgroup.com\/es\/colorado-springs-abogado-de-accidente-de-motocicleta\/reclamaciones-de-seguros-tras-accidentes-de-moto-en-colorado-springs\/\"> Read More&#8230;<\/a><\/p>\n","protected":false},"author":32,"featured_media":0,"parent":16695,"menu_order":0,"comment_status":"closed","ping_status":"closed","template":"landingpage.php","meta":{"_acf_changed":false,"inline_featured_image":false,"footnotes":""},"categories":[],"tags":[],"class_list":["post-16399","page","type-page","status-publish","hentry"],"acf":{"key_takeaways":null,"_litigation_personal_injury_contents_new":{"_litigation_personal_injury_title_new":"","_litigation_personal_injury_discription_new":"","_litigation_personal_injury_discription_new_copy":"","_litigation_video_url_new":"","add_button":false},"_header_sub_header_content_new":null,"_litigation_frequently_asked_questions_new":null,"lawsuit_updates":null,"_litigation_related_posts_relation":null,"acf-references":""},"_links":{"self":[{"href":"https:\/\/springslawgroup.com\/es\/wp-json\/wp\/v2\/pages\/16399","targetHints":{"allow":["GET"]}}],"collection":[{"href":"https:\/\/springslawgroup.com\/es\/wp-json\/wp\/v2\/pages"}],"about":[{"href":"https:\/\/springslawgroup.com\/es\/wp-json\/wp\/v2\/types\/page"}],"author":[{"embeddable":true,"href":"https:\/\/springslawgroup.com\/es\/wp-json\/wp\/v2\/users\/32"}],"replies":[{"embeddable":true,"href":"https:\/\/springslawgroup.com\/es\/wp-json\/wp\/v2\/comments?post=16399"}],"version-history":[{"count":2,"href":"https:\/\/springslawgroup.com\/es\/wp-json\/wp\/v2\/pages\/16399\/revisions"}],"predecessor-version":[{"id":17700,"href":"https:\/\/springslawgroup.com\/es\/wp-json\/wp\/v2\/pages\/16399\/revisions\/17700"}],"up":[{"embeddable":true,"href":"https:\/\/springslawgroup.com\/es\/wp-json\/wp\/v2\/pages\/16695"}],"wp:attachment":[{"href":"https:\/\/springslawgroup.com\/es\/wp-json\/wp\/v2\/media?parent=16399"}],"wp:term":[{"taxonomy":"category","embeddable":true,"href":"https:\/\/springslawgroup.com\/es\/wp-json\/wp\/v2\/categories?post=16399"},{"taxonomy":"post_tag","embeddable":true,"href":"https:\/\/springslawgroup.com\/es\/wp-json\/wp\/v2\/tags?post=16399"}],"curies":[{"name":"wp","href":"https:\/\/api.w.org\/{rel}","templated":true}]}}