{"id":16398,"date":"2020-01-23T13:39:42","date_gmt":"2020-01-23T20:39:42","guid":{"rendered":"https:\/\/springs.flywheelstaging.com\/accidentes-de-trafico-en-monument-causados-por-enviar-mensajes-de-texto-y-conducir\/"},"modified":"2023-10-20T14:10:29","modified_gmt":"2023-10-20T21:10:29","slug":"accidentes-de-trafico-en-monument-causados-por-enviar-mensajes-de-texto-y-conducir","status":"publish","type":"page","link":"https:\/\/springslawgroup.com\/es\/monument-lesiones-personales\/abogado-de-accidentes-de-coche-en-monument\/accidentes-de-trafico-en-monument-causados-por-enviar-mensajes-de-texto-y-conducir\/","title":{"rendered":"Accidentes de Tr\u00e1fico en Monument Causados por Enviar Mensajes de Texto y Conducir"},"content":{"rendered":"<p>A pesar de que los automovilistas de Colorado tienen prohibido por ley enviar mensajes de texto mientras conducen, siguen utilizando sus tel\u00e9fonos mientras est\u00e1n al volante, poniendo potencialmente a otros conductores en riesgo. Si usted estuvo involucrado en un accidente de coche en Monumento causado por enviar mensajes de texto y conducir, debe hablar con un abogado que podr\u00eda ayudarle a mantener este automovilista negligente legalmente responsable.<\/p>\n<p>Un abogado especializado en accidentes de tr\u00e1fico podr\u00eda revisar el informe del accidente y otras pruebas pertinentes para construir un caso s\u00f3lido de da\u00f1os y perjuicios en su nombre. Adem\u00e1s, un <a href=\"https:\/\/springslawgroup.com\/es\/monument-lesiones-personales\/abogado-de-accidentes-de-coche-en-monument\/\">abogado especializado en accidentes de<\/a> tr\u00e1fico puede ayudarle a comprender mejor los derechos que le otorga la ley y explicarle a qu\u00e9 indemnizaci\u00f3n puede optar.<\/p>\n<h2>Leyes sobre Textear Mientras se Conduce en Monument<\/h2>\n<p>Excepto en casos de emergencia, enviar mensajes de texto u otras formas de comunicaci\u00f3n mientras los conductores est\u00e1n al volante est\u00e1 estrictamente prohibido en el estado de Colorado. Una citaci\u00f3n por enviar mensajes de texto y conducir se clasifica normalmente como un delito menor de clase 2, con una multa est\u00e1ndar de $ 300.<\/p>\n<p>Sin embargo, si la conducci\u00f3n distra\u00edda del presunto delincuente inflige lesiones o da\u00f1os mortales a otra persona, el delito se elevar\u00eda a un delito menor de clase 1. Estos delitos est\u00e1n sujetos a penas m\u00e1s severas, incluida una multa m\u00e1xima de 1.000 d\u00f3lares y hasta 12 meses de prisi\u00f3n.<\/p>\n<p>Vale la pena se\u00f1alar, sin embargo, que para que la polic\u00eda emita una citaci\u00f3n a un conductor por enviar mensajes de texto al volante, el automovilista debe haber estado operando el veh\u00edculo con negligencia o imprudencia. Si la polic\u00eda mult\u00f3 al conductor culpable, el abogado del caso de accidente de coche de Monument podr\u00eda utilizarlo como prueba de responsabilidad.<\/p>\n<h2>\u00bfQu\u00e9 Tipo de Lesiones Puede Causar un Conductor que Env\u00eda Mensajes de Texto?<\/h2>\n<p>Cuando un automovilista aparta los ojos de la carretera para mirar su dispositivo m\u00f3vil, unos segundos de distracci\u00f3n pueden provocar un accidente grave. Dependiendo del punto de impacto, los implicados pueden sufrir da\u00f1os f\u00edsicos graves e incluso permanentes, adem\u00e1s de da\u00f1os materiales.<\/p>\n<p>Las lesiones causadas por un accidente en el que se env\u00edan mensajes de texto mientras se conduce pueden incluir huesos rotos o fracturados, conmociones cerebrales, latigazo cervical, da\u00f1os en la m\u00e9dula espinal, cicatrices y desfiguraci\u00f3n. Tambi\u00e9n pueden producirse quemaduras graves, lesiones en el cuello o la espalda y amputaciones por culpa de un motorista que env\u00eda mensajes de texto y conduce. En general, los accidentes de coche causados por conductores que env\u00edan mensajes de texto mientras conducen pueden provocar da\u00f1os graves y costosos. Por lo tanto, alguien que se ve involucrado en un accidente de este tipo debe ponerse en contacto con un abogado de inmediato.<\/p>\n<h2>Estatuto de Limitaciones en Monument<\/h2>\n<p>El <a href=\"https:\/\/advance.lexis.com\/documentpage\/?pdmfid=1000516&amp;crid=6c6e6c56-a61a-47d2-85e3-f8da66180245&amp;config=014FJAAyNGJkY2Y4Zi1mNjgyLTRkN2YtYmE4OS03NTYzNzYzOTg0OGEKAFBvZENhdGFsb2d592qv2Kywlf8caKqYROP5&amp;pddocfullpath=%2Fshared%2Fdocument%2Fstatutes-legislation%2Furn%3AcontentItem%3A5X45-0DD1-JS0R-23D9-00008-00&amp;pddocid=urn%3AcontentItem%3A5X45-0DD1-JS0R-23D9-00008-00&amp;pdcontentcomponentid=234176&amp;pdteaserkey=sr2&amp;pditab=allpods&amp;ecomp=h567kkk&amp;earg=sr2&amp;prid=26c2accc-6fa5-479b-81c7-a6158acf468b\" target=\"_blank\" rel=\"noopener\">art\u00edculo 13-80-101 de la Ley Revisada de Colorado<\/a> establece que las personas implicadas en un accidente de tr\u00e1fico disponen de tres a\u00f1os para presentar una demanda por da\u00f1os y perjuicios. Si alguien herido en un accidente causado por un conductor que env\u00eda mensajes de texto no presenta su reclamo en los tres a\u00f1os siguientes al accidente de tr\u00e1fico, es posible que no pueda reclamar ninguna indemnizaci\u00f3n. Un abogado puede ayudar al demandante a cumplir los plazos de prescripci\u00f3n y otros plazos legales.<\/p>\n<h2>P\u00f3ngase en Contacto con un Abogado de Monument para Obtener M\u00e1s Informaci\u00f3n Sobre los Accidentes de Coche Causados por Enviar Mensajes de Texto Mientras se Conduce<\/h2>\n<p>Obtener asistencia jur\u00eddica cualificada tras un accidente puede ser vital para el resultado de su caso. Un abogado de nuestro bufete podr\u00eda luchar duro para conseguirle la indemnizaci\u00f3n a la que pueda tener derecho. Si usted estuvo en un accidente automovil\u00edstico en Monument causado por enviar mensajes de texto y conducir, <a href=\"https:\/\/springslawgroup.com\/es\/contacto\/\">programe la consulta de su caso hoy<\/a>.<\/p>\n","protected":false},"excerpt":{"rendered":"<p>A pesar de que los automovilistas de Colorado tienen prohibido por ley enviar mensajes de texto mientras conducen, siguen utilizando&nbsp;<a class=\"moretag\" href=\"https:\/\/springslawgroup.com\/es\/monument-lesiones-personales\/abogado-de-accidentes-de-coche-en-monument\/accidentes-de-trafico-en-monument-causados-por-enviar-mensajes-de-texto-y-conducir\/\"> Read More&#8230;<\/a><\/p>\n","protected":false},"author":32,"featured_media":0,"parent":16850,"menu_order":0,"comment_status":"closed","ping_status":"closed","template":"landingpage.php","meta":{"_acf_changed":false,"inline_featured_image":false,"footnotes":""},"categories":[],"tags":[],"class_list":["post-16398","page","type-page","status-publish","hentry"],"acf":{"key_takeaways":null,"_litigation_personal_injury_contents_new":{"_litigation_personal_injury_title_new":"","_litigation_personal_injury_discription_new":"","_litigation_personal_injury_discription_new_copy":"","_litigation_video_url_new":"","add_button":false},"_header_sub_header_content_new":null,"_litigation_frequently_asked_questions_new":null,"lawsuit_updates":null,"_litigation_related_posts_relation":null,"acf-references":""},"_links":{"self":[{"href":"https:\/\/springslawgroup.com\/es\/wp-json\/wp\/v2\/pages\/16398","targetHints":{"allow":["GET"]}}],"collection":[{"href":"https:\/\/springslawgroup.com\/es\/wp-json\/wp\/v2\/pages"}],"about":[{"href":"https:\/\/springslawgroup.com\/es\/wp-json\/wp\/v2\/types\/page"}],"author":[{"embeddable":true,"href":"https:\/\/springslawgroup.com\/es\/wp-json\/wp\/v2\/users\/32"}],"replies":[{"embeddable":true,"href":"https:\/\/springslawgroup.com\/es\/wp-json\/wp\/v2\/comments?post=16398"}],"version-history":[{"count":2,"href":"https:\/\/springslawgroup.com\/es\/wp-json\/wp\/v2\/pages\/16398\/revisions"}],"predecessor-version":[{"id":18045,"href":"https:\/\/springslawgroup.com\/es\/wp-json\/wp\/v2\/pages\/16398\/revisions\/18045"}],"up":[{"embeddable":true,"href":"https:\/\/springslawgroup.com\/es\/wp-json\/wp\/v2\/pages\/16850"}],"wp:attachment":[{"href":"https:\/\/springslawgroup.com\/es\/wp-json\/wp\/v2\/media?parent=16398"}],"wp:term":[{"taxonomy":"category","embeddable":true,"href":"https:\/\/springslawgroup.com\/es\/wp-json\/wp\/v2\/categories?post=16398"},{"taxonomy":"post_tag","embeddable":true,"href":"https:\/\/springslawgroup.com\/es\/wp-json\/wp\/v2\/tags?post=16398"}],"curies":[{"name":"wp","href":"https:\/\/api.w.org\/{rel}","templated":true}]}}