{"id":16397,"date":"2020-01-31T15:57:00","date_gmt":"2020-01-31T22:57:00","guid":{"rendered":"https:\/\/springs.flywheelstaging.com\/leyes-para-motociclistas-en-colorado-springs\/"},"modified":"2023-10-20T14:03:28","modified_gmt":"2023-10-20T21:03:28","slug":"leyes-para-motociclistas-en-colorado-springs","status":"publish","type":"page","link":"https:\/\/springslawgroup.com\/es\/colorado-springs-abogado-de-accidente-de-motocicleta\/leyes-para-motociclistas-en-colorado-springs\/","title":{"rendered":"Leyes para Motociclistas en Colorado Springs"},"content":{"rendered":"<p>En Colorado Springs, los motociclistas est\u00e1n sujetos a las mismas normas que los dem\u00e1s conductores de veh\u00edculos de motor. Se espera que conduzcan su veh\u00edculo de forma segura. Deben cumplir las mismas leyes de tr\u00e1fico y llevar un permiso para conducir su motocicleta. Si alguien es menor de edad, est\u00e1 obligado a llevar casco en una motocicleta. Tanto si conducen la moto como si van de pasajeros, todos los menores est\u00e1n obligados a llevar casco.<\/p>\n<p>Las leyes para motociclistas en Colorado Springs son importantes para el resultado de un caso de accidente. Un <a href=\"https:\/\/springslawgroup.com\/es\/colorado-springs-abogado-de-accidente-de-motocicleta\/\">abogado<\/a> podr\u00eda revisar estos requisitos con usted y determinar c\u00f3mo pueden aplicarse a su demanda.<\/p>\n<h2>\u00bfCu\u00e1les son las Consecuencias de Violar las Leyes de Motocicleta en Colorado Springs?<\/h2>\n<p>Estas normas pueden aplicarse por v\u00eda penal y civil. La v\u00eda penal implicar\u00eda que la polic\u00eda pusiera una multa y la tramitara la fiscal\u00eda.<\/p>\n<p>Como resultado, si alguien infringe una ley de tr\u00e1fico, puede ser multado o encarcelado, dependiendo de la gravedad de la infracci\u00f3n. Por ejemplo, si hubo un elemento de intoxicaci\u00f3n o si alguien caus\u00f3 da\u00f1os graves o la muerte a otra persona, entonces puede sufrir una pena de c\u00e1rcel. Civilmente implicar\u00eda da\u00f1os monetarios. En este caso, quienes hacen cumplir esta norma son el perjudicado y su abogado.<\/p>\n<h2>Requisitos para Conducir una Motocicleta<\/h2>\n<p>En Colorado Springs, ninguna ley requiere una formaci\u00f3n especial para los motociclistas, pero una persona debe ser capaz de operar su motocicleta con seguridad. Un buen motorista va a ser un conductor defensivo y entender que las motocicletas son m\u00e1s dif\u00edciles de ver. Los motociclistas deben conocer bien c\u00f3mo conducir su veh\u00edculo a motor en muchos tipos diferentes de condiciones meteorol\u00f3gicas, as\u00ed como la forma de actuar en caso de accidente de motocicleta.<\/p>\n<p>Colorado experimenta nieve, hielo, granizo, aguanieve y lluvia con frecuencia. Los motoristas deben saber qu\u00e9 hacer en todas estas circunstancias. Durante el invierno o los meses fr\u00edos, va a haber m\u00e1s arena y grava en la carretera, por lo que los motoristas deben saber c\u00f3mo manejar su motocicleta en estas condiciones.<\/p>\n<p>Una persona necesita un endoso \u00abM\u00bb en su licencia para operar una motocicleta de dos o tres ruedas en el estado. Esta licencia se aplica a todas las calles o carreteras p\u00fablicas. Se puede obtener el carn\u00e9 de moto a los 16 a\u00f1os.<\/p>\n<h2>\u00bfCu\u00e1les son las Leyes de Casco en Colorado Springs?<\/h2>\n<p>S\u00f3lo los menores est\u00e1n obligados a llevar casco cuando conducen una motocicleta o viajan como pasajeros en Colorado Springs. Los adultos no est\u00e1n obligados a llevar casco en las motocicletas.<\/p>\n<p>Llevar casco puede ayudar a proteger a los motoristas en caso de accidente de moto. El casco protege la cabeza de las lesiones. Puede tratarse de lesiones superficiales, como laceraciones o rozaduras, o de lesiones cerebrales m\u00e1s graves. El casco puede hacer mucho para proteger al motorista o al conductor de una motocicleta de sufrir esas lesiones m\u00e1s graves en la cabeza que alguien en un accidente de autom\u00f3vil puede no experimentar.<\/p>\n<p>La presencia de un casco no dificulta ni facilita un reclamo por da\u00f1os personales, a menos que se trate de un menor. Si el demandante es menor de edad y no llevaba casco, esto puede utilizarse en su contra como negligencia contributiva o comparativa.<\/p>\n<h2>Hable con un abogado para aprender m\u00e1s sobre las regulaciones para los motociclistas en Colorado Springs<\/h2>\n<p>La comprensi\u00f3n de las leyes para los motociclistas en Colorado Springs es importante para su seguridad mientras viaja en la carretera. Adem\u00e1s, esta normativa podr\u00eda afectar a la viabilidad de un reclamo en caso de accidente. Para m\u00e1s informaci\u00f3n, llame hoy mismo.<\/p>\n","protected":false},"excerpt":{"rendered":"<p>En Colorado Springs, los motociclistas est\u00e1n sujetos a las mismas normas que los dem\u00e1s conductores de veh\u00edculos de motor. Se&nbsp;<a class=\"moretag\" href=\"https:\/\/springslawgroup.com\/es\/colorado-springs-abogado-de-accidente-de-motocicleta\/leyes-para-motociclistas-en-colorado-springs\/\"> Read More&#8230;<\/a><\/p>\n","protected":false},"author":32,"featured_media":0,"parent":16695,"menu_order":0,"comment_status":"closed","ping_status":"closed","template":"landingpage.php","meta":{"_acf_changed":false,"inline_featured_image":false,"footnotes":""},"categories":[],"tags":[],"class_list":["post-16397","page","type-page","status-publish","hentry"],"acf":{"key_takeaways":null,"_litigation_personal_injury_contents_new":{"_litigation_personal_injury_title_new":"","_litigation_personal_injury_discription_new":"","_litigation_personal_injury_discription_new_copy":"","_litigation_video_url_new":"","add_button":false},"_header_sub_header_content_new":null,"_litigation_frequently_asked_questions_new":null,"lawsuit_updates":null,"_litigation_related_posts_relation":null,"acf-references":""},"_links":{"self":[{"href":"https:\/\/springslawgroup.com\/es\/wp-json\/wp\/v2\/pages\/16397","targetHints":{"allow":["GET"]}}],"collection":[{"href":"https:\/\/springslawgroup.com\/es\/wp-json\/wp\/v2\/pages"}],"about":[{"href":"https:\/\/springslawgroup.com\/es\/wp-json\/wp\/v2\/types\/page"}],"author":[{"embeddable":true,"href":"https:\/\/springslawgroup.com\/es\/wp-json\/wp\/v2\/users\/32"}],"replies":[{"embeddable":true,"href":"https:\/\/springslawgroup.com\/es\/wp-json\/wp\/v2\/comments?post=16397"}],"version-history":[{"count":3,"href":"https:\/\/springslawgroup.com\/es\/wp-json\/wp\/v2\/pages\/16397\/revisions"}],"predecessor-version":[{"id":18029,"href":"https:\/\/springslawgroup.com\/es\/wp-json\/wp\/v2\/pages\/16397\/revisions\/18029"}],"up":[{"embeddable":true,"href":"https:\/\/springslawgroup.com\/es\/wp-json\/wp\/v2\/pages\/16695"}],"wp:attachment":[{"href":"https:\/\/springslawgroup.com\/es\/wp-json\/wp\/v2\/media?parent=16397"}],"wp:term":[{"taxonomy":"category","embeddable":true,"href":"https:\/\/springslawgroup.com\/es\/wp-json\/wp\/v2\/categories?post=16397"},{"taxonomy":"post_tag","embeddable":true,"href":"https:\/\/springslawgroup.com\/es\/wp-json\/wp\/v2\/tags?post=16397"}],"curies":[{"name":"wp","href":"https:\/\/api.w.org\/{rel}","templated":true}]}}