{"id":16396,"date":"2020-01-23T13:43:27","date_gmt":"2020-01-23T20:43:27","guid":{"rendered":"https:\/\/springs.flywheelstaging.com\/abogado-de-accidente-de-coche-frontal-de-monument\/"},"modified":"2023-09-01T07:12:42","modified_gmt":"2023-09-01T14:12:42","slug":"abogado-de-accidente-de-coche-frontal-de-monument","status":"publish","type":"page","link":"https:\/\/springslawgroup.com\/es\/monument-lesiones-personales\/abogado-de-accidentes-de-coche-en-monument\/abogado-de-accidente-de-coche-frontal-de-monument\/","title":{"rendered":"Abogado especializado en accidentes por choque frontal de Monument"},"content":{"rendered":"<p>Cuando alguien se involucra en un choque frontal con otro autom\u00f3vil, puede sufrir lesiones graves e incluso debilitantes. A veces, las lesiones sufridas en un choque frontal pueden ser tan graves que podr\u00edan acabar con la vida a alguien.<\/p>\n<p>Si se lesion\u00f3 en un choque frontal o tr\u00e1gicamente perdi\u00f3 a un miembro de su familia en este tipo de accidente, un abogado especializado en accidentes por choque frontal de Monument podr\u00eda brindarle asesoramiento jur\u00eddico en todo el proceso de demanda. Adem\u00e1s, un <a href=\"https:\/\/springslawgroup.com\/es\/monument-lesiones-personales\/abogado-de-accidentes-de-coche-en-monument\/\">abogado especializado en accidentes automovil\u00edsticos<\/a> podr\u00eda evaluar los detalles de su accidente para identificar a todas las posibles partes responsables de sus da\u00f1os.<\/p>\n<h2>\u00bfQu\u00e9 tipo de lesiones se producen en los accidentes por choque frontal?<\/h2>\n<p>Las lesiones infligidas en un accidente por choque frontal pueden ser catastr\u00f3ficas y requerir numerosos cuidados m\u00e9dicos. Las m\u00e1s comunes de este tipo de accidentes son las lesiones de espalda, cuello y hombros, as\u00ed como latigazo cervical, da\u00f1os en \u00f3rganos o hemorragias internas.<\/p>\n<p>Debido al punto de impacto, el conductor, junto con cualquier pasajero del asiento delantero, puede sufrir los da\u00f1os corporales m\u00e1s graves. Un abogado especializado en accidentes por choque frontal de Monument podr\u00eda ayudar a alguien a presentar una demanda por cualquiera de estas lesiones.<\/p>\n<h2>Causas de choques frontales en Monument<\/h2>\n<p>Varios factores podr\u00edan causar un choque frontal, pero dos de los m\u00e1s comunes son no ceder el paso y no respetar las se\u00f1ales de tr\u00e1fico. En general, un veh\u00edculo puede chocar de frente contra otro cuando cruza imprudentemente la l\u00ednea central hacia el tr\u00e1fico que circula en sentido contrario o cuando conduce en sentido contrario por una calle de sentido \u00fanico. Algunas causas de este tipo de accidentes son las siguientes:<\/p>\n<ul>\n<li><a href=\"https:\/\/springslawgroup.com\/es\/monument-lesiones-personales\/abogado-de-accidentes-de-coche-en-monument\/accidentes-de-trafico-en-monument-causados-por-enviar-mensajes-de-texto-y-conducir\/\">Enviar mensajes de texto<\/a> y o distraerse al volante<\/li>\n<li>Conducir bajo los efectos de las drogas<\/li>\n<li><a href=\"https:\/\/springslawgroup.com\/es\/monument-lesiones-personales\/abogado-de-accidentes-de-coche-en-monument\/abogado-de-accidentes-de-conductores-ebrios-en-monument\/\">Conducir con ebriedad<\/a><\/li>\n<li>Conducir con exceso de velocidad.<\/li>\n<\/ul>\n<p>Cuando alguien sufre lesiones en un accidente por choque frontal, un abogado de Monument podr\u00eda determinar su causa y responsabilizar legalmente a todas las partes negligentes.<\/p>\n<h2>Determinaci\u00f3n de la culpa en un accidente por choque frontal<\/h2>\n<p>Seg\u00fan el <a href=\"https:\/\/advance.lexis.com\/documentpage\/?pdmfid=1000516&amp;crid=37de4a26-c07b-442b-bc4f-df9a1fbc2ea0&amp;config=014FJAAyNGJkY2Y4Zi1mNjgyLTRkN2YtYmE4OS03NTYzNzYzOTg0OGEKAFBvZENhdGFsb2d592qv2Kywlf8caKqYROP5&amp;pddocfullpath=%2Fshared%2Fdocument%2Fstatutes-legislation%2Furn%3AcontentItem%3A5X45-0DB1-F8D9-M4F4-00008-00&amp;pddocid=urn%3AcontentItem%3A5X45-0DB1-F8D9-M4F4-00008-00&amp;pdcontentcomponentid=234176&amp;pdteaserkey=sr0&amp;pditab=allpods&amp;ecomp=h567kkk&amp;earg=sr0&amp;prid=2b9585af-2d5d-4c94-8165-614eda9456bb\" target=\"_blank\" rel=\"noopener\">art\u00edculo \u00a713-21-111 de los Estatutos Revisados de Colorado<\/a>, el demandante puede ser parcialmente culpable de sus lesiones y aun as\u00ed cobrar por da\u00f1os y perjuicios. En virtud de la negligencia comparativa modificada, los da\u00f1os y perjuicios del demandante se reducir\u00edan en funci\u00f3n de su porcentaje de culpa, siempre que su grado de negligencia no supere el 49%.<\/p>\n<p>La ley establece, adem\u00e1s, que si el demandante es negligente en un 50% o m\u00e1s del accidente subyacente, no tendr\u00e1 derecho a percibir una indemnizaci\u00f3n monetaria. Un abogado experto en Monument podr\u00eda investigar a fondo la negligencia de todas las partes en el accidente por choque frontal y tratar de disminuir cualquier acusaci\u00f3n de culpa dirigida al demandante.<\/p>\n<h2>Hable con un abogado especializado en accidentes por choque frontal de Monument<\/h2>\n<p>Las secuelas de un accidente automovil\u00edstico grave pueden ser extremadamente abrumadoras y confusas. Si se involucr\u00f3 en un accidente con otro automovilista, un abogado especializado de Monumento podr\u00eda explicarle sus opciones legales y reducir el estr\u00e9s que puede estar sintiendo.<\/p>\n<p>Adem\u00e1s, con la ayuda de un abogado experto, podr\u00eda recuperar una compensaci\u00f3n monetaria por todas sus p\u00e9rdidas. Hable con uno de los miembros de nuestro equipo hoy, programe su consulta inicial y discuta las opciones de su caso.<\/p>\n","protected":false},"excerpt":{"rendered":"<p>Cuando alguien se involucra en un choque frontal con otro autom\u00f3vil, puede sufrir lesiones graves e incluso debilitantes. A veces,&nbsp;<a class=\"moretag\" href=\"https:\/\/springslawgroup.com\/es\/monument-lesiones-personales\/abogado-de-accidentes-de-coche-en-monument\/abogado-de-accidente-de-coche-frontal-de-monument\/\"> Read More&#8230;<\/a><\/p>\n","protected":false},"author":32,"featured_media":0,"parent":16850,"menu_order":0,"comment_status":"closed","ping_status":"closed","template":"landingpage.php","meta":{"_acf_changed":false,"inline_featured_image":false,"footnotes":""},"categories":[],"tags":[],"class_list":["post-16396","page","type-page","status-publish","hentry"],"acf":{"key_takeaways":null,"_litigation_personal_injury_contents_new":{"_litigation_personal_injury_title_new":"","_litigation_personal_injury_discription_new":"","_litigation_personal_injury_discription_new_copy":"","_litigation_video_url_new":"","add_button":false},"_header_sub_header_content_new":null,"_litigation_frequently_asked_questions_new":null,"lawsuit_updates":null,"_litigation_related_posts_relation":null,"acf-references":""},"_links":{"self":[{"href":"https:\/\/springslawgroup.com\/es\/wp-json\/wp\/v2\/pages\/16396","targetHints":{"allow":["GET"]}}],"collection":[{"href":"https:\/\/springslawgroup.com\/es\/wp-json\/wp\/v2\/pages"}],"about":[{"href":"https:\/\/springslawgroup.com\/es\/wp-json\/wp\/v2\/types\/page"}],"author":[{"embeddable":true,"href":"https:\/\/springslawgroup.com\/es\/wp-json\/wp\/v2\/users\/32"}],"replies":[{"embeddable":true,"href":"https:\/\/springslawgroup.com\/es\/wp-json\/wp\/v2\/comments?post=16396"}],"version-history":[{"count":3,"href":"https:\/\/springslawgroup.com\/es\/wp-json\/wp\/v2\/pages\/16396\/revisions"}],"predecessor-version":[{"id":17237,"href":"https:\/\/springslawgroup.com\/es\/wp-json\/wp\/v2\/pages\/16396\/revisions\/17237"}],"up":[{"embeddable":true,"href":"https:\/\/springslawgroup.com\/es\/wp-json\/wp\/v2\/pages\/16850"}],"wp:attachment":[{"href":"https:\/\/springslawgroup.com\/es\/wp-json\/wp\/v2\/media?parent=16396"}],"wp:term":[{"taxonomy":"category","embeddable":true,"href":"https:\/\/springslawgroup.com\/es\/wp-json\/wp\/v2\/categories?post=16396"},{"taxonomy":"post_tag","embeddable":true,"href":"https:\/\/springslawgroup.com\/es\/wp-json\/wp\/v2\/tags?post=16396"}],"curies":[{"name":"wp","href":"https:\/\/api.w.org\/{rel}","templated":true}]}}