{"id":16395,"date":"2020-02-03T13:40:01","date_gmt":"2020-02-03T20:40:01","guid":{"rendered":"https:\/\/springs.flywheelstaging.com\/entender-casos-del-accidente-de-la-motocicleta-de-colorado-springs\/"},"modified":"2023-10-20T14:14:02","modified_gmt":"2023-10-20T21:14:02","slug":"entender-casos-del-accidente-de-la-motocicleta-de-colorado-springs","status":"publish","type":"page","link":"https:\/\/springslawgroup.com\/es\/colorado-springs-abogado-de-accidente-de-motocicleta\/entender-casos-del-accidente-de-la-motocicleta-de-colorado-springs\/","title":{"rendered":"Entendiendo Casos de Accidentes de Motocicleta en Colorado Springs"},"content":{"rendered":"<p>Las consecuencias de un accidente de moto pueden ser devastadoras y durar a\u00f1os. Afortunadamente, el sistema jur\u00eddico ofrece la oportunidad de paliar estas p\u00e9rdidas mediante una demanda civil. Para obtener ayuda con la comprensi\u00f3n de casos de accidentes de motocicleta en Colorado Springs, p\u00f3ngase en contacto con un <a href=\"https:\/\/springslawgroup.com\/es\/colorado-springs-abogado-de-accidente-de-motocicleta\/\">abogado<\/a> con experiencia de nuestra firma.<\/p>\n<h2>\u00bfC\u00f3mo se Producen los Accidentes de Moto?<\/h2>\n<p>La comprensi\u00f3n de la causa de un accidente de motocicleta es un paso importante al presentar un reclamo por da\u00f1os y perjuicios en Colorado Springs. Una de las causas m\u00e1s comunes para los accidentes de moto son los conductores distra\u00eddos porque est\u00e1n mirando el m\u00f3vil o prestan atenci\u00f3n a algo que no es la carretera. Las motocicletas son m\u00e1s dif\u00edciles de ver que otros coches, sobre todo si acaban en el punto ciego de un veh\u00edculo de motor. Por lo tanto, cuando un conductor se distrae, puede no ver a un motorista cerca de \u00e9l y provocar un accidente.<\/p>\n<p>Adem\u00e1s, debido a la ubicaci\u00f3n de Colorado Springs y a su proximidad a las monta\u00f1as, las carreteras pueden resultar dif\u00edciles de transitar, especialmente en invierno o cuando hace mucho viento. Las condiciones espec\u00edficas que provocan colisiones de motocicletas son el terreno, el hielo negro y la arena utilizada para quitar la nieve, que pueden causar problemas de tracci\u00f3n.<\/p>\n<h2>Diferencias entre los Accidentes de Moto y Otras Colisiones de Veh\u00edculos de Motor<\/h2>\n<p>Los accidentes de moto son m\u00e1s frecuentes que los de bicicleta. En Colorado Springs, hay muchos carriles para bicicletas, por lo que hay un poco m\u00e1s de espacio para que un ciclista circule por el arc\u00e9n. Alternativamente, una motocicleta viaja por la carretera con todos los conductores. Un motorista puede ser menos obvio para alguien que no est\u00e9 prestando mucha atenci\u00f3n. Los accidentes de motocicleta son diferentes de los accidentes de autom\u00f3vil en Colorado Springs porque el motociclista no tiene tanta protecci\u00f3n como un individuo en un coche.<\/p>\n<h2>Lesiones por Accidentes de Motocicleta en Colorado Springs<\/h2>\n<p>Es importante entender las diferencias entre los tipos de lesiones y casos que resultan de accidentes de motocicleta en Colorado Springs. Una persona lesionada en un accidente de motocicleta puede sufrir lesiones m\u00e1s graves que alguien en un coche porque no tiene el armaz\u00f3n de un veh\u00edculo a motor que le proteja. Los motoristas son m\u00e1s propensos a salir despedidos de su veh\u00edculo, y las lesiones por atropello se producen principalmente en estas colisiones. Adem\u00e1s, los motoristas del estado no est\u00e1n obligados a llevar casco, lo que les hace m\u00e1s susceptibles de sufrir una lesi\u00f3n en la cabeza.<\/p>\n<p>Los motoristas se vuelven conscientes de poseer mayor riesgo de lesiones en comparaci\u00f3n con otros tipos de veh\u00edculos de motor cuando realizan cursos de formaci\u00f3n y hablan con abogados experimentados.<\/p>\n<h2>\u00bfQui\u00e9n Puede ser Legalmente Responsable de un Accidente en Colorado Springs?<\/h2>\n<p>Seg\u00fan la ley estatal, cualquier persona que sea culpable del accidente puede tener una demanda en su contra, as\u00ed como cualquier persona que tenga responsabilidad indirecta de la parte que caus\u00f3 el accidente. En otras palabras, una persona que cause un accidente en su tiempo personal podr\u00eda tener un reclamo en su contra.<\/p>\n<p>Si una persona provoca un accidente y est\u00e1 conduciendo el veh\u00edculo de su empleador durante el trabajo, puede haber un reclamo contra esta persona y su empleador. Adem\u00e1s, los padres pueden ser responsables de los actos de sus hijos, dependiendo de las circunstancias. Normalmente, si alguien tiene un hijo a su cargo que conduce su veh\u00edculo y ese menor est\u00e1 en su hogar, va a ser responsable en virtud de la doctrina del veh\u00edculo familiar de lo que esta persona haga con el veh\u00edculo.<\/p>\n<p>En general, la propia<a href=\"https:\/\/springslawgroup.com\/es\/colorado-springs-abogado-de-accidente-de-motocicleta\/reclamaciones-de-seguros-tras-accidentes-de-moto-en-colorado-springs\/\"> compa\u00f1\u00eda de seguros<\/a> de una persona es responsable de la negligencia de sus asegurados. Por tanto, si alguien causa un accidente por su negligencia, su compa\u00f1\u00eda de seguros paga por ello.<\/p>\n<h2>P\u00f3ngase en Contacto con un Abogado para Obtener Ayuda para Entender los Casos de Accidentes de Motocicleta en Colorado Springs<\/h2>\n<p>La comprensi\u00f3n de los casos de accidentes de motocicleta en Colorado Springs puede ser dif\u00edcil sin un abogado con conocimientos. Nuestros abogados especializados est\u00e1n aqu\u00ed para ayudarle en el proceso de reclamo. Para saber c\u00f3mo podemos ayudarle a usted y a su caso, llame hoy mismo.<\/p>\n","protected":false},"excerpt":{"rendered":"<p>Las consecuencias de un accidente de moto pueden ser devastadoras y durar a\u00f1os. Afortunadamente, el sistema jur\u00eddico ofrece la oportunidad&nbsp;<a class=\"moretag\" href=\"https:\/\/springslawgroup.com\/es\/colorado-springs-abogado-de-accidente-de-motocicleta\/entender-casos-del-accidente-de-la-motocicleta-de-colorado-springs\/\"> Read More&#8230;<\/a><\/p>\n","protected":false},"author":32,"featured_media":0,"parent":16695,"menu_order":0,"comment_status":"closed","ping_status":"closed","template":"landingpage.php","meta":{"_acf_changed":false,"inline_featured_image":false,"footnotes":""},"categories":[],"tags":[],"class_list":["post-16395","page","type-page","status-publish","hentry"],"acf":{"key_takeaways":null,"_litigation_personal_injury_contents_new":{"_litigation_personal_injury_title_new":"","_litigation_personal_injury_discription_new":"","_litigation_personal_injury_discription_new_copy":"","_litigation_video_url_new":"","add_button":false},"_header_sub_header_content_new":null,"_litigation_frequently_asked_questions_new":null,"lawsuit_updates":null,"_litigation_related_posts_relation":null,"acf-references":""},"_links":{"self":[{"href":"https:\/\/springslawgroup.com\/es\/wp-json\/wp\/v2\/pages\/16395","targetHints":{"allow":["GET"]}}],"collection":[{"href":"https:\/\/springslawgroup.com\/es\/wp-json\/wp\/v2\/pages"}],"about":[{"href":"https:\/\/springslawgroup.com\/es\/wp-json\/wp\/v2\/types\/page"}],"author":[{"embeddable":true,"href":"https:\/\/springslawgroup.com\/es\/wp-json\/wp\/v2\/users\/32"}],"replies":[{"embeddable":true,"href":"https:\/\/springslawgroup.com\/es\/wp-json\/wp\/v2\/comments?post=16395"}],"version-history":[{"count":3,"href":"https:\/\/springslawgroup.com\/es\/wp-json\/wp\/v2\/pages\/16395\/revisions"}],"predecessor-version":[{"id":18053,"href":"https:\/\/springslawgroup.com\/es\/wp-json\/wp\/v2\/pages\/16395\/revisions\/18053"}],"up":[{"embeddable":true,"href":"https:\/\/springslawgroup.com\/es\/wp-json\/wp\/v2\/pages\/16695"}],"wp:attachment":[{"href":"https:\/\/springslawgroup.com\/es\/wp-json\/wp\/v2\/media?parent=16395"}],"wp:term":[{"taxonomy":"category","embeddable":true,"href":"https:\/\/springslawgroup.com\/es\/wp-json\/wp\/v2\/categories?post=16395"},{"taxonomy":"post_tag","embeddable":true,"href":"https:\/\/springslawgroup.com\/es\/wp-json\/wp\/v2\/tags?post=16395"}],"curies":[{"name":"wp","href":"https:\/\/api.w.org\/{rel}","templated":true}]}}