{"id":16394,"date":"2020-01-27T13:52:11","date_gmt":"2020-01-27T20:52:11","guid":{"rendered":"https:\/\/springs.flywheelstaging.com\/abogado-de-accidentes-en-aparcamientos-de-monument\/"},"modified":"2023-09-01T07:12:42","modified_gmt":"2023-09-01T14:12:42","slug":"abogado-de-accidentes-en-aparcamientos-de-monument","status":"publish","type":"page","link":"https:\/\/springslawgroup.com\/es\/monument-lesiones-personales\/abogado-de-accidentes-de-coche-en-monument\/abogado-de-accidentes-en-aparcamientos-de-monument\/","title":{"rendered":"Abogado especializado en accidentes en aparcamientos de Monument"},"content":{"rendered":"<p>Cuando un conductor no comprueba correctamente lo que hay detr\u00e1s de \u00e9l antes de salir marcha atr\u00e1s de una plaza de aparcamiento o atraviesa a toda velocidad un garaje, puede provocar, por negligencia, un choque podr\u00eda haberse evitado. Otros conductores, pasajeros o peatones pueden resultar gravemente heridos en un accidente en aparcamientos.<\/p>\n<p>Si se involucr\u00f3 en un accidente de este tipo, debe hablar con un abogado especializado en accidentes en aparcamientos de Monument que pueda revisar su posible caso. Un <a href=\"https:\/\/springslawgroup.com\/es\/monument-lesiones-personales\/abogado-de-accidentes-de-coche-en-monument\/\">abogado especializado en accidentes automovil\u00edstico<\/a> puede ayudarle a determinar la responsabilidad del choque y aconsejarle sobre los da\u00f1os y perjuicios que puede reclamar por sus p\u00e9rdidas personales, emocionales y econ\u00f3micas.<\/p>\n<h2>C\u00f3mo evitar accidentes en aparcamientos y garajes en Monument<\/h2>\n<p>Los choques en aparcamientos suelen ser evitables si los conductores tienen suficiente cuidado al volante. Algunas formas en que los automovilistas pueden evitar accidentes en aparcamientos son las siguientes:<\/p>\n<ul>\n<li>Respetar los l\u00edmites legales de velocidad en la zona de aparcamiento.<\/li>\n<li>Comprobar los puntos ciegos antes de girar para salir de lugar.<\/li>\n<li>Encender la luz correspondiente para alertar a otros conductores antes de girar.<\/li>\n<li>Salir de un espacio con precauci\u00f3n, sin perder de vista a los dem\u00e1s conductores ni a los peatones.<\/li>\n<li>No aparcar un veh\u00edculo grande en un espacio dise\u00f1ado para autom\u00f3viles m\u00e1s peque\u00f1os.<\/li>\n<li>Ceder el paso a los peatones en las sendas peatonales e intersecciones de la zona de aparcamiento.<\/li>\n<\/ul>\n<p>Cuando los automovilistas no tienen un cuidado razonable al conducir, pueden causar da\u00f1os corporales graves a otras personas, que van desde lesiones en la cabeza, el cuello y la m\u00e9dula espinal hasta conmociones cerebrales, par\u00e1lisis, fracturas \u00f3seas y laceraciones.<\/p>\n<h2>\u00bfCu\u00e1les son las causas de los accidentes en aparcamientos?<\/h2>\n<p>Los accidentes en aparcamientos ocurren con frecuencia cuando los conductores no se fijan bien antes de dar marcha atr\u00e1s o girar. Los conductores que conducen un autom\u00f3vil tras consumir alcohol o drogas tambi\u00e9n pueden provocar este tipo de accidentes. Adem\u00e1s, enviar mensajes de texto mientras se conduce, el exceso de velocidad y las distracciones al volante suelen provocar accidentes en aparcamientos y garajes de Monument. Un abogado con experiencia podr\u00eda ayudar a alguien a presentar una demanda por da\u00f1os y perjuicios seg\u00fan las causas de su accidente.<\/p>\n<h2>Plazo legal de demanda en Monument<\/h2>\n<p>Los posibles demandantes deben consultar con un abogado de Monument lo antes posible si desean presentar una demanda tras un accidente en un aparcamiento. Seg\u00fan el <a href=\"https:\/\/advance.lexis.com\/documentpage\/?pdmfid=1000516&amp;crid=6c6e6c56-a61a-47d2-85e3-f8da66180245&amp;config=014FJAAyNGJkY2Y4Zi1mNjgyLTRkN2YtYmE4OS03NTYzNzYzOTg0OGEKAFBvZENhdGFsb2d592qv2Kywlf8caKqYROP5&amp;pddocfullpath=%2Fshared%2Fdocument%2Fstatutes-legislation%2Furn%3AcontentItem%3A5X45-0DD1-JS0R-23D9-00008-00&amp;pddocid=urn%3AcontentItem%3A5X45-0DD1-JS0R-23D9-00008-00&amp;pdcontentcomponentid=234176&amp;pdteaserkey=sr2&amp;pditab=allpods&amp;ecomp=h567kkk&amp;earg=sr2&amp;prid=26c2accc-6fa5-479b-81c7-a6158acf468b\" target=\"_blank\" rel=\"noopener\">art\u00edculo 13-80-101 de los Estatutos Revisados de Colorado<\/a>, el plazo legal para los casos de accidente automovil\u00edstico, incluso los choques en aparcamientos, es de tres a\u00f1os a partir de la fecha del siniestro. Si un posible demandante no cumple este plazo legal, es posible que no pueda reclamar una indemnizaci\u00f3n por sus lesiones o da\u00f1os materiales.<\/p>\n<h2>Consulte con un abogado especializado en accidentes en aparcamientos de Monument<\/h2>\n<p>Cuando ocurre un accidente en un aparcamiento y alguien se lesiona, puede que no est\u00e9 seguro de c\u00f3mo proceder o de cu\u00e1les son sus derechos legales. Por suerte, un abogado especializado en accidentes en aparcamientos de Monument podr\u00eda brindarle asesoramiento y claridad jur\u00eddica en las secuelas de un accidente. Y lo que es m\u00e1s importante, un asesor jur\u00eddico podr\u00eda trabajar para asegurarse de que comprenda todas las opciones que puede tener a su disposici\u00f3n. Si sufri\u00f3 lesiones debido a un accidente en un aparcamiento, llame hoy y programe la consulta inicial de su caso.<\/p>\n","protected":false},"excerpt":{"rendered":"<p>Cuando un conductor no comprueba correctamente lo que hay detr\u00e1s de \u00e9l antes de salir marcha atr\u00e1s de una plaza&nbsp;<a class=\"moretag\" href=\"https:\/\/springslawgroup.com\/es\/monument-lesiones-personales\/abogado-de-accidentes-de-coche-en-monument\/abogado-de-accidentes-en-aparcamientos-de-monument\/\"> Read More&#8230;<\/a><\/p>\n","protected":false},"author":32,"featured_media":0,"parent":16850,"menu_order":0,"comment_status":"closed","ping_status":"closed","template":"landingpage.php","meta":{"_acf_changed":false,"inline_featured_image":false,"footnotes":""},"categories":[],"tags":[],"class_list":["post-16394","page","type-page","status-publish","hentry"],"acf":{"key_takeaways":null,"_litigation_personal_injury_contents_new":{"_litigation_personal_injury_title_new":"","_litigation_personal_injury_discription_new":"","_litigation_personal_injury_discription_new_copy":"","_litigation_video_url_new":"","add_button":false},"_header_sub_header_content_new":null,"_litigation_frequently_asked_questions_new":null,"lawsuit_updates":null,"_litigation_related_posts_relation":null,"acf-references":""},"_links":{"self":[{"href":"https:\/\/springslawgroup.com\/es\/wp-json\/wp\/v2\/pages\/16394","targetHints":{"allow":["GET"]}}],"collection":[{"href":"https:\/\/springslawgroup.com\/es\/wp-json\/wp\/v2\/pages"}],"about":[{"href":"https:\/\/springslawgroup.com\/es\/wp-json\/wp\/v2\/types\/page"}],"author":[{"embeddable":true,"href":"https:\/\/springslawgroup.com\/es\/wp-json\/wp\/v2\/users\/32"}],"replies":[{"embeddable":true,"href":"https:\/\/springslawgroup.com\/es\/wp-json\/wp\/v2\/comments?post=16394"}],"version-history":[{"count":2,"href":"https:\/\/springslawgroup.com\/es\/wp-json\/wp\/v2\/pages\/16394\/revisions"}],"predecessor-version":[{"id":17153,"href":"https:\/\/springslawgroup.com\/es\/wp-json\/wp\/v2\/pages\/16394\/revisions\/17153"}],"up":[{"embeddable":true,"href":"https:\/\/springslawgroup.com\/es\/wp-json\/wp\/v2\/pages\/16850"}],"wp:attachment":[{"href":"https:\/\/springslawgroup.com\/es\/wp-json\/wp\/v2\/media?parent=16394"}],"wp:term":[{"taxonomy":"category","embeddable":true,"href":"https:\/\/springslawgroup.com\/es\/wp-json\/wp\/v2\/categories?post=16394"},{"taxonomy":"post_tag","embeddable":true,"href":"https:\/\/springslawgroup.com\/es\/wp-json\/wp\/v2\/tags?post=16394"}],"curies":[{"name":"wp","href":"https:\/\/api.w.org\/{rel}","templated":true}]}}