{"id":16393,"date":"2020-02-04T13:39:29","date_gmt":"2020-02-04T20:39:29","guid":{"rendered":"https:\/\/springs.flywheelstaging.com\/aspectos-unicos-de-los-casos-de-accidentes-de-motocicleta-en-colorado-springs\/"},"modified":"2023-10-20T14:09:30","modified_gmt":"2023-10-20T21:09:30","slug":"aspectos-unicos-de-los-casos-de-accidentes-de-motocicleta-en-colorado-springs","status":"publish","type":"page","link":"https:\/\/springslawgroup.com\/es\/colorado-springs-abogado-de-accidente-de-motocicleta\/aspectos-unicos-de-los-casos-de-accidentes-de-motocicleta-en-colorado-springs\/","title":{"rendered":"Aspectos \u00danicos de los Casos de Accidentes de Motocicleta en Colorado Springs"},"content":{"rendered":"<p>Lo que hace que los <a href=\"https:\/\/springslawgroup.com\/es\/colorado-springs-abogado-de-accidente-de-motocicleta\/\">accidentes de moto<\/a> sean \u00fanicos en Colorado Springs son las condiciones meteorol\u00f3gicas y geogr\u00e1ficas. Por ejemplo, el estado recibe mucho granizo repentino. Podr\u00eda haber hielo negro inesperado. Hay pendientes pronunciadas y m\u00e1s arena y grava en las carreteras.<\/p>\n<p>Colorado Springs tambi\u00e9n tiene muchos conductores provenientes de fuera del estado. Estas personas no est\u00e1n familiarizadas con la geograf\u00eda y las condiciones meteorol\u00f3gicas, por lo que no son tan buenas para circular por las carreteras con seguridad. Para obtener m\u00e1s informaci\u00f3n sobre los aspectos \u00fanicos de los casos de accidentes de motocicleta en Colorado Springs, p\u00f3ngase en contacto con nuestra oficina.<\/p>\n<h2>Casos de Accidente y Carreteras muy Transitadas<\/h2>\n<p>En Colorado Springs, uno de los aspectos \u00fanicos de los casos de accidente de motocicleta es la importancia de d\u00f3nde ocurri\u00f3 el incidente y su causa. Las carreteras con un elevado volumen de tr\u00e1fico pueden ser peligrosas para los conductores de motocicletas porque entran en juego varios factores. En primer lugar, hay m\u00e1s paradas repentinas y m\u00e1s tr\u00e1fico de parada y arranque, lo que aumenta el riesgo de accidente.<\/p>\n<p>Tambi\u00e9n hay conductores m\u00e1s agresivos en estas carreteras. Estas personas pueden tomar decisiones por partes o cambiar r\u00e1pidamente de carril sin comprobar a fondo sus puntos ciegos, lo que expone a los motoristas al peligro.<\/p>\n<p>Adem\u00e1s, en las zonas de mucho tr\u00e1fico, algunos conductores se aburren y no prestan mucha atenci\u00f3n a la carretera. Su atenci\u00f3n se desv\u00eda de la carretera a todos los millones de distracciones que vienen con la electr\u00f3nica.<\/p>\n<h2>Rol del Abogado en un Accidente de Moto<\/h2>\n<p>Un buen abogado de lesiones personales tiene en cuenta las diversas din\u00e1micas de un accidente de moto evaluando e investigando el incidente y su causa. El abogado debe estar preparado para obtener argumentos de la compa\u00f1\u00eda de seguros de que el motociclista tuvo la culpa y ser capaz de abordar esas cuestiones.<\/p>\n<p>Los motoristas son m\u00e1s dif\u00edciles de ver, pero eso no excusa a un conductor de atropellarlos. Un abogado con experiencia deber\u00eda ser capaz de <a href=\"https:\/\/springslawgroup.com\/es\/colorado-springs-abogado-de-accidente-de-motocicleta\/reclamaciones-de-seguros-tras-accidentes-de-moto-en-colorado-springs\/\">hacer frente a los argumentos de la compa\u00f1\u00eda de<\/a> seguros en ese sentido y tambi\u00e9n de ocuparse del tratamiento m\u00e9dico \u00fanico que no se da en un accidente de tr\u00e1fico ordinario.<\/p>\n<p>Las lesiones que sufre un motorista pueden ser m\u00e1s extremas y diferentes de las que suelen producirse en un accidente de coche, por lo que un abogado tambi\u00e9n deber\u00eda poder ocuparse de este aspecto.<\/p>\n<h2>Contacte a un Abogado para Aprender m\u00e1s sobre los Aspectos \u00danicos de un Caso de Accidente de Motocicleta en Colorado Springs<\/h2>\n<p>Un abogado con experiencia puede ayudar a alguien con todos los aspectos \u00fanicos de los casos de accidentes de motocicleta en Colorado Springs, gui\u00e1ndolos a trav\u00e9s de todas las fases de su reclamo y tratamiento m\u00e9dico. Cuando se sufre un accidente de moto, se necesitar\u00e1 tratamiento m\u00e9dico, que puede no estar cubierto por el seguro m\u00e9dico.<\/p>\n<p>Un abogado con experiencia debe ser capaz de guiar al demandante para que obtenga el tratamiento que necesita y ayudarle a encontrar financiaci\u00f3n para el mismo si su seguro m\u00e9dico no lo cubre. El seguro del conductor culpable no tiene que pagar al individuo hasta la conclusi\u00f3n del caso, y un individuo puede necesitar tratamiento m\u00e9dico inmediatamente. En estas situaciones, es posible que un motorista lesionado necesite suscribir planes de financiaci\u00f3n para su tratamiento, en los que un abogado podr\u00eda ayudarle.<\/p>\n<p>Adem\u00e1s, un abogado podr\u00eda ayudarles a tratar con la compa\u00f1\u00eda de seguros. La mayor\u00eda de las compa\u00f1\u00edas de seguros tienen en mente sus beneficios, por lo que pueden tratar de imponer acuerdos anticipados y bajos que no benefician a la persona.<\/p>\n<p>En general, un abogado especializado deber\u00eda poder ayudar con la comunicaci\u00f3n y las negociaciones, determinar si una oferta de acuerdo es justa y recibir una indemnizaci\u00f3n por las p\u00e9rdidas del demandante. Para obtener ayuda en su reclamo, programe una consulta inicial con alguien de nuestro atento equipo legal.<\/p>\n","protected":false},"excerpt":{"rendered":"<p>Lo que hace que los accidentes de moto sean \u00fanicos en Colorado Springs son las condiciones meteorol\u00f3gicas y geogr\u00e1ficas. Por&nbsp;<a class=\"moretag\" href=\"https:\/\/springslawgroup.com\/es\/colorado-springs-abogado-de-accidente-de-motocicleta\/aspectos-unicos-de-los-casos-de-accidentes-de-motocicleta-en-colorado-springs\/\"> Read More&#8230;<\/a><\/p>\n","protected":false},"author":32,"featured_media":0,"parent":16695,"menu_order":0,"comment_status":"closed","ping_status":"closed","template":"landingpage.php","meta":{"_acf_changed":false,"inline_featured_image":false,"footnotes":""},"categories":[],"tags":[],"class_list":["post-16393","page","type-page","status-publish","hentry"],"acf":{"key_takeaways":null,"_litigation_personal_injury_contents_new":{"_litigation_personal_injury_title_new":"","_litigation_personal_injury_discription_new":"","_litigation_personal_injury_discription_new_copy":"","_litigation_video_url_new":"","add_button":false},"_header_sub_header_content_new":null,"_litigation_frequently_asked_questions_new":null,"lawsuit_updates":null,"_litigation_related_posts_relation":null,"acf-references":""},"_links":{"self":[{"href":"https:\/\/springslawgroup.com\/es\/wp-json\/wp\/v2\/pages\/16393","targetHints":{"allow":["GET"]}}],"collection":[{"href":"https:\/\/springslawgroup.com\/es\/wp-json\/wp\/v2\/pages"}],"about":[{"href":"https:\/\/springslawgroup.com\/es\/wp-json\/wp\/v2\/types\/page"}],"author":[{"embeddable":true,"href":"https:\/\/springslawgroup.com\/es\/wp-json\/wp\/v2\/users\/32"}],"replies":[{"embeddable":true,"href":"https:\/\/springslawgroup.com\/es\/wp-json\/wp\/v2\/comments?post=16393"}],"version-history":[{"count":4,"href":"https:\/\/springslawgroup.com\/es\/wp-json\/wp\/v2\/pages\/16393\/revisions"}],"predecessor-version":[{"id":18043,"href":"https:\/\/springslawgroup.com\/es\/wp-json\/wp\/v2\/pages\/16393\/revisions\/18043"}],"up":[{"embeddable":true,"href":"https:\/\/springslawgroup.com\/es\/wp-json\/wp\/v2\/pages\/16695"}],"wp:attachment":[{"href":"https:\/\/springslawgroup.com\/es\/wp-json\/wp\/v2\/media?parent=16393"}],"wp:term":[{"taxonomy":"category","embeddable":true,"href":"https:\/\/springslawgroup.com\/es\/wp-json\/wp\/v2\/categories?post=16393"},{"taxonomy":"post_tag","embeddable":true,"href":"https:\/\/springslawgroup.com\/es\/wp-json\/wp\/v2\/tags?post=16393"}],"curies":[{"name":"wp","href":"https:\/\/api.w.org\/{rel}","templated":true}]}}