{"id":16392,"date":"2020-01-28T14:37:47","date_gmt":"2020-01-28T21:37:47","guid":{"rendered":"https:\/\/springs.flywheelstaging.com\/abogado-de-accidentes-de-coche-por-alcance-en-monument\/"},"modified":"2023-09-01T07:12:43","modified_gmt":"2023-09-01T14:12:43","slug":"abogado-de-accidentes-de-coche-por-alcance-en-monument","status":"publish","type":"page","link":"https:\/\/springslawgroup.com\/es\/monument-lesiones-personales\/abogado-de-accidentes-de-coche-en-monument\/abogado-de-accidentes-de-coche-por-alcance-en-monument\/","title":{"rendered":"Abogado especializado en accidentes por choque trasero de Monument"},"content":{"rendered":"<p>Cuando la negligencia de un automovilista provoca un choque trasero, las personas podr\u00edan encontrarse con lesiones desastrosas, facturas m\u00e9dicas exorbitantes, importantes p\u00e9rdidas salariales o discapacidades f\u00edsicas permanentes. Las partes perjudicados no deber\u00edan pagar por los da\u00f1os que la negligencia de otro conductor caus\u00f3.<\/p>\n<p>Como resultado, debe ponerse en contacto con un <a href=\"https:\/\/springslawgroup.com\/es\/monument-lesiones-personales\/abogado-de-accidentes-de-coche-en-monument\/\">abogado especializado en accidentes automovil\u00edsticos<\/a> que podr\u00eda ayudarle a luchar por una indemnizaci\u00f3n si fue v\u00edctima de un choque trasero. Un abogado especializado en accidentes por choque trasero de Monument entiende el grave impacto que algunas lesiones pueden tener en su vida. Por eso, nuestro equipo agotar\u00e1 todas las estrategias disponibles para asegurarle la compensaci\u00f3n que merece.<\/p>\n<h2>Causas negligentes de choques traseros en Monument<\/h2>\n<p>Los choques traseros pueden evitarse y, con demasiada frecuencia, se provocan por un conductor imprudente. Algunos factores comunes que causan los choques traseros son los siguientes:<\/p>\n<ul>\n<li>Seguir demasiado cerca o ir pegado a otro autom\u00f3vil.<\/li>\n<li>Frenar de golpe.<\/li>\n<li><a href=\"https:\/\/springslawgroup.com\/es\/monument-lesiones-personales\/abogado-de-accidentes-de-coche-en-monument\/accidentes-de-trafico-en-monument-causados-por-enviar-mensajes-de-texto-y-conducir\/\">Enviar mensajes de texto al conducir.<\/a><\/li>\n<li><a href=\"https:\/\/springslawgroup.com\/es\/monument-lesiones-personales\/abogado-de-accidentes-de-coche-en-monument\/abogado-de-accidentes-de-conductores-ebrios-en-monument\/\">Conducir bajo los efectos del alcohol<\/a> o las drogas.<\/li>\n<li>Cambiar de forma ilegal a otros carriles.<\/li>\n<li>Usar piezas defectuosas.<\/li>\n<\/ul>\n<p>En los accidentes automovil\u00edsticos por choque trasero, pueden chocar m\u00e1s de dos veh\u00edculos. Por ejemplo, un veh\u00edculo puede chocar con el del frente, lo que provoca que este conductor choque con un tercer autom\u00f3vil. Por lo tanto, puede haber numerosas partes culpables en estos casos.<\/p>\n<p>Adem\u00e1s, los organismos gubernamentales pueden ser culpables cuando el mal mantenimiento de las carreteras contribuye a un choque. Un abogado en Monument podr\u00eda investigar la causa de un accidente por choque trasero para identificar a cualquier persona o entidad que pueda tener alguna responsabilidad legal.<\/p>\n<h2>Atribuci\u00f3n de da\u00f1os y perjuicios en un accidente por choque trasero<\/h2>\n<p>Los demandantes pueden obtener varios tipos de indemnizaciones monetarias por sus p\u00e9rdidas. En primer lugar, por da\u00f1os econ\u00f3micos, que son las p\u00e9rdidas cuantificables sufridas por la parte perjudicada. Estos da\u00f1os pueden incluir salarios perdidos y facturas m\u00e9dicas. El demandante lesionado tambi\u00e9n puede solicitar una indemnizaci\u00f3n por sus p\u00e9rdidas emocionales. Los da\u00f1os no econ\u00f3micos no son f\u00e1ciles de valuar y se refieren a p\u00e9rdidas m\u00e1s subjetivas, como el dolor y el sufrimiento, la p\u00e9rdida del disfrute de la vida y la angustia mental.<\/p>\n<p>En algunos casos, un demandante puede tener derecho a recibir da\u00f1os punitivos. Estos da\u00f1os y perjuicios forman parte de una categor\u00eda especial de indemnizaciones que normalmente solo se conceden en circunstancias espec\u00edficas para castigar a los demandados, cuyas acciones representan una conducta dolosa o atroz. Por ejemplo, un demandante puede recibir da\u00f1os punitivos si el demandado caus\u00f3 el accidente en cuesti\u00f3n por conducir bajo los efectos del alcohol. Un abogado de Monument podr\u00eda ayudar a un demandante a reclamar todas estas formas de da\u00f1os en un caso de accidente por choque trasero.<\/p>\n<h2>Hable con un abogado especializado en accidentes por choque trasero de Monument<\/h2>\n<p>Navegar por el sistema legal sin la ayuda de un abogado puede resultar extremadamente dif\u00edcil. Las compa\u00f1\u00edas de seguros pueden tratar de aprovecharse de su situaci\u00f3n o intentar echarle a usted la mayor parte de la culpa. Usted merece un defensor legal que trabaje con firmeza para preservar sus intereses legales y su derecho a la recuperaci\u00f3n.<\/p>\n<p>Hable con un abogado especializado en accidentes por choque trasero de Monument sobre su caso hoy. Cuando programe una consulta, podr\u00e1 saber si tiene una demanda viable por da\u00f1os y perjuicios.<\/p>\n","protected":false},"excerpt":{"rendered":"<p>Cuando la negligencia de un automovilista provoca un choque trasero, las personas podr\u00edan encontrarse con lesiones desastrosas, facturas m\u00e9dicas exorbitantes,&nbsp;<a class=\"moretag\" href=\"https:\/\/springslawgroup.com\/es\/monument-lesiones-personales\/abogado-de-accidentes-de-coche-en-monument\/abogado-de-accidentes-de-coche-por-alcance-en-monument\/\"> Read More&#8230;<\/a><\/p>\n","protected":false},"author":32,"featured_media":0,"parent":16850,"menu_order":0,"comment_status":"closed","ping_status":"closed","template":"landingpage.php","meta":{"_acf_changed":false,"inline_featured_image":false,"footnotes":""},"categories":[],"tags":[],"class_list":["post-16392","page","type-page","status-publish","hentry"],"acf":{"key_takeaways":null,"_litigation_personal_injury_contents_new":{"_litigation_personal_injury_title_new":"","_litigation_personal_injury_discription_new":"","_litigation_personal_injury_discription_new_copy":"","_litigation_video_url_new":"","add_button":false},"_header_sub_header_content_new":null,"_litigation_frequently_asked_questions_new":null,"lawsuit_updates":null,"_litigation_related_posts_relation":null,"acf-references":""},"_links":{"self":[{"href":"https:\/\/springslawgroup.com\/es\/wp-json\/wp\/v2\/pages\/16392","targetHints":{"allow":["GET"]}}],"collection":[{"href":"https:\/\/springslawgroup.com\/es\/wp-json\/wp\/v2\/pages"}],"about":[{"href":"https:\/\/springslawgroup.com\/es\/wp-json\/wp\/v2\/types\/page"}],"author":[{"embeddable":true,"href":"https:\/\/springslawgroup.com\/es\/wp-json\/wp\/v2\/users\/32"}],"replies":[{"embeddable":true,"href":"https:\/\/springslawgroup.com\/es\/wp-json\/wp\/v2\/comments?post=16392"}],"version-history":[{"count":2,"href":"https:\/\/springslawgroup.com\/es\/wp-json\/wp\/v2\/pages\/16392\/revisions"}],"predecessor-version":[{"id":17156,"href":"https:\/\/springslawgroup.com\/es\/wp-json\/wp\/v2\/pages\/16392\/revisions\/17156"}],"up":[{"embeddable":true,"href":"https:\/\/springslawgroup.com\/es\/wp-json\/wp\/v2\/pages\/16850"}],"wp:attachment":[{"href":"https:\/\/springslawgroup.com\/es\/wp-json\/wp\/v2\/media?parent=16392"}],"wp:term":[{"taxonomy":"category","embeddable":true,"href":"https:\/\/springslawgroup.com\/es\/wp-json\/wp\/v2\/categories?post=16392"},{"taxonomy":"post_tag","embeddable":true,"href":"https:\/\/springslawgroup.com\/es\/wp-json\/wp\/v2\/tags?post=16392"}],"curies":[{"name":"wp","href":"https:\/\/api.w.org\/{rel}","templated":true}]}}