{"id":16391,"date":"2020-02-06T13:47:29","date_gmt":"2020-02-06T20:47:29","guid":{"rendered":"https:\/\/springs.flywheelstaging.com\/abogado-de-accidente-de-ceder-el-paso-en-monument\/"},"modified":"2023-09-01T07:12:44","modified_gmt":"2023-09-01T14:12:44","slug":"abogado-de-accidente-de-ceder-el-paso-en-monument","status":"publish","type":"page","link":"https:\/\/springslawgroup.com\/es\/monument-lesiones-personales\/abogado-de-accidentes-de-coche-en-monument\/abogado-de-accidente-de-ceder-el-paso-en-monument\/","title":{"rendered":"Abogado especializado en accidentes por no ceder el paso de Monument"},"content":{"rendered":"<p>Se aplican normas especiales cuando dos o m\u00e1s veh\u00edculos pretenden entrar en el mismo lugar al mismo tiempo. En un momento dado, solo un veh\u00edculo tiene el derecho de paso. Cuando los conductores no ceden el paso, pueden producirse accidentes. Estas situaciones pueden darse en intersecciones, rampas de acceso y rotondas.<\/p>\n<p>Si sufri\u00f3 lesiones porque otro conductor no cedi\u00f3 el paso, un <a href=\"https:\/\/springslawgroup.com\/es\/monument-lesiones-personales\/abogado-de-accidentes-de-coche-en-monument\/\">abogado experto en accidentes automovil\u00edsticos<\/a> podr\u00eda ayudarle a obtener una compensaci\u00f3n econ\u00f3mica. Al reunirse con un abogado especializado en accidentes por no ceder el paso de Monument, podr\u00e1 asesorarse sobre sus posibilidades de \u00e9xito.<\/p>\n<h2>\u00bfQu\u00e9 significa tener derecho de paso?<\/h2>\n<p>La determinaci\u00f3n del derecho de paso puede variar seg\u00fan las circunstancias. En muchos casos, las se\u00f1ales indican qu\u00e9 conductor tiene derecho a circular primero. Por ejemplo, las se\u00f1ales de ceda el paso suelen estar presentes en los cruces de dos carriles o en las rotondas. Un conductor que infrinja estas normas podr\u00eda ser culpable de un accidente.<\/p>\n<p>La ley estatal tambi\u00e9n se aplica en las intersecciones que carecen de esta se\u00f1alizaci\u00f3n. Aqu\u00ed, los conductores deben ceder el paso cuando el sem\u00e1foro est\u00e1 en rojo, pero tienen derecho de paso cuando se pone en verde. Sin embargo, determinar qui\u00e9n tiene el derecho de paso en las intersecciones controladas por se\u00f1ales de alto puede ser m\u00e1s dif\u00edcil. Por lo general, los autom\u00f3viles tienen preferencia de paso si llegan primero a la se\u00f1al de alto. Si dos conductores llegan al mismo tiempo, el conductor situado m\u00e1s a la izquierda debe ceder el paso.<\/p>\n<p>Debido a tantas reglas sobre el derecho de paso, hablar con un abogado de Monument sobre un caso de accidente por no ceder el paso ser\u00eda favorable, ya que puede asesorar a una persona lesionada sobre si ten\u00eda derecho de paso en el momento del accidente o no.<\/p>\n<h2>Pruebas de un caso de incumplimiento al derecho de paso en Monument<\/h2>\n<p>Cuando se trata de una demanda por lesiones, la recuperaci\u00f3n depende de la identificaci\u00f3n de la persona responsable del accidente. En un accidente por no ceder el paso, esto implica identificar al conductor que no ten\u00eda el derecho de paso. Al establecer que la otra parte no obedeci\u00f3 las leyes de tr\u00e1nsito, un abogado especializado en accidentes por no ceder el paso de Monument podr\u00eda ayudar a un conductor lesionado a buscar compensaci\u00f3n.<\/p>\n<p>La prueba necesaria para prevalecer en juicio depende del tipo de accidente. Cuando el accidente se produce en una intersecci\u00f3n, las grabaciones de las c\u00e1maras de tr\u00e1fico pueden estar disponibles para demostrar qu\u00e9 conductor ten\u00eda el derecho de paso. A veces, un demandante debe basarse en el testimonio de testigos para demostrar qu\u00e9 automovilista se equivoc\u00f3. En otros casos, las pruebas f\u00edsicas o el testimonio de un experto en reconstrucci\u00f3n de accidentes pueden ayudar a establecer la responsabilidad.<\/p>\n<h2>Prescripci\u00f3n<\/h2>\n<p>Como en cualquier demanda, hay un plazo ajustado para presentar este tipo de casos. Este plazo empieza a contar a partir de la fecha del accidente y expira exactamente dos a\u00f1os despu\u00e9s de esa fecha. No cumplir el plazo de prescripci\u00f3n podr\u00eda ser catastr\u00f3fico para una demanda por lesiones, ya que el tribunal tiene potestad para desestimar una demanda que no se presente a tiempo.<\/p>\n<h2>Contacte a un abogado especializado en accidentes por no ceder el paso de Monument<\/h2>\n<p>Si un accidente por no ceder el paso le caus\u00f3 lesiones, tiene derecho a reclamar una indemnizaci\u00f3n. Aunque no hay certeza de que sus esfuerzos tengan \u00e9xito, un abogado experto podr\u00eda ayudarle a maximizar su recuperaci\u00f3n.<\/p>\n<p>Un abogado especializado en accidentes por no ceder el paso de Monument podr\u00eda encargarse de gran parte del trabajo que conlleva una demanda por lesiones. Para conocer sus opciones legales, llame hoy mismo.<\/p>\n","protected":false},"excerpt":{"rendered":"<p>Se aplican normas especiales cuando dos o m\u00e1s veh\u00edculos pretenden entrar en el mismo lugar al mismo tiempo. En un&nbsp;<a class=\"moretag\" href=\"https:\/\/springslawgroup.com\/es\/monument-lesiones-personales\/abogado-de-accidentes-de-coche-en-monument\/abogado-de-accidente-de-ceder-el-paso-en-monument\/\"> Read More&#8230;<\/a><\/p>\n","protected":false},"author":32,"featured_media":0,"parent":16850,"menu_order":0,"comment_status":"closed","ping_status":"closed","template":"landingpage.php","meta":{"_acf_changed":false,"inline_featured_image":false,"footnotes":""},"categories":[],"tags":[],"class_list":["post-16391","page","type-page","status-publish","hentry"],"acf":{"key_takeaways":null,"_litigation_personal_injury_contents_new":{"_litigation_personal_injury_title_new":"","_litigation_personal_injury_discription_new":"","_litigation_personal_injury_discription_new_copy":"","_litigation_video_url_new":"","add_button":false},"_header_sub_header_content_new":null,"_litigation_frequently_asked_questions_new":null,"lawsuit_updates":null,"_litigation_related_posts_relation":null,"acf-references":""},"_links":{"self":[{"href":"https:\/\/springslawgroup.com\/es\/wp-json\/wp\/v2\/pages\/16391","targetHints":{"allow":["GET"]}}],"collection":[{"href":"https:\/\/springslawgroup.com\/es\/wp-json\/wp\/v2\/pages"}],"about":[{"href":"https:\/\/springslawgroup.com\/es\/wp-json\/wp\/v2\/types\/page"}],"author":[{"embeddable":true,"href":"https:\/\/springslawgroup.com\/es\/wp-json\/wp\/v2\/users\/32"}],"replies":[{"embeddable":true,"href":"https:\/\/springslawgroup.com\/es\/wp-json\/wp\/v2\/comments?post=16391"}],"version-history":[{"count":2,"href":"https:\/\/springslawgroup.com\/es\/wp-json\/wp\/v2\/pages\/16391\/revisions"}],"predecessor-version":[{"id":17149,"href":"https:\/\/springslawgroup.com\/es\/wp-json\/wp\/v2\/pages\/16391\/revisions\/17149"}],"up":[{"embeddable":true,"href":"https:\/\/springslawgroup.com\/es\/wp-json\/wp\/v2\/pages\/16850"}],"wp:attachment":[{"href":"https:\/\/springslawgroup.com\/es\/wp-json\/wp\/v2\/media?parent=16391"}],"wp:term":[{"taxonomy":"category","embeddable":true,"href":"https:\/\/springslawgroup.com\/es\/wp-json\/wp\/v2\/categories?post=16391"},{"taxonomy":"post_tag","embeddable":true,"href":"https:\/\/springslawgroup.com\/es\/wp-json\/wp\/v2\/tags?post=16391"}],"curies":[{"name":"wp","href":"https:\/\/api.w.org\/{rel}","templated":true}]}}