{"id":16390,"date":"2020-01-29T14:09:13","date_gmt":"2020-01-29T21:09:13","guid":{"rendered":"https:\/\/springs.flywheelstaging.com\/colorado-springs-abogado-de-accidente-de-scooter-de-motor\/"},"modified":"2023-09-01T07:14:35","modified_gmt":"2023-09-01T14:14:35","slug":"colorado-springs-abogado-de-accidente-de-scooter-de-motor","status":"publish","type":"page","link":"https:\/\/springslawgroup.com\/es\/colorado-springs-abogado-de-accidente-de-motocicleta\/colorado-springs-abogado-de-accidente-de-scooter-de-motor\/","title":{"rendered":"Abogado de Accidente de Scooter de Motor en Colorado Springs"},"content":{"rendered":"<p>Un abogado de accidentes de scooter a motor en Colorado Springs podr\u00eda ayudarle con el proceso de demanda si se vi\u00f3 implicado en una colisi\u00f3n seria. Las p\u00e9rdidas potenciales que puede sufrir un motorista pueden ser graves y afectar la vida de una persona durante un largo periodo de tiempo. Nuestro dedicado equipo de <a href=\"https:\/\/springslawgroup.com\/es\/colorado-springs-abogado-de-accidente-de-motocicleta\/\">abogados<\/a> podr\u00eda ayudarle a obtener una indemnizaci\u00f3n por todas estas p\u00e9rdidas.<\/p>\n<h2>Leyes de Tr\u00e1fico para Conductores de Scooter a Motor en Colorado Springs<\/h2>\n<p>Las leyes de tr\u00e1fico de Colorado Springs se aplican a las scooters igual que a las motocicletas. Si alguien conduce un veh\u00edculo de dos ruedas en el tr\u00e1fico, se le aplican las mismas normas que a los motoristas. Si alguien tiene un scooter de baja potencia con un motor de 50 cc o menos, no re\u00fane los requisitos para ser considerado motociclista seg\u00fan la ley estatal. Sin embargo, se les exige un carn\u00e9 de conducir b\u00e1sico para conducir ese scooter de baja potencia en la v\u00eda p\u00fablica.<\/p>\n<h2>\u00bfPor Qu\u00e9 son tan Peligrosos los Scooters?<\/h2>\n<p>Los scooters son potencialmente peligrosos por la falta de formaci\u00f3n necesaria. Si se trata de un scooter de baja potencia, entonces no necesitan una anotaci\u00f3n \u00abM\u00bb. El conductor puede estar menos formado en el manejo de un veh\u00edculo de dos ruedas en la v\u00eda p\u00fablica que un motorista con una anotaci\u00f3n \u00abM\u00bb en su carn\u00e9.<\/p>\n<p>Adem\u00e1s, su veh\u00edculo no va a ir tan r\u00e1pido como otros veh\u00edculos, lo que les hace m\u00e1s vulnerables si otros conductores no esperan que vayan a la velocidad a la que van. Por lo dem\u00e1s, muchas de las lesiones que puede sufrir una persona en un accidente de scooter pueden ser similares a las que se producen en un accidente de motocicleta o bicicleta.<\/p>\n<p>El mayor peligro de un scooter de baja potencia, a diferencia de las motocicletas, es que no van a la misma velocidad que el tr\u00e1fico. Adem\u00e1s, los scooters pueden ser algo menos visibles o esperados por otros automovilistas que conducen veh\u00edculos de pasajeros porque est\u00e1n mucho m\u00e1s bajos respecto al suelo que el resto del tr\u00e1fico. Esto hace que los conductores de scooters sean m\u00e1s vulnerables a las colisiones con otros veh\u00edculos.<\/p>\n<h2>Da\u00f1os Indemnizables en Casos de Accidente de Moto Scooter<\/h2>\n<p>Despu\u00e9s de que alguien sufre lesiones durante la conducci\u00f3n de un scooter en Colorado Springs, puede presentar una demanda con la ayuda de un abogado. Todos estos reclamos pueden ser los mismos que los de un motorista o cualquier otra persona lesionada en un accidente de tr\u00e1fico. Pueden incluir gastos m\u00e9dicos, kilometraje para el tratamiento, dolor y sufrimiento, salarios perdidos y lesiones por incapacidad permanente. As\u00ed como otros da\u00f1os.<\/p>\n<p>En un accidente de motocicleta o scooter, probablemente hay m\u00e1s riesgo de cicatrices porque el cuerpo est\u00e1 m\u00e1s expuesto en el accidente, y por lo tanto un demandante puede ser capaz de recuperar los da\u00f1os por cicatrices. Por \u00faltimo, una persona lesionada puede ser indemnizada por los efectos que el siniestro haya tenido en su vida personal con su familia, su capacidad para realizar las tareas dom\u00e9sticas, sus actividades de ocio y sus aficiones recreativas.<\/p>\n<h2>Hable con un Abogado de Accidentes de Scooter en Colorado Springs<\/h2>\n<p>Puede ser dif\u00edcil recuperarse de cualquier tipo de accidente de tr\u00e1fico. Sin embargo, debido a la falta de protecci\u00f3n que tienen los conductores de scooters, sus p\u00e9rdidas pueden ser especialmente graves. Si usted estuvo implicado en un accidente severo, <a href=\"https:\/\/springslawgroup.com\/es\/contacto\/\">contacte<\/a> a abogado de accidentes de scooter en Colorado Springs hoy.<\/p>\n","protected":false},"excerpt":{"rendered":"<p>Un abogado de accidentes de scooter a motor en Colorado Springs podr\u00eda ayudarle con el proceso de demanda si se&nbsp;<a class=\"moretag\" href=\"https:\/\/springslawgroup.com\/es\/colorado-springs-abogado-de-accidente-de-motocicleta\/colorado-springs-abogado-de-accidente-de-scooter-de-motor\/\"> Read More&#8230;<\/a><\/p>\n","protected":false},"author":32,"featured_media":0,"parent":16695,"menu_order":0,"comment_status":"closed","ping_status":"closed","template":"landingpage.php","meta":{"_acf_changed":false,"inline_featured_image":false,"footnotes":""},"categories":[],"tags":[],"class_list":["post-16390","page","type-page","status-publish","hentry"],"acf":{"key_takeaways":null,"_litigation_personal_injury_contents_new":{"_litigation_personal_injury_title_new":"","_litigation_personal_injury_discription_new":"","_litigation_personal_injury_discription_new_copy":"","_litigation_video_url_new":"","add_button":false},"_header_sub_header_content_new":null,"_litigation_frequently_asked_questions_new":null,"lawsuit_updates":null,"_litigation_related_posts_relation":null,"acf-references":""},"_links":{"self":[{"href":"https:\/\/springslawgroup.com\/es\/wp-json\/wp\/v2\/pages\/16390","targetHints":{"allow":["GET"]}}],"collection":[{"href":"https:\/\/springslawgroup.com\/es\/wp-json\/wp\/v2\/pages"}],"about":[{"href":"https:\/\/springslawgroup.com\/es\/wp-json\/wp\/v2\/types\/page"}],"author":[{"embeddable":true,"href":"https:\/\/springslawgroup.com\/es\/wp-json\/wp\/v2\/users\/32"}],"replies":[{"embeddable":true,"href":"https:\/\/springslawgroup.com\/es\/wp-json\/wp\/v2\/comments?post=16390"}],"version-history":[{"count":2,"href":"https:\/\/springslawgroup.com\/es\/wp-json\/wp\/v2\/pages\/16390\/revisions"}],"predecessor-version":[{"id":17790,"href":"https:\/\/springslawgroup.com\/es\/wp-json\/wp\/v2\/pages\/16390\/revisions\/17790"}],"up":[{"embeddable":true,"href":"https:\/\/springslawgroup.com\/es\/wp-json\/wp\/v2\/pages\/16695"}],"wp:attachment":[{"href":"https:\/\/springslawgroup.com\/es\/wp-json\/wp\/v2\/media?parent=16390"}],"wp:term":[{"taxonomy":"category","embeddable":true,"href":"https:\/\/springslawgroup.com\/es\/wp-json\/wp\/v2\/categories?post=16390"},{"taxonomy":"post_tag","embeddable":true,"href":"https:\/\/springslawgroup.com\/es\/wp-json\/wp\/v2\/tags?post=16390"}],"curies":[{"name":"wp","href":"https:\/\/api.w.org\/{rel}","templated":true}]}}