{"id":16389,"date":"2020-01-16T15:50:27","date_gmt":"2020-01-16T22:50:27","guid":{"rendered":"https:\/\/springs.flywheelstaging.com\/abogado-de-accidentes-de-conductores-ebrios-en-monument\/"},"modified":"2023-09-01T07:12:43","modified_gmt":"2023-09-01T14:12:43","slug":"abogado-de-accidentes-de-conductores-ebrios-en-monument","status":"publish","type":"page","link":"https:\/\/springslawgroup.com\/es\/monument-lesiones-personales\/abogado-de-accidentes-de-coche-en-monument\/abogado-de-accidentes-de-conductores-ebrios-en-monument\/","title":{"rendered":"Abogado especializado en accidentes por conducci\u00f3n alcoholizada de Monument"},"content":{"rendered":"<p>Todo conductor ebrio pone en peligro a los ciudadanos cuando decide ponerse al volante. Si usted se lesion\u00f3 en un accidente por conducci\u00f3n alcoholizada, un <a href=\"https:\/\/springslawgroup.com\/es\/monument-lesiones-personales\/abogado-de-accidentes-de-coche-en-monument\/\">abogado especializado en accidentes automovil\u00edsticos<\/a> podr\u00eda ayudarle a obtener una compensaci\u00f3n econ\u00f3mica contra el conductor imprudente.<\/p>\n<p>Sin embargo, quiz\u00e1s sea complejo obtener la indemnizaci\u00f3n por da\u00f1os y perjuicios que merece. En muchos casos, solo es posible obtener una indemnizaci\u00f3n si se interpone una demanda civil y puede resultar dif\u00edcil navegar por el sistema legal por cuenta propia. Por suerte, un abogado especializado en accidentes por conducci\u00f3n alcoholizada de Monument podr\u00eda guiarle a trav\u00e9s del proceso.<\/p>\n<h2>\u00bfCu\u00e1l es el l\u00edmite legal en Monument?<\/h2>\n<p>Debido a los riesgos que conlleva la conducci\u00f3n en estado de ebriedad, las leyes estatales regulan cuidadosamente la cantidad de alcohol que un conductor puede tener en su organismo. Si una persona bebe demasiado, enfrentar\u00e1 importantes cargos penales. Seg\u00fan la legislaci\u00f3n vigente, es ilegal que un adulto conduzca un autom\u00f3vil con una concentraci\u00f3n de alcohol en sangre (alcoholemia) superior al 0.08%. Para los menores de 21 a\u00f1os, una tasa de alcoholemia igual o superior a 0.02 es ilegal.<\/p>\n<p>La violaci\u00f3n de estas leyes puede acarrear multas, penas de c\u00e1rcel y otras sanciones penales. Cuando un conductor ebrio provoca un accidente, tambi\u00e9n puede incurrir en responsabilidad civil. Un abogado especializado en accidentes automovil\u00edsticos de Monument podr\u00eda responsabilizar a un conductor ebrio de un accidente mediante una demanda civil.<\/p>\n<h2>\u00bfC\u00f3mo se determina la culpa en los accidentes por conducci\u00f3n alcoholizada?<\/h2>\n<p>Un acusado que causa un accidente automovil\u00edstico por conducci\u00f3n alcoholizada puede ser autom\u00e1ticamente responsable ante las partes lesionadas por violar la ley estatal. Esto se debe a que el art\u00edculo \u00a742-4-1301 de los Estatutos Revisados de Colorado proh\u00edbe a cualquier persona conducir un autom\u00f3vil bajo la influencia del alcohol. Un individuo con m\u00e1s de 0.08 de alcoholemia se considera, al instante, en estado de ebriedad para conducir. Una persona con menos de 0.08 de alcoholemia podr\u00eda estar conduciendo con la capacidad disminuida si un agente de la ley determina que la capacidad mental o f\u00edsica del conductor carece de juicio claro, control f\u00edsico suficiente o cuidado debido en la conducci\u00f3n de un autom\u00f3vil. Por lo tanto, cualquiera que infrinja esta ley podr\u00eda declararse autom\u00e1ticamente responsable de las lesiones personales de las v\u00edctimas.<\/p>\n<p>Adem\u00e1s, la parte perjudicada puede alegar una causa de acci\u00f3n por negligencia, que ocurre cuando un automovilista es imprudente e innecesariamente expone a otra persona a un da\u00f1o evitable. Por lo tanto, cuando un automovilista no tiene un cuidado razonable al conducir un veh\u00edculo debido a su estado de ebriedad, es probable que la parte perjudicada tambi\u00e9n tenga una causa de acci\u00f3n por negligencia. Un abogado local podr\u00eda ayudar a alguien a establecer la negligencia despu\u00e9s de involucrarse en un accidente por conducci\u00f3n alcoholizada.<\/p>\n<h2>Posibles lesiones en un accidente por conducci\u00f3n alcoholizada<\/h2>\n<p>Cualquier automovilista atropellado por un conductor ebrio corre el riesgo de sufrir lesiones graves. Debido a su lentitud de reacci\u00f3n y a sus problemas de juicio, los conductores ebrios suelen provocar choques a alta velocidad. En estos accidentes, el conductor ebrio puede no percatarse de la presencia de una se\u00f1al de alto o cruzarse en direcci\u00f3n contraria. Algunas lesiones que pueden producirse en un accidente por conducci\u00f3n alcoholizada son las siguientes:<\/p>\n<ul>\n<li>Huesos rotos.<\/li>\n<li>Cortes<\/li>\n<li>Moratones<\/li>\n<li>Quemaduras.<\/li>\n<li><a href=\"https:\/\/springslawgroup.com\/es\/monument-lesiones-personales\/abogado-de-lesiones-catastroficas-en-monument\/abogado-de-lesiones-cerebrales-traumaticas-de-monument\/\">Lesiones cerebrales<\/a><\/li>\n<li>Lesiones cervicales<\/li>\n<li>Hemorragia interna.<\/li>\n<\/ul>\n<p>Adem\u00e1s de las lesiones a largo plazo, un accidente por conducci\u00f3n alcoholizada tambi\u00e9n puede causar la muerte. Para los que sobreviven a un accidente de este tipo, un abogado de Monument podr\u00eda proporcionarles el apoyo necesario para reclamar una indemnizaci\u00f3n monetaria al conductor ebrio.<\/p>\n<h2>C\u00f3mo reclamar una indemnizaci\u00f3n a un conductor ebrio<\/h2>\n<p>Es posible demandar por da\u00f1os y perjuicios a un conductor ebrio, independientemente del estado de su causa penal. De hecho, un demandante podr\u00eda interponer una demanda por negligencia contra una persona que ha sido absuelta de un delito penal o que nunca se ha enfrentado a un juicio. Si la demanda civil prospera, una persona lesionada por un conductor ebrio podr\u00eda recuperar dinero por sus p\u00e9rdidas. Esta indemnizaci\u00f3n por da\u00f1os y perjuicios podr\u00eda compensar lo siguiente:<\/p>\n<ul>\n<li>Gastos m\u00e9dicos<\/li>\n<li>Disminuci\u00f3n futura de los ingresos<\/li>\n<li>Salarios perdidos.<\/li>\n<li>Reparaci\u00f3n o sustituci\u00f3n del veh\u00edculo<\/li>\n<li>Dolor y sufrimiento<\/li>\n<li>Desfiguraci\u00f3n<\/li>\n<li>Discapacidad<\/li>\n<\/ul>\n<p>Adem\u00e1s, un demandante lesionado puede tener derecho a recibir da\u00f1os punitivos. Normalmente, un tribunal solo puede conceder da\u00f1os y perjuicios adicionales si las acciones del demandado fueron especialmente atroces. As\u00ed ocurre en algunos casos de accidentes por conducci\u00f3n alcoholizada. Un abogado experimentado de Monument podr\u00eda evaluar un caso de accidente por conducci\u00f3n alcoholizada y determinar el valor de un caso en particular.<\/p>\n<h2>Llame a un abogado especializado en accidentes por conducci\u00f3n alcoholizada de Monument<\/h2>\n<p>Si es usted v\u00edctima de un conductor ebrio, tiene derecho a exigir una indemnizaci\u00f3n ante un tribunal civil, que podr\u00eda brindarle la mejor oportunidad de obtener justicia.<\/p>\n<p>Una demanda que prospere no solo puede proporcionarle una indemnizaci\u00f3n por sus da\u00f1os, sino que sirve como mensaje al conductor responsable de que tendr\u00e1 que rendir cuentas por su mal juicio. Para discutir su demanda en detalle, llame a un abogado especializado en accidentes por conducci\u00f3n alcoholizada de Monument de inmediato.<\/p>\n","protected":false},"excerpt":{"rendered":"<p>Todo conductor ebrio pone en peligro a los ciudadanos cuando decide ponerse al volante. Si usted se lesion\u00f3 en un&nbsp;<a class=\"moretag\" href=\"https:\/\/springslawgroup.com\/es\/monument-lesiones-personales\/abogado-de-accidentes-de-coche-en-monument\/abogado-de-accidentes-de-conductores-ebrios-en-monument\/\"> Read More&#8230;<\/a><\/p>\n","protected":false},"author":32,"featured_media":0,"parent":16850,"menu_order":0,"comment_status":"closed","ping_status":"closed","template":"landingpage.php","meta":{"_acf_changed":false,"inline_featured_image":false,"footnotes":""},"categories":[],"tags":[],"class_list":["post-16389","page","type-page","status-publish","hentry"],"acf":{"key_takeaways":null,"_litigation_personal_injury_contents_new":{"_litigation_personal_injury_title_new":"","_litigation_personal_injury_discription_new":"","_litigation_personal_injury_discription_new_copy":"","_litigation_video_url_new":"","add_button":false},"_header_sub_header_content_new":null,"_litigation_frequently_asked_questions_new":null,"lawsuit_updates":null,"_litigation_related_posts_relation":null,"acf-references":""},"_links":{"self":[{"href":"https:\/\/springslawgroup.com\/es\/wp-json\/wp\/v2\/pages\/16389","targetHints":{"allow":["GET"]}}],"collection":[{"href":"https:\/\/springslawgroup.com\/es\/wp-json\/wp\/v2\/pages"}],"about":[{"href":"https:\/\/springslawgroup.com\/es\/wp-json\/wp\/v2\/types\/page"}],"author":[{"embeddable":true,"href":"https:\/\/springslawgroup.com\/es\/wp-json\/wp\/v2\/users\/32"}],"replies":[{"embeddable":true,"href":"https:\/\/springslawgroup.com\/es\/wp-json\/wp\/v2\/comments?post=16389"}],"version-history":[{"count":3,"href":"https:\/\/springslawgroup.com\/es\/wp-json\/wp\/v2\/pages\/16389\/revisions"}],"predecessor-version":[{"id":17236,"href":"https:\/\/springslawgroup.com\/es\/wp-json\/wp\/v2\/pages\/16389\/revisions\/17236"}],"up":[{"embeddable":true,"href":"https:\/\/springslawgroup.com\/es\/wp-json\/wp\/v2\/pages\/16850"}],"wp:attachment":[{"href":"https:\/\/springslawgroup.com\/es\/wp-json\/wp\/v2\/media?parent=16389"}],"wp:term":[{"taxonomy":"category","embeddable":true,"href":"https:\/\/springslawgroup.com\/es\/wp-json\/wp\/v2\/categories?post=16389"},{"taxonomy":"post_tag","embeddable":true,"href":"https:\/\/springslawgroup.com\/es\/wp-json\/wp\/v2\/tags?post=16389"}],"curies":[{"name":"wp","href":"https:\/\/api.w.org\/{rel}","templated":true}]}}