{"id":16387,"date":"2020-01-17T15:33:22","date_gmt":"2020-01-17T22:33:22","guid":{"rendered":"https:\/\/springs.flywheelstaging.com\/abogado-de-lesiones-medulares-en-monument\/"},"modified":"2023-09-01T07:12:08","modified_gmt":"2023-09-01T14:12:08","slug":"abogado-de-lesiones-medulares-en-monument","status":"publish","type":"page","link":"https:\/\/springslawgroup.com\/es\/monument-lesiones-personales\/abogado-de-lesiones-catastroficas-en-monument\/abogado-de-lesiones-medulares-en-monument\/","title":{"rendered":"Abogado especializado en lesiones medulares de Monument"},"content":{"rendered":"<p>Una lesi\u00f3n medular puede provocar una amplia gama de deficiencias f\u00edsicas, como incapacidad para caminar, p\u00e9rdida de control de esf\u00ednteres, p\u00e9rdida de sensibilidad en las extremidades y dificultad para respirar, entre muchas otras. Como resultado, una lesi\u00f3n medular puede tener un pron\u00f3stico sombr\u00edo y obligar a alguien a vivir con una discapacidad permanente.<\/p>\n<p>Una lesi\u00f3n medular puede dar lugar a toda una serie de cuestiones complicadas en relaci\u00f3n con la responsabilidad jur\u00eddica. Por ello, debe hablar con un abogado especializado en lesiones medulares de Monument si usted o un ser querido sufri\u00f3 da\u00f1os en la columna vertebral recientemente. Un <a href=\"https:\/\/springslawgroup.com\/es\/monument-lesiones-personales\/abogado-de-lesiones-catastroficas-en-monument\/\">abogado experto en lesiones catastr\u00f3ficas<\/a> podr\u00eda ocuparse de cualquier problema legal mientras usted se centra en recuperarse.<\/p>\n<h2>Tipos de lesiones medulares<\/h2>\n<p>Cada secci\u00f3n de la columna vertebral alberga diferentes redes de nervios que controlan funciones corporales espec\u00edficas. Por lo tanto, el tipo y la gravedad de una lesi\u00f3n medular dependen, en gran medida, de la zona de la columna vertebral da\u00f1ada. Un abogado de Monument podr\u00eda ayudar a alguien a presentar una demanda por da\u00f1os y perjuicios en funci\u00f3n del tipo y la gravedad de su lesi\u00f3n medular.<\/p>\n<h3>Lesiones cervicales<\/h3>\n<p>La secci\u00f3n cervical de la columna vertebral comprende las siete v\u00e9rtebras que forman el cuello. Como la secci\u00f3n cervical est\u00e1 m\u00e1s cerca del cerebro y afecta a una parte mayor del cuerpo, cualquier da\u00f1o en ella puede provocar la <a href=\"https:\/\/springslawgroup.com\/es\/monument-lesiones-personales\/abogado-de-lesiones-catastroficas-en-monument\/abogado-de-lesiones-por-paralisis-en-monument\/\">p\u00e9rdida total o parcial de la funci\u00f3n sensorial<\/a>, as\u00ed como otras complicaciones asociadas. La tetraplejia y la cuadriplej\u00eda son frecuentes en los casos de lesi\u00f3n de la columna cervical.<\/p>\n<h3>Lesiones tor\u00e1cicas<\/h3>\n<p>La secci\u00f3n tor\u00e1cica se encuentra en la parte media y superior de la espalda. Los da\u00f1os en esta parte de la columna pueden provocar paraplejia, problemas respiratorios e incontinencia urinaria y fecal.<\/p>\n<h3>Lesiones lumbares<\/h3>\n<p>Los da\u00f1os en la secci\u00f3n lumbar suelen provocar p\u00e9rdida de funci\u00f3n en caderas y piernas, as\u00ed como p\u00e9rdida de control de la vejiga y los intestinos.<\/p>\n<h3>Lesiones sacras<\/h3>\n<p>La secci\u00f3n sacra de la columna vertebral est\u00e1 formada por cinco huesos fusionados. Una lesi\u00f3n de la columna sacra suele causar cierta p\u00e9rdida de funci\u00f3n en las piernas o las caderas.<\/p>\n<h2>\u00bfCu\u00e1les son las clasificaciones de las lesiones medulares?<\/h2>\n<p>Existen dos clasificaciones principales de lesiones medulares. El primero es el da\u00f1o incompleto o parcial. Este tipo de lesi\u00f3n se produce cuando hay alg\u00fan da\u00f1o en la m\u00e9dula espinal, pero el da\u00f1o no afecta gravemente a los nervios. Esto significa que un lesionado a\u00fan puede tener alguna sensibilidad y funci\u00f3n motora, pero pueden estar debilitadas, disminuidas o no estar presentes por completo.<\/p>\n<p>El segundo tipo de lesi\u00f3n medular es un da\u00f1o completo o total. Ocurre cuando se secciona la m\u00e9dula espinal y se corta toda comunicaci\u00f3n entre el cerebro y el resto del cuerpo. Como resultado, una persona no tendr\u00eda sensibilidad ni funci\u00f3n por debajo del lugar del da\u00f1o en la columna vertebral.<\/p>\n<h2>\u00bfQu\u00e9 tipos de accidentes pueden provocar lesiones en la columna vertebral?<\/h2>\n<p>Alguien podr\u00eda lesionarse la columna vertebral y requerir los servicios de un abogado especializado en lesiones medulares de Monument . Algunos accidentes que pueden dar lugar a una demanda viable por da\u00f1os en la columna vertebral pueden ser los siguientes:<\/p>\n<ul>\n<li><a href=\"https:\/\/springslawgroup.com\/es\/monument-lesiones-personales\/abogado-de-accidentes-de-coche-en-monument\/\">Accidente de tr\u00e1fico.<\/a><\/li>\n<li>Negligencia m\u00e9dica o quir\u00fargica.<\/li>\n<li><a href=\"https:\/\/springslawgroup.com\/es\/monument-lesiones-personales\/abogado-de-accidentes-de-motocicleta-en-monument\/\">Accidentes de motocicleta.<\/a><\/li>\n<li><a href=\"https:\/\/springslawgroup.com\/es\/monument-lesiones-personales\/abogado-de-resbalones-y-caidas-en-monument\/\">Ca\u00eddas.<\/a><\/li>\n<li>Actos violentos.<\/li>\n<li>Lesiones deportivas.<\/li>\n<\/ul>\n<h2>Indemnizaci\u00f3n por lesiones medulares<\/h2>\n<p>El da\u00f1o medular es catastr\u00f3fico por su propia naturaleza. Por ello, cualquier persona que sufra da\u00f1os en la columna vertebral podr\u00eda enfrentar una amplia gama de dificultades y p\u00e9rdidas. Un abogado especializado en lesiones medulares de Monument puede evaluar qu\u00e9 indemnizaci\u00f3n podr\u00eda obtener una persona en funci\u00f3n de sus lesiones y p\u00e9rdidas.<\/p>\n<h3>Gastos m\u00e9dicos.<\/h3>\n<p>Los gastos m\u00e9dicos asociados a una lesi\u00f3n medular pueden ascender f\u00e1cilmente a cientos de miles de d\u00f3lares, e incluso m\u00e1s. La indemnizaci\u00f3n por gastos m\u00e9dicos puede incluir los cuidados pasados y futuros, la rehabilitaci\u00f3n f\u00edsica y los costos de dispositivos de asistencia y modificaciones del hogar.<\/p>\n<h3>Salarios perdidos.<\/h3>\n<p>Una persona que sufri\u00f3 una lesi\u00f3n medular tendr\u00eda que dejar de trabajar temporal o permanentemente. Si un demandante puede reincorporarse a su puesto de trabajo, es posible que solo pueda hacerlo a tiempo parcial o en un puesto peor remunerado. Tanto los salarios perdidos como la p\u00e9rdida de capacidad de ganancia son indemnizables en una demanda por lesi\u00f3n medular.<\/p>\n<h3>Dolor y sufrimiento<\/h3>\n<p>Vivir con lesiones medulares suele traducirse en a\u00f1os de retos f\u00edsicos, como limitaciones de movilidad, p\u00e9rdida de control de esf\u00ednteres y p\u00e9rdida de capacidad para realizar las funciones cotidianas. Este tipo de cambios importantes de vida pueden compensarse mediante da\u00f1os y perjuicios por dolor y sufrimiento.<\/p>\n<h3>Angustia mental<\/h3>\n<p>La angustia mental de tener que vivir con da\u00f1os en la columna vertebral tambi\u00e9n puede ser un perjuicio indemnizable. La realidad es que una lesi\u00f3n medular puede infligir un dolor psicol\u00f3gico continuo que nunca desaparece del todo.<\/p>\n<h2>Hable hoy mismo con un abogado especializado en lesiones medulares de Monument<\/h2>\n<p>Sufrir una lesi\u00f3n medular puede alterar el curso de su vida. Por lo tanto, es posible que pueda obtener una gran compensaci\u00f3n monetaria si puede demostrar que la negligencia de otra parte caus\u00f3 su lesi\u00f3n. Contacto a un abogado especializado en lesiones medulares de Monument hoy mismo y comience a trabajar en su recuperaci\u00f3n econ\u00f3mica.<\/p>\n","protected":false},"excerpt":{"rendered":"<p>Una lesi\u00f3n medular puede provocar una amplia gama de deficiencias f\u00edsicas, como incapacidad para caminar, p\u00e9rdida de control de esf\u00ednteres,&nbsp;<a class=\"moretag\" href=\"https:\/\/springslawgroup.com\/es\/monument-lesiones-personales\/abogado-de-lesiones-catastroficas-en-monument\/abogado-de-lesiones-medulares-en-monument\/\"> Read More&#8230;<\/a><\/p>\n","protected":false},"author":32,"featured_media":0,"parent":16852,"menu_order":0,"comment_status":"closed","ping_status":"closed","template":"landingpage.php","meta":{"_acf_changed":false,"inline_featured_image":false,"footnotes":""},"categories":[],"tags":[],"class_list":["post-16387","page","type-page","status-publish","hentry"],"acf":{"key_takeaways":null,"_litigation_personal_injury_contents_new":{"_litigation_personal_injury_title_new":"","_litigation_personal_injury_discription_new":"","_litigation_personal_injury_discription_new_copy":"","_litigation_video_url_new":"","add_button":false},"_header_sub_header_content_new":null,"_litigation_frequently_asked_questions_new":null,"lawsuit_updates":null,"_litigation_related_posts_relation":null,"acf-references":""},"_links":{"self":[{"href":"https:\/\/springslawgroup.com\/es\/wp-json\/wp\/v2\/pages\/16387","targetHints":{"allow":["GET"]}}],"collection":[{"href":"https:\/\/springslawgroup.com\/es\/wp-json\/wp\/v2\/pages"}],"about":[{"href":"https:\/\/springslawgroup.com\/es\/wp-json\/wp\/v2\/types\/page"}],"author":[{"embeddable":true,"href":"https:\/\/springslawgroup.com\/es\/wp-json\/wp\/v2\/users\/32"}],"replies":[{"embeddable":true,"href":"https:\/\/springslawgroup.com\/es\/wp-json\/wp\/v2\/comments?post=16387"}],"version-history":[{"count":3,"href":"https:\/\/springslawgroup.com\/es\/wp-json\/wp\/v2\/pages\/16387\/revisions"}],"predecessor-version":[{"id":17233,"href":"https:\/\/springslawgroup.com\/es\/wp-json\/wp\/v2\/pages\/16387\/revisions\/17233"}],"up":[{"embeddable":true,"href":"https:\/\/springslawgroup.com\/es\/wp-json\/wp\/v2\/pages\/16852"}],"wp:attachment":[{"href":"https:\/\/springslawgroup.com\/es\/wp-json\/wp\/v2\/media?parent=16387"}],"wp:term":[{"taxonomy":"category","embeddable":true,"href":"https:\/\/springslawgroup.com\/es\/wp-json\/wp\/v2\/categories?post=16387"},{"taxonomy":"post_tag","embeddable":true,"href":"https:\/\/springslawgroup.com\/es\/wp-json\/wp\/v2\/tags?post=16387"}],"curies":[{"name":"wp","href":"https:\/\/api.w.org\/{rel}","templated":true}]}}