{"id":16385,"date":"2020-01-20T15:29:53","date_gmt":"2020-01-20T22:29:53","guid":{"rendered":"https:\/\/springs.flywheelstaging.com\/pueblo-accidentes-de-coche-causados-por-mensajes-de-texto-y-la-conduccion\/"},"modified":"2023-10-20T14:13:35","modified_gmt":"2023-10-20T21:13:35","slug":"pueblo-accidentes-de-coche-causados-por-mensajes-de-texto-y-la-conduccion","status":"publish","type":"page","link":"https:\/\/springslawgroup.com\/es\/pueblo-abogado-de-lesiones-personales\/abogado-de-accidentes-de-coche-en-pueblo\/pueblo-accidentes-de-coche-causados-por-mensajes-de-texto-y-la-conduccion\/","title":{"rendered":"Pueblo accidentes de coche causados por mensajes de texto y la conducci\u00f3n"},"content":{"rendered":"<p>Enviar mensajes de texto al volante, como cualquier otra forma de distracci\u00f3n al volante, es arriesgado. Cuando un conductor aparta la vista de la carretera para responder a un mensaje de texto, corre el riesgo de colisionar con otro veh\u00edculo, objeto o persona. En algunos casos, un conductor que env\u00eda mensajes de texto puede no percatarse de la presencia de un sem\u00e1foro o desviarse por completo de la calzada.<\/p>\n<p>Un accidente de coche en Pueblo causado por enviar mensajes de texto y conducir puede ser devastador, especialmente para otros automovilistas implicados en el accidente. Cuando se producen estos accidentes, un abogado especializado en accidentes de tr\u00e1fico puede ayudar al conductor lesionado a emprender acciones legales contra el conductor negligente.<\/p>\n<p>Si ha sufrido lesiones en una colisi\u00f3n causada por un conductor que hablaba por tel\u00e9fono, es posible que tenga derecho a reclamar una indemnizaci\u00f3n por da\u00f1os y perjuicios. Estos da\u00f1os podr\u00edan cubrir diversos gastos, como facturas m\u00e9dicas o costes de reparaci\u00f3n del veh\u00edculo. Un <a href=\"https:\/\/springslawgroup.com\/es\/pueblo-abogado-de-lesiones-personales\/abogado-de-accidentes-de-coche-en-pueblo\/\">abogado<\/a> especializado en <a href=\"https:\/\/springslawgroup.com\/es\/pueblo-abogado-de-lesiones-personales\/abogado-de-accidentes-de-coche-en-pueblo\/\">accidentes<\/a> de tr\u00e1fico puede ayudarle a reclamar una indemnizaci\u00f3n y guiarle en el proceso de reclamaci\u00f3n.<\/p>\n<h2>Texting mientras se conduce Leyes en Pueblo<\/h2>\n<p>Las normas relativas al env\u00edo de mensajes de texto mientras se conduce var\u00edan en funci\u00f3n de la edad del conductor. Para los menores de 18 a\u00f1os, es ilegal utilizar un tel\u00e9fono m\u00f3vil y conducir al mismo tiempo. Esto abarca no s\u00f3lo los mensajes de texto, sino tambi\u00e9n el uso de Internet, la mensajer\u00eda instant\u00e1nea o las llamadas telef\u00f3nicas.<\/p>\n<p>Para los adultos, las normas no son tan estrictas. Los conductores adultos pueden utilizar sus tel\u00e9fonos para hacer llamadas incluso sin utilizar un auricular manos libres. Sin embargo, la ley proh\u00edbe a los conductores adultos enviar mensajes de texto manualmente o buscar en Internet mientras est\u00e1n al volante.<\/p>\n<p>Como ocurre con la mayor\u00eda de las normas, hay excepciones a estas limitaciones. Un conductor de cualquier edad puede utilizar un dispositivo m\u00f3vil para ponerse en contacto con el personal de emergencia en caso de una situaci\u00f3n que ponga en peligro su vida o de un acto delictivo. Aunque el estatuto conlleva sanciones limitadas por cada infracci\u00f3n, una condena podr\u00eda tener consecuencias inesperadas en un caso civil. Un abogado de Pueblo podr\u00eda utilizar una condena por enviar mensajes de texto mientras se conduce como prueba de negligencia durante un juicio civil.<\/p>\n<h2>C\u00f3mo determinar la culpa en un caso de env\u00edo de mensajes de texto mientras se conduce<\/h2>\n<p>Cada conductor tiene el deber de conducir su veh\u00edculo de forma segura. La ley les impone este deber, y su incumplimiento puede dar lugar a responsabilidad civil. Cualquier acto que infrinja este deber de diligencia se conoce como negligencia. Existen cuatro elementos para demostrar la negligencia en un juicio:<\/p>\n<ul>\n<li>El deber de asistencia<\/li>\n<li>Incumplimiento del deber<\/li>\n<li>Da\u00f1os indemnizables<\/li>\n<li>Causalidad entre los da\u00f1os y el deber incumplido<\/li>\n<\/ul>\n<p>Enviar mensajes de texto al volante puede infringir el deber del conductor de conducir su veh\u00edculo de forma segura. Si un abogado de Pueblo puede demostrar que el acusado estaba enviando mensajes de texto y conducir en el momento del accidente de coche, tienen un caso fuerte de negligencia.<\/p>\n<h2>Comun\u00edquese con un abogado de Pueblo para obtener ayuda con un caso de accidente automovil\u00edstico por enviar mensajes de texto mientras conduce.<\/h2>\n<p>Si un conductor que env\u00eda mensajes de texto le ha lesionado en un accidente, puede tener derecho a solicitar una indemnizaci\u00f3n econ\u00f3mica. Aunque podr\u00edas tener una reclamaci\u00f3n s\u00f3lida por negligencia, no hay garant\u00eda de que el conductor responsable asuma la responsabilidad de sus actos.<\/p>\n<p>Afortunadamente, un abogado podr\u00eda ayudarle a construir un caso contra el conductor distra\u00eddo si usted estuvo involucrado en un accidente de coche Pueblo causada por enviar mensajes de texto y conducir. Para empezar, <a href=\"https:\/\/springslawgroup.com\/es\/contacto\/\">programe la consulta de su caso<\/a> hoy mismo.<\/p>\n","protected":false},"excerpt":{"rendered":"<p>Enviar mensajes de texto al volante, como cualquier otra forma de distracci\u00f3n al volante, es arriesgado. Cuando un conductor aparta&nbsp;<a class=\"moretag\" href=\"https:\/\/springslawgroup.com\/es\/pueblo-abogado-de-lesiones-personales\/abogado-de-accidentes-de-coche-en-pueblo\/pueblo-accidentes-de-coche-causados-por-mensajes-de-texto-y-la-conduccion\/\"> Read More&#8230;<\/a><\/p>\n","protected":false},"author":32,"featured_media":0,"parent":16983,"menu_order":0,"comment_status":"closed","ping_status":"closed","template":"landingpage.php","meta":{"_acf_changed":false,"inline_featured_image":false,"footnotes":""},"categories":[],"tags":[],"class_list":["post-16385","page","type-page","status-publish","hentry"],"acf":{"key_takeaways":null,"_litigation_personal_injury_contents_new":{"_litigation_personal_injury_title_new":"","_litigation_personal_injury_discription_new":"","_litigation_personal_injury_discription_new_copy":"","_litigation_video_url_new":"","add_button":false},"_header_sub_header_content_new":null,"_litigation_frequently_asked_questions_new":null,"lawsuit_updates":null,"_litigation_related_posts_relation":null,"acf-references":""},"_links":{"self":[{"href":"https:\/\/springslawgroup.com\/es\/wp-json\/wp\/v2\/pages\/16385","targetHints":{"allow":["GET"]}}],"collection":[{"href":"https:\/\/springslawgroup.com\/es\/wp-json\/wp\/v2\/pages"}],"about":[{"href":"https:\/\/springslawgroup.com\/es\/wp-json\/wp\/v2\/types\/page"}],"author":[{"embeddable":true,"href":"https:\/\/springslawgroup.com\/es\/wp-json\/wp\/v2\/users\/32"}],"replies":[{"embeddable":true,"href":"https:\/\/springslawgroup.com\/es\/wp-json\/wp\/v2\/comments?post=16385"}],"version-history":[{"count":2,"href":"https:\/\/springslawgroup.com\/es\/wp-json\/wp\/v2\/pages\/16385\/revisions"}],"predecessor-version":[{"id":18051,"href":"https:\/\/springslawgroup.com\/es\/wp-json\/wp\/v2\/pages\/16385\/revisions\/18051"}],"up":[{"embeddable":true,"href":"https:\/\/springslawgroup.com\/es\/wp-json\/wp\/v2\/pages\/16983"}],"wp:attachment":[{"href":"https:\/\/springslawgroup.com\/es\/wp-json\/wp\/v2\/media?parent=16385"}],"wp:term":[{"taxonomy":"category","embeddable":true,"href":"https:\/\/springslawgroup.com\/es\/wp-json\/wp\/v2\/categories?post=16385"},{"taxonomy":"post_tag","embeddable":true,"href":"https:\/\/springslawgroup.com\/es\/wp-json\/wp\/v2\/tags?post=16385"}],"curies":[{"name":"wp","href":"https:\/\/api.w.org\/{rel}","templated":true}]}}