{"id":16384,"date":"2020-01-09T14:40:01","date_gmt":"2020-01-09T21:40:01","guid":{"rendered":"https:\/\/springs.flywheelstaging.com\/abogado-de-accidentes-de-coche-por-alcance-en-pueblo\/"},"modified":"2023-09-01T07:12:13","modified_gmt":"2023-09-01T14:12:13","slug":"abogado-de-accidentes-de-coche-por-alcance-en-pueblo","status":"publish","type":"page","link":"https:\/\/springslawgroup.com\/es\/pueblo-abogado-de-lesiones-personales\/abogado-de-accidentes-de-coche-en-pueblo\/abogado-de-accidentes-de-coche-por-alcance-en-pueblo\/","title":{"rendered":"Abogado especializado en accidentes por choque trasero de Pueblo"},"content":{"rendered":"<p>Los choques traseros pueden producirse de diversas formas y en distintas condiciones, lo que los convierte en tipos de accidentes extremadamente comunes. Aunque puede que no tengan la misma reputaci\u00f3n que otros accidentes m\u00e1s graves, un choque trasero puede alterar la vida. De hecho, las afecciones graves como las lesiones de cabeza y cuello son especialmente frecuentes. Cuando se producen estas lesiones, un <a href=\"https:\/\/springslawgroup.com\/es\/pueblo-abogado-de-lesiones-personales\/abogado-de-accidentes-de-coche-en-pueblo\/\">abogado especializado en accidente automovil\u00edstico<\/a> podr\u00eda ayudar a una persona lesionada a revisar sus opciones legales.<\/p>\n<p>En muchos casos, una demanda por lesiones puede proporcionar a alguien la mejor oportunidad de recuperar una indemnizaci\u00f3n monetaria. Mientras usted se concentra en recuperarse, su abogado especializado en accidentes por choque trasero de Pueblo podr\u00eda luchar con firmeza por la indemnizaci\u00f3n.<\/p>\n<h2>Prueba de responsabilidad en choques traseros en Pueblo<\/h2>\n<p>Hay dos formas de demostrar la responsabilidad en un choque trasero. La primera es a trav\u00e9s del principio de negligencia. Los automovilistas son negligentes cuando no tienen un cuidado razonable en el uso o funcionamiento de su autom\u00f3vil. Esto incluye seguir demasiado de cerca y provocar un accidente automovil\u00edstico al chocar por detr\u00e1s con otro veh\u00edculo.<\/p>\n<p>La segunda forma de demostrar la negligencia es mediante la doctrina de la negligencia per se. Esta doctrina permite al perjudicado responsabilizar autom\u00e1ticamente al demandado del accidente si su causa fue la infracci\u00f3n de una ley. En este caso, la ley que se infringir\u00eda al embestir por detr\u00e1s a otro veh\u00edculo se indica en <a href=\"https:\/\/codes.findlaw.com\/co\/title-42-vehicles-and-traffic\/co-rev-st-sect-42-4-1008.html\" target=\"_blank\" rel=\"noopener\">el art\u00edculo de los Estatutos Revisados de Colorado<\/a>, el cual establece que \u00ab[e]l conductor de un autom\u00f3vil no seguir\u00e1 a otro veh\u00edculo m\u00e1s cerca de lo que sea razonable y prudente, teniendo debidamente en cuenta la velocidad de dichos veh\u00edculos, el tr\u00e1fico y el estado de la carretera\u00bb. Si un automovilista embiste por detr\u00e1s a otro veh\u00edculo, puede concluirse que se infringi\u00f3 esta ley y que el acusado es negligente.<\/p>\n<h2>Presunci\u00f3n de culpa en un accidente por choque trasero<\/h2>\n<p>Al igual que en muchas jurisdicciones, existe la presunci\u00f3n de que el conductor del coche de atr\u00e1s es responsable de un accidente por choque trasero. Esta presunci\u00f3n se basa en el deber de cada conductor de vigilar la carretera por la que circula. En la mayor\u00eda de los casos, un choque trasero se produce cuando el conductor de atr\u00e1s no se detiene a tiempo. Esto es importante, ya que esta presunci\u00f3n legal tiene un peso sustancial en el juicio.<\/p>\n<p>Seg\u00fan la ley estatal, la presunci\u00f3n obliga al jurado a suponer que el automovilista de atr\u00e1s es culpable del accidente. Esto difiere de la mayor\u00eda de los accidentes automovil\u00edsticos, que permiten al jurado determinar libremente la culpa. Debido a esta presunci\u00f3n legal, el jurado debe fallar a favor del conductor que iba delante, a menos que la otra parte pueda demostrar que no tuvo la culpa. En otras palabras, traslada la carga de la prueba de lo ocurrido del demandante al demandado.<\/p>\n<p>Sin embargo, una presunci\u00f3n no garantiza el \u00e9xito. Hay numerosos ejemplos en los que el automovilista de delante podr\u00eda ser responsable. Esto es com\u00fan cuando este automovilista conduc\u00eda marcha atr\u00e1s. Aunque es \u00fatil, la presunci\u00f3n de culpa nunca garantizar\u00e1 el resultado en el juicio. Para asegurarse de que el jurado da la debida importancia a la presunci\u00f3n, un demandante podr\u00eda beneficiarse de trabajar en estrecha colaboraci\u00f3n con un abogado especializado en accidentes por choque trasero de Pueblo.<\/p>\n<h2>Resoluci\u00f3n de una demanda<\/h2>\n<p>Debido a la presunci\u00f3n en contra del conductor de atr\u00e1s, no es raro que el acusado o su compa\u00f1\u00eda de seguros busquen un acuerdo. Sin embargo, esto no significa que la oferta de acuerdo sea adecuada. Algunas compa\u00f1\u00edas de seguros tienen fama de hacer ofertas iniciales poco convincentes, sobre todo cuando saben que el otro conductor no tiene abogado.<\/p>\n<p>Una t\u00e1ctica que puede utilizar un proveedor de seguros es hacer una oferta antes de que finalice el tratamiento m\u00e9dico del demandante. Aunque esta oferta puede cubrir las facturas m\u00e9dicas inmediatamente posteriores al accidente, es poco probable que tenga en cuenta los posibles tratamientos necesarios en el futuro. Adem\u00e1s, estas ofertas pueden no contemplar la indemnizaci\u00f3n por el dolor y el sufrimiento o la angustia mental.<\/p>\n<p>Un abogado con experiencia podr\u00eda ayudar a un residente de Pueblo a resolver su demanda de accidente por choque trasero. Es m\u00e1s probable que las compa\u00f1\u00edas de seguros negocien un acuerdo justo cuando el perjudicado tiene representaci\u00f3n legal.<\/p>\n<h2>Comun\u00edquese con un abogado especializado en accidentes por choque trasero de Pueblo<\/h2>\n<p>Si se involucr\u00f3 en un accidente por choque, debe hablar con un abogado especializado en accidentes por choque trasero de Pueblo tan pronto como sea posible. Aunque existe la presunci\u00f3n de que el conductor de atr\u00e1s sea el responsable, la parte lesionada podr\u00eda ver c\u00f3mo se esfuman sus posibilidades de recuperaci\u00f3n sin una representaci\u00f3n legal s\u00f3lida. Para discutir sus opciones legales, programe una evaluaci\u00f3n inicial del caso.<\/p>\n","protected":false},"excerpt":{"rendered":"<p>Los choques traseros pueden producirse de diversas formas y en distintas condiciones, lo que los convierte en tipos de accidentes&nbsp;<a class=\"moretag\" href=\"https:\/\/springslawgroup.com\/es\/pueblo-abogado-de-lesiones-personales\/abogado-de-accidentes-de-coche-en-pueblo\/abogado-de-accidentes-de-coche-por-alcance-en-pueblo\/\"> Read More&#8230;<\/a><\/p>\n","protected":false},"author":32,"featured_media":0,"parent":16983,"menu_order":0,"comment_status":"closed","ping_status":"closed","template":"landingpage.php","meta":{"_acf_changed":false,"inline_featured_image":false,"footnotes":""},"categories":[],"tags":[],"class_list":["post-16384","page","type-page","status-publish","hentry"],"acf":{"key_takeaways":null,"_litigation_personal_injury_contents_new":{"_litigation_personal_injury_title_new":"","_litigation_personal_injury_discription_new":"","_litigation_personal_injury_discription_new_copy":"","_litigation_video_url_new":"","add_button":false},"_header_sub_header_content_new":null,"_litigation_frequently_asked_questions_new":null,"lawsuit_updates":null,"_litigation_related_posts_relation":null,"acf-references":""},"_links":{"self":[{"href":"https:\/\/springslawgroup.com\/es\/wp-json\/wp\/v2\/pages\/16384","targetHints":{"allow":["GET"]}}],"collection":[{"href":"https:\/\/springslawgroup.com\/es\/wp-json\/wp\/v2\/pages"}],"about":[{"href":"https:\/\/springslawgroup.com\/es\/wp-json\/wp\/v2\/types\/page"}],"author":[{"embeddable":true,"href":"https:\/\/springslawgroup.com\/es\/wp-json\/wp\/v2\/users\/32"}],"replies":[{"embeddable":true,"href":"https:\/\/springslawgroup.com\/es\/wp-json\/wp\/v2\/comments?post=16384"}],"version-history":[{"count":1,"href":"https:\/\/springslawgroup.com\/es\/wp-json\/wp\/v2\/pages\/16384\/revisions"}],"predecessor-version":[{"id":17179,"href":"https:\/\/springslawgroup.com\/es\/wp-json\/wp\/v2\/pages\/16384\/revisions\/17179"}],"up":[{"embeddable":true,"href":"https:\/\/springslawgroup.com\/es\/wp-json\/wp\/v2\/pages\/16983"}],"wp:attachment":[{"href":"https:\/\/springslawgroup.com\/es\/wp-json\/wp\/v2\/media?parent=16384"}],"wp:term":[{"taxonomy":"category","embeddable":true,"href":"https:\/\/springslawgroup.com\/es\/wp-json\/wp\/v2\/categories?post=16384"},{"taxonomy":"post_tag","embeddable":true,"href":"https:\/\/springslawgroup.com\/es\/wp-json\/wp\/v2\/tags?post=16384"}],"curies":[{"name":"wp","href":"https:\/\/api.w.org\/{rel}","templated":true}]}}