{"id":16383,"date":"2020-01-21T13:39:25","date_gmt":"2020-01-21T20:39:25","guid":{"rendered":"https:\/\/springs.flywheelstaging.com\/pueblo-abogado-de-accidente-de-coche-de-impacto-lateral\/"},"modified":"2023-09-01T07:12:13","modified_gmt":"2023-09-01T14:12:13","slug":"pueblo-abogado-de-accidente-de-coche-de-impacto-lateral","status":"publish","type":"page","link":"https:\/\/springslawgroup.com\/es\/pueblo-abogado-de-lesiones-personales\/abogado-de-accidentes-de-coche-en-pueblo\/pueblo-abogado-de-accidente-de-coche-de-impacto-lateral\/","title":{"rendered":"Abogado especializado en accidentes por choque lateral de Pueblo"},"content":{"rendered":"<p>Las lesiones que derivan de un accidente por choque lateral pueden ser graves. Para algunos conductores, estas lesiones pueden afectar dr\u00e1sticamente a su calidad de vida. En otros casos, las lesiones pueden ser mortales. Un <a href=\"https:\/\/springslawgroup.com\/es\/pueblo-abogado-de-lesiones-personales\/abogado-de-accidentes-de-coche-en-pueblo\/\">abogado experto en accidentes automovil\u00edsticos<\/a> podr\u00eda ayudar a un automovilista lesionado a reclamar una indemnizaci\u00f3n por sus lesiones.<\/p>\n<p>Si se involucr\u00f3 en un choque lateral, podr\u00eda haber muchos factores que impidan la obtenci\u00f3n de una indemnizaci\u00f3n. La compa\u00f1\u00eda de seguros del otro conductor puede hacer todo lo posible por denegar su reclamo o el demandado puede intentar atribuirle alguna responsabilidad a usted. Por suerte, usted no tiene que enfrentarse a estos individuos sin ayuda. Un abogado especializado en accidentes por choque lateral de Pueblo podr\u00eda ayudarle en etapa del proceso.<\/p>\n<h2>\u00bfQu\u00e9 es un choque lateral?<\/h2>\n<p>El tipo m\u00e1s com\u00fan de choque lateral se conoce como accidente en T. En un choque en T, la parte delantera de un veh\u00edculo choca contra el lateral de otro.<\/p>\n<p>Otro tipo de accidente por choque lateral es el choque de lado. Estos choques se producen cuando los laterales de dos veh\u00edculos chocan entre s\u00ed. Este tipo de accidente se conoce m\u00e1s com\u00fanmente como choque lateral. Aunque el impacto de choque lateral puede no ser tan grave en comparaci\u00f3n con un choque en T, suelen causar que los veh\u00edculos giren fuera de control. En cualquier caso, el potencial de lesiones corporales es alto.<\/p>\n<p>Los choques laterales pueden deberse a varios factores. Los choques en T suelen producirse en las intersecciones cuando un conductor no cede el paso a un dispositivo de control del tr\u00e1fico. Tambi\u00e9n ocurren con frecuencia cuando un veh\u00edculo sale de una plaza de aparcamiento sin prestar atenci\u00f3n.<\/p>\n<p>Los choques de lado suelen producirse cuando dos veh\u00edculos circulan uno al lado del otro. Si un conductor se pasa de la raya o cambia de carril sin mirar, puede provocar un choque de lado. Aunque en estos accidentes los da\u00f1os materiales son menores, el impacto puede ser suficiente para que uno o ambos veh\u00edculos se salgan de control. Cuando esto ocurre, las lesiones resultantes pueden ser devastadoras. Un abogado especializado en accidentes por choque lateral de Pueblo podr\u00eda ayudar a un conductor lesionado en cualquiera de los dos tipos de accidente con su demanda legal.<\/p>\n<h2>Plazo de prescripci\u00f3n para demandas de accidentes por choque lateral en Pueblo<\/h2>\n<p>Uno de los principales beneficios de trabajar con un abogado especializado en accidentes por choque lateral de Pueblo es su asistencia con el plazo de prescripci\u00f3n. Esta ley establece el plazo para presentar una demanda y las consecuencias de incumplirlo son muy graves.<\/p>\n<p>Un demandante en un accidente automovil\u00edstico se enfrenta a un plazo de prescripci\u00f3n de dos a\u00f1os para reclamar una indemnizaci\u00f3n por lesiones corporales. Este per\u00edodo entra en vigencia a partir de la fecha del accidente. Si el demandante presenta una demanda fuera de plazo, es probable que el tribunal desestime su caso.<\/p>\n<h2>Trabaje con un abogado especializado en accidentes por choque lateral de Pueblo<\/h2>\n<p>Si sufri\u00f3 lesiones en un choque lateral, tiene derecho a reclamar una indemnizaci\u00f3n al conductor responsable. Aunque estas demandas tienden a prosperar, suelen ser complejas. La orientaci\u00f3n de un abogado especializado en accidentes por choque lateral de Pueblo podr\u00eda favorecer mucho el \u00e9xito de su demanda. <a href=\"https:\/\/springslawgroup.com\/es\/contacto\/\">Llame<\/a> hoy y programe una evaluaci\u00f3n de su caso con uno de nuestros abogados dedicados.<\/p>\n","protected":false},"excerpt":{"rendered":"<p>Las lesiones que derivan de un accidente por choque lateral pueden ser graves. Para algunos conductores, estas lesiones pueden afectar&nbsp;<a class=\"moretag\" href=\"https:\/\/springslawgroup.com\/es\/pueblo-abogado-de-lesiones-personales\/abogado-de-accidentes-de-coche-en-pueblo\/pueblo-abogado-de-accidente-de-coche-de-impacto-lateral\/\"> Read More&#8230;<\/a><\/p>\n","protected":false},"author":32,"featured_media":0,"parent":16983,"menu_order":0,"comment_status":"closed","ping_status":"closed","template":"landingpage.php","meta":{"_acf_changed":false,"inline_featured_image":false,"footnotes":""},"categories":[],"tags":[],"class_list":["post-16383","page","type-page","status-publish","hentry"],"acf":{"key_takeaways":null,"_litigation_personal_injury_contents_new":{"_litigation_personal_injury_title_new":"","_litigation_personal_injury_discription_new":"","_litigation_personal_injury_discription_new_copy":"","_litigation_video_url_new":"","add_button":false},"_header_sub_header_content_new":null,"_litigation_frequently_asked_questions_new":null,"lawsuit_updates":null,"_litigation_related_posts_relation":null,"acf-references":""},"_links":{"self":[{"href":"https:\/\/springslawgroup.com\/es\/wp-json\/wp\/v2\/pages\/16383","targetHints":{"allow":["GET"]}}],"collection":[{"href":"https:\/\/springslawgroup.com\/es\/wp-json\/wp\/v2\/pages"}],"about":[{"href":"https:\/\/springslawgroup.com\/es\/wp-json\/wp\/v2\/types\/page"}],"author":[{"embeddable":true,"href":"https:\/\/springslawgroup.com\/es\/wp-json\/wp\/v2\/users\/32"}],"replies":[{"embeddable":true,"href":"https:\/\/springslawgroup.com\/es\/wp-json\/wp\/v2\/comments?post=16383"}],"version-history":[{"count":1,"href":"https:\/\/springslawgroup.com\/es\/wp-json\/wp\/v2\/pages\/16383\/revisions"}],"predecessor-version":[{"id":17181,"href":"https:\/\/springslawgroup.com\/es\/wp-json\/wp\/v2\/pages\/16383\/revisions\/17181"}],"up":[{"embeddable":true,"href":"https:\/\/springslawgroup.com\/es\/wp-json\/wp\/v2\/pages\/16983"}],"wp:attachment":[{"href":"https:\/\/springslawgroup.com\/es\/wp-json\/wp\/v2\/media?parent=16383"}],"wp:term":[{"taxonomy":"category","embeddable":true,"href":"https:\/\/springslawgroup.com\/es\/wp-json\/wp\/v2\/categories?post=16383"},{"taxonomy":"post_tag","embeddable":true,"href":"https:\/\/springslawgroup.com\/es\/wp-json\/wp\/v2\/tags?post=16383"}],"curies":[{"name":"wp","href":"https:\/\/api.w.org\/{rel}","templated":true}]}}