{"id":16382,"date":"2020-01-10T16:15:03","date_gmt":"2020-01-10T23:15:03","guid":{"rendered":"https:\/\/springs.flywheelstaging.com\/abogado-de-lesiones-medulares-de-pueblo\/"},"modified":"2023-09-01T07:11:41","modified_gmt":"2023-09-01T14:11:41","slug":"abogado-de-lesiones-medulares-de-pueblo","status":"publish","type":"page","link":"https:\/\/springslawgroup.com\/es\/pueblo-abogado-de-lesiones-personales\/abogado-de-lesiones-catastroficas-de-pueblo\/abogado-de-lesiones-medulares-de-pueblo\/","title":{"rendered":"Abogado especializado en lesiones medulares de Pueblo"},"content":{"rendered":"<p>Una lesi\u00f3n medular puede cambiar la vida de una persona. Podr\u00eda impedirle mantenerse a s\u00ed mismo y a su familia, as\u00ed como su capacidad para realizar actividades cotidianas.<\/p>\n<p>Las lesiones medulares son graves y quienes las causan deben responsabilizarse. Un abogado especializado en lesiones medulares de Pueblo podr\u00eda ayudarle a sortear por los complicados procedimientos asociados a la presentaci\u00f3n de estos casos. Adem\u00e1s, un <a href=\"https:\/\/springslawgroup.com\/es\/pueblo-abogado-de-lesiones-personales\/abogado-de-lesiones-catastroficas-de-pueblo\/\">abogado especializado en lesiones catastr\u00f3ficas<\/a> podr\u00eda discutir sus opciones de recuperaci\u00f3n y ayudarle a construir un caso s\u00f3lido. <strong> <\/strong><\/p>\n<h2>Causas de da\u00f1os en la columna vertebral<\/h2>\n<p>La mayor\u00eda de las lesiones medulares se producen por la negligencia de otra persona. La ley estatal permite a los demandantes demandar por da\u00f1os y perjuicios por lesiones que se producen cuando una persona da\u00f1a accidentalmente a otra por un descuido suyo.<\/p>\n<p>En estas situaciones, un abogado especializado en lesiones medulares de Pueblo tendr\u00eda que demostrar que el acusado incumpli\u00f3 su deber de cuidado, lo que caus\u00f3 da\u00f1o al demandante. Algunos incidentes comunes que pueden provocar lesiones medulares pueden ser los siguientes:<\/p>\n<ul>\n<li>Accidentes laborales<\/li>\n<li><a href=\"https:\/\/springslawgroup.com\/es\/pueblo-abogado-de-lesiones-personales\/abogado-de-accidentes-de-coche-en-pueblo\/\">Choques de autom\u00f3viles<\/a><\/li>\n<li><a href=\"https:\/\/springslawgroup.com\/es\/pueblo-abogado-de-lesiones-personales\/abogado-de-resbalones-y-caidas-en-pueblo\/\">Accidentes por resbalones o ca\u00eddas<\/a><\/li>\n<li>Lesiones causadas por un producto defectuoso<\/li>\n<li>Negligencia m\u00e9dica<\/li>\n<li><a href=\"https:\/\/springslawgroup.com\/es\/pueblo-abogado-de-lesiones-personales\/abogado-de-accidentes-de-peatones-en-pueblo\/\">Atropello<\/a><\/li>\n<\/ul>\n<h3>Actos intencionados<\/h3>\n<p>Por desgracia, pueden producirse da\u00f1os en la columna vertebral y otras lesiones graves cuando alguien intenta intencionadamente hacer da\u00f1o a otra persona, como en un caso de agresi\u00f3n. Es importante se\u00f1alar que, en situaciones que implican actos intencionados de violencia, una persona solo podr\u00e1 exigir responsabilidades civiles a su agresor. Corresponde al Estado castigar penalmente a dicha persona.<\/p>\n<h2>Da\u00f1os indemnizables en casos de lesi\u00f3n medular<\/h2>\n<p>Un demandante puede exigir distintos montos y tipos de da\u00f1os y perjuicios en funci\u00f3n de la naturaleza y las circunstancias de su lesi\u00f3n. Por ejemplo, si un demandante sufri\u00f3 da\u00f1os en las v\u00e9rtebras en un accidente automovil\u00edstico, puede reclamar da\u00f1os materiales por los costes de reparaci\u00f3n o sustituci\u00f3n de su veh\u00edculo. Otros da\u00f1os econ\u00f3micos pueden incluir gastos m\u00e9dicos, salarios perdidos y cualquier costo de rehabilitaci\u00f3n derivado de sus lesiones.<\/p>\n<p>Adem\u00e1s de los da\u00f1os econ\u00f3micos, una parte perjudicada tambi\u00e9n puede solicitar una indemnizaci\u00f3n por sus p\u00e9rdidas emocionales. Estas pueden incluir el dolor y el sufrimiento o la angustia emocional padecidos por el demandante.<\/p>\n<p>Un abogado especializado en lesiones medulares de Pueblo podr\u00eda evaluar el valor de la demanda de un individuo seg\u00fan sus da\u00f1os no econ\u00f3micos y con base en sus conocimientos y experiencias previas. Debido a la posible gravedad de una lesi\u00f3n en la columna vertebral, una persona tambi\u00e9n tendr\u00eda derecho a una indemnizaci\u00f3n ejemplar, especialmente si el demandado actu\u00f3 con imprudente desprecio por la seguridad de los dem\u00e1s.<\/p>\n<h2>Contacte a un abogado especializado en lesiones medulares de Pueblo<\/h2>\n<p>Tras sufrir una lesi\u00f3n en la columna vertebral, la adaptaci\u00f3n puede llevar bastante tiempo. Adem\u00e1s, podr\u00eda ser dif\u00edcil centrarse en su recuperaci\u00f3n, especialmente si est\u00e1 tratando de librar una batalla legal por su cuenta.<\/p>\n<p>Nuestros abogados especializados en lesiones medulares de Pueblo est\u00e1n aqu\u00ed para ayudarle. Ellos podr\u00edan gestionar su caso de principio a fin y guiarle hacia sus objetivos de recuperaci\u00f3n. Para saber c\u00f3mo podemos ayudarle, llame hoy mismo.<\/p>\n","protected":false},"excerpt":{"rendered":"<p>Una lesi\u00f3n medular puede cambiar la vida de una persona. Podr\u00eda impedirle mantenerse a s\u00ed mismo y a su familia,&nbsp;<a class=\"moretag\" href=\"https:\/\/springslawgroup.com\/es\/pueblo-abogado-de-lesiones-personales\/abogado-de-lesiones-catastroficas-de-pueblo\/abogado-de-lesiones-medulares-de-pueblo\/\"> Read More&#8230;<\/a><\/p>\n","protected":false},"author":32,"featured_media":0,"parent":16591,"menu_order":0,"comment_status":"closed","ping_status":"closed","template":"landingpage.php","meta":{"_acf_changed":false,"inline_featured_image":false,"footnotes":""},"categories":[],"tags":[],"class_list":["post-16382","page","type-page","status-publish","hentry"],"acf":{"key_takeaways":null,"_litigation_personal_injury_contents_new":{"_litigation_personal_injury_title_new":"","_litigation_personal_injury_discription_new":"","_litigation_personal_injury_discription_new_copy":"","_litigation_video_url_new":"","add_button":false},"_header_sub_header_content_new":null,"_litigation_frequently_asked_questions_new":null,"lawsuit_updates":null,"_litigation_related_posts_relation":null,"acf-references":""},"_links":{"self":[{"href":"https:\/\/springslawgroup.com\/es\/wp-json\/wp\/v2\/pages\/16382","targetHints":{"allow":["GET"]}}],"collection":[{"href":"https:\/\/springslawgroup.com\/es\/wp-json\/wp\/v2\/pages"}],"about":[{"href":"https:\/\/springslawgroup.com\/es\/wp-json\/wp\/v2\/types\/page"}],"author":[{"embeddable":true,"href":"https:\/\/springslawgroup.com\/es\/wp-json\/wp\/v2\/users\/32"}],"replies":[{"embeddable":true,"href":"https:\/\/springslawgroup.com\/es\/wp-json\/wp\/v2\/comments?post=16382"}],"version-history":[{"count":2,"href":"https:\/\/springslawgroup.com\/es\/wp-json\/wp\/v2\/pages\/16382\/revisions"}],"predecessor-version":[{"id":17183,"href":"https:\/\/springslawgroup.com\/es\/wp-json\/wp\/v2\/pages\/16382\/revisions\/17183"}],"up":[{"embeddable":true,"href":"https:\/\/springslawgroup.com\/es\/wp-json\/wp\/v2\/pages\/16591"}],"wp:attachment":[{"href":"https:\/\/springslawgroup.com\/es\/wp-json\/wp\/v2\/media?parent=16382"}],"wp:term":[{"taxonomy":"category","embeddable":true,"href":"https:\/\/springslawgroup.com\/es\/wp-json\/wp\/v2\/categories?post=16382"},{"taxonomy":"post_tag","embeddable":true,"href":"https:\/\/springslawgroup.com\/es\/wp-json\/wp\/v2\/tags?post=16382"}],"curies":[{"name":"wp","href":"https:\/\/api.w.org\/{rel}","templated":true}]}}