{"id":16381,"date":"2020-01-22T14:04:48","date_gmt":"2020-01-22T21:04:48","guid":{"rendered":"https:\/\/springs.flywheelstaging.com\/abogado-de-accidente-de-coche-con-impacto-lateral-en-monument\/"},"modified":"2023-09-01T07:12:43","modified_gmt":"2023-09-01T14:12:43","slug":"abogado-de-accidente-de-coche-con-impacto-lateral-en-monument","status":"publish","type":"page","link":"https:\/\/springslawgroup.com\/es\/monument-lesiones-personales\/abogado-de-accidentes-de-coche-en-monument\/abogado-de-accidente-de-coche-con-impacto-lateral-en-monument\/","title":{"rendered":"Abogado especializado en accidentes por choque lateral de Monument"},"content":{"rendered":"<p>Los choques laterales de autom\u00f3viles ocurre cuando conductores peligrosos o imprudentes se ponen al volante. La conducci\u00f3n alcoholizada y distra\u00edda, el exceso de velocidad, la desobediencia a las se\u00f1ales de tr\u00e1fico, no ceder el paso y saltarse sem\u00e1foros en rojo o se\u00f1ales de alto son motivos habituales de este tipo de accidentes. Si se involucr\u00f3 en un choque lateral, podr\u00eda requerir la representaci\u00f3n experimentada de un abogado especializado en accidentes por choque lateral de Monument.<\/p>\n<p>Un <a href=\"https:\/\/springslawgroup.com\/es\/monument-lesiones-personales\/abogado-de-accidentes-de-coche-en-monument\/\">abogado especializado en accidentes automovil\u00edstico<\/a> podr\u00eda responder a sus preguntas legales en una evaluaci\u00f3n confidencial de su caso y ayudarle a comprender sus derechos. Tambi\u00e9n podr\u00eda evaluar la viabilidad de su demanda y si tendr\u00eda una base v\u00e1lida para presentar una demanda por negligencia contra la parte culpable.<\/p>\n<h2>Presentaci\u00f3n de un caso de accidente por choque Lateral contra un conductor negligente en Monument<\/h2>\n<p>Para presentar una demanda contra la parte culpable de un accidente por choque lateral, un abogado de Monument deber\u00eda demostrar que el demandado actu\u00f3 con negligencia. La legislaci\u00f3n estatal establece que la negligencia se compone de cuatro elementos y cada uno debe probarse para que un demandante pueda presentar una demanda v\u00e1lida de indemnizaci\u00f3n. Para probar que el demandado fue negligente, una demanda debe demostrar lo siguiente:<\/p>\n<ul>\n<li>Que la parte culpable deb\u00eda al perjudicado un deber de diligencia.<\/li>\n<li>Que el demandado incumpli\u00f3 su deber de diligencia.<\/li>\n<li>Que el incumplimiento del deber del conductor culpable caus\u00f3 las lesiones del demandante.<\/li>\n<li>Que las lesiones del demandante provocaron da\u00f1os.<\/li>\n<\/ul>\n<p>Todo conductor tiene la obligaci\u00f3n legal de conducir de forma responsable para evitar causar lesiones a otras personas. Si un conductor incumple esta obligaci\u00f3n legal e infringe una ley de tr\u00e1fico, por ejemplo, quien sufra lesiones por eso tendr\u00eda derecho a indemnizaci\u00f3n. Un abogado especializado en accidentes automovil\u00edsticos de Monument podr\u00eda ayudar a alguien a establecer la negligencia en un caso de choque lateral.<\/p>\n<h2>Da\u00f1os indemnizables en una demanda por accidente por choque lateral<\/h2>\n<p>Las personas que sufren un accidente por choque lateral pueden sufrir numerosas lesiones graves, sobre todo si est\u00e1n sentadas del lado en el que se encuentra el punto de impacto en el momento del choque. Estas lesiones pueden incluir da\u00f1os en la m\u00e9dula espinal, el cerebro, el cuello o la espalda. Los da\u00f1os en estas partes del cuerpo pueden provocar par\u00e1lisis, conmociones cerebrales y latigazos cervicales. Otras lesiones por accidente por choque lateral pueden incluir hemorragias internas importantes, quemaduras y da\u00f1os en los tejidos blandos. Dado que estas lesiones pueden causar da\u00f1os a largo plazo e incluso permanentes, un demandante puede demandar por una serie de da\u00f1os indemnizables.<\/p>\n<p>Los tipos de da\u00f1os financieros que una persona puede recuperar en un acuerdo por choque lateral o indemnizaci\u00f3n del jurado incluyen los siguientes:<\/p>\n<ul>\n<li>P\u00e9rdida de ingresos<\/li>\n<li>Futura disminuci\u00f3n de la capacidad de ganancia<\/li>\n<li>Facturas hospitalarias<\/li>\n<li>Facturas de ambulancia<\/li>\n<li>Gastos de cirug\u00eda<\/li>\n<li>Gastos de rehabilitaci\u00f3n y terapia<\/li>\n<li>Angustia emocional<\/li>\n<li>Angustia mental<\/li>\n<li>Dolor y sufrimiento<\/li>\n<\/ul>\n<p>Un abogado de Monument podr\u00eda evaluar a un demandante lesionado con un caso de accidente por choque lateral e identificar qu\u00e9 tipos de compensaci\u00f3n podr\u00eda obtener.<\/p>\n<h2>Contrate a un abogado especializado en accidentes por choque lateral de Monument<\/h2>\n<p>Si tiene alguna pregunta sobre c\u00f3mo iniciar una demanda civil tras un accidente automovil\u00edstico, debe hablar con un abogado especializado en accidentes por choque lateral de Monument lo antes posible. Nuestros abogados podr\u00edan revisar su caso y discutir qu\u00e9 opciones legales estar\u00edan disponibles. Programe una cita con uno de nuestros dedicados abogados hoy.<\/p>\n","protected":false},"excerpt":{"rendered":"<p>Los choques laterales de autom\u00f3viles ocurre cuando conductores peligrosos o imprudentes se ponen al volante. La conducci\u00f3n alcoholizada y distra\u00edda,&nbsp;<a class=\"moretag\" href=\"https:\/\/springslawgroup.com\/es\/monument-lesiones-personales\/abogado-de-accidentes-de-coche-en-monument\/abogado-de-accidente-de-coche-con-impacto-lateral-en-monument\/\"> Read More&#8230;<\/a><\/p>\n","protected":false},"author":32,"featured_media":0,"parent":16850,"menu_order":0,"comment_status":"closed","ping_status":"closed","template":"landingpage.php","meta":{"_acf_changed":false,"inline_featured_image":false,"footnotes":""},"categories":[],"tags":[],"class_list":["post-16381","page","type-page","status-publish","hentry"],"acf":{"key_takeaways":null,"_litigation_personal_injury_contents_new":{"_litigation_personal_injury_title_new":"","_litigation_personal_injury_discription_new":"","_litigation_personal_injury_discription_new_copy":"","_litigation_video_url_new":"","add_button":false},"_header_sub_header_content_new":null,"_litigation_frequently_asked_questions_new":null,"lawsuit_updates":null,"_litigation_related_posts_relation":null,"acf-references":""},"_links":{"self":[{"href":"https:\/\/springslawgroup.com\/es\/wp-json\/wp\/v2\/pages\/16381","targetHints":{"allow":["GET"]}}],"collection":[{"href":"https:\/\/springslawgroup.com\/es\/wp-json\/wp\/v2\/pages"}],"about":[{"href":"https:\/\/springslawgroup.com\/es\/wp-json\/wp\/v2\/types\/page"}],"author":[{"embeddable":true,"href":"https:\/\/springslawgroup.com\/es\/wp-json\/wp\/v2\/users\/32"}],"replies":[{"embeddable":true,"href":"https:\/\/springslawgroup.com\/es\/wp-json\/wp\/v2\/comments?post=16381"}],"version-history":[{"count":2,"href":"https:\/\/springslawgroup.com\/es\/wp-json\/wp\/v2\/pages\/16381\/revisions"}],"predecessor-version":[{"id":17157,"href":"https:\/\/springslawgroup.com\/es\/wp-json\/wp\/v2\/pages\/16381\/revisions\/17157"}],"up":[{"embeddable":true,"href":"https:\/\/springslawgroup.com\/es\/wp-json\/wp\/v2\/pages\/16850"}],"wp:attachment":[{"href":"https:\/\/springslawgroup.com\/es\/wp-json\/wp\/v2\/media?parent=16381"}],"wp:term":[{"taxonomy":"category","embeddable":true,"href":"https:\/\/springslawgroup.com\/es\/wp-json\/wp\/v2\/categories?post=16381"},{"taxonomy":"post_tag","embeddable":true,"href":"https:\/\/springslawgroup.com\/es\/wp-json\/wp\/v2\/tags?post=16381"}],"curies":[{"name":"wp","href":"https:\/\/api.w.org\/{rel}","templated":true}]}}