{"id":16380,"date":"2020-01-15T15:38:21","date_gmt":"2020-01-15T22:38:21","guid":{"rendered":"https:\/\/springs.flywheelstaging.com\/abogado-de-lesiones-por-quemaduras-de-monument\/"},"modified":"2023-09-01T07:12:09","modified_gmt":"2023-09-01T14:12:09","slug":"abogado-de-lesiones-por-quemaduras-de-monument","status":"publish","type":"page","link":"https:\/\/springslawgroup.com\/es\/monument-lesiones-personales\/abogado-de-lesiones-catastroficas-en-monument\/abogado-de-lesiones-por-quemaduras-de-monument\/","title":{"rendered":"Abogado especializado en lesiones por quemaduras catastr\u00f3ficas"},"content":{"rendered":"<p>Una persona puede sufrir quemaduras graves si entra accidentalmente en contacto con agua hirviendo, vapor, electricidad de alto voltaje, productos qu\u00edmicos corrosivos, humos t\u00f3xicos y otras condiciones peligrosas. Una lesi\u00f3n por quemadura puede ser extremadamente dolorosa y tener consecuencias f\u00edsicas y psicol\u00f3gicas duraderas.<\/p>\n<p>Lo primero que debe hacer tras sufrir un da\u00f1o corporal grave como este es llamar a abogado especializado en lesiones por quemaduras de Monument . Seg\u00fan la gravedad de su lesi\u00f3n y de c\u00f3mo ocurri\u00f3 el accidente, un <a href=\"https:\/\/springslawgroup.com\/es\/monument-lesiones-personales\/abogado-de-lesiones-catastroficas-en-monument\/\">abogado especializado en lesiones catastr\u00f3ficas<\/a> podr\u00eda ayudarle a obtener una indemnizaci\u00f3n. Estos da\u00f1os podr\u00edan incluir una indemnizaci\u00f3n por los gastos m\u00e9dicos pasados y futuros, los salarios perdidos, el dolor f\u00edsico y la angustia mental que haya podido sufrir como consecuencia de las quemaduras.<\/p>\n<h2>Clasificaci\u00f3n de las lesiones por quemaduras<\/h2>\n<p>Al reunirse por primera vez con un demandante en un caso de lesiones por quemaduras, un abogado de Monument comprender\u00e1 mejor la gravedad de los da\u00f1os sufridos por la persona. Los profesionales m\u00e9dicos clasifican las quemaduras en funci\u00f3n de su gravedad y de la profundidad de penetraci\u00f3n en la piel<\/p>\n<p>Las quemaduras de primer grado o superficiales solo afectan a la capa m\u00e1s externa de la piel. Suelen provocar enrojecimiento y sensibilidad de la piel y suelen curarse sin necesidad de atenci\u00f3n m\u00e9dica.<\/p>\n<p>Una quemadura de segundo grado afecta a m\u00e1s capas de la piel y provoca hinchaz\u00f3n, dolor y ampollas. Sufrir una quemadura de tercer grado suele justificar una consulta con un abogado, ya que puede acarrear importantes facturas m\u00e9dicas y otras costosas consecuencias. Una quemadura de tercer grado puede provocar da\u00f1os permanentes en los tejidos.<\/p>\n<p>Las quemaduras de cuarto grado son tan graves que no solo da\u00f1an la piel, sino tambi\u00e9n m\u00fasculos, ligamentos y huesos. Pueden ser insoportables por el dolor, posiblemente mortales y hasta pueden requerir amputaci\u00f3n.<\/p>\n<h2>Determinaci\u00f3n de la responsabilidad en casos de lesiones por quemaduras<\/h2>\n<p>Las lesiones por quemaduras tienen una cantidad sorprendente de causas y pueden producirse en muchos tipos diferentes de accidentes. Por ejemplo, alguien puede sufrir quemaduras graves en un accidente automovil\u00edstico o por entrar en contacto con un producto defectuoso. Otras causas comunes de quemaduras pueden ser las siguientes:<\/p>\n<p>&#8211; L\u00edquidos calientes<br \/>\n&#8211; Productos qu\u00edmicos<br \/>\n&#8211; Electricidad<br \/>\n&#8211; Radiaci\u00f3n<br \/>\n&#8211; Explosiones o incendios<\/p>\n<p>Determinar la causa de una lesi\u00f3n por quemadura podr\u00eda ayudar a un abogado de Monument a establecer qui\u00e9n puede ser\u00eda culpable en el caso. Adem\u00e1s, la forma en que se produce una lesi\u00f3n puede determinar qu\u00e9 tipo de da\u00f1os y perjuicios pueden obtenerse.<\/p>\n<h3>Accidente automovil\u00edstico<\/h3>\n<p>En un accidente automovil\u00edstico con incendio, las quemaduras sufridas pueden ser culpa de un conductor negligente o de un fabricante de piezas de autom\u00f3vil. Determinar con exactitud c\u00f3mo se inici\u00f3 el fuego deber\u00eda ser suficiente para establecer la responsabilidad en relaci\u00f3n con este tipo de lesiones por quemaduras.<\/p>\n<h3>Defecto del producto<\/h3>\n<p>Las quemaduras causadas por productos defectuosos se producen con sorprendente regularidad. Para tener derecho a una indemnizaci\u00f3n, una persona que haya sufrido una quemadura grave debe demostrar, por lo general, que hab\u00eda un defecto en el dise\u00f1o o la fabricaci\u00f3n del producto.<\/p>\n<h3>Lesioneslaborales<\/h3>\n<p>Un empleado que se quema en el trabajo podr\u00eda solicitar una indemnizaci\u00f3n a trav\u00e9s del programa de compensaci\u00f3n de los trabajadores de su empresa. En lugar de tener que demostrar la culpa, el trabajador debe poder demostrar que la lesi\u00f3n por quemadura se produjo en el ejercicio de sus funciones profesionales.<\/p>\n<h3>Responsabilidad del local<\/h3>\n<p>Es posible que una lesi\u00f3n por quemadura que tiene lugar en propiedad ajena entre en la categor\u00eda legal de responsabilidad del local. Para obtener una indemnizaci\u00f3n, el visitante debe demostrar que el propietario incumpli\u00f3 su deber de mantener sus instalaciones seguras para que los hu\u00e9spedes no sufran da\u00f1os.<\/p>\n<h2>Hable hoy con un abogado especializado en lesiones por quemaduras de Monument<\/h2>\n<p>Una quemadura grave puede producirse en una fracci\u00f3n de segundo y causar toda una vida de sufrimiento. Determinar si otra parte puede considerarse legalmente responsable de su sufrimiento f\u00edsico y mental es algo que un abogado especializado en lesiones por quemaduras de Monument podr\u00eda realizar tras un accidente. P\u00f3ngase en contacto con nuestro estudio hoy mismo para obtener m\u00e1s informaci\u00f3n sobre sus opciones legales.<\/p>\n","protected":false},"excerpt":{"rendered":"<p>Una persona puede sufrir quemaduras graves si entra accidentalmente en contacto con agua hirviendo, vapor, electricidad de alto voltaje, productos&nbsp;<a class=\"moretag\" href=\"https:\/\/springslawgroup.com\/es\/monument-lesiones-personales\/abogado-de-lesiones-catastroficas-en-monument\/abogado-de-lesiones-por-quemaduras-de-monument\/\"> Read More&#8230;<\/a><\/p>\n","protected":false},"author":32,"featured_media":0,"parent":16852,"menu_order":0,"comment_status":"closed","ping_status":"closed","template":"landingpage.php","meta":{"_acf_changed":false,"inline_featured_image":false,"footnotes":""},"categories":[],"tags":[],"class_list":["post-16380","page","type-page","status-publish","hentry"],"acf":{"key_takeaways":null,"_litigation_personal_injury_contents_new":{"_litigation_personal_injury_title_new":"","_litigation_personal_injury_discription_new":"","_litigation_personal_injury_discription_new_copy":"","_litigation_video_url_new":"","add_button":false},"_header_sub_header_content_new":null,"_litigation_frequently_asked_questions_new":null,"lawsuit_updates":null,"_litigation_related_posts_relation":null,"acf-references":""},"_links":{"self":[{"href":"https:\/\/springslawgroup.com\/es\/wp-json\/wp\/v2\/pages\/16380","targetHints":{"allow":["GET"]}}],"collection":[{"href":"https:\/\/springslawgroup.com\/es\/wp-json\/wp\/v2\/pages"}],"about":[{"href":"https:\/\/springslawgroup.com\/es\/wp-json\/wp\/v2\/types\/page"}],"author":[{"embeddable":true,"href":"https:\/\/springslawgroup.com\/es\/wp-json\/wp\/v2\/users\/32"}],"replies":[{"embeddable":true,"href":"https:\/\/springslawgroup.com\/es\/wp-json\/wp\/v2\/comments?post=16380"}],"version-history":[{"count":3,"href":"https:\/\/springslawgroup.com\/es\/wp-json\/wp\/v2\/pages\/16380\/revisions"}],"predecessor-version":[{"id":17231,"href":"https:\/\/springslawgroup.com\/es\/wp-json\/wp\/v2\/pages\/16380\/revisions\/17231"}],"up":[{"embeddable":true,"href":"https:\/\/springslawgroup.com\/es\/wp-json\/wp\/v2\/pages\/16852"}],"wp:attachment":[{"href":"https:\/\/springslawgroup.com\/es\/wp-json\/wp\/v2\/media?parent=16380"}],"wp:term":[{"taxonomy":"category","embeddable":true,"href":"https:\/\/springslawgroup.com\/es\/wp-json\/wp\/v2\/categories?post=16380"},{"taxonomy":"post_tag","embeddable":true,"href":"https:\/\/springslawgroup.com\/es\/wp-json\/wp\/v2\/tags?post=16380"}],"curies":[{"name":"wp","href":"https:\/\/api.w.org\/{rel}","templated":true}]}}