{"id":16379,"date":"2020-04-03T19:57:36","date_gmt":"2020-04-04T02:57:36","guid":{"rendered":"https:\/\/springs.flywheelstaging.com\/fort-carson-abogado-de-lesiones-personales\/fort-carson-abogado-de-muerte-injusta\/"},"modified":"2023-09-01T07:08:53","modified_gmt":"2023-09-01T14:08:53","slug":"fort-carson-abogado-de-muerte-injusta","status":"publish","type":"page","link":"https:\/\/springslawgroup.com\/es\/fort-carson-lesiones-personales\/fort-carson-abogado-de-muerte-injusta\/","title":{"rendered":"Abogado especializado en muertes por negligencia de Fort Carson"},"content":{"rendered":"<p>Si recientemente sufri\u00f3 la p\u00e9rdida de un ser querido en un accidente fatal, sabe muy bien lo devastadora y desorientadora que puede ser una muerte repentina en la familia. Lo que tambi\u00e9n debe saber, sin embargo, es que seg\u00fan las circunstancias del fallecimiento, puede tener opciones legales a su disposici\u00f3n para reclamar una indemnizaci\u00f3n civil.<\/p>\n<p>Si bien el dinero no puede reemplazar a su ser querido, la compensaci\u00f3n que un abogado especializado en muertes por negligencia de Fort Carson podr\u00eda ayudarle a obtener puede ser crucial para mantener la seguridad financiera de su familia en los pr\u00f3ximos a\u00f1os. Una vez contratados, nuestros <a href=\"https:\/\/springslawgroup.com\/es\/fort-carson-lesiones-personales\/\">abogados especializados en lesiones personales<\/a> podr\u00edan ofrecerle orientaci\u00f3n y apoyo a lo largo de cualquier acci\u00f3n legal que desee tomar.<\/p>\n<h2>C\u00f3mo aborda la legislaci\u00f3n estatal los casos de muerte por negligencia<\/h2>\n<p>El <a href=\"https:\/\/advance.lexis.com\/documentpage\/?pdmfid=1000516&amp;crid=b1dddf04-48a1-4ab2-a172-9f480d391824&amp;config=014FJAAyNGJkY2Y4Zi1mNjgyLTRkN2YtYmE4OS03NTYzNzYzOTg0OGEKAFBvZENhdGFsb2d592qv2Kywlf8caKqYROP5&amp;pddocfullpath=%2Fshared%2Fdocument%2Fstatutes-legislation%2Furn%3AcontentItem%3A5XPN-KFB1-JW5H-X1Y4-00008-00&amp;pdcontentcomponentid=234176&amp;pdteaserkey=sr1&amp;pditab=allpods&amp;ecomp=tgw_kkk&amp;earg=sr1&amp;prid=6db39eb4-8b1e-49d6-a02c-15c165fddbb2\" target=\"_blank\" rel=\"noopener\">art\u00edculo \u00a713-21-201 de los Estatutos Revisados de Colorado<\/a> establece que el c\u00f3nyuge de una persona fallecida tiene prioridad en cuanto al derecho a presentar una demanda por muerte por negligencia en su nombre. Los hijos de un difunto pueden presentar una demanda a los dos a\u00f1os del fallecimiento de esa persona, pero solo pueden tomar acciones legales luego de un a\u00f1o si cuentan con el permiso del c\u00f3nyuge. Los hijos de un difunto tambi\u00e9n podr\u00edan presentar la solicitud durante el primer a\u00f1o si esta persona no ten\u00eda c\u00f3nyuge. Por \u00faltimo, los padres del difunto o un beneficiario designado legalmente pueden presentar una demanda si no est\u00e1n disponibles ni el c\u00f3nyuge ni los hijos del difunto.<\/p>\n<p>Independientemente de la parte que interponga la demanda, el plazo legal vigente es de dos a\u00f1os a partir de la fecha del fallecimiento del difunto, seg\u00fan el <a href=\"https:\/\/advance.lexis.com\/documentpage\/?pdmfid=1000516&amp;crid=0ec44c11-9d14-4fb8-b188-e0a0d525af26&amp;pdistocdocslideraccess=true&amp;config=014FJAAyNGJkY2Y4Zi1mNjgyLTRkN2YtYmE4OS03NTYzNzYzOTg0OGEKAFBvZENhdGFsb2d592qv2Kywlf8caKqYROP5&amp;pddocfullpath=%2Fshared%2Fdocument%2Fstatutes-legislation%2Furn%3AcontentItem%3A5XPN-KFB1-FBV7-B0D5-00008-00&amp;pdcomponentid=234177&amp;pdtocnodeidentifier=AANAAHAABAACAAG&amp;ecomp=3s-fkkk&amp;prid=530505c1-543b-4c10-b9bc-630c3982fad0\" target=\"_blank\" rel=\"noopener\">art\u00edculo 13-21-204 de los Estatutos Revisados de Colorado<\/a>. Un abogado de Fort Carson podr\u00eda ayudar a identificar qui\u00e9n tendr\u00eda derecho a presentar una demanda por muerte por negligencia y ayudarles a presentarla dentro del plazo legal.<\/p>\n<h2>Compensaci\u00f3n econ\u00f3mica por muerte por negligencia en Fort Carson<\/h2>\n<p>Dado que los demandantes presentan casos de muerte por negligencia en nombre de una persona fallecida, los criterios para demostrar la responsabilidad son esencialmente los mismos que en cualquier caso de lesiones personales. La parte demandante debe demostrar que el demandado incumpli\u00f3 un deber de diligencia de tal forma que provoc\u00f3 directamente las lesiones del fallecido y, en este caso, su muerte prematura. Sin embargo, el proceso de recuperaci\u00f3n de da\u00f1os difiere ligeramente en algunos aspectos clave.<\/p>\n<p>En primer lugar, hay dos tipos diferentes de demandas civiles que una persona puede presentar tras la muerte de alguien, cada una de las cuales puede perseguir distintos tipos de da\u00f1os y perjuicios. Los familiares del difunto pueden presentar una demanda por muerte por negligencia para recuperar los ingresos perdidos por el empleo del fallecido, la p\u00e9rdida de compa\u00f1\u00eda y apoyo conyugal, y prestaciones econ\u00f3micas como el pago de un seguro de vida. Alternativamente, una persona que represente a la sucesi\u00f3n del difunto puede presentar una acci\u00f3n de supervivencia para recuperar, en nombre de esa sucesi\u00f3n, las facturas m\u00e9dicas, los gastos funerarios y otras p\u00e9rdidas relacionadas con las lesiones y el sufrimiento f\u00edsico del difunto antes de su muerte.<\/p>\n<p>Seg\u00fan el <a href=\"https:\/\/advance.lexis.com\/documentpage\/?pdmfid=1000516&amp;crid=06284a41-e82d-48fc-a519-9232f737eb38&amp;pdistocdocslideraccess=true&amp;config=014FJAAyNGJkY2Y4Zi1mNjgyLTRkN2YtYmE4OS03NTYzNzYzOTg0OGEKAFBvZENhdGFsb2d592qv2Kywlf8caKqYROP5&amp;pddocfullpath=%2Fshared%2Fdocument%2Fstatutes-legislation%2Furn%3AcontentItem%3A5XPN-KFB1-F4NT-X28V-00008-00&amp;pdcomponentid=234177&amp;pdtocnodeidentifier=AANAAHAABAACAAD&amp;ecomp=3s-fkkk&amp;prid=5411a5b2-1dba-47ef-b2c5-f4f358a290fb\" target=\"_blank\" rel=\"noopener\">art\u00edculo \u00a713-21-203 de los C.R.S<\/a>., los da\u00f1os no econ\u00f3micos, o p\u00e9rdidas que no tienen un valor designado, tienen un l\u00edmite m\u00e1ximo de 250.000 d\u00f3lares m\u00e1s la inflaci\u00f3n. Un abogado calificado en muerte por negligencia podr\u00eda determinar qu\u00e9 formas de compensaci\u00f3n puede recibir un demandante en un caso particular en Fort Carson.<\/p>\n<h2>Contacte a un abogado especializado en muertes por negligencia de Fort Carson<\/h2>\n<p>Usted no deber\u00eda tener que soportar p\u00e9rdidas econ\u00f3micas debidas a las acciones negligentes o imprudentes de otra persona, especialmente si esas acciones tuvieron consecuencias fatales para un familiar. Sin embargo, presentar un caso de muerte por negligencia para obtener una indemnizaci\u00f3n por esas p\u00e9rdidas puede ser una un proceso emocionalmente agotador. Por eso es muy importante que cuente con asistencia jur\u00eddica especializada.<\/p>\n<p>Un abogado especializado en muertes por negligencia de Fort Carson podr\u00eda guiarle en cada paso de su demanda, responder a cada pregunta que tenga y trabajar sin descanso para obtener un resultado justo. Si est\u00e1 listo para pasar a la acci\u00f3n, programe una consulta para discutir las opciones que tiene a su disposici\u00f3n.<\/p>\n","protected":false},"excerpt":{"rendered":"<p>Si recientemente sufri\u00f3 la p\u00e9rdida de un ser querido en un accidente fatal, sabe muy bien lo devastadora y desorientadora&nbsp;<a class=\"moretag\" href=\"https:\/\/springslawgroup.com\/es\/fort-carson-lesiones-personales\/fort-carson-abogado-de-muerte-injusta\/\"> Read More&#8230;<\/a><\/p>\n","protected":false},"author":32,"featured_media":0,"parent":16343,"menu_order":0,"comment_status":"closed","ping_status":"closed","template":"landingpage.php","meta":{"_acf_changed":false,"inline_featured_image":false,"footnotes":""},"categories":[],"tags":[],"class_list":["post-16379","page","type-page","status-publish","hentry"],"acf":{"key_takeaways":null,"_litigation_personal_injury_contents_new":{"_litigation_personal_injury_title_new":"","_litigation_personal_injury_discription_new":"","_litigation_personal_injury_discription_new_copy":"","_litigation_video_url_new":"","add_button":false},"_header_sub_header_content_new":null,"_litigation_frequently_asked_questions_new":null,"lawsuit_updates":null,"_litigation_related_posts_relation":null,"acf-references":""},"_links":{"self":[{"href":"https:\/\/springslawgroup.com\/es\/wp-json\/wp\/v2\/pages\/16379","targetHints":{"allow":["GET"]}}],"collection":[{"href":"https:\/\/springslawgroup.com\/es\/wp-json\/wp\/v2\/pages"}],"about":[{"href":"https:\/\/springslawgroup.com\/es\/wp-json\/wp\/v2\/types\/page"}],"author":[{"embeddable":true,"href":"https:\/\/springslawgroup.com\/es\/wp-json\/wp\/v2\/users\/32"}],"replies":[{"embeddable":true,"href":"https:\/\/springslawgroup.com\/es\/wp-json\/wp\/v2\/comments?post=16379"}],"version-history":[{"count":2,"href":"https:\/\/springslawgroup.com\/es\/wp-json\/wp\/v2\/pages\/16379\/revisions"}],"predecessor-version":[{"id":17140,"href":"https:\/\/springslawgroup.com\/es\/wp-json\/wp\/v2\/pages\/16379\/revisions\/17140"}],"up":[{"embeddable":true,"href":"https:\/\/springslawgroup.com\/es\/wp-json\/wp\/v2\/pages\/16343"}],"wp:attachment":[{"href":"https:\/\/springslawgroup.com\/es\/wp-json\/wp\/v2\/media?parent=16379"}],"wp:term":[{"taxonomy":"category","embeddable":true,"href":"https:\/\/springslawgroup.com\/es\/wp-json\/wp\/v2\/categories?post=16379"},{"taxonomy":"post_tag","embeddable":true,"href":"https:\/\/springslawgroup.com\/es\/wp-json\/wp\/v2\/tags?post=16379"}],"curies":[{"name":"wp","href":"https:\/\/api.w.org\/{rel}","templated":true}]}}