{"id":16378,"date":"2020-04-07T14:25:54","date_gmt":"2020-04-07T21:25:54","guid":{"rendered":"https:\/\/springs.flywheelstaging.com\/fort-carson-abogado-de-accidente-de-coche\/abogado-de-accidente-de-coche-frontal-de-fort-carson\/"},"modified":"2023-11-28T21:11:35","modified_gmt":"2023-11-29T04:11:35","slug":"abogado-de-accidente-de-coche-frontal-de-fort-carson","status":"publish","type":"page","link":"https:\/\/springslawgroup.com\/es\/fort-carson-lesiones-personales\/fort-carson-abogado-de-accidente-de-coche\/abogado-de-accidente-de-coche-frontal-de-fort-carson\/","title":{"rendered":"Abogado especializado en accidentes por choque frontal"},"content":{"rendered":"<p>Cuando dos conductores chocan de frente, las lesiones resultantes pueden ser catastr\u00f3ficas y alterar la vida de los involucrados. Los accidentes frontales suelen implicar a dos conductores que circulan a gran velocidad. Sin embargo, las lesiones sufridas en un choque frontal a baja velocidad tambi\u00e9n pueden ser devastadoras. Recuperarse de lesiones graves suele ser costoso, al igual que reparar los da\u00f1os del veh\u00edculo.<\/p>\n<p>Si se est\u00e1 recuperando de las lesiones sufridas en un accidente por choque frontal, el impacto f\u00edsico y financiero en su vida podr\u00eda ser significativo. Si debe faltar al trabajo tras un accidente, cubrir esas p\u00e9rdidas por su cuenta puede ser dif\u00edcil. Usted podr\u00eda beneficiarse de hablar con un <a href=\"https:\/\/springslawgroup.com\/es\/fort-carson-lesiones-personales\/fort-carson-abogado-de-accidente-de-coche\/\">abogado especializado en lesiones<\/a> compasivo tras involucrarse en un accidente frontal. Un abogado especializado en accidentes por choque frontal de Fort Carson podr\u00eda trabajar con usted para obtener una indemnizaci\u00f3n por los da\u00f1os relacionados con el accidente.<\/p>\n<h2>Atribuci\u00f3n de la culpa en un accidente por choque frontal<\/h2>\n<p>Cada choque frontal se produce en circunstancias diferentes. Aunque no existe una presunci\u00f3n de negligencia como en otros tipos de accidentes, hay algunos factores que podr\u00edan indicar responsabilidad ante un juez o un jurado.<\/p>\n<p>Uno de los hechos m\u00e1s comunes en un choque frontal sucede cuando un conductor cruza la l\u00ednea central y entra en el carril contrario. Los automovilistas tienen el deber de evitar los accidentes previsibles siempre que sea posible, por lo que cruzar la l\u00ednea central hacia el tr\u00e1fico que se aproxima viola ese deber. Estos accidentes son frecuentes en carreteras estrechas y sinuosas, pero pueden producirse en cualquier carretera de dos carriles no dividida.<\/p>\n<p>La intoxicaci\u00f3n tambi\u00e9n suele desempe\u00f1ar un papel en los choques frontales. Los conductores bajo los efectos estupefacientes son m\u00e1s propensos a perder el control del veh\u00edculo e invadir el carril contrario. En casos de intoxicaci\u00f3n extrema, es posible que un conductor circule por error en sentido contrario por una calle o carretera de sentido \u00fanico. Una persona lesionada en un accidente por choque frontal en sentido contrario podr\u00eda beneficiarse de hablar con un abogado de Fort Carson tan pronto como sea posible.<\/p>\n<h2>Indemnizaci\u00f3n en caso de choque frontal<\/h2>\n<p>Cuando un abogado toma un caso de accidente por coche frontal en Fort Carson, hay tres tipos de compensaci\u00f3n que podr\u00edan buscar en nombre del demandante lesionado. Se trata de da\u00f1os econ\u00f3micos, no econ\u00f3micos y punitivos.<\/p>\n<p>Los da\u00f1os econ\u00f3micos compensan las p\u00e9rdidas reales de un demandante que tienen un valor monetario. Estos da\u00f1os y perjuicios suelen ayudar a un automovilista lesionado a recuperar los gastos extras que derivaron de un accidente. Algunos ejemplos son las facturas de urgencias, los gastos de reparaci\u00f3n del veh\u00edculo y los salarios perdidos. Un demandante puede demostrar el importe de estos da\u00f1os con recibos, facturas o recibos pagados.<\/p>\n<p>Los da\u00f1os no econ\u00f3micos pueden ser m\u00e1s dif\u00edciles de evaluar, ya que son p\u00e9rdidas intangibles y no tienen valor monetario. Los ejemplos m\u00e1s comunes de da\u00f1os no econ\u00f3micos son el dolor y el sufrimiento del demandante y el trauma emocional. En \u00faltima instancia, corresponde al jurado determinar el valor de estas p\u00e9rdidas.<\/p>\n<p>El \u00faltimo tipo de indemnizaci\u00f3n se conoce como da\u00f1os punitivos, aunque es raro que un juez o jurado los conceda en un caso de accidente por choque frontal. Estos da\u00f1os y perjuicios castigan al demandado y est\u00e1n concebidos para disuadir a otros de actuar de forma similar en el futuro. El tribunal solo puede conceder indemnizaciones punitivas si se demuestra un comportamiento doloso o intencional que conduzca a un accidente frontal.<\/p>\n<h2>Llame hoy mismo a un abogado especializado en accidentes por choque frontal de Fort Carson<\/h2>\n<p>Las secuelas de un choque frontal pueden ser ca\u00f3ticas. Adem\u00e1s, responder a estos accidentes puede ser especialmente dif\u00edcil si sufre lesiones graves. Un abogado compasivo de nuestro equipo podr\u00eda guiarle a trav\u00e9s del proceso de protecci\u00f3n de sus derechos legales y ayudarle a responsabilizar al conductor negligente. El abogado adecuado podr\u00eda empezar a tramitar su demanda de inmediato. Para obtener m\u00e1s informaci\u00f3n, llame a un abogado especializado en accidentes por choque frontal de Fort Carson de inmediato.<\/p>\n","protected":false},"excerpt":{"rendered":"<p>Cuando dos conductores chocan de frente, las lesiones resultantes pueden ser catastr\u00f3ficas y alterar la vida de los involucrados. Los&nbsp;<a class=\"moretag\" href=\"https:\/\/springslawgroup.com\/es\/fort-carson-lesiones-personales\/fort-carson-abogado-de-accidente-de-coche\/abogado-de-accidente-de-coche-frontal-de-fort-carson\/\"> Read More&#8230;<\/a><\/p>\n","protected":false},"author":32,"featured_media":0,"parent":16341,"menu_order":0,"comment_status":"closed","ping_status":"closed","template":"landingpage.php","meta":{"_acf_changed":false,"inline_featured_image":false,"footnotes":""},"categories":[],"tags":[],"class_list":["post-16378","page","type-page","status-publish","hentry"],"acf":{"key_takeaways":null,"_litigation_personal_injury_contents_new":{"_litigation_personal_injury_title_new":"","_litigation_personal_injury_discription_new":"","_litigation_personal_injury_discription_new_copy":"","_litigation_video_url_new":"","add_button":false},"_header_sub_header_content_new":null,"_litigation_frequently_asked_questions_new":null,"lawsuit_updates":null,"_litigation_related_posts_relation":null,"acf-references":""},"_links":{"self":[{"href":"https:\/\/springslawgroup.com\/es\/wp-json\/wp\/v2\/pages\/16378","targetHints":{"allow":["GET"]}}],"collection":[{"href":"https:\/\/springslawgroup.com\/es\/wp-json\/wp\/v2\/pages"}],"about":[{"href":"https:\/\/springslawgroup.com\/es\/wp-json\/wp\/v2\/types\/page"}],"author":[{"embeddable":true,"href":"https:\/\/springslawgroup.com\/es\/wp-json\/wp\/v2\/users\/32"}],"replies":[{"embeddable":true,"href":"https:\/\/springslawgroup.com\/es\/wp-json\/wp\/v2\/comments?post=16378"}],"version-history":[{"count":3,"href":"https:\/\/springslawgroup.com\/es\/wp-json\/wp\/v2\/pages\/16378\/revisions"}],"predecessor-version":[{"id":19443,"href":"https:\/\/springslawgroup.com\/es\/wp-json\/wp\/v2\/pages\/16378\/revisions\/19443"}],"up":[{"embeddable":true,"href":"https:\/\/springslawgroup.com\/es\/wp-json\/wp\/v2\/pages\/16341"}],"wp:attachment":[{"href":"https:\/\/springslawgroup.com\/es\/wp-json\/wp\/v2\/media?parent=16378"}],"wp:term":[{"taxonomy":"category","embeddable":true,"href":"https:\/\/springslawgroup.com\/es\/wp-json\/wp\/v2\/categories?post=16378"},{"taxonomy":"post_tag","embeddable":true,"href":"https:\/\/springslawgroup.com\/es\/wp-json\/wp\/v2\/tags?post=16378"}],"curies":[{"name":"wp","href":"https:\/\/api.w.org\/{rel}","templated":true}]}}