{"id":16377,"date":"2020-04-09T14:44:17","date_gmt":"2020-04-09T21:44:17","guid":{"rendered":"https:\/\/springs.flywheelstaging.com\/fort-carson-abogado-de-accidente-de-coche\/abogado-de-accidentes-en-estacionamientos-de-fort-carson\/"},"modified":"2023-09-01T07:09:35","modified_gmt":"2023-09-01T14:09:35","slug":"abogado-de-accidentes-en-estacionamientos-de-fort-carson","status":"publish","type":"page","link":"https:\/\/springslawgroup.com\/es\/fort-carson-lesiones-personales\/fort-carson-abogado-de-accidente-de-coche\/abogado-de-accidentes-en-estacionamientos-de-fort-carson\/","title":{"rendered":"Abogado especializado en accidentes de aparcamiento de Fort Carson"},"content":{"rendered":"<p>Los choques en aparcamientos ocurren todos los d\u00edas. Con visibilidad y espacio para maniobrar limitados, los estacionamientos y garajes son lugares habituales de accidentes automovil\u00edsticos de leves a graves. A pesar de que la mayor\u00eda de estos choques se producen a baja velocidad, los accidentes de aparcamiento conllevan el riesgo de lesiones graves. Si un accidente en un estacionamiento o garaje le caus\u00f3 lesiones, un <a href=\"https:\/\/springslawgroup.com\/es\/fort-carson-lesiones-personales\/fort-carson-abogado-de-accidente-de-coche\/\">abogado especializado en accidentes automovil\u00edsticos<\/a> podr\u00eda ayudarle a recuperar los da\u00f1os monetarios causados por el conductor culpable.<\/p>\n<p>Presentar una demanda por da\u00f1os y perjuicios puede resultar complicado, especialmente sin la ayuda y orientaci\u00f3n profesional de un abogado. Debe demostrar que el otro conductor actu\u00f3 con negligencia al provocar el accidente. Sin embargo, un abogado especializado en accidentes de aparcamiento de Fort Carson podr\u00eda ayudarle al revisar su demanda, negociar con los proveedores de seguros e incluso llevar su caso a juicio si fuera necesario.<\/p>\n<h2>Derecho de paso en un aparcamiento de Fort Carson<\/h2>\n<p>Determinar qui\u00e9n es responsable de un accidente de aparcamiento suele depender de si uno o ambos coches estaban en movimiento y de qui\u00e9n ten\u00eda el derecho de paso. Si solo el conductor acusado estaba en movimiento en el momento de un accidente de aparcamiento, un abogado de Fort Carson podr\u00eda presentar un argumento convincente de que es el culpable del choque.<\/p>\n<p>De hecho, muchos accidentes de aparcamiento implican choques con veh\u00edculos aparcados. Los conductores que chocan con autom\u00f3viles aparcados suelen considerarse responsables de los da\u00f1os subsiguientes de una persona lesionada.<\/p>\n<p>Si ambos veh\u00edculos estaban en movimiento, la responsabilidad depende de qu\u00e9 conductor ten\u00eda derecho de paso, que es el derecho a entrar en un espacio antes que cualquier otro veh\u00edculo. En otras palabras, todos los conductores en aparcamientos deben esperar a que pase el automovilista con derecho de paso antes de avanzar.<\/p>\n<p>La mayor\u00eda de aparcamientos y garajes incluyen filas de plazas para aparcar y carriles para conectarlas. Normalmente, un conductor que circula por un carril tiene derecho de paso frente a los automovilistas que intentan entrar o salir de una plaza de aparcamiento. En otras palabras, los conductores que salgan de un carril en marcha atr\u00e1s deben ceder el paso a los coches que ya est\u00e9n en el carril al que pretenden incorporarse.<\/p>\n<p>El derecho de paso puede no estar claro cuando ambos coches est\u00e1n en carriles que se cruzan. Al igual que con las se\u00f1ales de ceda el paso en una calzada, el conductor debe cederle el paso a los autom\u00f3viles establecidos en el carril al que pretende incorporarse antes de continuar.<\/p>\n<h2>Culpa compartida en un accidente de aparcamiento<\/h2>\n<p>En muchos accidentes de aparcamiento, varias partes comparten la responsabilidad de los da\u00f1os resultantes. Los aparcamientos y garajes que carecen de se\u00f1ales o l\u00edneas pintadas para identificar los carriles pueden generar responsabilidad civil para las entidades p\u00fablicas o privadas propietarias en caso de accidente.<\/p>\n<p>Adem\u00e1s, tener el derecho de paso no exime de responsabilidad al conductor de un veh\u00edculo de motor. Por ejemplo, si un conductor con derecho de paso circula con exceso de velocidad y colisiona con un automovilista que est\u00e1 saliendo marcha atr\u00e1s de una plaza de aparcamiento, se le puede asignar un porcentaje de la culpa.<\/p>\n<p>Es importante tener en cuenta que la ley estatal impide que un demandante reciba una indemnizaci\u00f3n si es culpable de sus propias lesiones en un 50% o m\u00e1s. Si la responsabilidad del demandante es inferior al 50%, a\u00fan se le pueden conceder da\u00f1os y perjuicios, pero su indemnizaci\u00f3n se reducir\u00eda proporcionalmente al porcentaje de culpa que se le asigne. Un abogado especializado en accidentes de aparcamiento en Fort Carson podr\u00eda ayudar a un demandante lesionado a refutar las acusaciones de negligencia contribuyente y obtener la m\u00e1xima indemnizaci\u00f3n en su nombre.<\/p>\n<h2>C\u00f3mo puede ayudar un abogado especializado en accidentes de aparcamiento en Fort Carson<\/h2>\n<p>Cuando se trata de elegir un abogado despu\u00e9s de un accidente de aparcamiento, la experiencia es importante. Los accidentes en aparcamientos pueden ser dif\u00edciles de litigar sin un conocimiento profundo de las leyes pertinentes. Para asegurar que sus derechos sean protegidos, llame a un abogado especializado en accidentes de aparcamiento de Fort Carson de nuestro estudio tan pronto como sea posible.<\/p>\n","protected":false},"excerpt":{"rendered":"<p>Los choques en aparcamientos ocurren todos los d\u00edas. Con visibilidad y espacio para maniobrar limitados, los estacionamientos y garajes son&nbsp;<a class=\"moretag\" href=\"https:\/\/springslawgroup.com\/es\/fort-carson-lesiones-personales\/fort-carson-abogado-de-accidente-de-coche\/abogado-de-accidentes-en-estacionamientos-de-fort-carson\/\"> Read More&#8230;<\/a><\/p>\n","protected":false},"author":32,"featured_media":0,"parent":16341,"menu_order":0,"comment_status":"closed","ping_status":"closed","template":"landingpage.php","meta":{"_acf_changed":false,"inline_featured_image":false,"footnotes":""},"categories":[],"tags":[],"class_list":["post-16377","page","type-page","status-publish","hentry"],"acf":{"key_takeaways":null,"_litigation_personal_injury_contents_new":{"_litigation_personal_injury_title_new":"","_litigation_personal_injury_discription_new":"","_litigation_personal_injury_discription_new_copy":"","_litigation_video_url_new":"","add_button":false},"_header_sub_header_content_new":null,"_litigation_frequently_asked_questions_new":null,"lawsuit_updates":null,"_litigation_related_posts_relation":null,"acf-references":""},"_links":{"self":[{"href":"https:\/\/springslawgroup.com\/es\/wp-json\/wp\/v2\/pages\/16377","targetHints":{"allow":["GET"]}}],"collection":[{"href":"https:\/\/springslawgroup.com\/es\/wp-json\/wp\/v2\/pages"}],"about":[{"href":"https:\/\/springslawgroup.com\/es\/wp-json\/wp\/v2\/types\/page"}],"author":[{"embeddable":true,"href":"https:\/\/springslawgroup.com\/es\/wp-json\/wp\/v2\/users\/32"}],"replies":[{"embeddable":true,"href":"https:\/\/springslawgroup.com\/es\/wp-json\/wp\/v2\/comments?post=16377"}],"version-history":[{"count":2,"href":"https:\/\/springslawgroup.com\/es\/wp-json\/wp\/v2\/pages\/16377\/revisions"}],"predecessor-version":[{"id":17128,"href":"https:\/\/springslawgroup.com\/es\/wp-json\/wp\/v2\/pages\/16377\/revisions\/17128"}],"up":[{"embeddable":true,"href":"https:\/\/springslawgroup.com\/es\/wp-json\/wp\/v2\/pages\/16341"}],"wp:attachment":[{"href":"https:\/\/springslawgroup.com\/es\/wp-json\/wp\/v2\/media?parent=16377"}],"wp:term":[{"taxonomy":"category","embeddable":true,"href":"https:\/\/springslawgroup.com\/es\/wp-json\/wp\/v2\/categories?post=16377"},{"taxonomy":"post_tag","embeddable":true,"href":"https:\/\/springslawgroup.com\/es\/wp-json\/wp\/v2\/tags?post=16377"}],"curies":[{"name":"wp","href":"https:\/\/api.w.org\/{rel}","templated":true}]}}