{"id":16376,"date":"2020-04-13T14:36:23","date_gmt":"2020-04-13T21:36:23","guid":{"rendered":"https:\/\/springs.flywheelstaging.com\/fort-carson-abogado-de-accidente-de-coche\/accidentes-de-coche-en-fort-carson-causados-por-enviar-mensajes-de-texto-y-conducir\/"},"modified":"2023-10-20T14:21:01","modified_gmt":"2023-10-20T21:21:01","slug":"accidentes-de-coche-en-fort-carson-causados-por-enviar-mensajes-de-texto-y-conducir","status":"publish","type":"page","link":"https:\/\/springslawgroup.com\/es\/fort-carson-lesiones-personales\/fort-carson-abogado-de-accidente-de-coche\/accidentes-de-coche-en-fort-carson-causados-por-enviar-mensajes-de-texto-y-conducir\/","title":{"rendered":"Accidentes de Coche en Fort Carson Causados por Enviar Mensajes de Texto y Conducir"},"content":{"rendered":"<p>La conducci\u00f3n distra\u00edda va en aumento y se ha convertido en una de las principales causas de colisiones en la zona de Fort Carson. Pocas distracciones son tan peligrosas o est\u00e1n tan al alcance de la mano como enviar mensajes de texto por el m\u00f3vil. Los conductores que env\u00edan mensajes de texto son propensos a provocar accidentes. Cuando estos accidentes provocan lesiones corporales graves, un abogado especializado en accidentes de tr\u00e1fico puede ayudar a la parte perjudicada a exigir responsabilidades al conductor distra\u00eddo.<\/p>\n<p>Mediante la interposici\u00f3n de una demanda civil, un demandante puede intentar recuperar sus p\u00e9rdidas econ\u00f3micas. Si usted estuvo involucrado en un accidente de coche en Fort Carson causado por enviar mensajes de texto y conducir, no dude en ponerse en contacto con uno de nuestros <a href=\"https:\/\/springslawgroup.com\/es\/fort-carson-lesiones-personales\/fort-carson-abogado-de-accidente-de-coche\/\">abogados<\/a> hoy.<\/p>\n<h2>Los Peligros de Enviar Mensajes de Texto Mientras se Conduce en Fort Carson<\/h2>\n<p>Enviar mensajes de texto, correos electr\u00f3nicos, navegar por Internet o cualquier otro uso manual de un dispositivo m\u00f3vil mientras se conduce puede tener consecuencias mortales. Cuanto m\u00e1s tiempo aparten los ojos de la carretera los conductores que env\u00edan mensajes de texto, m\u00e1s grave ser\u00e1 el accidente que provoquen. Aunque apartar la vista de la carretera para leer un mensaje de texto puede parecer una breve distracci\u00f3n, un veh\u00edculo que circula a gran velocidad podr\u00eda recorrer una gran distancia.<\/p>\n<p>Aunque el riesgo m\u00e1s com\u00fan es que otra persona o veh\u00edculo se cruce en el camino del conductor, un conductor que env\u00eda mensajes de texto tambi\u00e9n puede tener m\u00e1s probabilidades de perder el control de su veh\u00edculo. Cuando un conductor aparta la vista de la carretera para responder a un mensaje de texto, es posible que no se percate de un sem\u00e1foro o de una curva cerrada en la carretera.<\/p>\n<p>Esto podr\u00eda llevar al conductor a corregir en exceso y desviarse por completo de la carretera. Cuando los mensajes de texto mientras maneja conducen a un accidente de coche en Fort Carson, un abogado podr\u00eda ayudar a la parte lesionada a buscar una compensaci\u00f3n financiera.<\/p>\n<h2>Restricciones a la Conducci\u00f3n de Veh\u00edculos Mientras Textea en Fort Carson<\/h2>\n<p>Las leyes sobre mensajes de texto y conducci\u00f3n siguen evolucionando en Fort Carson. Aunque desde hace tiempo existen limitaciones al uso del tel\u00e9fono m\u00f3vil mientras se conduce, las sanciones asociadas a la conducci\u00f3n distra\u00edda han aumentado en los \u00faltimos a\u00f1os.<\/p>\n<p>Seg\u00fan la ley estatal, es ilegal enviar mensajes de texto y conducir a cualquier edad. Sin embargo, la ley est\u00e1 redactada de forma restrictiva para los adultos. Esto significa que, aunque un adulto no puede enviar ni leer mensajes de texto, la ley no proh\u00edbe el uso de un dispositivo m\u00f3vil de otras formas. Esto incluye utilizarlo como GPS o navegar por Internet.<\/p>\n<p>Sin embargo, el uso permitido para los conductores menores de 18 a\u00f1os es mucho m\u00e1s limitado. Los menores no pueden utilizar un dispositivo m\u00f3vil de ninguna manera mientras conducen, salvo un pu\u00f1ado de excepciones. Entre ellas se encuentran:<\/p>\n<ul>\n<li>Una emergencia en la que el conductor teme por su vida<\/li>\n<li>Un conductor sospecha de una actividad delictiva inminente<\/li>\n<li>El conductor informa de un incendio<\/li>\n<li>El conductor informa de un accidente<\/li>\n<li>El conductor denuncia a un conductor temerario o intoxicado<\/li>\n<\/ul>\n<p>Aunque la sanci\u00f3n por infringir estas leyes es limitada, las infracciones podr\u00edan desempe\u00f1ar un papel importante en una demanda civil. Un abogado de Fort Carson podr\u00eda utilizar una condena por textear mientras se conduce como prueba de negligencia en un juicio civil.<\/p>\n<h2>C\u00f3mo un Abogado de Fort Carson Podr\u00eda Ayudar en un Caso de Accidente de Coche Causado por Enviar Mensajes de Texto y Conducir<\/h2>\n<p>Trabajar mano a mano con un abogado en su demanda por lesiones tiene muchas ventajas. Despu\u00e9s de un accidente de coche en Fort Carson causado por enviar mensajes de texto y conducir, un abogado podr\u00eda ayudarle a construir su caso contra el automovilista culpable. Para comenzar con su reclamo, programe una consulta inicial con uno de nuestros abogados especializados.<\/p>\n","protected":false},"excerpt":{"rendered":"<p>La conducci\u00f3n distra\u00edda va en aumento y se ha convertido en una de las principales causas de colisiones en la&nbsp;<a class=\"moretag\" href=\"https:\/\/springslawgroup.com\/es\/fort-carson-lesiones-personales\/fort-carson-abogado-de-accidente-de-coche\/accidentes-de-coche-en-fort-carson-causados-por-enviar-mensajes-de-texto-y-conducir\/\"> Read More&#8230;<\/a><\/p>\n","protected":false},"author":32,"featured_media":0,"parent":16341,"menu_order":0,"comment_status":"closed","ping_status":"closed","template":"landingpage.php","meta":{"_acf_changed":false,"inline_featured_image":false,"footnotes":""},"categories":[],"tags":[],"class_list":["post-16376","page","type-page","status-publish","hentry"],"acf":{"key_takeaways":null,"_litigation_personal_injury_contents_new":{"_litigation_personal_injury_title_new":"","_litigation_personal_injury_discription_new":"","_litigation_personal_injury_discription_new_copy":"","_litigation_video_url_new":"","add_button":false},"_header_sub_header_content_new":null,"_litigation_frequently_asked_questions_new":null,"lawsuit_updates":null,"_litigation_related_posts_relation":null,"acf-references":""},"_links":{"self":[{"href":"https:\/\/springslawgroup.com\/es\/wp-json\/wp\/v2\/pages\/16376","targetHints":{"allow":["GET"]}}],"collection":[{"href":"https:\/\/springslawgroup.com\/es\/wp-json\/wp\/v2\/pages"}],"about":[{"href":"https:\/\/springslawgroup.com\/es\/wp-json\/wp\/v2\/types\/page"}],"author":[{"embeddable":true,"href":"https:\/\/springslawgroup.com\/es\/wp-json\/wp\/v2\/users\/32"}],"replies":[{"embeddable":true,"href":"https:\/\/springslawgroup.com\/es\/wp-json\/wp\/v2\/comments?post=16376"}],"version-history":[{"count":3,"href":"https:\/\/springslawgroup.com\/es\/wp-json\/wp\/v2\/pages\/16376\/revisions"}],"predecessor-version":[{"id":18073,"href":"https:\/\/springslawgroup.com\/es\/wp-json\/wp\/v2\/pages\/16376\/revisions\/18073"}],"up":[{"embeddable":true,"href":"https:\/\/springslawgroup.com\/es\/wp-json\/wp\/v2\/pages\/16341"}],"wp:attachment":[{"href":"https:\/\/springslawgroup.com\/es\/wp-json\/wp\/v2\/media?parent=16376"}],"wp:term":[{"taxonomy":"category","embeddable":true,"href":"https:\/\/springslawgroup.com\/es\/wp-json\/wp\/v2\/categories?post=16376"},{"taxonomy":"post_tag","embeddable":true,"href":"https:\/\/springslawgroup.com\/es\/wp-json\/wp\/v2\/tags?post=16376"}],"curies":[{"name":"wp","href":"https:\/\/api.w.org\/{rel}","templated":true}]}}