{"id":16375,"date":"2020-02-17T16:31:44","date_gmt":"2020-02-17T23:31:44","guid":{"rendered":"https:\/\/springs.flywheelstaging.com\/abogado-de-accidentes-de-autos-en-pueblo\/"},"modified":"2023-09-01T07:12:11","modified_gmt":"2023-09-01T14:12:11","slug":"abogado-de-accidentes-de-autos-en-pueblo","status":"publish","type":"page","link":"https:\/\/springslawgroup.com\/es\/pueblo-abogado-de-lesiones-personales\/abogado-de-accidentes-de-coche-en-pueblo\/abogado-de-accidentes-de-autos-en-pueblo\/","title":{"rendered":"Abogado especializado en accidentes con vuelco de Pueblo"},"content":{"rendered":"<p>Al viajar a gran velocidad en un autom\u00f3vil, cualquier cambio inesperado de direcci\u00f3n o velocidad puede provocar un desenlace catastr\u00f3fico. Especialmente cuando se conducen veh\u00edculos m\u00e1s grandes, como todoterrenos, un impacto fuerte o un derrape prolongado pueden hacer que el coche vuelque sobre el techo o empiece a rodar, lo que suele provocar la destrucci\u00f3n total del veh\u00edculo y lesiones graves.<\/p>\n<p>Las secuelas de un accidente con vuelco pueden implicar conversaciones con la polic\u00eda, representantes de las aseguradoras y profesionales m\u00e9dicos. Sin embargo, tambi\u00e9n deber\u00eda considerar ponerse en contacto con un <a href=\"https:\/\/springslawgroup.com\/es\/pueblo-abogado-de-lesiones-personales\/abogado-de-accidentes-de-coche-en-pueblo\/\">abogado especializado en accidentes automovil\u00edsticos<\/a>. Un abogado especializado en accidentes con vuelco de Pueblo podr\u00eda utilizar su experiencia para buscar una indemnizaci\u00f3n en su nombre, as\u00ed como guiarle a trav\u00e9s del proceso de demanda.<\/p>\n<h2>Accidentes con vuelco por negligencia<\/h2>\n<p>Por lo general, hay dos formas de que se produzca un accidente con vuelco: que las ruedas de un veh\u00edculo \u00absalten\u00bb con algo como un bordillo elevado o que un volantazo o giro brusco genere la fuerza suficiente para que el veh\u00edculo vuelque por s\u00ed solo. Este \u00faltimo tipo de incidente afecta m\u00e1s a menudo a los coches con un centro de gravedad alto, como camionetas y todoterrenos, pero cualquiera de las situaciones puede derivarse de las acciones negligentes de otro conductor. Algo tan simple como un cambio repentino de carril o tan peligroso como un impacto lateral directo puede hacer que el veh\u00edculo de un automovilista vuelque.<\/p>\n<p>Si alguien en Pueblo sufre lesiones en un accidente con vuelco, deber\u00eda contratar a un abogado que pueda ayudarles a probar la negligencia legal. En Colorado, para concluir que hubo negligencia legal, es necesario que se cumplan todos los siguientes criterios:<\/p>\n<ul>\n<li>Que el demandado ten\u00eda una responsabilidad impl\u00edcita o expl\u00edcita con el demandante de actuar razonablemente, tambi\u00e9n conocida como deber de diligencia.<\/li>\n<li>Que el demandado no asumi\u00f3 su responsabilidad y actu\u00f3 con imprudencia o negligencia<\/li>\n<li>Que, como consecuencia directa del incumplimiento del deber del demandado, se produjo un accidente.<\/li>\n<li>Que las lesiones por las que el demandante presenta la demanda se derivan directamente del accidente.<\/li>\n<\/ul>\n<h2>\u00bfQu\u00e9 podr\u00eda limitar la indemnizaci\u00f3n de un caso de accidente en Pueblo?<\/h2>\n<p>Hay varios elementos del derecho civil que, si no se tienen en cuenta, pueden repercutir negativamente en la capacidad del demandante para obtener una indemnizaci\u00f3n. Uno de los m\u00e1s importantes es el concepto de negligencia comparativa recogido en el <a href=\"https:\/\/advance.lexis.com\/documentpage\/?pdmfid=1000516&amp;crid=4c44265e-3a7c-4208-af65-c5dff73953a1&amp;config=014FJAAyNGJkY2Y4Zi1mNjgyLTRkN2YtYmE4OS03NTYzNzYzOTg0OGEKAFBvZENhdGFsb2d592qv2Kywlf8caKqYROP5&amp;pddocfullpath=%2Fshared%2Fdocument%2Fstatutes-legislation%2Furn%3AcontentItem%3A5X45-0DB1-F8D9-M4F4-00008-00&amp;pddocid=urn%3AcontentItem%3A5X45-0DB1-F8D9-M4F4-00008-00&amp;pdcontentcomponentid=234176&amp;pdteaserkey=sr0&amp;pditab=allpods&amp;ecomp=h567kkk&amp;earg=sr0&amp;prid=dca5ee41-5e92-4473-9271-e1d26ca2b702\" target=\"_blank\" rel=\"noopener\">art\u00edculo 13-21-111 de los Estatutos Revisados de Colorado<\/a>.<\/p>\n<p>En virtud de este estatuto, a un demandante declarado parcialmente culpable de causar sus propios da\u00f1os se le puede reducir la indemnizaci\u00f3n total por da\u00f1os y perjuicios en funci\u00f3n de su porcentaje de culpa. Adem\u00e1s, cualquier demandante al que se haya declarado culpable en un 50% o m\u00e1s no podr\u00e1 solicitar indemnizaci\u00f3n alguna, aunque el demandado tambi\u00e9n haya incurrido en negligencia parcial.<\/p>\n<p>Los demandantes tambi\u00e9n deben ser conscientes de la ley de prescripci\u00f3n. El <a href=\"https:\/\/advance.lexis.com\/documentpage\/?pdmfid=1000516&amp;crid=fecb3cab-f023-448f-9fd9-b2b554956386&amp;config=014FJAAyNGJkY2Y4Zi1mNjgyLTRkN2YtYmE4OS03NTYzNzYzOTg0OGEKAFBvZENhdGFsb2d592qv2Kywlf8caKqYROP5&amp;pddocfullpath=%2Fshared%2Fdocument%2Fstatutes-legislation%2Furn%3AcontentItem%3A5X45-0DD1-JS0R-23D9-00008-00&amp;pddocid=urn%3AcontentItem%3A5X45-0DD1-JS0R-23D9-00008-00&amp;pdcontentcomponentid=234176&amp;pdteaserkey=sr0&amp;pditab=allpods&amp;ecomp=h567kkk&amp;earg=sr0&amp;prid=1fa60736-35e2-4089-86ee-b35bf7027c99\" target=\"_blank\" rel=\"noopener\">art\u00edculo \u00a713-80-101 de los C.R.S. <\/a>establece un plazo de tres a\u00f1os para presentar demandas civiles por accidentes automovil\u00edsticos. Esta ley de prescripci\u00f3n significa que si un posible demandante no presenta una demanda dentro de los tres a\u00f1os tras producirse un accidente con vuelco, el tribunal puede prohibir su caso, por lo que ser\u00edan incapaces de obtener una indemnizaci\u00f3n. Al trabajar con un abogado experto de Pueblo, un demandante podr\u00eda recibir ayuda en estos obst\u00e1culos, as\u00ed como otros a lo largo de su caso de accidente con vuelco.<\/p>\n<h2>En qu\u00e9 puede ayudar un abogado especializado en accidentes con vuelco de Pueblo<\/h2>\n<p>Tanto si se trata de un coche que vuelca sobre un costado, sobre el techo o que vuelca varias veces, cualquier accidente con vuelco puede provocar lesiones graves y p\u00e9rdidas econ\u00f3micas y personales desastrosas. Para recuperarse plenamente tras un incidente de este tipo, puede ser necesario presentar una demanda contra la parte responsable.<\/p>\n<p>Un abogado especializado en accidentes con vuelco de Pueblo podr\u00eda ofrecer orientaci\u00f3n y apoyo a trav\u00e9s de cada paso de su caso civil, desde la recopilaci\u00f3n inicial de pruebas y la documentaci\u00f3n de los da\u00f1os a la b\u00fasqueda de una indemnizaci\u00f3n tanto dentro como fuera de los tribunales. Para saber m\u00e1s sobre lo que un abogado experto puede hacer por usted, llame hoy mismo.<\/p>\n","protected":false},"excerpt":{"rendered":"<p>Al viajar a gran velocidad en un autom\u00f3vil, cualquier cambio inesperado de direcci\u00f3n o velocidad puede provocar un desenlace catastr\u00f3fico.&nbsp;<a class=\"moretag\" href=\"https:\/\/springslawgroup.com\/es\/pueblo-abogado-de-lesiones-personales\/abogado-de-accidentes-de-coche-en-pueblo\/abogado-de-accidentes-de-autos-en-pueblo\/\"> Read More&#8230;<\/a><\/p>\n","protected":false},"author":32,"featured_media":0,"parent":16983,"menu_order":0,"comment_status":"closed","ping_status":"closed","template":"landingpage.php","meta":{"_acf_changed":false,"inline_featured_image":false,"footnotes":""},"categories":[],"tags":[],"class_list":["post-16375","page","type-page","status-publish","hentry"],"acf":{"key_takeaways":null,"_litigation_personal_injury_contents_new":{"_litigation_personal_injury_title_new":"","_litigation_personal_injury_discription_new":"","_litigation_personal_injury_discription_new_copy":"","_litigation_video_url_new":"","add_button":false},"_header_sub_header_content_new":null,"_litigation_frequently_asked_questions_new":null,"lawsuit_updates":null,"_litigation_related_posts_relation":null,"acf-references":""},"_links":{"self":[{"href":"https:\/\/springslawgroup.com\/es\/wp-json\/wp\/v2\/pages\/16375","targetHints":{"allow":["GET"]}}],"collection":[{"href":"https:\/\/springslawgroup.com\/es\/wp-json\/wp\/v2\/pages"}],"about":[{"href":"https:\/\/springslawgroup.com\/es\/wp-json\/wp\/v2\/types\/page"}],"author":[{"embeddable":true,"href":"https:\/\/springslawgroup.com\/es\/wp-json\/wp\/v2\/users\/32"}],"replies":[{"embeddable":true,"href":"https:\/\/springslawgroup.com\/es\/wp-json\/wp\/v2\/comments?post=16375"}],"version-history":[{"count":1,"href":"https:\/\/springslawgroup.com\/es\/wp-json\/wp\/v2\/pages\/16375\/revisions"}],"predecessor-version":[{"id":17180,"href":"https:\/\/springslawgroup.com\/es\/wp-json\/wp\/v2\/pages\/16375\/revisions\/17180"}],"up":[{"embeddable":true,"href":"https:\/\/springslawgroup.com\/es\/wp-json\/wp\/v2\/pages\/16983"}],"wp:attachment":[{"href":"https:\/\/springslawgroup.com\/es\/wp-json\/wp\/v2\/media?parent=16375"}],"wp:term":[{"taxonomy":"category","embeddable":true,"href":"https:\/\/springslawgroup.com\/es\/wp-json\/wp\/v2\/categories?post=16375"},{"taxonomy":"post_tag","embeddable":true,"href":"https:\/\/springslawgroup.com\/es\/wp-json\/wp\/v2\/tags?post=16375"}],"curies":[{"name":"wp","href":"https:\/\/api.w.org\/{rel}","templated":true}]}}