{"id":16374,"date":"2020-04-15T14:12:01","date_gmt":"2020-04-15T21:12:01","guid":{"rendered":"https:\/\/springs.flywheelstaging.com\/fort-carson-abogado-de-accidente-de-coche\/abogado-de-accidentes-de-coche-por-alcance-en-fort-carson\/"},"modified":"2023-09-01T07:09:36","modified_gmt":"2023-09-01T14:09:36","slug":"abogado-de-accidentes-de-coche-por-alcance-en-fort-carson","status":"publish","type":"page","link":"https:\/\/springslawgroup.com\/es\/fort-carson-lesiones-personales\/fort-carson-abogado-de-accidente-de-coche\/abogado-de-accidentes-de-coche-por-alcance-en-fort-carson\/","title":{"rendered":"Abogado especializado en accidentes por choque trasero de Fort Carson"},"content":{"rendered":"<p>Un choque trasero ocurre cuando la parte delantera de un veh\u00edculo choca contra la parte trasera de otro. Estos accidentes pueden ocurrir tanto si un veh\u00edculo est\u00e1 parado en un cruce como si ambos conductores circulan por el mismo carril en la autopista. En general, estos accidentes se producen por ir pegado al veh\u00edculo o porque el conductor no presta atenci\u00f3n a su entorno.<\/p>\n<p>Cuando el conductor del veh\u00edculo delantero resulta herido como consecuencia de la imprudencia del automovilista que le sigue, un <a href=\"https:\/\/springslawgroup.com\/es\/fort-carson-lesiones-personales\/fort-carson-abogado-de-accidente-de-coche\/\">abogado especializado en accidentes automovil\u00edstico<\/a> podr\u00eda ayudarle a recuperar los da\u00f1os causados por el accidente. Si recientemente se involucr\u00f3 en un choque trasero, un abogado especializado en este tipo de accidentes de Fort Carson podr\u00eda ayudarlo a iniciar una demanda civil contra los conductores culpables. Si su demanda prospera, la indemnizaci\u00f3n podr\u00eda compensar el coste de sus lesiones y da\u00f1os materiales.<\/p>\n<h2>Lesiones comunes en choques traseros<\/h2>\n<p>Aunque los da\u00f1os sufridos en cualquier choque automovil\u00edstico pueden ser graves, ciertos factores son comunes en los choques traseros. Las lesiones resultantes de este tipo de accidentes suelen ser catastr\u00f3ficas, dado el tremendo impacto de un coche en movimiento que se detiene bruscamente contra otro veh\u00edculo.<\/p>\n<p>Cuando un impacto repentino hace que la cabeza se lance hacia delante y hacia atr\u00e1s, puede causar da\u00f1os en los tejidos blandos del cuello, lo que tambi\u00e9n se conoce como latigazo cervical. El latigazo cervical y otras lesiones de tejidos blandos del cuello son frecuentes tras un choque trasero. El impacto de un choque trasero puede hacer que la cabeza del conductor delantero se lance hacia delante y luego se rebote hacia atr\u00e1s tras engancharse el cintur\u00f3n de seguridad.<\/p>\n<p>Las lesiones en la cabeza tambi\u00e9n son frecuentes. Aunque los cinturones de seguridad est\u00e1n dise\u00f1ados para evitar lesiones cerebrales traum\u00e1ticas, los impactos repentinos pueden hacer que la cabeza golpee el volante, lo que podr\u00eda provocar una conmoci\u00f3n cerebral. Otras lesiones frecuentes son las siguientes:<\/p>\n<ul>\n<li>Huesos rotos.<\/li>\n<li>Da\u00f1os en la m\u00e9dula espinal<\/li>\n<li>Quemaduras por el airbag<\/li>\n<li>Laceraciones<\/li>\n<li>Par\u00e1lisis.<\/li>\n<\/ul>\n<p>Un abogado especializado en accidentes por choque trasero de Fort Carson podr\u00eda ayudar a un automovilista lesionado a obtener una indemnizaci\u00f3n tras el choque con un conductor negligente.<\/p>\n<h2>Implicaciones legales de un accidente por choque trasero<\/h2>\n<p>Los tribunales de Fort Carson suelen asumir que el conductor de atr\u00e1s es responsable, ya que es su deber prestar atenci\u00f3n a la carretera. La presunci\u00f3n de responsabilidad es un cambio importante con respecto a los casos habituales de lesiones. Aunque esto no garantiza la recuperaci\u00f3n econ\u00f3mica del perjudicado, puede ser un factor importante en el juicio.<\/p>\n<p>Es responsabilidad del demandado desmentir su presunta responsabilidad, lo que se conoce como refutar la presunci\u00f3n. El conductor culpable puede alegar que el demandante lesionado le cort\u00f3 el paso o que no le funcionaban las luces de freno. Un abogado especializado en accidentes por choque trasero de Fort Carson podr\u00eda presentar pruebas que apoyen la presunci\u00f3n de negligencia del conductor demandado.<\/p>\n<h2>Hable con un abogado especializado en accidentes por choque trasero de Fort Carson de inmediato<\/h2>\n<p>Al actuar con rapidez y contratar representaci\u00f3n legal tan pronto como sea posible despu\u00e9s de un accidente, le da a un abogado especializado en accidentes por choque trasero de Fort Carson mejores oportunidades para investigar su demanda. Los testigos pueden ser dif\u00edciles de localizar y las pruebas pueden perderse o destruirse con el tiempo, as\u00ed que no tarde en contratar a un abogado experto. Para iniciar su demanda, contacte a uno de nuestros abogados especializados en accidentes por choque trasero de Fort Carson de inmediato.<\/p>\n","protected":false},"excerpt":{"rendered":"<p>Un choque trasero ocurre cuando la parte delantera de un veh\u00edculo choca contra la parte trasera de otro. Estos accidentes&nbsp;<a class=\"moretag\" href=\"https:\/\/springslawgroup.com\/es\/fort-carson-lesiones-personales\/fort-carson-abogado-de-accidente-de-coche\/abogado-de-accidentes-de-coche-por-alcance-en-fort-carson\/\"> Read More&#8230;<\/a><\/p>\n","protected":false},"author":32,"featured_media":0,"parent":16341,"menu_order":0,"comment_status":"closed","ping_status":"closed","template":"landingpage.php","meta":{"_acf_changed":false,"inline_featured_image":false,"footnotes":""},"categories":[],"tags":[],"class_list":["post-16374","page","type-page","status-publish","hentry"],"acf":{"key_takeaways":null,"_litigation_personal_injury_contents_new":{"_litigation_personal_injury_title_new":"","_litigation_personal_injury_discription_new":"","_litigation_personal_injury_discription_new_copy":"","_litigation_video_url_new":"","add_button":false},"_header_sub_header_content_new":null,"_litigation_frequently_asked_questions_new":null,"lawsuit_updates":null,"_litigation_related_posts_relation":null,"acf-references":""},"_links":{"self":[{"href":"https:\/\/springslawgroup.com\/es\/wp-json\/wp\/v2\/pages\/16374","targetHints":{"allow":["GET"]}}],"collection":[{"href":"https:\/\/springslawgroup.com\/es\/wp-json\/wp\/v2\/pages"}],"about":[{"href":"https:\/\/springslawgroup.com\/es\/wp-json\/wp\/v2\/types\/page"}],"author":[{"embeddable":true,"href":"https:\/\/springslawgroup.com\/es\/wp-json\/wp\/v2\/users\/32"}],"replies":[{"embeddable":true,"href":"https:\/\/springslawgroup.com\/es\/wp-json\/wp\/v2\/comments?post=16374"}],"version-history":[{"count":3,"href":"https:\/\/springslawgroup.com\/es\/wp-json\/wp\/v2\/pages\/16374\/revisions"}],"predecessor-version":[{"id":17228,"href":"https:\/\/springslawgroup.com\/es\/wp-json\/wp\/v2\/pages\/16374\/revisions\/17228"}],"up":[{"embeddable":true,"href":"https:\/\/springslawgroup.com\/es\/wp-json\/wp\/v2\/pages\/16341"}],"wp:attachment":[{"href":"https:\/\/springslawgroup.com\/es\/wp-json\/wp\/v2\/media?parent=16374"}],"wp:term":[{"taxonomy":"category","embeddable":true,"href":"https:\/\/springslawgroup.com\/es\/wp-json\/wp\/v2\/categories?post=16374"},{"taxonomy":"post_tag","embeddable":true,"href":"https:\/\/springslawgroup.com\/es\/wp-json\/wp\/v2\/tags?post=16374"}],"curies":[{"name":"wp","href":"https:\/\/api.w.org\/{rel}","templated":true}]}}