{"id":16373,"date":"2020-02-18T13:39:56","date_gmt":"2020-02-18T20:39:56","guid":{"rendered":"https:\/\/springs.flywheelstaging.com\/pueblo-abogado-de-accidente-de-coche-sin-seguro\/"},"modified":"2023-09-01T07:12:11","modified_gmt":"2023-09-01T14:12:11","slug":"pueblo-abogado-de-accidente-de-coche-sin-seguro","status":"publish","type":"page","link":"https:\/\/springslawgroup.com\/es\/pueblo-abogado-de-lesiones-personales\/abogado-de-accidentes-de-coche-en-pueblo\/pueblo-abogado-de-accidente-de-coche-sin-seguro\/","title":{"rendered":"Abogado especializado en accidentes con conductores sin seguro de Pueblo"},"content":{"rendered":"<p>El proceso de indemnizaci\u00f3n financiera de un accidente automovil\u00edstico normalmente implica negociaciones con las compa\u00f1\u00edas de seguros, a trav\u00e9s de la cual usted y su <a href=\"https:\/\/springslawgroup.com\/es\/pueblo-abogado-de-lesiones-personales\/abogado-de-accidentes-de-coche-en-pueblo\/\">abogado especializado en accidentes automovil\u00edsticos<\/a> podr\u00edan buscar una compensaci\u00f3n justa que cubre todas sus lesiones y p\u00e9rdidas relacionadas. Sin embargo, si el conductor responsable del accidente no tiene suficiente cobertura de seguro para compensar sus p\u00e9rdidas o no tiene seguro en absoluto, puede que tenga que enfocar el proceso de demanda civil de manera diferente.<\/p>\n<p>Si necesita reclamar da\u00f1os y perjuicios a alguien que no tiene seguro suficiente, puede ser esencial contar con asesoramiento jur\u00eddico profesional. Un abogado especializado en accidentes con conductores sin seguro de Pueblo podr\u00eda examinar sus opciones legales y trabajar con firmeza para obtener la compensaci\u00f3n que necesita.<\/p>\n<h2>Normas de seguros para los conductores en Pueblo<\/h2>\n<p>La ley estatal obliga a todos los conductores registrados a mantener una determinada cobertura de seguro en caso de accidente. En concreto, los conductores deben tener una cobertura de al menos $25,000 por gastos relacionados con lesiones personales o muerte por negligencia de una persona, $50,000 por toda lesi\u00f3n personal sufrida en un accidente y $15,000 por da\u00f1os materiales en un solo accidente.<\/p>\n<p>Adem\u00e1s, las compa\u00f1\u00edas de seguros de Colorado est\u00e1n obligadas por ley estatal a ofrecer cobertura \u00abMed Pay\u00bb para las facturas m\u00e9dicas a corto plazo inmediatamente despu\u00e9s de un accidente. Esta cobertura es v\u00e1lida hasta $5,000 en facturas m\u00e9dicas y debe incluirse en una p\u00f3liza de seguro est\u00e1ndar, a menos que el asegurado opte expl\u00edcitamente por no contratarla.<\/p>\n<p>En el pasado, Colorado era un estado de seguro sin culpa, lo que significaba que las personas involucradas en accidentes automovil\u00edsticos primero ten\u00edan que buscar compensaci\u00f3n a trav\u00e9s de su propia cobertura de seguro por lesiones personales antes de que pudieran presentar un reclamo con el seguro de la parte responsable o presentar una demanda directamente contra el conductor culpable. Sin embargo, a partir de 2003, las normas cambiaron. Un abogado de Pueblo podr\u00eda ayudar a alguien a perseguir cualquiera de estas opciones si se involucr\u00f3 en un accidente con un conductor sin seguro.<\/p>\n<h2>C\u00f3mo recuperar da\u00f1os con un demandado infraasegurado<\/h2>\n<p>Si es posible, la opci\u00f3n m\u00e1s sencilla para obtener una indemnizaci\u00f3n tras un accidente con un conductor que no tiene seguro es utilizar la cobertura de motorista sin seguro o con seguro insuficiente. Las aseguradoras estatales deben poner este tipo de protecci\u00f3n a disposici\u00f3n de todos los asegurados.<\/p>\n<p>Si alguien herido en un accidente no tiene este tipo de cobertura, un abogado especializado en accidentes con conductores sin seguro de Pueblo podr\u00eda asesorar a esta persona en qu\u00e9 opciones tendr\u00eda. En algunos casos, puede haber otro acusado que podr\u00eda considerarse responsable del accidente, por ejemplo, una autoridad municipal que dej\u00f3 la carretera en mal estado o el empleador del conductor sin seguro si el culpable desempe\u00f1aba funciones laborales en el momento del accidente.<\/p>\n<p>En otras situaciones, la mejor opci\u00f3n puede ser presentar una demanda directamente contra el conductor sin seguro, en lugar de pasar por una compa\u00f1\u00eda de seguros. Sin embargo, para una persona inexperta en derecho civil puede ser una tarea complicada, por lo que, en general, lo mejor es hablar con un asesor jur\u00eddico antes de actuar o aceptar una oferta de acuerdo.<\/p>\n<h2>Ases\u00f3rese con un abogado especializado en accidentes con conductores sin seguro de Pueblo<\/h2>\n<p>Un conductor negligente tanto al volante como por carecer de seguro puede complicar dr\u00e1sticamente las secuelas de un accidente automovil\u00edstico. Recuperar una indemnizaci\u00f3n suficiente para compensar sus da\u00f1os podr\u00eda a\u00f1adir estr\u00e9s y preocupaci\u00f3n a los retos a los que se enfrenta con sus lesiones y deudas.<\/p>\n<p>Por eso, contratar a un abogado especializado en accidentes con conductores sin seguro de Pueblo podr\u00eda facilitar este proceso y ayudarle a obtener un resultado positivo para su caso. Llame hoy mismo y programe su primera consulta.<\/p>\n","protected":false},"excerpt":{"rendered":"<p>El proceso de indemnizaci\u00f3n financiera de un accidente automovil\u00edstico normalmente implica negociaciones con las compa\u00f1\u00edas de seguros, a trav\u00e9s de&nbsp;<a class=\"moretag\" href=\"https:\/\/springslawgroup.com\/es\/pueblo-abogado-de-lesiones-personales\/abogado-de-accidentes-de-coche-en-pueblo\/pueblo-abogado-de-accidente-de-coche-sin-seguro\/\"> Read More&#8230;<\/a><\/p>\n","protected":false},"author":32,"featured_media":0,"parent":16983,"menu_order":0,"comment_status":"closed","ping_status":"closed","template":"landingpage.php","meta":{"_acf_changed":false,"inline_featured_image":false,"footnotes":""},"categories":[],"tags":[],"class_list":["post-16373","page","type-page","status-publish","hentry"],"acf":{"key_takeaways":null,"_litigation_personal_injury_contents_new":{"_litigation_personal_injury_title_new":"","_litigation_personal_injury_discription_new":"","_litigation_personal_injury_discription_new_copy":"","_litigation_video_url_new":"","add_button":false},"_header_sub_header_content_new":null,"_litigation_frequently_asked_questions_new":null,"lawsuit_updates":null,"_litigation_related_posts_relation":null,"acf-references":""},"_links":{"self":[{"href":"https:\/\/springslawgroup.com\/es\/wp-json\/wp\/v2\/pages\/16373","targetHints":{"allow":["GET"]}}],"collection":[{"href":"https:\/\/springslawgroup.com\/es\/wp-json\/wp\/v2\/pages"}],"about":[{"href":"https:\/\/springslawgroup.com\/es\/wp-json\/wp\/v2\/types\/page"}],"author":[{"embeddable":true,"href":"https:\/\/springslawgroup.com\/es\/wp-json\/wp\/v2\/users\/32"}],"replies":[{"embeddable":true,"href":"https:\/\/springslawgroup.com\/es\/wp-json\/wp\/v2\/comments?post=16373"}],"version-history":[{"count":1,"href":"https:\/\/springslawgroup.com\/es\/wp-json\/wp\/v2\/pages\/16373\/revisions"}],"predecessor-version":[{"id":17187,"href":"https:\/\/springslawgroup.com\/es\/wp-json\/wp\/v2\/pages\/16373\/revisions\/17187"}],"up":[{"embeddable":true,"href":"https:\/\/springslawgroup.com\/es\/wp-json\/wp\/v2\/pages\/16983"}],"wp:attachment":[{"href":"https:\/\/springslawgroup.com\/es\/wp-json\/wp\/v2\/media?parent=16373"}],"wp:term":[{"taxonomy":"category","embeddable":true,"href":"https:\/\/springslawgroup.com\/es\/wp-json\/wp\/v2\/categories?post=16373"},{"taxonomy":"post_tag","embeddable":true,"href":"https:\/\/springslawgroup.com\/es\/wp-json\/wp\/v2\/tags?post=16373"}],"curies":[{"name":"wp","href":"https:\/\/api.w.org\/{rel}","templated":true}]}}