{"id":16372,"date":"2020-02-19T14:30:21","date_gmt":"2020-02-19T21:30:21","guid":{"rendered":"https:\/\/springs.flywheelstaging.com\/danos-recuperables-despues-de-un-accidente-de-coche-pueblo\/"},"modified":"2023-10-20T13:51:26","modified_gmt":"2023-10-20T20:51:26","slug":"danos-recuperables-despues-de-un-accidente-de-coche-pueblo","status":"publish","type":"page","link":"https:\/\/springslawgroup.com\/es\/pueblo-abogado-de-lesiones-personales\/abogado-de-accidentes-de-coche-en-pueblo\/danos-recuperables-despues-de-un-accidente-de-coche-pueblo\/","title":{"rendered":"Da\u00f1os recuperables despu\u00e9s de un accidente de coche Pueblo"},"content":{"rendered":"<p>No es dif\u00edcil imaginar que un choque a alta velocidad entre varios veh\u00edculos pueda provocar lesiones y p\u00e9rdidas graves, pero incluso un choque menor puede dejarle con facturas de reparaci\u00f3n y lesiones persistentes como latigazos cervicales y conmociones cerebrales leves. Independientemente de la gravedad de su accidente, es posible que pueda obtener una indemnizaci\u00f3n por las p\u00e9rdidas derivadas del mismo con el asesoramiento jur\u00eddico adecuado.<\/p>\n<p>Dependiendo de sus circunstancias espec\u00edficas, varios tipos de da\u00f1os recuperables pueden estar disponibles despu\u00e9s de un accidente de coche Pueblo. Un <a href=\"https:\/\/springslawgroup.com\/es\/pueblo-abogado-de-lesiones-personales\/abogado-de-accidentes-de-coche-en-pueblo\/\">abogado<\/a> experto en <a href=\"https:\/\/springslawgroup.com\/es\/pueblo-abogado-de-lesiones-personales\/abogado-de-accidentes-de-coche-en-pueblo\/\">accidentes de<\/a> tr\u00e1fico podr\u00eda hablar con usted sobre su situaci\u00f3n particular y determinar qu\u00e9 p\u00e9rdidas podr\u00eda incluir en una demanda o petici\u00f3n de acuerdo.<\/p>\n<h2>Recuperaci\u00f3n de da\u00f1os econ\u00f3micos en un caso de accidente en Pueblo<\/h2>\n<p>La mayor\u00eda de los casos de accidentes de coche en Pueblo se centran en da\u00f1os compensatorios. Tambi\u00e9n conocidos como da\u00f1os reales, cubren p\u00e9rdidas espec\u00edficas que pueden atribuirse directamente al accidente.<\/p>\n<p>Hay dos subtipos de da\u00f1os compensatorios que pueden ser relevantes durante una reclamaci\u00f3n, el primero de los cuales es el da\u00f1o econ\u00f3mico. Se trata de p\u00e9rdidas de naturaleza monetaria, lo que significa que normalmente pueden probarse utilizando documentaci\u00f3n formal como facturas, recibos o declaraciones de ingresos.<\/p>\n<p>Dado que la mayor\u00eda de los casos de lesiones personales se basan en al menos una lesi\u00f3n f\u00edsica, los gastos de tratamiento m\u00e9dico a corto plazo suelen constituir muchos de los da\u00f1os econ\u00f3micos recuperables tras un accidente de coche en Pueblo. Otros da\u00f1os recuperables en esta categor\u00eda pueden incluir la p\u00e9rdida de ingresos, los costes asociados a la fisioterapia a largo plazo y los medicamentos recetados, los costes de reparaci\u00f3n o sustituci\u00f3n de la propiedad y los honorarios de abogados.<\/p>\n<h2>Reclamaci\u00f3n de indemnizaci\u00f3n por p\u00e9rdidas no financieras<\/h2>\n<p>El segundo subtipo de da\u00f1os compensatorios -los da\u00f1os no econ\u00f3micos- cubre las p\u00e9rdidas que no tienen un valor espec\u00edfico en d\u00f3lares. En lugar de presentar estados de cuenta, un abogado que busca recuperar da\u00f1os no econ\u00f3micos para un demandante despu\u00e9s de un accidente automovil\u00edstico en Pueblo puede utilizar testimonios de familiares y amigos, relatos de los demandantes, precedentes judiciales anteriores y otras pruebas cualitativas para argumentar a favor de la indemnizaci\u00f3n.<\/p>\n<p>La mayor\u00eda de las p\u00e9rdidas no econ\u00f3micas se refieren al t\u00e9rmino general \u00abdolor y sufrimiento\u00bb. M\u00e1s concretamente, sin embargo, estos da\u00f1os pueden incluir, entre otros, el dolor f\u00edsico, la angustia emocional, los s\u00edntomas del trastorno de estr\u00e9s postraum\u00e1tico, la p\u00e9rdida de consorcio con la familia y la p\u00e9rdida del disfrute de la vida, as\u00ed como una valoraci\u00f3n subjetiva de la p\u00e9rdida que una incapacidad permanente o una desfiguraci\u00f3n representan para un demandante concreto.<\/p>\n<p>Es importante se\u00f1alar que el <a href=\"https:\/\/advance.lexis.com\/documentpage\/?pdmfid=1000516&amp;crid=22020212-ee4e-4ad0-82fd-ad2acf94e220&amp;config=014FJAAyNGJkY2Y4Zi1mNjgyLTRkN2YtYmE4OS03NTYzNzYzOTg0OGEKAFBvZENhdGFsb2d592qv2Kywlf8caKqYROP5&amp;pddocfullpath=%2Fshared%2Fdocument%2Fstatutes-legislation%2Furn%3AcontentItem%3A5X45-0DF1-FFTT-X2B3-00008-00&amp;pddocid=urn%3AcontentItem%3A5X45-0DF1-FFTT-X2B3-00008-00&amp;pdcontentcomponentid=234176&amp;pdteaserkey=sr0&amp;pditab=allpods&amp;ecomp=h567kkk&amp;earg=sr0&amp;prid=b59f601f-9c82-43b4-bbeb-0ef602cfe212\" target=\"_blank\" rel=\"noopener\">art\u00edculo 13-21-102.5 de la Ley Revisada de Colorado<\/a> establece un l\u00edmite a la cantidad que un demandante puede recuperar econ\u00f3micamente por da\u00f1os no econ\u00f3micos. Ajustado a la inflaci\u00f3n, este tope se fija en 468.010 d\u00f3lares para la mayor\u00eda de los casos, pero puede ampliarse hasta 936.030 d\u00f3lares a discreci\u00f3n de un tribunal civil sobre la base de \u00abpruebas claras y convincentes\u00bb.<\/p>\n<h2>Posibilidad de da\u00f1os punitivos<\/h2>\n<p>En raras ocasiones, un tribunal civil puede optar por castigar expresamente a un acusado en un caso de accidente de tr\u00e1fico por negligencia gratuita o conducta dolosa. Un demandante no puede solicitar da\u00f1os punitivos en su presentaci\u00f3n inicial, pero puede presentar una moci\u00f3n adicional despu\u00e9s de las revelaciones iniciales. La ley estatal tambi\u00e9n limita los da\u00f1os ejemplares a no m\u00e1s de los da\u00f1os compensatorios del demandante.<\/p>\n<h2>Un abogado podr\u00eda ayudar a perseguir los da\u00f1os despu\u00e9s de un accidente de coche en Pueblo<\/h2>\n<p>Recuperar una indemnizaci\u00f3n es la principal preocupaci\u00f3n de cualquier demanda civil, pero antes de empezar a buscar un acuerdo o un veredicto judicial, debe saber exactamente qu\u00e9 da\u00f1os y perjuicios podr\u00eda recuperar. Un abogado con experiencia podr\u00eda sentarse con usted y discutir su elegibilidad para los da\u00f1os recuperables despu\u00e9s de un accidente de coche en Pueblo. Llame hoy mismo para concertar su reuni\u00f3n inicial.<\/p>\n","protected":false},"excerpt":{"rendered":"<p>No es dif\u00edcil imaginar que un choque a alta velocidad entre varios veh\u00edculos pueda provocar lesiones y p\u00e9rdidas graves, pero&nbsp;<a class=\"moretag\" href=\"https:\/\/springslawgroup.com\/es\/pueblo-abogado-de-lesiones-personales\/abogado-de-accidentes-de-coche-en-pueblo\/danos-recuperables-despues-de-un-accidente-de-coche-pueblo\/\"> Read More&#8230;<\/a><\/p>\n","protected":false},"author":32,"featured_media":0,"parent":16983,"menu_order":0,"comment_status":"closed","ping_status":"closed","template":"landingpage.php","meta":{"_acf_changed":false,"inline_featured_image":false,"footnotes":""},"categories":[],"tags":[],"class_list":["post-16372","page","type-page","status-publish","hentry"],"acf":{"key_takeaways":null,"_litigation_personal_injury_contents_new":{"_litigation_personal_injury_title_new":"","_litigation_personal_injury_discription_new":"","_litigation_personal_injury_discription_new_copy":"","_litigation_video_url_new":"","add_button":false},"_header_sub_header_content_new":null,"_litigation_frequently_asked_questions_new":null,"lawsuit_updates":null,"_litigation_related_posts_relation":null,"acf-references":""},"_links":{"self":[{"href":"https:\/\/springslawgroup.com\/es\/wp-json\/wp\/v2\/pages\/16372","targetHints":{"allow":["GET"]}}],"collection":[{"href":"https:\/\/springslawgroup.com\/es\/wp-json\/wp\/v2\/pages"}],"about":[{"href":"https:\/\/springslawgroup.com\/es\/wp-json\/wp\/v2\/types\/page"}],"author":[{"embeddable":true,"href":"https:\/\/springslawgroup.com\/es\/wp-json\/wp\/v2\/users\/32"}],"replies":[{"embeddable":true,"href":"https:\/\/springslawgroup.com\/es\/wp-json\/wp\/v2\/comments?post=16372"}],"version-history":[{"count":2,"href":"https:\/\/springslawgroup.com\/es\/wp-json\/wp\/v2\/pages\/16372\/revisions"}],"predecessor-version":[{"id":18022,"href":"https:\/\/springslawgroup.com\/es\/wp-json\/wp\/v2\/pages\/16372\/revisions\/18022"}],"up":[{"embeddable":true,"href":"https:\/\/springslawgroup.com\/es\/wp-json\/wp\/v2\/pages\/16983"}],"wp:attachment":[{"href":"https:\/\/springslawgroup.com\/es\/wp-json\/wp\/v2\/media?parent=16372"}],"wp:term":[{"taxonomy":"category","embeddable":true,"href":"https:\/\/springslawgroup.com\/es\/wp-json\/wp\/v2\/categories?post=16372"},{"taxonomy":"post_tag","embeddable":true,"href":"https:\/\/springslawgroup.com\/es\/wp-json\/wp\/v2\/tags?post=16372"}],"curies":[{"name":"wp","href":"https:\/\/api.w.org\/{rel}","templated":true}]}}