{"id":16371,"date":"2020-02-20T14:18:52","date_gmt":"2020-02-20T21:18:52","guid":{"rendered":"https:\/\/springs.flywheelstaging.com\/papel-de-un-abogado-de-colorado-springs-que-sigue-un-accidente-de-la-motocicleta\/"},"modified":"2023-09-01T07:13:53","modified_gmt":"2023-09-01T14:13:53","slug":"papel-de-un-abogado-de-colorado-springs-que-sigue-un-accidente-de-la-motocicleta","status":"publish","type":"page","link":"https:\/\/springslawgroup.com\/es\/colorado-springs-abogado-de-accidente-de-motocicleta\/papel-de-un-abogado-de-colorado-springs-que-sigue-un-accidente-de-la-motocicleta\/","title":{"rendered":"Rol de un Abogado de Colorado Springs Luego de un Accidente de Motocicleta"},"content":{"rendered":"<p>El rol de un abogado de Colorado Springs despu\u00e9s de un accidente de motocicleta es extremadamente importante. Si usted estuvo involucrado en un accidente de moto, un abogado podr\u00eda guiarle a trav\u00e9s del proceso de reclamos y trabajar para asegurarse de que usted no ponga en peligro su reclamo. Adem\u00e1s, si contrata a un <a href=\"https:\/\/springslawgroup.com\/es\/colorado-springs-abogado-de-accidente-de-motocicleta\/\">abogado<\/a>, es m\u00e1s probable que reciba una indemnizaci\u00f3n justa.<\/p>\n<h2>Los Peligros de Presentar una Demanda sin Representaci\u00f3n Legal<\/h2>\n<p>Una persona debe evitar manejar un caso de accidente de motocicleta por su cuenta, ya que puede carecer de la experiencia y los conocimientos necesarios para emprender acciones legales con \u00e9xito. Una persona puede cometer errores que nunca previ\u00f3 porque simplemente no sab\u00eda. Sin un asesoramiento jur\u00eddico adecuado, un motorista lesionado puede no saber cu\u00e1les son los escollos, qu\u00e9 errores pueden producirse y c\u00f3mo evaluar correctamente un reclamo.<\/p>\n<p>Un demandante sin representaci\u00f3n legal puede pensar que tiene derecho a m\u00e1s dinero del que dice la ley o puede aceptar una oferta de acuerdo muy inferior al valor de su reclamo.<\/p>\n<p>Adem\u00e1s, contratar a un abogado permite a un demandante lesionado quitarse de encima cualquier reto legal para poder centrarse en su recuperaci\u00f3n f\u00edsica. Debido a que un abogado est\u00e1 menos involucrado emocionalmente en el accidente, podr\u00eda proporcionar asesoramiento objetivo que no se basa en emociones como la ira, el miedo y la ansiedad acerca de las facturas.<\/p>\n<h2>Riesgos de una Demanda Sin un Abogado de Accidentes de Motocicleta en Colorado Springs<\/h2>\n<p>Uno de los principales trabajos de un abogado despu\u00e9s de un accidente de moto en Colorado Springs es proteger a un demandante de cometer un error que podr\u00eda poner en peligro su recuperaci\u00f3n financiera. Podr\u00edan infravalorarlo, lo que significa que cobran menos de lo que tienen derecho a recibir. Algunas personas no entienden cu\u00e1ndo est\u00e1n resolviendo un caso, o puede que una persona no sepa lo que est\u00e1 resolviendo. Si un motociclista lesionado opta por presentar un reclamo sin representaci\u00f3n, tambi\u00e9n puede perder plazos importantes que podr\u00edan poner en peligro su derecho a la recuperaci\u00f3n financiera.<\/p>\n<p>Por ejemplo, dependiendo de qui\u00e9n haya causado el accidente, puede haber distintos plazos. Existe el plazo de prescripci\u00f3n, pero tambi\u00e9n hay requisitos de notificaci\u00f3n, por ejemplo, si el causante del siniestro es un empleado de la administraci\u00f3n.<\/p>\n<p>Adem\u00e1s, una persona puede no ser capaz de manejar las negociaciones cuando est\u00e1 emocional o luchando debido al dolor causado por el accidente o los medicamentos que est\u00e1 tomando. En general, debido a las lesiones sufridas, una persona puede no pensar con claridad y decir algo de lo que luego se arrepienta.<\/p>\n<h2>\u00bfCu\u00e1ndo se Debe Contactar a un Abogado Tras un Accidente de Moto?<\/h2>\n<p>En Colorado Springs, es importante ponerse en contacto con un abogado r\u00e1pidamente despu\u00e9s de un accidente porque cuando alguien sufre lesiones en un accidente de motocicleta, pueden tener varias opciones para hacer sobre su tratamiento, el pago de facturas, y discutir su situaci\u00f3n con la <a href=\"https:\/\/springslawgroup.com\/es\/colorado-springs-abogado-de-accidente-de-motocicleta\/reclamaciones-de-seguros-tras-accidentes-de-moto-en-colorado-springs\/\">compa\u00f1\u00eda de<\/a> seguros. Algunas personas pueden no estar capacitadas para tomar estas decisiones sin el asesoramiento de un abogado cualificado. Cuanto antes se ponga en contacto con un abogado, m\u00e1s probabilidades tendr\u00e1 de recibir un buen asesoramiento sobre lo que debe hacer para evitar problemas financieros en el futuro.<\/p>\n<h2>Contacte a un Abogado Despu\u00e9s de un Accidente de Motocicleta en Colorado Springs para Aprender C\u00f3mo Pueden Ayudarlo<\/h2>\n<p>Es importante entender el rol de un abogado de Colorado Springs despu\u00e9s de un accidente de motocicleta. Adem\u00e1s de ocuparse de todos los asuntos legales, un abogado puede convertirse en su defensor y luchar por sus intereses. Para saber c\u00f3mo podr\u00edamos ayudarle a usted y a su caso, llame hoy mismo.<\/p>\n","protected":false},"excerpt":{"rendered":"<p>El rol de un abogado de Colorado Springs despu\u00e9s de un accidente de motocicleta es extremadamente importante. Si usted estuvo&nbsp;<a class=\"moretag\" href=\"https:\/\/springslawgroup.com\/es\/colorado-springs-abogado-de-accidente-de-motocicleta\/papel-de-un-abogado-de-colorado-springs-que-sigue-un-accidente-de-la-motocicleta\/\"> Read More&#8230;<\/a><\/p>\n","protected":false},"author":32,"featured_media":0,"parent":16695,"menu_order":0,"comment_status":"closed","ping_status":"closed","template":"landingpage.php","meta":{"_acf_changed":false,"inline_featured_image":false,"footnotes":""},"categories":[],"tags":[],"class_list":["post-16371","page","type-page","status-publish","hentry"],"acf":{"key_takeaways":null,"_litigation_personal_injury_contents_new":{"_litigation_personal_injury_title_new":"","_litigation_personal_injury_discription_new":"","_litigation_personal_injury_discription_new_copy":"","_litigation_video_url_new":"","add_button":false},"_header_sub_header_content_new":null,"_litigation_frequently_asked_questions_new":null,"lawsuit_updates":null,"_litigation_related_posts_relation":null,"acf-references":""},"_links":{"self":[{"href":"https:\/\/springslawgroup.com\/es\/wp-json\/wp\/v2\/pages\/16371","targetHints":{"allow":["GET"]}}],"collection":[{"href":"https:\/\/springslawgroup.com\/es\/wp-json\/wp\/v2\/pages"}],"about":[{"href":"https:\/\/springslawgroup.com\/es\/wp-json\/wp\/v2\/types\/page"}],"author":[{"embeddable":true,"href":"https:\/\/springslawgroup.com\/es\/wp-json\/wp\/v2\/users\/32"}],"replies":[{"embeddable":true,"href":"https:\/\/springslawgroup.com\/es\/wp-json\/wp\/v2\/comments?post=16371"}],"version-history":[{"count":2,"href":"https:\/\/springslawgroup.com\/es\/wp-json\/wp\/v2\/pages\/16371\/revisions"}],"predecessor-version":[{"id":17762,"href":"https:\/\/springslawgroup.com\/es\/wp-json\/wp\/v2\/pages\/16371\/revisions\/17762"}],"up":[{"embeddable":true,"href":"https:\/\/springslawgroup.com\/es\/wp-json\/wp\/v2\/pages\/16695"}],"wp:attachment":[{"href":"https:\/\/springslawgroup.com\/es\/wp-json\/wp\/v2\/media?parent=16371"}],"wp:term":[{"taxonomy":"category","embeddable":true,"href":"https:\/\/springslawgroup.com\/es\/wp-json\/wp\/v2\/categories?post=16371"},{"taxonomy":"post_tag","embeddable":true,"href":"https:\/\/springslawgroup.com\/es\/wp-json\/wp\/v2\/tags?post=16371"}],"curies":[{"name":"wp","href":"https:\/\/api.w.org\/{rel}","templated":true}]}}