{"id":16370,"date":"2020-02-07T15:09:48","date_gmt":"2020-02-07T22:09:48","guid":{"rendered":"https:\/\/springs.flywheelstaging.com\/abogado-de-accidentes-de-uber-lyft-en-monument\/"},"modified":"2023-09-01T07:12:42","modified_gmt":"2023-09-01T14:12:42","slug":"abogado-de-accidentes-de-uber-lyft-en-monument","status":"publish","type":"page","link":"https:\/\/springslawgroup.com\/es\/monument-lesiones-personales\/abogado-de-accidentes-de-coche-en-monument\/abogado-de-accidentes-de-uber-lyft-en-monument\/","title":{"rendered":"Abogado especializado en accidentes de transporte compartido de Monument"},"content":{"rendered":"<p>El proceso de recuperar sus p\u00e9rdidas tras un accidente automovil\u00edstico puede ser complejo. En muchos casos, su compa\u00f1\u00eda de seguros puede tardar en decidir si cubrir\u00e1 el accidente o no. Cuando el responsable es otro conductor, puede ser su compa\u00f1\u00eda de seguros la que le complique el proceso. Estas complicaciones suelen agravarse cuando la parte culpable conduce un veh\u00edculo compartido.<\/p>\n<p>Cuando ocurren estos accidentes, un <a href=\"https:\/\/springslawgroup.com\/es\/monument-lesiones-personales\/abogado-de-accidentes-de-coche-en-monument\/\">abogado experto en accidentes automovil\u00edsticos<\/a> puede trabajar para que el proceso sea m\u00e1s fluido. Esto podr\u00eda incluir la presentaci\u00f3n de una demanda al seguro en su nombre o contra el conductor negligente. Un abogado especializado en accidentes de transporte compartido de Monument podr\u00eda ofrecer la experiencia y la habilidad necesarias para obtener una compensaci\u00f3n por sus lesiones.<\/p>\n<h2>Cobertura del seguro de Uber o Lyft<\/h2>\n<p>La buena noticia para los conductores accidentados por culpa de los operadores de Uber o Lyft es que ambas empresas cuentan con s\u00f3lidas p\u00f3lizas de seguros. Estas p\u00f3lizas ofrecen una cobertura de hasta $1,000,000 a los pasajeros de veh\u00edculos compartidos si el conductor sufre un accidente durante el viaje. Adem\u00e1s, aunque el seguro del conductor de veh\u00edculo compartido podr\u00eda ser responsable del pago, ambas compa\u00f1\u00edas tambi\u00e9n ofrecen cobertura de motorista con seguro insuficiente en caso de que la p\u00f3liza personal del conductor sea insuficiente.<\/p>\n<p>Cabe se\u00f1alar que estas pol\u00edticas solo aplican durante un viaje activo. Esto significa que, desde el momento en que un pasajero entra en un coche hasta el momento en que sale, las p\u00f3lizas de seguro de viaje compartido est\u00e1n en vigor.<\/p>\n<p>Puede que no ocurra lo mismo en otras ocasiones. Por ejemplo, las pol\u00edticas no aplican cuando un conductor de Uber sali\u00f3 de casa con la intenci\u00f3n de buscar pasajeros. Aun as\u00ed, estos conductores deben mantener unos niveles m\u00ednimos de seguro, sin importar que aplique una p\u00f3liza de viaje compartido. Seg\u00fan la ley estatal, los automovilistas deben mantener una cantidad m\u00ednima de cobertura de responsabilidad civil que incluye lo siguiente:<\/p>\n<ul>\n<li>$25.000 por lesiones corporales para una sola persona.<\/li>\n<li>$50.000 en total por lesiones corporales por accidente<\/li>\n<li>$15.000 por da\u00f1os materiales.<\/li>\n<\/ul>\n<p>Un abogado especializado en accidentes de transporte compartido de Monument podr\u00eda ser \u00fatil durante el proceso de demanda, sin importar qu\u00e9 p\u00f3liza de seguro est\u00e9 vigente en ese momento.<\/p>\n<h2>\u00bfQu\u00e9 ocurre cuando el seguro no paga un accidente de transporte compartido en Monument?<\/h2>\n<p>Algunas compa\u00f1\u00edas de seguros pueden negarse a pagar aunque exista cobertura. Esto suele ocurrir cuando la aseguradora cree que su conductor no tuvo la culpa del choque. Sin embargo, si una compa\u00f1\u00eda de seguros deniega un reclamo, el conductor lesionado podr\u00eda tener otras opciones. Con la ayuda de un abogado especializado en accidentes de Monument, una persona lesionada podr\u00eda presentar una demanda contra el conductor de Uber o Lyft.<\/p>\n<p>Para que una demanda prospere, es necesario demostrar que el conductor del veh\u00edculo compartido fue negligente. Hay cuatro elementos b\u00e1sicos que un demandante debe demostrar para demostrar una negligencia. Primero, el demandado debe haber tenido un deber de diligencia para con el demandante. Segundo, debe existir un incumplimiento de ese deber que haya causado un perjuicio al demandante. Por \u00faltimo, el demandante debe demostrar que sus lesiones dieron lugar a da\u00f1os indemnizables.<\/p>\n<p>Todos los automovilistas tienen el deber de conducir con precauci\u00f3n. Si un conductor de Uber o Lyft infringe las leyes de tr\u00e1fico o conduce de forma imprudente, podr\u00eda ser financieramente responsable de cualquier da\u00f1o monetario que cause en un accidente.<\/p>\n<h2>Hable con un abogado especializado en accidentes de transporte compartido de Monument<\/h2>\n<p>Si usted sufri\u00f3 lesiones corporales debido a un accidente de transporte compartido, tendr\u00eda los mismos derechos que cualquier otra v\u00edctima de un accidente automovil\u00edstico. Aunque interponer una demanda contra una empresa tan grande puede parecer abrumador, tanto Uber como Lyft ofrecen una valiosa fuente de compensaci\u00f3n.<\/p>\n<p>Tendr\u00eda mejores resultados en su demanda con la ayuda de un abogado especializado en accidentes de transporte compartido de Monument. Para obtener m\u00e1s informaci\u00f3n sobre c\u00f3mo enfrentarse a estas empresas de transporte compartido, programe una evaluaci\u00f3n de su caso.<\/p>\n","protected":false},"excerpt":{"rendered":"<p>El proceso de recuperar sus p\u00e9rdidas tras un accidente automovil\u00edstico puede ser complejo. En muchos casos, su compa\u00f1\u00eda de seguros&nbsp;<a class=\"moretag\" href=\"https:\/\/springslawgroup.com\/es\/monument-lesiones-personales\/abogado-de-accidentes-de-coche-en-monument\/abogado-de-accidentes-de-uber-lyft-en-monument\/\"> Read More&#8230;<\/a><\/p>\n","protected":false},"author":32,"featured_media":0,"parent":16850,"menu_order":0,"comment_status":"closed","ping_status":"closed","template":"landingpage.php","meta":{"_acf_changed":false,"inline_featured_image":false,"footnotes":""},"categories":[],"tags":[],"class_list":["post-16370","page","type-page","status-publish","hentry"],"acf":{"key_takeaways":null,"_litigation_personal_injury_contents_new":{"_litigation_personal_injury_title_new":"","_litigation_personal_injury_discription_new":"","_litigation_personal_injury_discription_new_copy":"","_litigation_video_url_new":"","add_button":false},"_header_sub_header_content_new":null,"_litigation_frequently_asked_questions_new":null,"lawsuit_updates":null,"_litigation_related_posts_relation":null,"acf-references":""},"_links":{"self":[{"href":"https:\/\/springslawgroup.com\/es\/wp-json\/wp\/v2\/pages\/16370","targetHints":{"allow":["GET"]}}],"collection":[{"href":"https:\/\/springslawgroup.com\/es\/wp-json\/wp\/v2\/pages"}],"about":[{"href":"https:\/\/springslawgroup.com\/es\/wp-json\/wp\/v2\/types\/page"}],"author":[{"embeddable":true,"href":"https:\/\/springslawgroup.com\/es\/wp-json\/wp\/v2\/users\/32"}],"replies":[{"embeddable":true,"href":"https:\/\/springslawgroup.com\/es\/wp-json\/wp\/v2\/comments?post=16370"}],"version-history":[{"count":2,"href":"https:\/\/springslawgroup.com\/es\/wp-json\/wp\/v2\/pages\/16370\/revisions"}],"predecessor-version":[{"id":17162,"href":"https:\/\/springslawgroup.com\/es\/wp-json\/wp\/v2\/pages\/16370\/revisions\/17162"}],"up":[{"embeddable":true,"href":"https:\/\/springslawgroup.com\/es\/wp-json\/wp\/v2\/pages\/16850"}],"wp:attachment":[{"href":"https:\/\/springslawgroup.com\/es\/wp-json\/wp\/v2\/media?parent=16370"}],"wp:term":[{"taxonomy":"category","embeddable":true,"href":"https:\/\/springslawgroup.com\/es\/wp-json\/wp\/v2\/categories?post=16370"},{"taxonomy":"post_tag","embeddable":true,"href":"https:\/\/springslawgroup.com\/es\/wp-json\/wp\/v2\/tags?post=16370"}],"curies":[{"name":"wp","href":"https:\/\/api.w.org\/{rel}","templated":true}]}}