{"id":16369,"date":"2020-02-21T15:17:16","date_gmt":"2020-02-21T22:17:16","guid":{"rendered":"https:\/\/springs.flywheelstaging.com\/que-hacer-despues-de-un-accidente-de-motocicleta-en-colorado-springs\/"},"modified":"2023-09-01T07:13:52","modified_gmt":"2023-09-01T14:13:52","slug":"que-hacer-despues-de-un-accidente-de-motocicleta-en-colorado-springs","status":"publish","type":"page","link":"https:\/\/springslawgroup.com\/es\/colorado-springs-abogado-de-accidente-de-motocicleta\/que-hacer-despues-de-un-accidente-de-motocicleta-en-colorado-springs\/","title":{"rendered":"Qu\u00e9 Hacer Despu\u00e9s de un Accidente de Motocicleta en Colorado Springs"},"content":{"rendered":"<p>Saber qu\u00e9 hacer despu\u00e9s de un accidente de motocicleta en Colorado Springs puede ser dif\u00edcil. Afortunadamente, nuestro equipo legal est\u00e1 aqu\u00ed para guiarle a trav\u00e9s del proceso si usted estuvo involucrado en una <a href=\"https:\/\/springslawgroup.com\/es\/colorado-springs-abogado-de-accidente-de-motocicleta\/\">colisi\u00f3n mientras conduc\u00eda su motocicleta.<\/a> Podr\u00edamos ayudarle a reunir pruebas, encontrar la atenci\u00f3n m\u00e9dica adecuada, y hacer un balance de sus p\u00e9rdidas para que pueda centrarse en su recuperaci\u00f3n f\u00edsica.<\/p>\n<h2>Pasos a Seguir Despu\u00e9s de un Accidente de Motocicleta en Colorado Springs<\/h2>\n<p>La prioridad n\u00famero uno inmediatamente despu\u00e9s de un accidente de motocicleta en Colorado Springs es la propia salud. Ninguna de las normas sobre lo que alguien debe hacer despu\u00e9s de un accidente debe prevalecer sobre la garant\u00eda de su seguridad, as\u00ed como la seguridad de cualquier otra persona involucrada, incluidos los pasajeros y el conductor culpable.<\/p>\n<p>Una vez que todos est\u00e9n a salvo, alguien debe llamar a la polic\u00eda para que investigue el accidente. Uno de los mayores problemas que se observan en las situaciones en las que la polic\u00eda no investiga es que los conductores cambian de versi\u00f3n y no se interroga a los testigos.<\/p>\n<p>Los conductores culpables cambian su versi\u00f3n de lo sucedido por miedo a que les suban las tasas del seguro, a ser demandados o a la reacci\u00f3n de sus seres queridos. Un individuo puede cambiar su historia para que parezca que el motociclista lesionado tiene m\u00e1s culpa. Esta situaci\u00f3n es menos probable cuando un agente formado acude al lugar de los hechos y toma declaraci\u00f3n.<\/p>\n<p>Adem\u00e1s, los testigos de accidentes de motocicleta son notoriamente dif\u00edciles de conseguir y son menos propensos a cooperar, especialmente despu\u00e9s del accidente. Si alguien consigue que la polic\u00eda entreviste a esos testigos, ser\u00e1 mucho m\u00e1s eficaz que intentar localizarlos m\u00e1s tarde.<\/p>\n<p>Tras la llegada de la polic\u00eda, los perjudicados deben cooperar con la polic\u00eda y responder con sinceridad a todas las preguntas. Una vez que las fuerzas del orden abandonan el lugar de los hechos, el motorista herido debe ser examinado por un profesional m\u00e9dico, especialmente si a\u00fan no ha acudido a una ambulancia y siente dolor o molestias.<\/p>\n<p>Aunque la atenci\u00f3n urgente puede ser una forma m\u00e1s barata de hacerse una revisi\u00f3n, si una persona cree que sus lesiones son m\u00e1s graves, puede acudir a urgencias para ver a un m\u00e9dico.<\/p>\n<h2>Documentaci\u00f3n de Pruebas tras un Accidente de Moto<\/h2>\n<p>Si pueden, los motoristas lesionados deben documentar su accidente para ayudar en su reclamo por da\u00f1os personales. Las personas deben intentar hacer fotos de los veh\u00edculos implicados en el accidente, del lugar de los hechos y de las lesiones que hayan sufrido y que sean visibles. Los lesionados tambi\u00e9n deben documentar su estado mediante un diario b\u00e1sico. Se trata de que alguien registre c\u00f3mo se encuentra un d\u00eda concreto, c\u00f3mo se siente y los efectos que sus lesiones han causado en su vida cotidiana.<\/p>\n<p>Otra forma de documentar las lesiones y la recuperaci\u00f3n es acudir a un buen m\u00e9dico. Un proveedor m\u00e9dico podr\u00eda proporcionar un historial s\u00f3lido para que la <a href=\"https:\/\/springslawgroup.com\/es\/colorado-springs-abogado-de-accidente-de-motocicleta\/reclamaciones-de-seguros-tras-accidentes-de-moto-en-colorado-springs\/\">compa\u00f1\u00eda de seguros<\/a> lo examine y determine c\u00f3mo reaccion\u00f3 y se recuper\u00f3 esta persona, y si no se recuper\u00f3, por qu\u00e9 no lo hizo.<\/p>\n<h2>Consideraciones Importantes tras un Accidente<\/h2>\n<p>Uno de los mayores consejos para cualquier persona que ha estado recientemente en un accidente de motocicleta en Colorado Springs es centrarse en su mejora y recuperaci\u00f3n. Un individuo s\u00f3lo tiene un cuerpo en esta vida, por lo que es importante seguir todas las \u00f3rdenes y recomendaciones del m\u00e9dico para mejorar lo antes posible.<\/p>\n<p>En segundo lugar, un motorista lesionado debe contratar a un abogado con experiencia que pueda asesorarle, quitarle parte del peso de encima y tratar con la compa\u00f1\u00eda de seguros.<\/p>\n<p>Por \u00faltimo, una de las cosas m\u00e1s importantes que hacer despu\u00e9s de un accidente de motocicleta en Colorado Springs es confiar en el proceso. Hacer un reclamo por lesiones lleva mucho tiempo y puede ser agotador porque una persona puede tener que ir a un mont\u00f3n de citas, lo que altera su horario cotidiano. Algunas personas pueden sentir dolor y frustraci\u00f3n, sobre todo si no se curan tan r\u00e1pido como desear\u00edan. Un <a href=\"https:\/\/springslawgroup.com\/es\/colorado-springs-abogado-de-accidente-de-motocicleta\/papel-de-un-abogado-de-colorado-springs-que-sigue-un-accidente-de-la-motocicleta\/\">buen abogado<\/a> puede ayudar a sus reclamantes a no perder de vista el objetivo final.<\/p>\n<h2>P\u00f3ngase en Contacto con un Abogado para Saber Qu\u00e9 Hacer Despu\u00e9s de un Accidente de Moto en Colorado Springs<\/h2>\n<p>Despu\u00e9s de un accidente grave, un motociclista lesionado debe ponerse en contacto con un abogado tan pronto como sea segura y razonablemente posible. Hablando con un abogado, el perjudicado puede asegurarse de que todos sus derechos est\u00e1n protegidos y de que cuenta con un asesoramiento s\u00f3lido para tomar todas las decisiones financieras.<\/p>\n<p>Si necesita asesoramiento sobre qu\u00e9 hacer despu\u00e9s de un accidente de motocicleta en Colorado Springs, no dude en ponerse en contacto con nuestra empresa. Nuestros abogados especializados podr\u00edan explicarle sus opciones legales y ocuparse de cualquier problema jur\u00eddico que pueda surgir. Para m\u00e1s informaci\u00f3n, llame hoy mismo.<\/p>\n<p>&nbsp;<\/p>\n","protected":false},"excerpt":{"rendered":"<p>Saber qu\u00e9 hacer despu\u00e9s de un accidente de motocicleta en Colorado Springs puede ser dif\u00edcil. Afortunadamente, nuestro equipo legal est\u00e1&nbsp;<a class=\"moretag\" href=\"https:\/\/springslawgroup.com\/es\/colorado-springs-abogado-de-accidente-de-motocicleta\/que-hacer-despues-de-un-accidente-de-motocicleta-en-colorado-springs\/\"> Read More&#8230;<\/a><\/p>\n","protected":false},"author":32,"featured_media":0,"parent":16695,"menu_order":0,"comment_status":"closed","ping_status":"closed","template":"landingpage.php","meta":{"_acf_changed":false,"inline_featured_image":false,"footnotes":""},"categories":[],"tags":[],"class_list":["post-16369","page","type-page","status-publish","hentry"],"acf":{"key_takeaways":null,"_litigation_personal_injury_contents_new":{"_litigation_personal_injury_title_new":"","_litigation_personal_injury_discription_new":"","_litigation_personal_injury_discription_new_copy":"","_litigation_video_url_new":"","add_button":false},"_header_sub_header_content_new":null,"_litigation_frequently_asked_questions_new":null,"lawsuit_updates":null,"_litigation_related_posts_relation":null,"acf-references":""},"_links":{"self":[{"href":"https:\/\/springslawgroup.com\/es\/wp-json\/wp\/v2\/pages\/16369","targetHints":{"allow":["GET"]}}],"collection":[{"href":"https:\/\/springslawgroup.com\/es\/wp-json\/wp\/v2\/pages"}],"about":[{"href":"https:\/\/springslawgroup.com\/es\/wp-json\/wp\/v2\/types\/page"}],"author":[{"embeddable":true,"href":"https:\/\/springslawgroup.com\/es\/wp-json\/wp\/v2\/users\/32"}],"replies":[{"embeddable":true,"href":"https:\/\/springslawgroup.com\/es\/wp-json\/wp\/v2\/comments?post=16369"}],"version-history":[{"count":2,"href":"https:\/\/springslawgroup.com\/es\/wp-json\/wp\/v2\/pages\/16369\/revisions"}],"predecessor-version":[{"id":17761,"href":"https:\/\/springslawgroup.com\/es\/wp-json\/wp\/v2\/pages\/16369\/revisions\/17761"}],"up":[{"embeddable":true,"href":"https:\/\/springslawgroup.com\/es\/wp-json\/wp\/v2\/pages\/16695"}],"wp:attachment":[{"href":"https:\/\/springslawgroup.com\/es\/wp-json\/wp\/v2\/media?parent=16369"}],"wp:term":[{"taxonomy":"category","embeddable":true,"href":"https:\/\/springslawgroup.com\/es\/wp-json\/wp\/v2\/categories?post=16369"},{"taxonomy":"post_tag","embeddable":true,"href":"https:\/\/springslawgroup.com\/es\/wp-json\/wp\/v2\/tags?post=16369"}],"curies":[{"name":"wp","href":"https:\/\/api.w.org\/{rel}","templated":true}]}}