{"id":16368,"date":"2020-02-10T14:31:05","date_gmt":"2020-02-10T21:31:05","guid":{"rendered":"https:\/\/springs.flywheelstaging.com\/abogado-de-accidente-de-coche-sin-seguro-en-monument\/"},"modified":"2023-09-01T07:12:41","modified_gmt":"2023-09-01T14:12:41","slug":"abogado-de-accidente-de-coche-sin-seguro-en-monument","status":"publish","type":"page","link":"https:\/\/springslawgroup.com\/es\/monument-lesiones-personales\/abogado-de-accidentes-de-coche-en-monument\/abogado-de-accidente-de-coche-sin-seguro-en-monument\/","title":{"rendered":"Abogado especializado en accidentes con conductores sin seguro de Monument"},"content":{"rendered":"<p>El seguro de responsabilidad civil es obligatorio para todos los conductores en Monument. Lamentablemente, algunas personas no cumplen este requisito. Esto crea un riesgo significativo tanto para el conductor sin seguro como para cualquier conductor con el que colisione. El motorista sin seguro se queda sin protecci\u00f3n frente a las demandas de responsabilidad civil de terceros, mientras que el conductor lesionado podr\u00eda no tener suerte al intentar obtener una indemnizaci\u00f3n por sus lesiones.<\/p>\n<p>Si el conductor que lo accident\u00f3 no tiene seguro de responsabilidad civil, recuperar los da\u00f1os puede resultar complicado. Por suerte, un <a href=\"https:\/\/springslawgroup.com\/es\/monument-lesiones-personales\/abogado-de-accidentes-de-coche-en-monument\/\">abogado experto en lesiones<\/a> podr\u00eda ayudarle a encontrar una fuente de indemnizaci\u00f3n. Esto podr\u00eda incluir los bienes personales del otro conductor o su propia p\u00f3liza de seguros. Con la ayuda de un abogado especializado en accidentes con conductores sin seguro de Monument, podr\u00eda obtener una compensaci\u00f3n monetaria, a pesar de la falta de cobertura del otro conductor.<\/p>\n<h2>Requisitos para el seguro de autom\u00f3vil en Monument<\/h2>\n<p>Los requisitos de seguro de responsabilidad civil en Monument son similares a los de los estados de todo el pa\u00eds. Estos requisitos son los m\u00ednimos, lo que significa que cada conductor tiene derecho a llevar m\u00e1s de esta cantidad obligatoria. En caso de tener una cobertura inferior a la m\u00ednima, podr\u00edan enfrentarse a multas, adem\u00e1s de a cualquier responsabilidad civil a la que pudieran estar expuestos.<\/p>\n<p>Todo conductor debe tener una cobertura de al menos $25.000 por lesiones corporales por cada persona herida en un accidente. Estas p\u00f3lizas tambi\u00e9n deben cubrir al menos $50.000 por todas las lesiones que se produzcan en un solo choque. Adem\u00e1s, un conductor debe tener $15.000 en cobertura de da\u00f1os materiales para reparar el veh\u00edculo del otro automovilista.<\/p>\n<p>Estos requisitos aplican solo al seguro de responsabilidad civil, que protege al conductor de una demanda de indemnizaci\u00f3n por parte de otros automovilistas. Sin embargo, esta cobertura no cubre los da\u00f1os propios del conductor. Las p\u00f3lizas que cubren al asegurador suelen estar disponibles, pero son voluntarias.<\/p>\n<h2>\u00bfQu\u00e9 es la cobertura de motorista sin seguro?<\/h2>\n<p>Algunas p\u00f3lizas de seguro voluntario cubren al conductor de los automovilistas sin cobertura. Son las denominadas p\u00f3lizas de motorista sin seguro. Estas p\u00f3lizas cubren las p\u00e9rdidas de un conductor cuando la parte culpable carece de seguro o no tiene cobertura suficiente para pagar todos sus da\u00f1os.<\/p>\n<p>La recuperaci\u00f3n de la indemnizaci\u00f3n de estas p\u00f3lizas comienza cuando una persona presenta un reclamo a su propia compa\u00f1\u00eda de seguros. Como con cualquier p\u00f3liza, siempre existe el riesgo de denegaci\u00f3n. En otras circunstancias, una compa\u00f1\u00eda de seguros puede tardar en responder a una demanda si est\u00e1 investigando si, despu\u00e9s de todo, el otro automovilista ten\u00eda cobertura. Un abogado de Monument puede ayudar a una persona a presentar una demanda al seguro tras un accidente con un conductor sin seguro.<\/p>\n<h2>Demanda por da\u00f1os y perjuicios al conductor sin seguro en Monument<\/h2>\n<p>En la mayor\u00eda de los accidentes, los conductores lesionados suelen confiar en el seguro de la parte culpable para obtener una indemnizaci\u00f3n. Aunque el proceso de reclamo no suele ser sencillo, puede dar lugar a la indemnizaci\u00f3n que el conductor lesionado necesita. Aunque este proceso es habitual, eso no significa que no se pueda obtener compensaci\u00f3n a trav\u00e9s de otras fuentes.<\/p>\n<p>Si el conductor culpable no ten\u00eda seguro, el automovilista tiene derecho a interponer una demanda contra \u00e9l directamente. Incluso sin p\u00f3liza de seguro, ese conductor podr\u00eda tener bienes que podr\u00edan utilizarse para indemnizar a un automovilista lesionado. Un abogado especializado en accidentes con conductores sin seguro de Monument podr\u00eda trabajar con un demandante para identificar los posibles activos que el conductor culpable podr\u00eda poseer.<\/p>\n<h2>C\u00f3mo pofr\u00eda ayudar un abogado especializado en accidentes con conductores sin seguro de Monument<\/h2>\n<p>Los accidentes automovil\u00edsticos son intr\u00ednsecamente estresantes. Esa tensi\u00f3n puede aumentar considerablemente si el conductor culpable no tiene cobertura de responsabilidad civil. A pesar de este estr\u00e9s, el abogado adecuado podr\u00eda ayudarle a responsabilizar a un conductor sin seguro. Un abogado especializado en accidentes con conductores sin seguro de Monument podr\u00eda ayudarle a proteger sus derechos despu\u00e9s de un choque. Para obtener m\u00e1s informaci\u00f3n, programe hoy mismo una evaluaci\u00f3n inicial de su caso.<\/p>\n","protected":false},"excerpt":{"rendered":"<p>El seguro de responsabilidad civil es obligatorio para todos los conductores en Monument. Lamentablemente, algunas personas no cumplen este requisito.&nbsp;<a class=\"moretag\" href=\"https:\/\/springslawgroup.com\/es\/monument-lesiones-personales\/abogado-de-accidentes-de-coche-en-monument\/abogado-de-accidente-de-coche-sin-seguro-en-monument\/\"> Read More&#8230;<\/a><\/p>\n","protected":false},"author":32,"featured_media":0,"parent":16850,"menu_order":0,"comment_status":"closed","ping_status":"closed","template":"landingpage.php","meta":{"_acf_changed":false,"inline_featured_image":false,"footnotes":""},"categories":[],"tags":[],"class_list":["post-16368","page","type-page","status-publish","hentry"],"acf":{"key_takeaways":null,"_litigation_personal_injury_contents_new":{"_litigation_personal_injury_title_new":"","_litigation_personal_injury_discription_new":"","_litigation_personal_injury_discription_new_copy":"","_litigation_video_url_new":"","add_button":false},"_header_sub_header_content_new":null,"_litigation_frequently_asked_questions_new":null,"lawsuit_updates":null,"_litigation_related_posts_relation":null,"acf-references":""},"_links":{"self":[{"href":"https:\/\/springslawgroup.com\/es\/wp-json\/wp\/v2\/pages\/16368","targetHints":{"allow":["GET"]}}],"collection":[{"href":"https:\/\/springslawgroup.com\/es\/wp-json\/wp\/v2\/pages"}],"about":[{"href":"https:\/\/springslawgroup.com\/es\/wp-json\/wp\/v2\/types\/page"}],"author":[{"embeddable":true,"href":"https:\/\/springslawgroup.com\/es\/wp-json\/wp\/v2\/users\/32"}],"replies":[{"embeddable":true,"href":"https:\/\/springslawgroup.com\/es\/wp-json\/wp\/v2\/comments?post=16368"}],"version-history":[{"count":2,"href":"https:\/\/springslawgroup.com\/es\/wp-json\/wp\/v2\/pages\/16368\/revisions"}],"predecessor-version":[{"id":17163,"href":"https:\/\/springslawgroup.com\/es\/wp-json\/wp\/v2\/pages\/16368\/revisions\/17163"}],"up":[{"embeddable":true,"href":"https:\/\/springslawgroup.com\/es\/wp-json\/wp\/v2\/pages\/16850"}],"wp:attachment":[{"href":"https:\/\/springslawgroup.com\/es\/wp-json\/wp\/v2\/media?parent=16368"}],"wp:term":[{"taxonomy":"category","embeddable":true,"href":"https:\/\/springslawgroup.com\/es\/wp-json\/wp\/v2\/categories?post=16368"},{"taxonomy":"post_tag","embeddable":true,"href":"https:\/\/springslawgroup.com\/es\/wp-json\/wp\/v2\/tags?post=16368"}],"curies":[{"name":"wp","href":"https:\/\/api.w.org\/{rel}","templated":true}]}}