{"id":16367,"date":"2020-02-11T14:38:30","date_gmt":"2020-02-11T21:38:30","guid":{"rendered":"https:\/\/springs.flywheelstaging.com\/abogado-de-accidentes-de-coche-por-conduccion-distraida-en-pueblo\/"},"modified":"2023-09-01T07:12:14","modified_gmt":"2023-09-01T14:12:14","slug":"abogado-de-accidentes-de-coche-por-conduccion-distraida-en-pueblo","status":"publish","type":"page","link":"https:\/\/springslawgroup.com\/es\/pueblo-abogado-de-lesiones-personales\/abogado-de-accidentes-de-coche-en-pueblo\/abogado-de-accidentes-de-coche-por-conduccion-distraida-en-pueblo\/","title":{"rendered":"Abogado especializado en accidentes por conducci\u00f3n distra\u00edda de Pueblo"},"content":{"rendered":"<p>No es raro que los automovilistas se sientan c\u00f3modos al volante con el paso del tiempo. Sin embargo, pueden surgir problemas cuando un conductor est\u00e1 demasiado c\u00f3modo y se vuelve propenso a las distracciones.<\/p>\n<p>Cuando los conductores env\u00edan mensajes de texto, reproducen videos o ajustan el equipo de m\u00fasica, desv\u00edan su atenci\u00f3n de la carretera. Esto es peligroso, ya que cada segundo que un conductor pase distra\u00eddo es un segundo en el que puede producirse un accidente.<\/p>\n<p>Si un conductor distra\u00eddo es responsable de sus lesiones, tendr\u00eda derecho a solicitar una indemnizaci\u00f3n. Un abogado especializado en accidentes por conducci\u00f3n distra\u00edda de Pueblo podr\u00eda evaluar su caso y determinar si vale la pena proseguir con su demanda. Llevar a buen t\u00e9rmino esta demanda puede resultar dif\u00edcil sin la ayuda de un <a href=\"https:\/\/springslawgroup.com\/es\/pueblo-abogado-de-lesiones-personales\/abogado-de-accidentes-de-coche-en-pueblo\/\">abogado experto en accidentes automovil\u00edsticos<\/a>.<\/p>\n<h2>Riesgos de la conducci\u00f3n distra\u00edda en Pueblo<\/h2>\n<p>No hay que sobrestimar a los peligros de la conducci\u00f3n distra\u00edda. Los accidentes causados por conductores que no prestan atenci\u00f3n pueden provocar lesiones debilitantes y mortales. Cualquier distracci\u00f3n, por peque\u00f1a que sea, puede provocar un accidente. Algunas distracciones habituales pueden ser las siguientes:<\/p>\n<ul>\n<li><a href=\"https:\/\/springslawgroup.com\/es\/pueblo-abogado-de-lesiones-personales\/abogado-de-accidentes-de-coche-en-pueblo\/pueblo-accidentes-de-coche-causados-por-mensajes-de-texto-y-la-conduccion\/\">Enviar mensajes de texto.<\/a><\/li>\n<li>Ver videos mientras se conduce.<\/li>\n<li>Hablar por tel\u00e9fono.<\/li>\n<li>Hablar con un pasajero.<\/li>\n<li>Ajustar un dispositivo GPS.<\/li>\n<li>Comer.<\/li>\n<li>Arreglarse o maquillarse.<\/li>\n<\/ul>\n<p>Estas distracciones pueden hacer que un conductor cruce inadvertidamente la l\u00ednea central o se salga por completo de la calzada. Si un autom\u00f3vil, cami\u00f3n o peat\u00f3n se cruza al camino de un conductor distra\u00eddo, este ser\u00eda incapaz de evitar el choque. Un automovilista herido en un accidente por conducci\u00f3n distra\u00edda podr\u00eda trabajar con un abogado de Pueblo para buscar una compensaci\u00f3n monetaria de la parte negligente.<\/p>\n<h2>Atribuci\u00f3n de la culpa a un conductor distra\u00eddo<\/h2>\n<p>En algunos accidentes, un conductor distra\u00eddo es solo parcialmente responsable. La legislaci\u00f3n estatal aborda esta situaci\u00f3n al establecer que un demandante no puede solicitar indemnizaci\u00f3n si fue responsable de su accidente en un 50% o m\u00e1s.<\/p>\n<p>Esto significa que si la parte perjudicada es responsable de su accidente en un 49% o menos, a\u00fan podr\u00eda recuperar parte de sus da\u00f1os reducidos por su porcentaje de culpa. La negligencia comparativa puede aplicarse a un caso en el que m\u00e1s de una parte se distrajo o incumpli\u00f3 su deber de diligencia de alguna otra forma. Un abogado de Pueblo podr\u00eda ayudar a un conductor lesionado a demostrarle al jurado que el conductor distra\u00eddo fue el principal culpable de su accidente.<\/p>\n<h2>Da\u00f1os y perjuicios en un caso de accidente por conducci\u00f3n distra\u00edda<\/h2>\n<p>La indemnizaci\u00f3n por da\u00f1os y perjuicios en un juicio por conducci\u00f3n distra\u00edda se divide en dos categor\u00edas: da\u00f1os econ\u00f3micos y da\u00f1os no econ\u00f3micos. Los da\u00f1os econ\u00f3micos son las p\u00e9rdidas cuantificables derivadas de un accidente. Estos da\u00f1os pueden incluir el coste de sustituir o reparar un veh\u00edculo o cualquier gasto relacionado con procedimientos m\u00e9dicos o rehabilitaci\u00f3n. Esta forma de da\u00f1os y perjuicios es distinguible, ya que normalmente se dispone de pruebas documentales para establecer su valor.<\/p>\n<p>Los da\u00f1os no econ\u00f3micos pueden ser m\u00e1s dif\u00edciles de medir. Esta forma de indemnizaci\u00f3n deber\u00eda compensar las p\u00e9rdidas subjetivas causadas por un accidente por conducci\u00f3n distra\u00edda. Algunos ejemplos son la angustia mental, la p\u00e9rdida de apoyo conyugal y el dolor y el sufrimiento.<\/p>\n<h2>Hable con un abogado especializado en accidentes por conducci\u00f3n distra\u00edda de Pueblo<\/h2>\n<p>Si usted o un ser querido sufri\u00f3 lesiones corporales debido a un automovilista distra\u00eddo, tendr\u00eda derecho a una compensaci\u00f3n financiera. Un abogado puede aconsejarle sobre las probabilidades de \u00e9xito de su demanda y su valor.<\/p>\n<p>No deje a su demanda por lesiones al azar. Si elige al asesor jur\u00eddico adecuado, podr\u00e1 mejorar sus posibilidades de \u00e9xito. Contacte a un abogado especializado en accidentes por conducci\u00f3n distra\u00edda de Pueblo tan pronto como sea posible y comience con su caso.<\/p>\n","protected":false},"excerpt":{"rendered":"<p>No es raro que los automovilistas se sientan c\u00f3modos al volante con el paso del tiempo. Sin embargo, pueden surgir&nbsp;<a class=\"moretag\" href=\"https:\/\/springslawgroup.com\/es\/pueblo-abogado-de-lesiones-personales\/abogado-de-accidentes-de-coche-en-pueblo\/abogado-de-accidentes-de-coche-por-conduccion-distraida-en-pueblo\/\"> Read More&#8230;<\/a><\/p>\n","protected":false},"author":32,"featured_media":0,"parent":16983,"menu_order":0,"comment_status":"closed","ping_status":"closed","template":"landingpage.php","meta":{"_acf_changed":false,"inline_featured_image":false,"footnotes":""},"categories":[],"tags":[],"class_list":["post-16367","page","type-page","status-publish","hentry"],"acf":{"key_takeaways":null,"_litigation_personal_injury_contents_new":{"_litigation_personal_injury_title_new":"","_litigation_personal_injury_discription_new":"","_litigation_personal_injury_discription_new_copy":"","_litigation_video_url_new":"","add_button":false},"_header_sub_header_content_new":null,"_litigation_frequently_asked_questions_new":null,"lawsuit_updates":null,"_litigation_related_posts_relation":null,"acf-references":""},"_links":{"self":[{"href":"https:\/\/springslawgroup.com\/es\/wp-json\/wp\/v2\/pages\/16367","targetHints":{"allow":["GET"]}}],"collection":[{"href":"https:\/\/springslawgroup.com\/es\/wp-json\/wp\/v2\/pages"}],"about":[{"href":"https:\/\/springslawgroup.com\/es\/wp-json\/wp\/v2\/types\/page"}],"author":[{"embeddable":true,"href":"https:\/\/springslawgroup.com\/es\/wp-json\/wp\/v2\/users\/32"}],"replies":[{"embeddable":true,"href":"https:\/\/springslawgroup.com\/es\/wp-json\/wp\/v2\/comments?post=16367"}],"version-history":[{"count":1,"href":"https:\/\/springslawgroup.com\/es\/wp-json\/wp\/v2\/pages\/16367\/revisions"}],"predecessor-version":[{"id":17171,"href":"https:\/\/springslawgroup.com\/es\/wp-json\/wp\/v2\/pages\/16367\/revisions\/17171"}],"up":[{"embeddable":true,"href":"https:\/\/springslawgroup.com\/es\/wp-json\/wp\/v2\/pages\/16983"}],"wp:attachment":[{"href":"https:\/\/springslawgroup.com\/es\/wp-json\/wp\/v2\/media?parent=16367"}],"wp:term":[{"taxonomy":"category","embeddable":true,"href":"https:\/\/springslawgroup.com\/es\/wp-json\/wp\/v2\/categories?post=16367"},{"taxonomy":"post_tag","embeddable":true,"href":"https:\/\/springslawgroup.com\/es\/wp-json\/wp\/v2\/tags?post=16367"}],"curies":[{"name":"wp","href":"https:\/\/api.w.org\/{rel}","templated":true}]}}