{"id":16366,"date":"2020-02-12T14:47:27","date_gmt":"2020-02-12T21:47:27","guid":{"rendered":"https:\/\/springs.flywheelstaging.com\/abogado-de-accidentes-de-uber-lyft-en-pueblo\/"},"modified":"2023-09-01T07:12:12","modified_gmt":"2023-09-01T14:12:12","slug":"abogado-de-accidentes-de-uber-lyft-en-pueblo","status":"publish","type":"page","link":"https:\/\/springslawgroup.com\/es\/pueblo-abogado-de-lesiones-personales\/abogado-de-accidentes-de-coche-en-pueblo\/abogado-de-accidentes-de-uber-lyft-en-pueblo\/","title":{"rendered":"Abogado especializado en accidentes de transporte compartido de Pueblo"},"content":{"rendered":"<p>Los conductores de empresas de transporte compartido como Uber o Lyft no son profesionales. No est\u00e1n obligados a obtener licencias especializadas ni formaci\u00f3n de conductor comercial. Estos conductores son personas corrientes que conducen su veh\u00edculo personal. Como ocurre con cualquier conductor, estos operadores de transporte compartidos pueden cometer errores al volante que pueden ser devastadores.<\/p>\n<p>Si sufri\u00f3 lesiones en un accidente de transporte compartido, un abogado especializado en este tipo de siniestros podr\u00eda evaluar su demanda. Si su <a href=\"https:\/\/springslawgroup.com\/es\/pueblo-abogado-de-lesiones-personales\/abogado-de-accidentes-de-coche-en-pueblo\/\">abogado<\/a> determina que usted tiene una demanda viable, podr\u00eda solicitar una compensaci\u00f3n monetaria por sus lesiones. Trabajar con un abogado especializado en accidentes de transporte compartido de Pueblo podr\u00eda mejorar sus posibilidades de recuperar da\u00f1os monetarios.<\/p>\n<h2>Cobertura de seguro para accidentes de Uber o Lyft en Pueblo<\/h2>\n<p>Tanto Uber como Lyft ofrecen cobertura de seguro a sus conductores cuando transportan a un pasajero. En su tiempo fuera del trabajo, estos mismos conductores deben tener un seguro de acuerdo con la ley estatal.<\/p>\n<p>Aunque esto significa que los conductores de veh\u00edculos compartidos probablemente tengan cobertura en caso de accidente, los detalles de cada p\u00f3liza var\u00edan mucho. Un abogado especializado en accidentes de transporte compartido de Pueblo podr\u00eda determinar las opciones de reclamo al seguro de una parte lesionada.<\/p>\n<h3>Cuando transportan a sus clientes<\/h3>\n<p>La cobertura que ofrecen tanto Uber como Lyft es considerable cuando un veh\u00edculo transporta pasajeros. Ambas compa\u00f1\u00edas ofrecen a sus conductores una cobertura m\u00e1xima de un mill\u00f3n de d\u00f3lares en seguros de responsabilidad civil. Estas pol\u00edticas aplican desde el momento en que un conductor acepta la solicitud de viaje hasta el momento en que el pasajero sale del veh\u00edculo.<\/p>\n<p>Este seguro de responsabilidad civil cubre tanto a otros automovilistas como a los pasajeros. En casos en los que un conductor sin seguro causa el accidente, Uber y Lyft ofrecen a sus pasajeros una cobertura de un mill\u00f3n de d\u00f3lares para conductores sin seguro.<\/p>\n<h3>Cuando los conductores de transporte compartido esperan solicitudes de viaje<\/h3>\n<p>Tanto Uber como Lyft ofrecen cobertura a los conductores que est\u00e1n conectados a la aplicaci\u00f3n y a la espera de un viaje. Esta forma de cobertura se conoce como seguro \u00abcontingente\u00bb y los l\u00edmites de estas p\u00f3lizas son mucho m\u00e1s bajos que cuando va un pasajero en el veh\u00edculo. Los l\u00edmites de la p\u00f3liza en este tipo de cobertura incluyen lo siguiente:<\/p>\n<ul>\n<li>$50,000 por lesiones corporales por persona.<\/li>\n<li>$100,000 por lesiones corporales por accidente.<\/li>\n<li>$25,000 por da\u00f1os materiales por accidente.<\/li>\n<\/ul>\n<p>Las empresas de transporte compartido consideran que estas p\u00f3lizas son complementarias. En otras palabras, solo pueden pagar un siniestro si la aseguradora personal del conductor se niega a cubrir el accidente o alcanza los l\u00edmites de su p\u00f3liza.<\/p>\n<h3>Cuando los conductores de Uber o Lyft est\u00e1n inactivos<\/h3>\n<p>Ni Uber ni Lyft ofrecen cobertura de seguro alguna a sus conductores que no acepten viajes para la empresa de viajes compartidos de manera activa. Dicho esto, sigue vigente la legislaci\u00f3n estatal en materia de seguros. Estas leyes obligan a los conductores a mantener un nivel m\u00ednimo de cobertura, que incluye lo siguiente:<\/p>\n<ul>\n<li>$25,000 por lesiones corporales por persona.<\/li>\n<li>$50,000 por lesiones corporales por accidente.<\/li>\n<li>$15,000 por da\u00f1os materiales por accidente.<\/li>\n<\/ul>\n<h2>Indemnizaci\u00f3n disponible en caso una demanda exitosa por accidente de transporte compartido<\/h2>\n<p>Una demanda que prospere puede cubrir varios tipos de da\u00f1os. Si bien estos da\u00f1os podr\u00edan tener restricciones con base en los l\u00edmites de una p\u00f3liza, un abogado especializado en accidentes de transporte compartido de Pueblo podr\u00eda ayudar a una persona lesionada en la b\u00fasqueda de una indemnizaci\u00f3n por todas sus p\u00e9rdidas. Algunos de los da\u00f1os disponibles en estos accidentes incluyen facturas hospitalarias, dolor y sufrimiento, p\u00e9rdida de salarios y costos de reparaci\u00f3n del veh\u00edculo.<\/p>\n<h2>Llame a un Abogado especializado en accidentes de transporte compartido de Pueblo<\/h2>\n<p>Si un conductor de Uber o Lyft es responsable del accidente que caus\u00f3 sus lesiones, usted podr\u00eda beneficiarse de varias p\u00f3lizas de seguros vigentes. Determinar la aseguradora adecuada para presentar una demanda puede ser complejo, sobre todo cuando el conductor culpable no colabora.<\/p>\n<p>Por eso, un abogado especializado en accidentes de transporte compartido de Pueblo puede guiarle a trav\u00e9s de este confuso proceso legal. Llame hoy mismo para obtener m\u00e1s informaci\u00f3n sobre sus opciones.<\/p>\n","protected":false},"excerpt":{"rendered":"<p>Los conductores de empresas de transporte compartido como Uber o Lyft no son profesionales. No est\u00e1n obligados a obtener licencias&nbsp;<a class=\"moretag\" href=\"https:\/\/springslawgroup.com\/es\/pueblo-abogado-de-lesiones-personales\/abogado-de-accidentes-de-coche-en-pueblo\/abogado-de-accidentes-de-uber-lyft-en-pueblo\/\"> Read More&#8230;<\/a><\/p>\n","protected":false},"author":32,"featured_media":0,"parent":16983,"menu_order":0,"comment_status":"closed","ping_status":"closed","template":"landingpage.php","meta":{"_acf_changed":false,"inline_featured_image":false,"footnotes":""},"categories":[],"tags":[],"class_list":["post-16366","page","type-page","status-publish","hentry"],"acf":{"key_takeaways":null,"_litigation_personal_injury_contents_new":{"_litigation_personal_injury_title_new":"","_litigation_personal_injury_discription_new":"","_litigation_personal_injury_discription_new_copy":"","_litigation_video_url_new":"","add_button":false},"_header_sub_header_content_new":null,"_litigation_frequently_asked_questions_new":null,"lawsuit_updates":null,"_litigation_related_posts_relation":null,"acf-references":""},"_links":{"self":[{"href":"https:\/\/springslawgroup.com\/es\/wp-json\/wp\/v2\/pages\/16366","targetHints":{"allow":["GET"]}}],"collection":[{"href":"https:\/\/springslawgroup.com\/es\/wp-json\/wp\/v2\/pages"}],"about":[{"href":"https:\/\/springslawgroup.com\/es\/wp-json\/wp\/v2\/types\/page"}],"author":[{"embeddable":true,"href":"https:\/\/springslawgroup.com\/es\/wp-json\/wp\/v2\/users\/32"}],"replies":[{"embeddable":true,"href":"https:\/\/springslawgroup.com\/es\/wp-json\/wp\/v2\/comments?post=16366"}],"version-history":[{"count":2,"href":"https:\/\/springslawgroup.com\/es\/wp-json\/wp\/v2\/pages\/16366\/revisions"}],"predecessor-version":[{"id":17186,"href":"https:\/\/springslawgroup.com\/es\/wp-json\/wp\/v2\/pages\/16366\/revisions\/17186"}],"up":[{"embeddable":true,"href":"https:\/\/springslawgroup.com\/es\/wp-json\/wp\/v2\/pages\/16983"}],"wp:attachment":[{"href":"https:\/\/springslawgroup.com\/es\/wp-json\/wp\/v2\/media?parent=16366"}],"wp:term":[{"taxonomy":"category","embeddable":true,"href":"https:\/\/springslawgroup.com\/es\/wp-json\/wp\/v2\/categories?post=16366"},{"taxonomy":"post_tag","embeddable":true,"href":"https:\/\/springslawgroup.com\/es\/wp-json\/wp\/v2\/tags?post=16366"}],"curies":[{"name":"wp","href":"https:\/\/api.w.org\/{rel}","templated":true}]}}