{"id":16365,"date":"2020-03-04T15:32:27","date_gmt":"2020-03-04T22:32:27","guid":{"rendered":"https:\/\/springs.flywheelstaging.com\/leyes-para-ciclistas-en-colorado-springs\/"},"modified":"2023-10-20T14:16:58","modified_gmt":"2023-10-20T21:16:58","slug":"leyes-para-ciclistas-en-colorado-springs","status":"publish","type":"page","link":"https:\/\/springslawgroup.com\/es\/abogado-de-accidentes-de-bicicleta-en-colorado-springs\/leyes-para-ciclistas-en-colorado-springs\/","title":{"rendered":"Leyes Para Ciclistas En Colorado Springs"},"content":{"rendered":"<p>Los ciclistas est\u00e1n sujetos a una norma legal basada en el <a href=\"https:\/\/advance.lexis.com\/documentpage\/?pdmfid=1000516&amp;crid=fd421419-b35b-4a5d-b3b0-fc2185841f61&amp;config=014FJAAyNGJkY2Y4Zi1mNjgyLTRkN2YtYmE4OS03NTYzNzYzOTg0OGEKAFBvZENhdGFsb2d592qv2Kywlf8caKqYROP5&amp;pddocfullpath=%2Fshared%2Fdocument%2Fstatutes-legislation%2Furn%3AcontentItem%3A5X45-0DF1-FH4C-X3DX-00008-00&amp;pdcontentcomponentid=234176&amp;pdteaserkey=sr0&amp;pditab=allpods&amp;ecomp=tgw_kkk&amp;earg=sr0&amp;prid=9b64fc7e-6126-4213-8c1a-11dd8dbbc6e4\" target=\"_blank\" rel=\"noopener\">Estatuto Revisado de Colorado \u00a742-4-1412<\/a>. Este estatuto establece la ley en Colorado para la operaci\u00f3n de bicicletas, scooters el\u00e9ctricos y otros veh\u00edculos de tracci\u00f3n humana. Las fuerzas del orden locales hacen cumplir la norma y las infracciones de la ley relacionadas con los ciclistas.<\/p>\n<p>En virtud de esta ley, las bicicletas son reconocidas como veh\u00edculos y gozan de todos los derechos y responsabilidades de los dem\u00e1s veh\u00edculos en la carretera. Las leyes para los ciclistas en Colorado Springs podr\u00eda afectar a una demanda civil por da\u00f1os y perjuicios en caso de accidente. Por lo tanto, si ha sufrido lesiones mientras conduc\u00eda su bicicleta, debe hablar con un <a href=\"https:\/\/springslawgroup.com\/es\/abogado-de-accidentes-de-bicicleta-en-colorado-springs\/\">abogado<\/a> que conozca estas leyes y reglamentos.<\/p>\n<h2>\u00bfCu\u00e1les Son Algunas De Las Leyes De Bicicletas En Colorado Springs?<\/h2>\n<p>Una ley de la bicicleta en Colorado Springs es que una bicicleta asistida el\u00e9ctrica o scooter el\u00e9ctrico no debe ser utilizado para llevar a m\u00e1s personas a la vez que el n\u00famero para el que est\u00e1 dise\u00f1ado, lo que significa que una persona no puede tener dos personas que viajan en una bicicleta de un solo asiento. Adem\u00e1s, un ciclista debe circular por el carril derecho y mantener al menos una mano en el manillar en todo momento. Los veh\u00edculos deben dejar al menos un metro de espacio al adelantar a una bicicleta.<\/p>\n<h2>Requisitos De Seguro En Torno A Las Bicicletas<\/h2>\n<p>En general, los ciclistas no est\u00e1n obligados a llevar <a href=\"https:\/\/springslawgroup.com\/es\/colorado-springs-abogado-de-reclamaciones-de-seguros\/\">seguro<\/a>. Sin embargo, su seguro de autom\u00f3vil puede cubrirles si sufren lesiones mientras conducen una bicicleta. Su cobertura de motorista sin seguro o con seguro insuficiente (UM\/UIM) puede cubrirle por lesiones sufridas al circular en bicicleta. Adem\u00e1s, en 2019, una empresa llamada Buddy Insurance anunci\u00f3 una asociaci\u00f3n con el grupo de defensa Bicycle Colorado para ofrecer seguros para ciclistas.<\/p>\n<h2>Normativa Sobre El Uso Del Casco En Colorado Springs<\/h2>\n<p>Aunque no hay leyes que obliguen a los ciclistas en Colorado Springs a llevar casco, estas personas deben intentar llevar un casco protector cada vez que se suban a su bicicleta. Los cascos protegen a los ciclistas de las lesiones en la cabeza, incluidas las conmociones cerebrales y los da\u00f1os cerebrales.<\/p>\n<p>Adem\u00e1s, algunos <a href=\"https:\/\/springslawgroup.com\/es\/blog\/la-importancia-de-usar-casco-al-andar-en-bicicleta\/\">cascos de bicicleta<\/a> vienen con visera para proteger al ciclista de los reflejos del sol o de los veh\u00edculos. Llevar casco tambi\u00e9n puede hacer que el ciclista sea m\u00e1s visible para los conductores. Las personas deben revisar sus cascos para determinar si el interior o el exterior est\u00e1n deteriorados o agrietados, si la correa est\u00e1 suelta, si falla el cierre o si ha estado expuesto a productos qu\u00edmicos o l\u00edquidos.<\/p>\n<h3>\u00bfCu\u00e1l Es El Impacto Legal De No Llevar Casco?<\/h3>\n<p>Aunque no existen ramificaciones legales por no llevar casco, podr\u00eda influir en el resultado de una demanda civil. El demandado podr\u00eda argumentar que un ciclista podr\u00eda haber evitado ciertas lesiones, concretamente las de cabeza, llevando casco.<\/p>\n<p>Colorado Springs es una jurisdicci\u00f3n de negligencia comparativa. La ley estatal establece que una persona puede recuperar los da\u00f1os en proporci\u00f3n al grado de negligencia de cada parte. El juez o el jurado deben determinar primero la cuant\u00eda de los da\u00f1os y perjuicios que se conceder\u00edan si no hubiera negligencia por parte del perjudicado y, a continuaci\u00f3n, asignar la culpa a cada una de las partes.<\/p>\n<p>La cuant\u00eda de la indemnizaci\u00f3n concedida es el importe total de los da\u00f1os menos una cantidad igual al grado de culpa asignado a la parte perjudicada. Si el jurado considera que la parte perjudicada tiene el 50% o m\u00e1s de culpa, no recibir\u00e1 nada, ya que la raz\u00f3n es que una persona no deber\u00eda poder cobrar da\u00f1os y perjuicios si es responsable de sus lesiones en igual o mayor medida. Por lo tanto, un acusado puede tratar de argumentar que el ciclista es parcialmente culpable de sus lesiones porque no llevaba casco. Si el jurado est\u00e1 de acuerdo, es posible que esta persona no tenga que pagar tanto por da\u00f1os y perjuicios. Por ello, es importante llevar casco, aunque no sea obligatorio.<\/p>\n<h2>P\u00f3ngase En Contacto Con Un Abogado Para Obtener M\u00e1s Informaci\u00f3n Sobre Las Leyes Para Los Ciclistas En Colorado Springs<\/h2>\n<p>Si usted estuvo involucrado en una colisi\u00f3n mientras montaba su bicicleta, p\u00f3ngase en contacto con uno de nuestros abogados experimentados. Nuestro equipo de profesionales legales podr\u00eda revisar su caso y determinar si alguna de las leyes para ciclistas en Colorado Springs puede aplicarse a su caso. Para iniciar su reclamo por da\u00f1os y perjuicios, llame hoy mismo.<\/p>\n","protected":false},"excerpt":{"rendered":"<p>Los ciclistas est\u00e1n sujetos a una norma legal basada en el Estatuto Revisado de Colorado \u00a742-4-1412. Este estatuto establece la&nbsp;<a class=\"moretag\" href=\"https:\/\/springslawgroup.com\/es\/abogado-de-accidentes-de-bicicleta-en-colorado-springs\/leyes-para-ciclistas-en-colorado-springs\/\"> Read More&#8230;<\/a><\/p>\n","protected":false},"author":32,"featured_media":0,"parent":16681,"menu_order":0,"comment_status":"closed","ping_status":"closed","template":"landingpage.php","meta":{"_acf_changed":false,"inline_featured_image":false,"footnotes":""},"categories":[],"tags":[],"class_list":["post-16365","page","type-page","status-publish","hentry"],"acf":{"key_takeaways":null,"_litigation_personal_injury_contents_new":{"_litigation_personal_injury_title_new":"","_litigation_personal_injury_discription_new":"","_litigation_personal_injury_discription_new_copy":"","_litigation_video_url_new":"","add_button":false},"_header_sub_header_content_new":null,"_litigation_frequently_asked_questions_new":null,"lawsuit_updates":null,"_litigation_related_posts_relation":null,"acf-references":""},"_links":{"self":[{"href":"https:\/\/springslawgroup.com\/es\/wp-json\/wp\/v2\/pages\/16365","targetHints":{"allow":["GET"]}}],"collection":[{"href":"https:\/\/springslawgroup.com\/es\/wp-json\/wp\/v2\/pages"}],"about":[{"href":"https:\/\/springslawgroup.com\/es\/wp-json\/wp\/v2\/types\/page"}],"author":[{"embeddable":true,"href":"https:\/\/springslawgroup.com\/es\/wp-json\/wp\/v2\/users\/32"}],"replies":[{"embeddable":true,"href":"https:\/\/springslawgroup.com\/es\/wp-json\/wp\/v2\/comments?post=16365"}],"version-history":[{"count":3,"href":"https:\/\/springslawgroup.com\/es\/wp-json\/wp\/v2\/pages\/16365\/revisions"}],"predecessor-version":[{"id":18058,"href":"https:\/\/springslawgroup.com\/es\/wp-json\/wp\/v2\/pages\/16365\/revisions\/18058"}],"up":[{"embeddable":true,"href":"https:\/\/springslawgroup.com\/es\/wp-json\/wp\/v2\/pages\/16681"}],"wp:attachment":[{"href":"https:\/\/springslawgroup.com\/es\/wp-json\/wp\/v2\/media?parent=16365"}],"wp:term":[{"taxonomy":"category","embeddable":true,"href":"https:\/\/springslawgroup.com\/es\/wp-json\/wp\/v2\/categories?post=16365"},{"taxonomy":"post_tag","embeddable":true,"href":"https:\/\/springslawgroup.com\/es\/wp-json\/wp\/v2\/tags?post=16365"}],"curies":[{"name":"wp","href":"https:\/\/api.w.org\/{rel}","templated":true}]}}